{"id":13085,"date":"2026-01-09T16:30:59","date_gmt":"2026-01-09T09:30:59","guid":{"rendered":"https:\/\/bynature.vn\/product\/kem-danh-rang-bac-ha-nha-dam-75g\/"},"modified":"2026-01-09T16:30:59","modified_gmt":"2026-01-09T09:30:59","slug":"kem-danh-rang-bac-ha-nha-dam-75g","status":"publish","type":"product","link":"https:\/\/bynature.vn\/vi\/product\/kem-danh-rang-bac-ha-nha-dam-75g\/","title":{"rendered":"Kem \u0110\u00e1nh R\u0103ng B\u1ea1c H\u00e0 &amp; Nha \u0110am 75g"},"content":{"rendered":"<h3 data-path-to-node=\"7\"><b data-path-to-node=\"7\" data-index-in-node=\"0\">Kem \u0110\u00e1nh R\u0103ng B\u1ea1c H\u00e0 &amp; Nha \u0110am<\/b><\/h3>\n<p data-path-to-node=\"8\"><b data-path-to-node=\"8\" data-index-in-node=\"0\">L\u00e0m S\u1ea1ch T\u01b0\u01a1i M\u00e1t, Ho\u1ea1t T\u00ednh Sinh H\u1ecdc Cho N\u1ee5 C\u01b0\u1eddi R\u1ea1ng R\u1ee1<\/b><\/p>\n<p data-path-to-node=\"9\">N\u00e2ng t\u1ea7m th\u00f3i quen ch\u0103m s\u00f3c r\u0103ng mi\u1ec7ng m\u1ed7i ng\u00e0y v\u1edbi kem \u0111\u00e1nh r\u0103ng B\u1ea1c H\u00e0 &amp; Nha \u0110am c\u1ee7a ch\u00fang t\u00f4i\u2013s\u1ef1 k\u1ebft h\u1ee3p t\u01b0\u01a1i m\u00e1t gi\u00fap b\u1ea1n c\u00f3 c\u1ea3m gi\u00e1c \u201cs\u1ea1ch nh\u01b0 nha s\u0129\u201d m\u00e0 kh\u00f4ng c\u1ea7n \u0111\u1ebfn c\u00e1c ch\u1ea5t t\u1ea9y r\u1eeda m\u1ea1nh. C\u00f4ng th\u1ee9c ch\u1ee9a <b data-path-to-node=\"9\" data-index-in-node=\"183\">53% Nha \u0110am H\u1eefu C\u01a1<\/b>, gi\u00fap l\u00e0m d\u1ecbu, ph\u1ee5c h\u1ed3i v\u00e0 d\u01b0\u1ee1ng \u1ea9m n\u01b0\u1edbu ngay trong qu\u00e1 tr\u00ecnh ch\u1ea3i r\u0103ng. S\u1ea3n ph\u1ea9m c\u00f2n b\u1ed5 sung chi\u1ebft xu\u1ea5t <b data-path-to-node=\"9\" data-index-in-node=\"274\">\u0110u \u0110\u1ee7 Xanh L\u00ean Men<\/b>, gi\u00e0u enzyme papain t\u1ef1 nhi\u00ean, gi\u00fap nh\u1eb9 nh\u00e0ng h\u00f2a tan m\u1ea3ng b\u00e1m v\u00e0 l\u00e0m m\u1edd v\u1ebft \u1ed1 b\u1ec1 m\u1eb7t, mang l\u1ea1i n\u1ee5 c\u01b0\u1eddi s\u00e1ng kh\u1ecfe m\u1ed9t c\u00e1ch t\u1ef1 nhi\u00ean.  <\/p>\n<ul data-path-to-node=\"10\">\n<li>\n<p data-path-to-node=\"10,0,0\"><b data-path-to-node=\"10,0,0\" data-index-in-node=\"0\">L\u00e0m Tr\u1eafng B\u1eb1ng Enzyme:<\/b> S\u1eed d\u1ee5ng enzyme \u0110u \u0110\u1ee7 t\u1ef1 nhi\u00ean thay cho ch\u1ea5t t\u1ea9y m\u1ea1nh hay h\u1ea1t vi nh\u1ef1a.<\/p>\n<\/li>\n<li>\n<p data-path-to-node=\"10,1,0\"><b data-path-to-node=\"10,1,0\" data-index-in-node=\"0\">Si\u00eau D\u1ecbu Nh\u1eb9:<\/b> Kh\u00f4ng ch\u1ee9a SLS v\u00e0 h\u00f3a ch\u1ea5t d\u1ea7u m\u1ecf, ph\u00f9 h\u1ee3p v\u1edbi r\u0103ng mi\u1ec7ng nh\u1ea1y c\u1ea3m ho\u1eb7c d\u1ec5 k\u00edch \u1ee9ng.<\/p>\n<\/li>\n<li>\n<p data-path-to-node=\"10,2,0\"><b data-path-to-node=\"10,2,0\" data-index-in-node=\"0\">T\u01b0\u01a1i M\u00e1t S\u1ea3ng Kho\u00e1i:<\/b> Tinh D\u1ea7u B\u1ea1c H\u00e0 v\u00e0 Menthol mang l\u1ea1i h\u01a1i th\u1edf th\u01a1m m\u00e1t l\u00e2u d\u00e0i m\u00e0 kh\u00f4ng c\u1ea7n h\u01b0\u01a1ng li\u1ec7u t\u1ed5ng h\u1ee3p.<\/p>\n<\/li>\n<\/ul>\n","protected":false},"excerpt":{"rendered":"<h3 data-path-to-node=\"0\"><b data-path-to-node=\"0\" data-index-in-node=\"0\">Kem \u0110\u00e1nh R\u0103ng B\u1ea1c H\u00e0 &amp; Nha \u0110am<\/b><\/h3>\n<p data-path-to-node=\"1\"><b data-path-to-node=\"1\" data-index-in-node=\"0\">T\u01b0\u01a1i M\u00e1t T\u1ef1 Nhi\u00ean <\/b><\/p>\n<p data-path-to-node=\"2\">L\u00e0m s\u1ea1ch, l\u00e0m s\u00e1ng v\u00e0 l\u00e0m m\u1edbi khoang mi\u1ec7ng m\u1ed9t c\u00e1ch an to\u00e0n. C\u00f4ng th\u1ee9c sinh h\u1ecdc n\u00e0y k\u1ebft h\u1ee3p s\u1ee9c m\u1ea1nh l\u00e0m d\u1ecbu c\u1ee7a <b data-path-to-node=\"2\" data-index-in-node=\"105\">53% Nha \u0110am H\u1eefu C\u01a1<\/b> v\u1edbi kh\u1ea3 n\u0103ng l\u00e0m tr\u1eafng t\u1ef1 nhi\u00ean t\u1eeb <b data-path-to-node=\"2\" data-index-in-node=\"168\">chi\u1ebft xu\u1ea5t \u0110u \u0110\u1ee7 Xanh<\/b>. Kh\u00f4ng gi\u1ed1ng c\u00e1c s\u1ea3n ph\u1ea9m th\u00f4ng th\u01b0\u1eddng d\u00f9ng ch\u1ea5t t\u1ea9y m\u1ea1nh, B\u1ea1c H\u00e0 &amp; Nha \u0110am c\u1ee7a ch\u00fang t\u00f4i s\u1eed d\u1ee5ng enzyme tr\u00e1i c\u00e2y \u0111\u1ec3 lo\u1ea1i b\u1ecf v\u1ebft \u1ed1 nh\u1eb9 nh\u00e0ng m\u00e0 v\u1eabn b\u1ea3o v\u1ec7 men r\u0103ng v\u00e0 n\u01b0\u1edbu.  <\/p>\n<ul data-path-to-node=\"3\">\n<li>\n<p data-path-to-node=\"3,0,0\"><b data-path-to-node=\"3,0,0\" data-index-in-node=\"0\">L\u00e0m S\u00e1ng B\u1eb1ng Enzyme:<\/b> Papain t\u1ef1 nhi\u00ean t\u1eeb \u0110u \u0110\u1ee7 Xanh gi\u00fap ph\u00e2n gi\u1ea3i m\u1ea3ng b\u00e1m v\u00e0 kh\u00f4i ph\u1ee5c \u0111\u1ed9 s\u00e1ng t\u1ef1 nhi\u00ean cho n\u1ee5 c\u01b0\u1eddi.<\/p>\n<\/li>\n<li>\n<p data-path-to-node=\"3,1,0\"><b data-path-to-node=\"3,1,0\" data-index-in-node=\"0\">M\u00e1t L\u1ea1nh S\u1ea3ng Kho\u00e1i:<\/b> B\u1ea1c H\u00e0 v\u00e0 Menthol tinh khi\u1ebft mang l\u1ea1i c\u1ea3m gi\u00e1c s\u1ea1ch, m\u00e1t l\u00e2u d\u00e0i, kh\u00f4ng h\u01b0\u01a1ng li\u1ec7u hay m\u00e0u nh\u00e2n t\u1ea1o.<\/p>\n<\/li>\n<li>\n<p data-path-to-node=\"3,2,0\"><b data-path-to-node=\"3,2,0\" data-index-in-node=\"0\">Ti\u00eau Chu\u1ea9n ByNature:<\/b> Ngu\u1ed3n g\u1ed1c 100% t\u1ef1 nhi\u00ean. <b data-path-to-node=\"3,2,0\" data-index-in-node=\"44\">Kh\u00f4ng SLS<\/b>, <b data-path-to-node=\"3,2,0\" data-index-in-node=\"54\">Kh\u00f4ng Fluoride<\/b>, <b data-path-to-node=\"3,2,0\" data-index-in-node=\"73\">Kh\u00f4ng Triclosan<\/b>\u2013an to\u00e0n cho c\u1ea3 khoang mi\u1ec7ng nh\u1ea1y c\u1ea3m nh\u1ea5t.<\/p>\n<\/li>\n<\/ul>\n","protected":false},"featured_media":12979,"template":"","meta":[],"pwb-brand":[301],"product_cat":[397,406,185],"product_tag":[],"class_list":{"0":"post-13085","1":"product","2":"type-product","3":"status-publish","4":"has-post-thumbnail","6":"pwb-brand-daquyn-the-queen-vi","7":"product_cat-cham-soc-co-the","8":"product_cat-cham-soc-rang-mieng","9":"product_cat-suc-khoe-lam-dep","11":"first","12":"instock","13":"shipping-taxable","14":"purchasable","15":"product-type-simple"},"acf":[],"brands":[{"id":301,"name":"Daquyn - The Queen","slug":"daquyn-the-queen-vi"}],"_links":{"self":[{"href":"https:\/\/bynature.vn\/vi\/wp-json\/wp\/v2\/product\/13085","targetHints":{"allow":["GET"]}}],"collection":[{"href":"https:\/\/bynature.vn\/vi\/wp-json\/wp\/v2\/product"}],"about":[{"href":"https:\/\/bynature.vn\/vi\/wp-json\/wp\/v2\/types\/product"}],"wp:featuredmedia":[{"embeddable":true,"href":"https:\/\/bynature.vn\/vi\/wp-json\/wp\/v2\/media\/12979"}],"wp:attachment":[{"href":"https:\/\/bynature.vn\/vi\/wp-json\/wp\/v2\/media?parent=13085"}],"wp:term":[{"taxonomy":"pwb-brand","embeddable":true,"href":"https:\/\/bynature.vn\/vi\/wp-json\/wp\/v2\/pwb-brand?post=13085"},{"taxonomy":"product_cat","embeddable":true,"href":"https:\/\/bynature.vn\/vi\/wp-json\/wp\/v2\/product_cat?post=13085"},{"taxonomy":"product_tag","embeddable":true,"href":"https:\/\/bynature.vn\/vi\/wp-json\/wp\/v2\/product_tag?post=13085"}],"curies":[{"name":"wp","href":"https:\/\/api.w.org\/{rel}","templated":true}]}}