{"id":13080,"date":"2026-01-09T16:47:44","date_gmt":"2026-01-09T09:47:44","guid":{"rendered":"https:\/\/bynature.vn\/product\/tra-nghe-huu-co\/"},"modified":"2026-01-09T16:47:44","modified_gmt":"2026-01-09T09:47:44","slug":"tra-nghe-huu-co","status":"publish","type":"product","link":"https:\/\/bynature.vn\/vi\/product\/tra-nghe-huu-co\/","title":{"rendered":"Tr\u00e0 Ngh\u1ec7 H\u1eefu C\u01a1"},"content":{"rendered":"<div class=\"user-query-container\">\n<div id=\"user-query-content-31\" class=\"query-content ng-star-inserted\" data-hveid=\"0\" data-ved=\"0CAAQ3ucQahgKEwiGpJS11vqRAxUAAAAAHQAAAAAQ0AQ\">\n<div class=\"query-text gds-body-l query-text-animated\" dir=\"ltr\" role=\"heading\" aria-level=\"2\"><\/div>\n<\/div>\n<\/div>\n<div>\n<div class=\"response-container ng-tns-c392014877-171 response-container-with-gpi response-container-has-multiple-responses\" data-hveid=\"1\">\n<div class=\"presented-response-container ng-tns-c392014877-171\" data-hveid=\"2\">\n<div class=\"response-container-content ng-tns-c392014877-171\">\n<div class=\"response-content ng-tns-c392014877-171\">\n<div class=\"container\">\n<div id=\"model-response-message-contentr_2c2f91f5fcbc5c3c\" class=\"markdown markdown-main-panel tutor-markdown-rendering enable-updated-hr-color\" dir=\"ltr\" aria-live=\"polite\" aria-busy=\"false\">\n<h3 data-path-to-node=\"0\"><b data-path-to-node=\"0\" data-index-in-node=\"0\">Tr\u00e0 Ngh\u1ec7 H\u1eefu C\u01a1<\/b><\/h3>\n<p data-path-to-node=\"1\"><b data-path-to-node=\"1\" data-index-in-node=\"0\">Tinh Ch\u1ea5t V\u00e0ng Cho S\u1ee9c S\u1ed1ng M\u1ed7i Ng\u00e0y T\u00fai 20g, m\u1ed7i t\u00fai 1,5g<\/b><\/p>\n<p data-path-to-node=\"2\">Kh\u00e1m ph\u00e1 b\u00ed quy\u1ebft ch\u1eefa l\u00e0nh c\u1ed5 x\u01b0a t\u1eeb \u201cGia V\u1ecb V\u00e0ng\u201d v\u1edbi Tr\u00e0 Ngh\u1ec7 H\u1eefu C\u01a1 c\u1ee7a ch\u00fang t\u00f4i. \u0110\u01b0\u1ee3c thu ho\u1ea1ch t\u1eeb c\u00e1c n\u00f4ng tr\u1ea1i \u0111\u1ea1t chu\u1ea9n h\u1eefu c\u01a1 t\u1ea1i v\u00f9ng cao nguy\u00ean trong l\u00e0nh c\u1ee7a Vi\u1ec7t Nam, lo\u1ea1i tr\u00e0 th\u1ea3o m\u1ed9c tinh khi\u1ebft n\u00e0y mang h\u01b0\u01a1ng v\u1ecb \u1ea5m, m\u1ed9c v\u00e0 gi\u00e0u gi\u00e1 tr\u1ecb s\u1ee9c kh\u1ecfe.<span class=\"citation-158\"> Gi\u00e0u<\/span> <b data-path-to-node=\"2\" data-index-in-node=\"249\">Curcumin<\/b>, <span class=\"citation-158 citation-end-158\">ngh\u1ec7 n\u1ed5i ti\u1ebfng to\u00e0n c\u1ea7u v\u1edbi \u0111\u1eb7c t\u00ednh ch\u1ed1ng oxy h\u00f3a v\u00e0 kh\u00e1ng vi\u00eam m\u1ea1nh m\u1ebd, tr\u1edf th\u00e0nh th\u1ee9c u\u1ed1ng b\u1ed3i b\u1ed5 l\u00fd t\u01b0\u1edfng cho c\u1ea3 c\u01a1 th\u1ec3 v\u00e0 tinh th\u1ea7n m\u1ed7i ng\u00e0y.<\/span> <\/p>\n<div class=\"source-inline-chip-container ng-star-inserted\"><\/div>\n<ul data-path-to-node=\"3\">\n<li>\n<p data-path-to-node=\"3,0,0\"><b data-path-to-node=\"3,0,0\" data-index-in-node=\"0\">Tinh Khi\u1ebft &amp; M\u1ea1nh M\u1ebd:<\/b> <span class=\"citation-157 citation-end-157\">100% t\u1eeb c\u1ee7 ngh\u1ec7 h\u1eefu c\u01a1 \u2013 kh\u00f4ng ch\u1ea5t \u0111\u1ed9n, kh\u00f4ng h\u01b0\u01a1ng li\u1ec7u nh\u00e2n t\u1ea1o, kh\u00f4ng thu\u1ed1c tr\u1eeb s\u00e2u t\u1ed5ng h\u1ee3p.<\/span><\/p>\n<\/li>\n<li>\n<p data-path-to-node=\"3,1,0\"><b data-path-to-node=\"3,1,0\" data-index-in-node=\"0\">L\u1ee3i \u00cdch Sinh H\u1ecdc:<\/b> H\u1ed7 tr\u1ee3 ch\u1ee9c n\u0103ng gan, c\u1ea3i thi\u1ec7n ti\u00eau h\u00f3a v\u00e0 t\u0103ng c\u01b0\u1eddng mi\u1ec5n d\u1ecbch t\u1ef1 nhi\u00ean.<\/p>\n<\/li>\n<li>\n<p data-path-to-node=\"3,2,0\"><b data-path-to-node=\"3,2,0\" data-index-in-node=\"0\">Kh\u00f4ng Ch\u1ee9a Caffeine: <\/b><span class=\"citation-156 citation-end-156\">T\u00e1ch tr\u00e0 \u1ea5m \u00e1p, d\u1ec5 ch\u1ecbu, ph\u00f9 h\u1ee3p m\u1ecdi th\u1eddi \u0111i\u1ec3m trong ng\u00e0y, d\u00f9 l\u00e0 thanh l\u1ecdc bu\u1ed5i s\u00e1ng \u0111\u1ebfn th\u01b0 gi\u00e3n bu\u1ed5i t\u1ed1i.<\/span><\/p>\n<div class=\"source-inline-chip-container ng-star-inserted\"><\/div>\n<\/li>\n<\/ul>\n<p data-path-to-node=\"4\"><b data-path-to-node=\"4\" data-index-in-node=\"0\">Ti\u00eau Chu\u1ea9n ByNature: <\/b><span class=\"citation-155\">M\u1ed7i h\u1ed9p tr\u00e0 Natur Boutique \u0111\u1ec1u<\/span> <b data-path-to-node=\"4\" data-index-in-node=\"58\">\u0111\u1ea1t ch\u1ee9ng nh\u1eadn H\u1eefu C\u01a1 Ecocert<\/b>, <span class=\"citation-155 citation-end-155\">\u0111\u1ea3m b\u1ea3o h\u00e0nh tr\u00ecnh minh b\u1ea1ch t\u1eeb n\u00f4ng tr\u1ea1i \u0111\u1ebfn t\u00e1ch tr\u00e0, t\u00f4n tr\u1ecdng ngu\u1ed3n \u0111\u1ea5t v\u00e0 s\u1ee9c kh\u1ecfe ng\u01b0\u1eddi d\u00f9ng.<\/span><\/p>\n<\/div>\n<\/div>\n<\/div>\n<\/div>\n<\/div>\n<\/div>\n<\/div>\n","protected":false},"excerpt":{"rendered":"<h3 class=\"\" data-path-to-node=\"0\"><b data-path-to-node=\"0\" data-index-in-node=\"0\">Tr\u00e0 Ngh\u1ec7 H\u1eefu C\u01a1<\/b><\/h3>\n<p data-path-to-node=\"1\"><b class=\"\" data-path-to-node=\"1\" data-index-in-node=\"0\">Ngu\u1ed3n N\u0103ng L\u01b0\u1ee3ng V\u00e0ng trong M\u1ed7i T\u00e1ch Tr\u00e0<br \/><\/b><\/p>\n<p data-path-to-node=\"2\"><span class=\"\">Tr\u1ea3i nghi\u1ec7m s\u1ef1 s\u1ed1ng \u0111\u1ed9ng<\/span>, <span class=\"\">s\u1ee9c m\u1ea1nh t\u1ef1 nhi\u00ean t\u1eeb 100% Ngh\u1ec7 H\u1eefu C\u01a1. <\/span><span class=\"\">\u0110\u01b0\u1ee3c tr\u1ed3ng t\u1ea1i cao nguy\u00ean Vi\u1ec7t Nam,<\/span> <span class=\"\">lo\u1ea1i tr\u00e0 kh\u00f4ng caffeine n\u00e0y l\u00e0 \u201ckho b\u00e1u\u201d<\/span> <b class=\"\" data-path-to-node=\"2\" data-index-in-node=\"161\">Curcumin<\/b> <span class=\"\">v\u1edbi c\u00f4ng d\u1ee5ng ch\u1ed1ng vi\u00eam v\u00e0 ch\u1ed1ng oxy h\u00f3a t\u1ef1 nhi\u00ean. <\/span><span class=\"\">\u0110\u00e2y l\u00e0 th\u1ee9c u\u1ed1ng thanh l\u1ecdc,<\/span> <span class=\"\">h\u1ed7 tr\u1ee3 ti\u00eau h\u00f3a,<\/span> t\u0103ng \u0111\u1ec1 kh\u00e1ng <span class=\"\">v\u00e0 mang l\u1ea1i kho\u1ea3nh kh\u1eafc ph\u1ee5c h\u1ed3i m\u1ed7i ng\u00e0y.<\/span><\/p>\n<ul data-path-to-node=\"3\">\n<li>\n<p data-path-to-node=\"3,0,0\"><b class=\"\" data-path-to-node=\"3,0,0\" data-index-in-node=\"0\">100% H\u1eefu C\u01a1:<\/b> Ch\u1ee9ng nh\u1eadn Ecocert, kh\u00f4ng thu\u1ed1c tr\u1eeb s\u00e2u, kh\u00f4ng h\u01b0\u01a1ng li\u1ec7u t\u1ed5ng h\u1ee3p, kh\u00f4ng ch\u1ea5t \u0111\u1ed9n.<\/p>\n<\/li>\n<li>\n<p data-path-to-node=\"3,1,0\"><b data-path-to-node=\"3,1,0\" data-index-in-node=\"0\">Sinh L\u1ef1c V\u00e0ng: <\/b>H\u1ed7 tr\u1ee3 x\u01b0\u01a1ng kh\u1edbp v\u00e0 qu\u00e1 tr\u00ecnh th\u1ea3i \u0111\u1ed9c t\u1ef1 nhi\u00ean.<\/p>\n<\/li>\n<li>\n<p data-path-to-node=\"3,2,0\"><b data-path-to-node=\"3,2,0\" data-index-in-node=\"0\">Ph\u01b0\u01a1ng Th\u1ee9c Linh Ho\u1ea1t:<\/b> C\u00f3 th\u1ec3 u\u1ed1ng nh\u01b0 tr\u00e0 \u1ea5m nguy\u00ean ch\u1ea5t ho\u1eb7c l\u00e0m n\u1ec1n cho th\u1ee9c u\u1ed1ng latte &#8220;S\u1eefa V\u00e0ng&#8221; gi\u00e0u dinh d\u01b0\u1ee1ng.<\/p>\n<\/li>\n<\/ul>\n","protected":false},"featured_media":12977,"template":"","meta":[],"pwb-brand":[301],"product_cat":[226,424],"product_tag":[],"class_list":{"0":"post-13080","1":"product","2":"type-product","3":"status-publish","4":"has-post-thumbnail","6":"pwb-brand-daquyn-the-queen-vi","7":"product_cat-do-uong","8":"product_cat-tra","10":"first","11":"instock","12":"shipping-taxable","13":"purchasable","14":"product-type-simple"},"acf":[],"brands":[{"id":301,"name":"Daquyn - The Queen","slug":"daquyn-the-queen-vi"}],"_links":{"self":[{"href":"https:\/\/bynature.vn\/vi\/wp-json\/wp\/v2\/product\/13080","targetHints":{"allow":["GET"]}}],"collection":[{"href":"https:\/\/bynature.vn\/vi\/wp-json\/wp\/v2\/product"}],"about":[{"href":"https:\/\/bynature.vn\/vi\/wp-json\/wp\/v2\/types\/product"}],"wp:featuredmedia":[{"embeddable":true,"href":"https:\/\/bynature.vn\/vi\/wp-json\/wp\/v2\/media\/12977"}],"wp:attachment":[{"href":"https:\/\/bynature.vn\/vi\/wp-json\/wp\/v2\/media?parent=13080"}],"wp:term":[{"taxonomy":"pwb-brand","embeddable":true,"href":"https:\/\/bynature.vn\/vi\/wp-json\/wp\/v2\/pwb-brand?post=13080"},{"taxonomy":"product_cat","embeddable":true,"href":"https:\/\/bynature.vn\/vi\/wp-json\/wp\/v2\/product_cat?post=13080"},{"taxonomy":"product_tag","embeddable":true,"href":"https:\/\/bynature.vn\/vi\/wp-json\/wp\/v2\/product_tag?post=13080"}],"curies":[{"name":"wp","href":"https:\/\/api.w.org\/{rel}","templated":true}]}}