{"id":13079,"date":"2026-01-09T16:54:30","date_gmt":"2026-01-09T09:54:30","guid":{"rendered":"https:\/\/bynature.vn\/product\/tra-xanh-sa-huu-co\/"},"modified":"2026-01-09T16:54:30","modified_gmt":"2026-01-09T09:54:30","slug":"tra-xanh-sa-huu-co","status":"publish","type":"product","link":"https:\/\/bynature.vn\/vi\/product\/tra-xanh-sa-huu-co\/","title":{"rendered":"Tr\u00e0 Xanh &amp; S\u1ea3 H\u1eefu C\u01a1"},"content":{"rendered":"<h3 data-path-to-node=\"0\"><b data-path-to-node=\"0\" data-index-in-node=\"0\">Tr\u00e0 Xanh &amp; S\u1ea3 H\u1eefu C\u01a1<\/b><\/h3>\n<p data-path-to-node=\"1\"><b data-path-to-node=\"1\" data-index-in-node=\"0\">Ngu\u1ed3n N\u0103ng L\u01b0\u1ee3ng S\u1ea3ng Kho\u00e1i cho Tinh Th\u1ea7n &amp; C\u01a1 Th\u1ec3<\/b><\/p>\n<p data-path-to-node=\"2\">N\u00e2ng cao n\u0103ng l\u01b0\u1ee3ng c\u1ee7a b\u1ea1n v\u1edbi s\u1ef1 h\u00f2a quy\u1ec7n th\u01a1m m\u00e1t, s\u1ed1ng \u0111\u1ed9ng c\u1ee7a Tr\u00e0 Xanh H\u1eefu C\u01a1 \u0111\u01b0\u1ee3c tr\u1ed3ng \u1edf v\u00f9ng cao v\u00e0 S\u1ea3 th\u01a1m n\u1ed3ng. C\u00f3 ngu\u1ed3n g\u1ed1c t\u1eeb nh\u1eefng ng\u1ecdn \u0111\u1ed3i thu\u1ea7n khi\u1ebft, ng\u1eadp tr\u00e0n \u00e1nh n\u1eafng c\u1ee7a Vi\u1ec7t Nam, lo\u1ea1i tr\u00e0 n\u00e0y mang \u0111\u1ebfn h\u01b0\u01a1ng v\u1ecb t\u01b0\u01a1i m\u1edbi, tho\u1ea3ng v\u1ecb cam chanh, gi\u00fap t\u1ec9nh t\u00e1o nh\u1eb9 nh\u00e0ng m\u00e0 kh\u00f4ng g\u00e2y b\u1ed3n ch\u1ed3n. \u0110\u00e2y l\u00e0 ng\u01b0\u1eddi b\u1ea1n \u0111\u1ed3ng h\u00e0nh ho\u00e0n h\u1ea3o cho m\u1ed9t bu\u1ed5i s\u00e1ng l\u00e0m vi\u1ec7c hi\u1ec7u qu\u1ea3 ho\u1eb7c m\u1ed9t bu\u1ed5i chi\u1ec1u ngh\u1ec9 ng\u01a1i s\u1ea3ng kho\u00e1i.  <\/p>\n<ul data-path-to-node=\"3\">\n<li>\n<p data-path-to-node=\"3,0,0\"><b data-path-to-node=\"3,0,0\" data-index-in-node=\"0\">Gi\u00e0u Ch\u1ea5t Ch\u1ed1ng Oxy H\u00f3a: <\/b><span class=\"citation-181 citation-end-181\">Tr\u00e0 Xanh Cao C\u1ea5p cung c\u1ea5p polyphenol t\u1ef1 nhi\u00ean, h\u1ed7 tr\u1ee3 trao \u0111\u1ed5i ch\u1ea5t v\u00e0 t\u0103ng kh\u1ea3 n\u0103ng t\u1eadp trung.<\/span><\/p>\n<\/li>\n<li>\n<p data-path-to-node=\"3,1,0\"><b data-path-to-node=\"3,1,0\" data-index-in-node=\"0\">S\u1ea3 T\u01b0\u01a1i Thanh M\u00e1t: <\/b><span class=\"citation-180 citation-end-180\">\u0110\u01b0\u1ee3c bi\u1ebft \u0111\u1ebfn v\u1edbi c\u00f4ng d\u1ee5ng h\u1ed7 tr\u1ee3 ti\u00eau h\u00f3a truy\u1ec1n th\u1ed1ng v\u00e0 kh\u1ea3 n\u0103ng gi\u1ea3m c\u0103ng th\u1eb3ng, \u0111\u1ea7y h\u01a1i.<\/span><\/p>\n<\/li>\n<li>\n<p data-path-to-node=\"3,2,0\"><b data-path-to-node=\"3,2,0\" data-index-in-node=\"0\">Ch\u1ee9ng nh\u1eadn Ecocert:<\/b> <span class=\"citation-179 citation-end-179\">100% H\u1eefu C\u01a1 v\u00e0 canh t\u00e1c b\u1ec1n v\u1eefng, kh\u00f4ng thu\u1ed1c tr\u1eeb s\u00e2u hay h\u01b0\u01a1ng li\u1ec7u nh\u00e2n t\u1ea1o.<\/span><\/p>\n<\/li>\n<\/ul>\n<p data-path-to-node=\"4\"><b data-path-to-node=\"4\" data-index-in-node=\"0\">Ti\u00eau Chu\u1ea9n ByNature: <\/b>Tinh khi\u1ebft, m\u1ea1nh m\u1ebd v\u00e0 c\u00f3 \u0111\u1ea1o \u0111\u1ee9c trong canh t\u00e1c. M\u1ed7i t\u00e1ch tr\u00e0 l\u00e0 minh ch\u1ee9ng cho ch\u1ea5t l\u01b0\u1ee3ng n\u00f4ng nghi\u1ec7p h\u1eefu c\u01a1 Vi\u1ec7t Nam, mang \u0111\u1ebfn \u0111\u1ed9 t\u01b0\u01a1i ngon b\u1ea1n c\u00f3 th\u1ec3 c\u1ea3m nh\u1eadn trong t\u1eebng t\u00e1ch tr\u00e0. <\/p>\n","protected":false},"excerpt":{"rendered":"<p data-path-to-node=\"7\"><b data-path-to-node=\"7\" data-index-in-node=\"0\">N\u0103ng L\u01b0\u1ee3ng Thu\u1ea7n Khi\u1ebft &amp; H\u01b0\u01a1ng Cam Chanh T\u01b0\u01a1i M\u1edbi<\/b><\/p>\n<p data-path-to-node=\"8\">Tr\u1ea3i nghi\u1ec7m s\u1ef1 c\u00e2n b\u1eb1ng ho\u00e0n h\u1ea3o gi\u1eefa t\u1eadp trung v\u00e0 h\u01b0\u01a1ng v\u1ecb. <span class=\"citation-178 citation-end-178\">S\u1ef1 k\u1ebft h\u1ee3p Tr\u00e0 Xanh &amp; S\u1ea3 H\u1eefu C\u01a1 c\u1ee7a ch\u00fang t\u00f4i h\u00f2a quy\u1ec7n nh\u1eefng l\u00e1 tr\u00e0 xanh gi\u00e0u ch\u1ea5t ch\u1ed1ng oxy h\u00f3a c\u00f9ng h\u01b0\u01a1ng cam chanh t\u01b0\u01a1i s\u00e1ng t\u1eeb s\u1ea3 h\u1eefu c\u01a1.<\/span> \u0110\u00e2y l\u00e0 th\u1ee9c tr\u00e0 thanh m\u00e1t, t\u0103ng c\u01b0\u1eddng s\u1ee9c kh\u1ecfe, gi\u00fap tinh th\u1ea7n t\u1ec9nh t\u00e1o v\u00e0 h\u1ed7 tr\u1ee3 ti\u00eau h\u00f3a su\u1ed1t c\u1ea3 ng\u00e0y.<\/p>\n<ul data-path-to-node=\"9\">\n<li>\n<p data-path-to-node=\"9,0,0\"><b data-path-to-node=\"9,0,0\" data-index-in-node=\"0\">Ch\u1ee9ng Nh\u1eadn H\u1eefu C\u01a1:<\/b> 100% t\u1ef1 nhi\u00ean, kh\u00f4ng thu\u1ed1c tr\u1eeb s\u00e2u.<\/p>\n<\/li>\n<li>\n<p data-path-to-node=\"9,1,0\"><b data-path-to-node=\"9,1,0\" data-index-in-node=\"0\">H\u1ed7 Tr\u1ee3 Trao \u0110\u1ed5i Ch\u1ea5t:<\/b> Gi\u00e0u ch\u1ea5t ch\u1ed1ng oxy h\u00f3a t\u1ef1 nhi\u00ean.<\/p>\n<\/li>\n<li>\n<p data-path-to-node=\"9,2,0\"><b data-path-to-node=\"9,2,0\" data-index-in-node=\"0\">H\u01b0\u01a1ng V\u1ecb S\u1ea3ng Kho\u00e1i:<\/b> V\u1ecb tr\u00e0 trong, m\u00e1t, ngon c\u1ea3 khi u\u1ed1ng n\u00f3ng ho\u1eb7c l\u1ea1nh.<\/p>\n<\/li>\n<\/ul>\n","protected":false},"featured_media":12975,"template":"","meta":[],"pwb-brand":[301],"product_cat":[226,424],"product_tag":[],"class_list":{"0":"post-13079","1":"product","2":"type-product","3":"status-publish","4":"has-post-thumbnail","6":"pwb-brand-daquyn-the-queen-vi","7":"product_cat-do-uong","8":"product_cat-tra","10":"first","11":"instock","12":"shipping-taxable","13":"purchasable","14":"product-type-simple"},"acf":[],"brands":[{"id":301,"name":"Daquyn - The Queen","slug":"daquyn-the-queen-vi"}],"_links":{"self":[{"href":"https:\/\/bynature.vn\/vi\/wp-json\/wp\/v2\/product\/13079","targetHints":{"allow":["GET"]}}],"collection":[{"href":"https:\/\/bynature.vn\/vi\/wp-json\/wp\/v2\/product"}],"about":[{"href":"https:\/\/bynature.vn\/vi\/wp-json\/wp\/v2\/types\/product"}],"wp:featuredmedia":[{"embeddable":true,"href":"https:\/\/bynature.vn\/vi\/wp-json\/wp\/v2\/media\/12975"}],"wp:attachment":[{"href":"https:\/\/bynature.vn\/vi\/wp-json\/wp\/v2\/media?parent=13079"}],"wp:term":[{"taxonomy":"pwb-brand","embeddable":true,"href":"https:\/\/bynature.vn\/vi\/wp-json\/wp\/v2\/pwb-brand?post=13079"},{"taxonomy":"product_cat","embeddable":true,"href":"https:\/\/bynature.vn\/vi\/wp-json\/wp\/v2\/product_cat?post=13079"},{"taxonomy":"product_tag","embeddable":true,"href":"https:\/\/bynature.vn\/vi\/wp-json\/wp\/v2\/product_tag?post=13079"}],"curies":[{"name":"wp","href":"https:\/\/api.w.org\/{rel}","templated":true}]}}