{"id":13078,"date":"2026-01-14T16:19:58","date_gmt":"2026-01-14T09:19:58","guid":{"rendered":"https:\/\/bynature.vn\/product\/dau-dua-suc-mieng-huong-bac-ha-250ml\/"},"modified":"2026-01-27T23:43:26","modified_gmt":"2026-01-27T16:43:26","slug":"dau-dua-suc-mieng-huong-bac-ha-250ml","status":"publish","type":"product","link":"https:\/\/bynature.vn\/vi\/product\/dau-dua-suc-mieng-huong-bac-ha-250ml\/","title":{"rendered":"D\u1ea7u D\u1eeba S\u00fac Mi\u1ec7ng H\u01b0\u01a1ng B\u1ea1c H\u00e0 250ml"},"content":{"rendered":"<h1 data-path-to-node=\"2\"><b data-path-to-node=\"2\" data-index-in-node=\"0\">D\u1ea7u D\u1eeba S\u00fac Mi\u1ec7ng H\u01b0\u01a1ng B\u1ea1c H\u00e0 (250ml)<\/b><\/h1>\n<h3 data-path-to-node=\"3\"><b data-path-to-node=\"3\" data-index-in-node=\"0\">Ph\u01b0\u01a1ng Th\u1ee9c Truy\u1ec1n Th\u1ed1ng cho N\u1ee5 C\u01b0\u1eddi Kh\u1ecfe M\u1ea1nh, Hi\u1ec7n \u0110\u1ea1i<\/b><\/h3>\n<p data-path-to-node=\"4\">N\u00e2ng t\u1ea7m th\u00f3i quen ch\u0103m s\u00f3c bu\u1ed5i s\u00e1ng v\u1edbi h\u1ed7n h\u1ee3p <b data-path-to-node=\"4\" data-index-in-node=\"47\">D\u1ea7u D\u1eeba S\u00fac Mi\u1ec7ng H\u01b0\u01a1ng B\u1ea1c H\u00e0<\/b> c\u1ee7a ch\u00fang t\u00f4i. L\u1ea5y c\u1ea3m h\u1ee9ng t\u1eeb h\u00e0ng tr\u0103m n\u0103m truy\u1ec1n th\u1ed1ng Ayurveda, oil pulling l\u00e0 ph\u01b0\u01a1ng ph\u00e1p thanh l\u1ecdc khoang mi\u1ec7ng hi\u1ec7u qu\u1ea3, l\u00e0m s\u1ea1ch s\u00e2u gi\u1eefa c\u00e1c k\u1ebd r\u0103ng v\u00e0 d\u01b0\u1edbi \u0111\u01b0\u1eddng vi\u1ec1n n\u01b0\u1edbu, nh\u1eefng n\u01a1i b\u00e0n ch\u1ea3i th\u00f4ng th\u01b0\u1eddng kh\u00f3 ti\u1ebfp c\u1eadn. <\/p>\n<p data-path-to-node=\"5\">\u0110\u01b0\u1ee3c b\u1ed5 sung <b data-path-to-node=\"5\" data-index-in-node=\"18\">Tinh D\u1ea7u B\u1ea1c H\u00e0 <\/b>nguy\u00ean ch\u1ea5t, s\u1ea3n ph\u1ea9m bi\u1ebfn nghi th\u1ee9c thanh l\u1ecdc truy\u1ec1n th\u1ed1ng th\u00e0nh tr\u1ea3i nghi\u1ec7m m\u00e1t l\u1ea1nh, s\u1ea3ng kho\u00e1i, gi\u00fap h\u01a1i th\u1edf th\u01a1m m\u00e1t v\u00e0 khoang mi\u1ec7ng s\u1ea1ch nh\u01b0 v\u1eeba \u0111i nha s\u0129.<\/p>\n<h3 data-path-to-node=\"6\"><b data-path-to-node=\"6\" data-index-in-node=\"0\">T\u1ea1i Sao B\u1ea1n S\u1ebd Y\u00eau Th\u00edch Th\u1ee9c U\u1ed1ng N\u00e0y:<\/b><\/h3>\n<ul data-path-to-node=\"7\">\n<li>\n<p data-path-to-node=\"7,0,0\">\u2728 <b data-path-to-node=\"7,0,0\" data-index-in-node=\"2\">L\u00e0m Tr\u1eafng T\u1ef1 Nhi\u00ean:<\/b> Nh\u1eb9 nh\u00e0ng lo\u1ea1i b\u1ecf v\u1ebft \u1ed1 do c\u00e0 ph\u00ea hay tr\u00e0, mang l\u1ea1i n\u1ee5 c\u01b0\u1eddi s\u00e1ng h\u01a1n m\u00e0 kh\u00f4ng c\u1ea7n ch\u1ea5t t\u1ea9y m\u1ea1nh.<\/p>\n<\/li>\n<li>\n<p data-path-to-node=\"7,1,0\">\ud83c\udf3f <b data-path-to-node=\"7,1,0\" data-index-in-node=\"3\">Thanh L\u1ecdc S\u00e2u:<\/b> \u201cK\u00e9o\u201d vi khu\u1ea9n, m\u1ea3ng b\u00e1m v\u00e0 \u0111\u1ed9c t\u1ed1 t\u00edch t\u1ee5 qua \u0111\u00eam ra kh\u1ecfi khoang mi\u1ec7ng.<\/p>\n<\/li>\n<li>\n<p data-path-to-node=\"7,2,0\">\ud83e\uddb7 <b data-path-to-node=\"7,2,0\" data-index-in-node=\"3\">H\u1ed7 Tr\u1ee3 N\u01b0\u1edbu Kh\u1ecfe:<\/b> <span class=\"citation-498 citation-end-498\">Gi\u00fap gi\u1ea3m vi\u00eam v\u00e0 t\u0103ng c\u01b0\u1eddng s\u1ee9c kh\u1ecfe n\u01b0\u1edbu.<\/span><\/p>\n<\/li>\n<li>\n<p data-path-to-node=\"7,3,0\">\u2744\ufe0f <b data-path-to-node=\"7,3,0\" data-index-in-node=\"3\">T\u01b0\u01a1i M\u00e1t D\u00e0i L\u00e2u:<\/b> B\u1ea1c H\u00e0 t\u1ef1 nhi\u00ean \u1ee9c ch\u1ebf vi khu\u1ea9n g\u00e2y m\u00f9i h\u00f4i mi\u1ec7ng, mang l\u1ea1i c\u1ea3m gi\u00e1c s\u1ea1ch s\u1ebd su\u1ed1t c\u1ea3 ng\u00e0y.<\/p>\n<\/li>\n<li>\n<p data-path-to-node=\"7,4,0\">\ud83d\udeab <b data-path-to-node=\"7,4,0\" data-index-in-node=\"3\">Tinh Khi\u1ebft &amp; An To\u00e0n:<\/b> 100% t\u1eeb th\u1ef1c v\u1eadt. Kh\u00f4ng c\u1ed3n, kh\u00f4ng fluoride, kh\u00f4ng SLS, kh\u00f4ng ch\u1ea5t t\u1ea1o ng\u1ecdt nh\u00e2n t\u1ea1o. <\/p>\n<\/li>\n<\/ul>\n<h3 data-path-to-node=\"8\"><b data-path-to-node=\"8\" data-index-in-node=\"0\">C\u00e1ch S\u1eed D\u1ee5ng:<\/b><\/h3>\n<ol start=\"1\" data-path-to-node=\"9\">\n<li>\n<p data-path-to-node=\"9,0,0\"><b data-path-to-node=\"9,0,0\" data-index-in-node=\"0\">\u0110ong: <\/b>L\u1ea5y 1\u20132 th\u00eca c\u00e0 ph\u00ea d\u1ea7u v\u00e0o bu\u1ed5i s\u00e1ng khi b\u1ee5ng c\u00f2n \u0111\u00f3i.<\/p>\n<\/li>\n<li>\n<p data-path-to-node=\"9,1,0\"><b data-path-to-node=\"9,1,0\" data-index-in-node=\"0\">S\u00fac:<\/b> Nh\u1eb9 nh\u00e0ng \u0111\u1ea3o d\u1ea7u trong mi\u1ec7ng v\u00e0 qua k\u1ebd r\u0103ng trong 5\u201315 ph\u00fat. (B\u1ea1n c\u00f3 th\u1ec3 tranh th\u1ee7 chu\u1ea9n b\u1ecb cho ng\u00e0y m\u1edbi ho\u1eb7c pha m\u1ed9t t\u00e1ch <b data-path-to-node=\"9,1,0\" data-index-in-node=\"156\">Tr\u00e0 Ngh\u1ec7<\/b>!) <\/p>\n<\/li>\n<li>\n<p data-path-to-node=\"9,2,0\"><b data-path-to-node=\"9,2,0\" data-index-in-node=\"0\">Nh\u1ed5 B\u1ecf:<\/b> Nh\u1ed5 d\u1ea7u v\u00e0o th\u00f9ng r\u00e1c (tr\u00e1nh b\u1ed3n r\u1eeda \u0111\u1ec3 kh\u00f4ng t\u1eafc \u1ed1ng). D\u1ea7u s\u1ebd chuy\u1ec3n sang m\u00e0u tr\u1eafng s\u1eefa, d\u1ea5u hi\u1ec7u \u0111\u1ed9c t\u1ed1 \u0111\u00e3 \u0111\u01b0\u1ee3c lo\u1ea1i b\u1ecf. <\/p>\n<\/li>\n<li>\n<p data-path-to-node=\"9,3,0\"><b data-path-to-node=\"9,3,0\" data-index-in-node=\"0\">S\u00fac &amp; \u0110\u00e1nh R\u0103ng:<\/b> S\u00fac mi\u1ec7ng b\u1eb1ng n\u01b0\u1edbc \u1ea5m r\u1ed3i \u0111\u00e1nh r\u0103ng nh\u01b0 b\u00ecnh th\u01b0\u1eddng.<\/p>\n<\/li>\n<\/ol>\n<h3 data-path-to-node=\"10\"><b data-path-to-node=\"10\" data-index-in-node=\"0\">Th\u00e0nh ph\u1ea7n:<\/b><\/h3>\n<ul data-path-to-node=\"11\">\n<li>\n<p data-path-to-node=\"11,0,0\"><b data-path-to-node=\"11,0,0\" data-index-in-node=\"0\">D\u1ea7u D\u1eeba Nguy\u00ean Ch\u1ea5t \u00c9p L\u1ea1nh: <\/b>N\u1ed5i ti\u1ebfng v\u1edbi \u0111\u1eb7c t\u00ednh kh\u00e1ng khu\u1ea9n (Axit Lauric).<\/p>\n<\/li>\n<li>\n<p data-path-to-node=\"11,1,0\"><b data-path-to-node=\"11,1,0\" data-index-in-node=\"0\">Tinh D\u1ea7u B\u1ea1c H\u00e0 Nguy\u00ean Ch\u1ea5t:<\/b> Mang l\u1ea1i c\u1ea3m gi\u00e1c m\u00e1t l\u1ea1nh v\u00e0 h\u1ed7 tr\u1ee3 v\u1ec7 sinh r\u0103ng mi\u1ec7ng t\u1ef1 nhi\u00ean.<\/p>\n<\/li>\n<\/ul>\n","protected":false},"excerpt":{"rendered":"<p><b data-path-to-node=\"0\" data-index-in-node=\"4\">D\u1ea7u D\u1eeba S\u00fac Mi\u1ec7ng H\u01b0\u01a1ng B\u1ea1c H\u00e0 (250ml)<\/b> c\u1ee7a ch\u00fang t\u00f4i l\u00e0 ph\u01b0\u01a1ng ph\u00e1p thanh l\u1ecdc khoang mi\u1ec7ng t\u1ef1 nhi\u00ean, l\u1ea5y c\u1ea3m h\u1ee9ng t\u1eeb nghi th\u1ee9c Ayurveda c\u1ed5 x\u01b0a. S\u1ef1 k\u1ebft h\u1ee3p gi\u1eefa s\u1ee9c m\u1ea1nh kh\u00e1ng khu\u1ea9n c\u1ee7a d\u1ea7u d\u1eeba \u00e9p l\u1ea1nh v\u00e0 tinh d\u1ea7u b\u1ea1c h\u00e0 gi\u00fap l\u00e0m m\u1edd v\u1ebft \u1ed1 b\u1ec1 m\u1eb7t, h\u1ed7 tr\u1ee3 n\u01b0\u1edbu kh\u1ecfe, lo\u1ea1i b\u1ecf vi khu\u1ea9n g\u00e2y m\u1ea3ng b\u00e1m m\u00e0 vi\u1ec7c \u0111\u00e1nh r\u0103ng th\u00f4ng th\u01b0\u1eddng kh\u00f3 l\u00e0m s\u1ea1ch. \u0110\u00e2y l\u00e0 \u201cb\u01b0\u1edbc 0\u201d ho\u00e0n h\u1ea3o, kh\u00f4ng h\u00f3a ch\u1ea5t cho bu\u1ed5i s\u00e1ng, gi\u00fap r\u0103ng m\u1ecbn s\u1ea1ch v\u00e0 h\u01a1i th\u1edf th\u01a1m m\u00e1t su\u1ed1t ng\u00e0y d\u00e0i.  <\/p>\n","protected":false},"featured_media":13000,"template":"","meta":[],"pwb-brand":[285],"product_cat":[397,406,185],"product_tag":[],"class_list":{"0":"post-13078","1":"product","2":"type-product","3":"status-publish","4":"has-post-thumbnail","6":"pwb-brand-baluchon-vi","7":"product_cat-cham-soc-co-the","8":"product_cat-cham-soc-rang-mieng","9":"product_cat-suc-khoe-lam-dep","11":"first","12":"instock","13":"shipping-taxable","14":"purchasable","15":"product-type-simple"},"acf":[],"brands":[{"id":285,"name":"Baluchon","slug":"baluchon-vi"}],"_links":{"self":[{"href":"https:\/\/bynature.vn\/vi\/wp-json\/wp\/v2\/product\/13078","targetHints":{"allow":["GET"]}}],"collection":[{"href":"https:\/\/bynature.vn\/vi\/wp-json\/wp\/v2\/product"}],"about":[{"href":"https:\/\/bynature.vn\/vi\/wp-json\/wp\/v2\/types\/product"}],"wp:featuredmedia":[{"embeddable":true,"href":"https:\/\/bynature.vn\/vi\/wp-json\/wp\/v2\/media\/13000"}],"wp:attachment":[{"href":"https:\/\/bynature.vn\/vi\/wp-json\/wp\/v2\/media?parent=13078"}],"wp:term":[{"taxonomy":"pwb-brand","embeddable":true,"href":"https:\/\/bynature.vn\/vi\/wp-json\/wp\/v2\/pwb-brand?post=13078"},{"taxonomy":"product_cat","embeddable":true,"href":"https:\/\/bynature.vn\/vi\/wp-json\/wp\/v2\/product_cat?post=13078"},{"taxonomy":"product_tag","embeddable":true,"href":"https:\/\/bynature.vn\/vi\/wp-json\/wp\/v2\/product_tag?post=13078"}],"curies":[{"name":"wp","href":"https:\/\/api.w.org\/{rel}","templated":true}]}}