{"id":13074,"date":"2026-01-16T09:48:55","date_gmt":"2026-01-16T02:48:55","guid":{"rendered":"https:\/\/bynature.vn\/product\/tay-te-bao-chet-vani-60ml\/"},"modified":"2026-01-16T09:48:55","modified_gmt":"2026-01-16T02:48:55","slug":"tay-te-bao-chet-vani-60ml","status":"publish","type":"product","link":"https:\/\/bynature.vn\/vi\/product\/tay-te-bao-chet-vani-60ml\/","title":{"rendered":"T\u1ea9y T\u1ebf B\u00e0o Ch\u1ebft \u2013 Vani 60ml"},"content":{"rendered":"<h2 data-path-to-node=\"0\"><b data-path-to-node=\"0\" data-index-in-node=\"0\">T\u1ea9y T\u1ebf B\u00e0o Ch\u1ebft \u2013 Vani (60ml)<\/b><\/h2>\n<p data-path-to-node=\"1\"><b data-path-to-node=\"1\" data-index-in-node=\"0\">L\u00e0m m\u1ecbn l\u00e0n da c\u1ee7a b\u1ea1n \u0111\u1ebfn m\u1ee9c ho\u00e0n h\u1ea3o v\u1edbi h\u01b0\u01a1ng vani thu\u1ea7n khi\u1ebft, \u1ea5m \u00e1p.<\/b><\/p>\n<p data-path-to-node=\"2\"><b data-path-to-node=\"2\" data-index-in-node=\"4\">T\u1ea9y T\u1ebf B\u00e0o Ch\u1ebft H\u01b0\u01a1ng Vani<\/b> c\u1ee7a ch\u00fang t\u00f4i l\u00e0 li\u1ec7u ph\u00e1p ch\u0103m s\u00f3c da cao c\u1ea5p, ho\u00e0n to\u00e0n t\u1eeb thi\u00ean nhi\u00ean, gi\u00fap l\u00e0m m\u1ecbn v\u00e0 t\u00e1i t\u1ea1o l\u00e0n da. H\u0169 60ml k\u1ebft h\u1ee3p hi\u1ec7u qu\u1ea3 t\u1ea9y t\u1ebf b\u00e0o ch\u1ebft v\u1eadt l\u00fd t\u1eeb c\u00e1c h\u1ea1t \u0111\u01b0\u1eddng m\u1ecbn c\u00f9ng kh\u1ea3 n\u0103ng nu\u00f4i d\u01b0\u1ee1ng, l\u00e0m m\u1ec1m da t\u1eeb d\u1ea7u d\u1eeba nguy\u00ean ch\u1ea5t \u00e9p l\u1ea1nh. <\/p>\n<p data-path-to-node=\"3\">Khi massage s\u1ea3n ph\u1ea9m l\u00ean da, c\u00e1c h\u1ea1t \u0111\u01b0\u1eddng nh\u1eb9 nh\u00e0ng lo\u1ea1i b\u1ecf t\u1ebf b\u00e0o ch\u1ebft v\u00e0 t\u1ea1p ch\u1ea5t, trong khi d\u1ea7u d\u1eeba tan ch\u1ea3y, t\u1ea1o l\u1edbp m\u00e0ng b\u1ea3o v\u1ec7 v\u00e0 c\u1ea5p \u1ea9m cho da. Ho\u00e0n thi\u1ec7n v\u1edbi h\u01b0\u01a1ng vani cao c\u1ea5p, li\u1ec7u tr\u00ecnh n\u00e0y gi\u00fap l\u00e0n da tr\u1edf n\u00ean m\u1ec1m m\u1ea1i, r\u1ea1ng r\u1ee1 v\u00e0 l\u01b0u h\u01b0\u01a1ng tinh t\u1ebf. <\/p>\n<h3 data-path-to-node=\"4\"><b data-path-to-node=\"4\" data-index-in-node=\"0\">V\u00ec Sao S\u1ea3n Ph\u1ea9m Hi\u1ec7u Qu\u1ea3:<\/b><\/h3>\n<ul data-path-to-node=\"5\">\n<li>\n<p data-path-to-node=\"5,0,0\"><b data-path-to-node=\"5,0,0\" data-index-in-node=\"0\">T\u1ea9y T\u1ebf B\u00e0o Ch\u1ebft T\u1ef1 Nhi\u00ean:<\/b> Tinh th\u1ec3 \u0111\u01b0\u1eddng m\u1ecbn gi\u00fap l\u00e0m s\u1ea1ch b\u1ec1 m\u1eb7t da nh\u1eb9 nh\u00e0ng nh\u01b0ng hi\u1ec7u qu\u1ea3, kh\u00f4ng g\u00e2y k\u00edch \u1ee9ng.<\/p>\n<\/li>\n<li>\n<p data-path-to-node=\"5,1,0\"><b data-path-to-node=\"5,1,0\" data-index-in-node=\"0\">D\u01b0\u1ee1ng \u1ea8m S\u00e2u:<\/b> <span class=\"citation-503 citation-end-503\">D\u1ea7u d\u1eeba \u00e9p l\u1ea1nh \u0111\u1ea3m b\u1ea3o l\u00e0n da c\u1ee7a b\u1ea1n v\u1eabn \u0111\u01b0\u1ee3c gi\u1eef \u1ea9m l\u00e2u sau khi r\u1eeda s\u1ea1ch.<\/span><\/p>\n<\/li>\n<li>\n<p data-path-to-node=\"5,2,0\"><b data-path-to-node=\"5,2,0\" data-index-in-node=\"0\">C\u1ea3i Thi\u1ec7n B\u1ec1 M\u1eb7t Da: <\/b><span class=\"citation-502 citation-end-502\">T\u1ea9y t\u1ebf b\u00e0o ch\u1ebft th\u01b0\u1eddng xuy\u00ean gi\u00fap th\u00f4ng tho\u00e1ng l\u1ed7 ch\u00e2n l\u00f4ng v\u00e0 t\u0103ng kh\u1ea3 n\u0103ng h\u1ea5p th\u1ee5 serum, kem d\u01b0\u1ee1ng. <\/span><\/p>\n<\/li>\n<li>\n<p data-path-to-node=\"5,3,0\"><b data-path-to-node=\"5,3,0\" data-index-in-node=\"0\">Tr\u1ea3i Nghi\u1ec7m Th\u01b0 Gi\u00e3n:<\/b> H\u01b0\u01a1ng vani ng\u1ecdt \u1ea5m bi\u1ebfn chu tr\u00ecnh ch\u0103m s\u00f3c da th\u00e0nh tr\u1ea3i nghi\u1ec7m nh\u01b0 spa.<\/p>\n<\/li>\n<\/ul>\n<h3 data-path-to-node=\"6\"><b data-path-to-node=\"6\" data-index-in-node=\"0\">C\u00e1ch s\u1eed d\u1ee5ng:<\/b><\/h3>\n<p data-path-to-node=\"7\">Nh\u1eb9 nh\u00e0ng massage m\u1ed9t l\u01b0\u1ee3ng nh\u1ecf l\u00ean da \u1ea9m theo chuy\u1ec3n \u0111\u1ed9ng tr\u00f2n, t\u1eadp trung v\u00e0o v\u00f9ng kh\u00f4 nh\u01b0 khu\u1ef7u tay ho\u1eb7c \u0111\u1ea7u g\u1ed1i. R\u1eeda s\u1ea1ch b\u1eb1ng n\u01b0\u1edbc \u1ea5m \u0111\u1ec3 l\u1ed9 l\u00e0n da t\u01b0\u01a1i m\u1edbi, r\u1ea1ng r\u1ee1. S\u1eed d\u1ee5ng 1\u20132 l\u1ea7n m\u1ed7i tu\u1ea7n trong chu tr\u00ecnh ch\u0103m s\u00f3c da.  <\/p>\n<p data-path-to-node=\"9\"><b data-path-to-node=\"9\" data-index-in-node=\"0\">M\u1eb9o Nh\u1ecf:<\/b> K\u00edch th\u01b0\u1edbc 60ml n\u00e0y c\u00f3 th\u1ec3 mang theo khi \u0111i du l\u1ecbch &#8211; c\u0169ng c\u00f3 s\u1eb5n k\u00edch th\u01b0\u1edbc l\u1edbn h\u01a1n<\/p>\n","protected":false},"excerpt":{"rendered":"<p>V\u1edbi s\u1ef1 k\u1ebft h\u1ee3p ho\u00e0n h\u1ea3o gi\u1eefa \u0111\u01b0\u1eddng, d\u1ea7u d\u1eeba v\u00e0 h\u01b0\u01a1ng vani cao c\u1ea5p, t\u1ea9y t\u1ebf b\u00e0o ch\u1ebft h\u01b0\u01a1ng Vani gi\u00fap l\u00e0m s\u1ea1ch da hi\u1ec7u qu\u1ea3 v\u00e0 h\u1ed7 tr\u1ee3 chu tr\u00ecnh ch\u0103m s\u00f3c da to\u00e0n di\u1ec7n h\u01a1n.<\/p>\n","protected":false},"featured_media":13015,"template":"","meta":[],"pwb-brand":[285],"product_cat":[397,185,400],"product_tag":[],"class_list":{"0":"post-13074","1":"product","2":"type-product","3":"status-publish","4":"has-post-thumbnail","6":"pwb-brand-baluchon-vi","7":"product_cat-cham-soc-co-the","8":"product_cat-suc-khoe-lam-dep","9":"product_cat-tay-te-bao-chet","11":"first","12":"instock","13":"shipping-taxable","14":"purchasable","15":"product-type-simple"},"acf":[],"brands":[{"id":285,"name":"Baluchon","slug":"baluchon-vi"}],"_links":{"self":[{"href":"https:\/\/bynature.vn\/vi\/wp-json\/wp\/v2\/product\/13074","targetHints":{"allow":["GET"]}}],"collection":[{"href":"https:\/\/bynature.vn\/vi\/wp-json\/wp\/v2\/product"}],"about":[{"href":"https:\/\/bynature.vn\/vi\/wp-json\/wp\/v2\/types\/product"}],"wp:featuredmedia":[{"embeddable":true,"href":"https:\/\/bynature.vn\/vi\/wp-json\/wp\/v2\/media\/13015"}],"wp:attachment":[{"href":"https:\/\/bynature.vn\/vi\/wp-json\/wp\/v2\/media?parent=13074"}],"wp:term":[{"taxonomy":"pwb-brand","embeddable":true,"href":"https:\/\/bynature.vn\/vi\/wp-json\/wp\/v2\/pwb-brand?post=13074"},{"taxonomy":"product_cat","embeddable":true,"href":"https:\/\/bynature.vn\/vi\/wp-json\/wp\/v2\/product_cat?post=13074"},{"taxonomy":"product_tag","embeddable":true,"href":"https:\/\/bynature.vn\/vi\/wp-json\/wp\/v2\/product_tag?post=13074"}],"curies":[{"name":"wp","href":"https:\/\/api.w.org\/{rel}","templated":true}]}}