{"id":13072,"date":"2026-01-22T16:44:02","date_gmt":"2026-01-22T09:44:02","guid":{"rendered":"https:\/\/bynature.vn\/product\/tra-xanh-gung-huu-co\/"},"modified":"2026-04-18T09:08:32","modified_gmt":"2026-04-18T02:08:32","slug":"tra-xanh-gung-huu-co","status":"publish","type":"product","link":"https:\/\/bynature.vn\/vi\/product\/tra-xanh-gung-huu-co\/","title":{"rendered":"Tr\u00e0 Xanh &amp; G\u1eebng H\u1eefu C\u01a1"},"content":{"rendered":"<h2 data-path-to-node=\"0\"><b data-path-to-node=\"0\" data-index-in-node=\"0\">Tr\u00e0 Xanh &amp; G\u1eebng H\u1eefu C\u01a1<\/b><\/h2>\n<h3 data-path-to-node=\"1\"><b data-path-to-node=\"1\" data-index-in-node=\"0\">Ngu\u1ed3n N\u0103ng L\u01b0\u1ee3ng \u1ea4m \u00c1p cho Tinh Th\u1ea7n &amp; C\u01a1 Th\u1ec3<\/b><\/h3>\n<p data-path-to-node=\"2\">N\u00e2ng cao n\u0103ng l\u01b0\u1ee3ng m\u1ed7i ng\u00e0y c\u1ee7a b\u1ea1n v\u1edbi s\u1ef1 h\u00f2a quy\u1ec7n s\u1ed1ng \u0111\u1ed9ng n\u00e0y, cay nh\u1eb9 \u2013 ng\u1ecdt thanh gi\u1eefa <b data-path-to-node=\"2\" data-index-in-node=\"71\">Tr\u00e0 Xanh H\u1eefu C\u01a1<\/b> \u0111\u01b0\u1ee3c tr\u1ed3ng \u1edf v\u00f9ng cao v\u00e0 <b data-path-to-node=\"2\" data-index-in-node=\"101\">G\u1eebng<\/b> \u1ea5m n\u00f3ng. \u0110\u01b0\u1ee3c thu ho\u1ea1ch t\u1eeb nh\u1eefng \u0111\u1ed3i ch\u00e8 s\u1ea1ch, tr\u00e0n ng\u1eadp nh\u1eefng tia n\u1eafng t\u1ea1i Vi\u1ec7t Nam, lo\u1ea1i tr\u00e0 n\u00e0y mang h\u01b0\u01a1ng v\u1ecb t\u01b0\u01a1i m\u00e1t, s\u1ea3ng kho\u00e1i, gi\u00fap t\u1ec9nh t\u00e1o t\u1ef1 nhi\u00ean v\u00e0 lan t\u1ecfa c\u1ea3m gi\u00e1c \u1ea5m d\u1ecbu d\u1ec5 ch\u1ecbu. \u0110\u00e2y l\u00e0 ng\u01b0\u1eddi b\u1ea1n \u0111\u1ed3ng h\u00e0nh l\u00fd t\u01b0\u1edfng cho bu\u1ed5i s\u00e1ng l\u00e0m vi\u1ec7c hi\u1ec7u qu\u1ea3 ho\u1eb7c nh\u1eefng bu\u1ed5i chi\u1ec1u th\u01b0 gi\u00e3n.  <\/p>\n<ul data-path-to-node=\"3\">\n<li>\n<p data-path-to-node=\"3,0,0\"><b data-path-to-node=\"3,0,0\" data-index-in-node=\"0\">Gi\u00e0u Ch\u1ea5t Ch\u1ed1ng Oxy H\u00f3a:<\/b> Tr\u00e0 Xanh Cao C\u1ea5p cung c\u1ea5p polyphenol t\u1ef1 nhi\u00ean, h\u1ed7 tr\u1ee3 trao \u0111\u1ed5i ch\u1ea5t v\u00e0 t\u0103ng kh\u1ea3 n\u0103ng t\u1eadp trung.<\/p>\n<\/li>\n<li>\n<p data-path-to-node=\"3,1,0\"><b data-path-to-node=\"3,1,0\" data-index-in-node=\"0\">G\u1eebng L\u00e0m \u1ea4m C\u01a1 Th\u1ec3:<\/b> N\u1ed5i ti\u1ebfng v\u1edbi c\u00f4ng d\u1ee5ng t\u0103ng c\u01b0\u1eddng mi\u1ec5n d\u1ecbch, h\u1ed7 tr\u1ee3 ti\u00eau h\u00f3a v\u00e0 l\u00e0m d\u1ecbu h\u1ec7 c\u01a1 quan.<\/p>\n<\/li>\n<li>\n<p data-path-to-node=\"3,2,0\"><b data-path-to-node=\"3,2,0\" data-index-in-node=\"0\">Ch\u1ee9ng nh\u1eadn Ecocert: <\/b>100% H\u1eefu C\u01a1 v\u00e0 canh t\u00e1c b\u1ec1n v\u1eefng, kh\u00f4ng thu\u1ed1c tr\u1eeb s\u00e2u hay h\u01b0\u01a1ng li\u1ec7u nh\u00e2n t\u1ea1o.<\/p>\n<\/li>\n<li>\n<p data-path-to-node=\"3,3,0\"><b data-path-to-node=\"3,3,0\" data-index-in-node=\"0\">Ti\u00eau Chu\u1ea9n ByNature: <\/b>Tinh khi\u1ebft, m\u1ea1nh m\u1ebd v\u00e0 c\u00f3 \u0111\u1ea1o \u0111\u1ee9c trong canh t\u00e1c. M\u1ed7i t\u00e1ch tr\u00e0 l\u00e0 minh ch\u1ee9ng cho ch\u1ea5t l\u01b0\u1ee3ng n\u00f4ng nghi\u1ec7p h\u1eefu c\u01a1 Vi\u1ec7t Nam, mang \u0111\u1ebfn \u0111\u1ed9 t\u01b0\u01a1i ngon b\u1ea1n c\u00f3 th\u1ec3 c\u1ea3m nh\u1eadn trong t\u1eebng t\u00e1ch tr\u00e0. <\/p>\n<\/li>\n<\/ul>\n","protected":false},"excerpt":{"rendered":"<h3 data-path-to-node=\"0\"><b data-path-to-node=\"0\" data-index-in-node=\"0\">Tr\u00e0 Xanh &amp; G\u1eebng H\u1eefu C\u01a1<\/b><\/h3>\n<p data-path-to-node=\"2\">L\u00e0m m\u1edbi ng\u00e0y d\u00e0i c\u1ee7a b\u1ea1n v\u1edbi s\u1ef1 k\u1ebft h\u1ee3p <b data-path-to-node=\"2\" data-index-in-node=\"40\">Tr\u00e0 Xanh &amp; G\u1eebng H\u1eefu C\u01a1<\/b> tr\u1ed3ng t\u1ea1i v\u00f9ng cao. Thu ho\u1ea1ch t\u1eeb nh\u1eefng s\u01b0\u1eddn \u0111\u1ed3i ng\u1eadp n\u1eafng t\u1ea1i Vi\u1ec7t Nam, tr\u00e0 mang \u0111\u1ebfn ngu\u1ed3n n\u0103ng l\u01b0\u1ee3ng trong tr\u1ebbo c\u00f9ng h\u1eadu v\u1ecb cay \u1ea5m d\u1ec5 ch\u1ecbu. <\/p>\n<ul data-path-to-node=\"3\">\n<li>\n<p data-path-to-node=\"3,0,0\"><b data-path-to-node=\"3,0,0\" data-index-in-node=\"0\">Gi\u00e0u Ch\u1ea5t Ch\u1ed1ng Oxy H\u00f3a:<\/b> Tr\u00e0 xanh cao c\u1ea5p h\u1ed7 tr\u1ee3 trao \u0111\u1ed5i ch\u1ea5t v\u00e0 s\u1ef1 t\u1eadp trung.<\/p>\n<\/li>\n<li>\n<p data-path-to-node=\"3,1,0\"><b data-path-to-node=\"3,1,0\" data-index-in-node=\"0\">G\u1eebng L\u00e0m \u1ea4m C\u01a1 Th\u1ec3:<\/b> Theo truy\u1ec1n th\u1ed1ng \u0111\u01b0\u1ee3c s\u1eed d\u1ee5ng gi\u00fap ti\u00eau h\u00f3a t\u1ed1t v\u00e0 t\u0103ng c\u01b0\u1eddng mi\u1ec5n d\u1ecbch.<\/p>\n<\/li>\n<li>\n<p data-path-to-node=\"3,2,0\"><b data-path-to-node=\"3,2,0\" data-index-in-node=\"0\">Ch\u1ee9ng Nh\u1eadn Eco-cert:<\/b> 100% H\u1eefu C\u01a1, canh t\u00e1c b\u1ec1n v\u1eefng, kh\u00f4ng thu\u1ed1c tr\u1eeb s\u00e2u.<\/p>\n<\/li>\n<li>\n<p data-path-to-node=\"3,3,0\"><b data-path-to-node=\"3,3,0\" data-index-in-node=\"0\">Ti\u00eau Chu\u1ea9n ByNature:<\/b> Nguy\u00ean li\u1ec7u tinh khi\u1ebft, tr\u1ed3ng c\u00f3 tr\u00e1ch nhi\u1ec7m, b\u1ea1n c\u00f3 th\u1ec3 c\u1ea3m nh\u1eadn trong t\u1eebng t\u00e1ch tr\u00e0.<\/p>\n<\/li>\n<\/ul>\n","protected":false},"featured_media":13044,"template":"","meta":[],"pwb-brand":[301],"product_cat":[226,424],"product_tag":[],"class_list":{"0":"post-13072","1":"product","2":"type-product","3":"status-publish","4":"has-post-thumbnail","6":"pwb-brand-daquyn-the-queen-vi","7":"product_cat-do-uong","8":"product_cat-tra","10":"first","11":"instock","12":"shipping-taxable","13":"purchasable","14":"product-type-simple"},"acf":[],"brands":[{"id":301,"name":"Daquyn - The Queen","slug":"daquyn-the-queen-vi"}],"_links":{"self":[{"href":"https:\/\/bynature.vn\/vi\/wp-json\/wp\/v2\/product\/13072","targetHints":{"allow":["GET"]}}],"collection":[{"href":"https:\/\/bynature.vn\/vi\/wp-json\/wp\/v2\/product"}],"about":[{"href":"https:\/\/bynature.vn\/vi\/wp-json\/wp\/v2\/types\/product"}],"wp:featuredmedia":[{"embeddable":true,"href":"https:\/\/bynature.vn\/vi\/wp-json\/wp\/v2\/media\/13044"}],"wp:attachment":[{"href":"https:\/\/bynature.vn\/vi\/wp-json\/wp\/v2\/media?parent=13072"}],"wp:term":[{"taxonomy":"pwb-brand","embeddable":true,"href":"https:\/\/bynature.vn\/vi\/wp-json\/wp\/v2\/pwb-brand?post=13072"},{"taxonomy":"product_cat","embeddable":true,"href":"https:\/\/bynature.vn\/vi\/wp-json\/wp\/v2\/product_cat?post=13072"},{"taxonomy":"product_tag","embeddable":true,"href":"https:\/\/bynature.vn\/vi\/wp-json\/wp\/v2\/product_tag?post=13072"}],"curies":[{"name":"wp","href":"https:\/\/api.w.org\/{rel}","templated":true}]}}