{"id":13071,"date":"2026-01-24T10:57:42","date_gmt":"2026-01-24T03:57:42","guid":{"rendered":"https:\/\/bynature.vn\/product\/250g-dau-ha-lan\/"},"modified":"2026-01-24T10:57:42","modified_gmt":"2026-01-24T03:57:42","slug":"250g-dau-ha-lan","status":"publish","type":"product","link":"https:\/\/bynature.vn\/vi\/product\/250g-dau-ha-lan\/","title":{"rendered":"250g \u0110\u1eadu H\u00e0 Lan"},"content":{"rendered":"<h2 data-path-to-node=\"0\"><b data-path-to-node=\"0\" data-index-in-node=\"0\">\u0110\u1eadu H\u00e0 Lan Tr\u1ed3ng H\u1eefu C\u01a1: T\u01b0\u01a1i T\u1eeb N\u00f4ng Tr\u1ea1i &amp; Gi\u00f2n Ng\u1ecdt T\u1ef1 Nhi\u00ean<\/b><\/h2>\n<p data-path-to-node=\"1\">Tr\u1ea3i nghi\u1ec7m \u0111\u1ed9 gi\u00f2n v\u00e0 v\u1ecb ng\u1ecdt thanh c\u1ee7a nh\u1eefng h\u1ea1t \u0111\u1eadu cao c\u1ea5p \u0111\u01b0\u1ee3c tr\u1ed3ng b\u1eb1ng ph\u01b0\u01a1ng ph\u00e1p h\u1eefu c\u01a1. <b data-path-to-node=\"1\" data-index-in-node=\"70\">\u0110\u1eadu H\u00e0 Lan<\/b> c\u1ee7a ch\u00fang t\u00f4i \u0111\u01b0\u1ee3c thu ho\u1ea1ch \u0111\u00fang \u0111\u1ed9 ch\u00edn v\u00e0 chuy\u1ec3n th\u1eb3ng t\u1eeb n\u00f4ng tr\u1ea1i \u0111\u1ebfn tay b\u1ea1n. Kh\u00f4ng gi\u1ed1ng \u0111\u1eadu H\u00e0 Lan th\u00f4ng th\u01b0\u1eddng, lo\u1ea1i n\u00e0y c\u00f3 th\u1ec3 \u0103n c\u1ea3 v\u1ecf, mang \u0111\u1ebfn c\u1ea3m gi\u00e1c gi\u00f2n r\u1ee5m c\u00f9ng v\u1ecb ng\u1ecdt t\u1ef1 nhi\u00ean d\u1ec5 ch\u1ecbu.  <\/p>\n<h3 data-path-to-node=\"2\"><b data-path-to-node=\"2\" data-index-in-node=\"0\">V\u00ec Sao B\u1ea1n Y\u00eau Th\u00edch S\u1ea3n Ph\u1ea9m N\u00e0y<\/b><\/h3>\n<ul data-path-to-node=\"3\">\n<li>\n<p data-path-to-node=\"3,0,0\"><b data-path-to-node=\"3,0,0\" data-index-in-node=\"0\">T\u01b0\u01a1i Ngon T\u1eeb N\u00f4ng Tr\u1ea1i \u0110\u1ebfn B\u00e0n \u0102n:<\/b> Thu ho\u1ea1ch t\u1eeb \u0111\u1ea5t canh t\u00e1c h\u1eefu c\u01a1 v\u00e0 x\u1eed l\u00fd c\u1ea9n th\u1eadn \u0111\u1ec3 gi\u1eef tr\u1ecdn \u0111\u1ed9 t\u01b0\u01a1i v\u00e0 m\u00e0u s\u1eafc.<\/p>\n<\/li>\n<li>\n<p data-path-to-node=\"3,1,0\"><b data-path-to-node=\"3,1,0\" data-index-in-node=\"0\">100% H\u1eefu C\u01a1:<\/b> Tr\u1ed3ng kh\u00f4ng d\u00f9ng thu\u1ed1c tr\u1eeb s\u00e2u t\u1ed5ng h\u1ee3p hay ph\u00e2n b\u00f3n h\u00f3a h\u1ecdc. Ch\u1ec9 c\u00f3 ngu\u1ed3n dinh d\u01b0\u1ee1ng s\u1ea1ch v\u00e0 t\u1ef1 nhi\u00ean. <\/p>\n<\/li>\n<li>\n<p data-path-to-node=\"3,2,0\"><b data-path-to-node=\"3,2,0\" data-index-in-node=\"0\">Nguy\u00ean Li\u1ec7u \u0110a N\u0103ng Trong B\u1ebfp:<\/b> <span class=\"citation-94 citation-end-94\">Ph\u00f9 h\u1ee3p \u0111\u1ec3 \u0103n s\u1ed1ng, x\u00e0o nhanh, ho\u1eb7c th\u00eam \u0111\u1ed9 gi\u00f2n cho c\u00e1c m\u00f3n salad cu\u1ed1i tu\u1ea7n y\u00eau th\u00edch.<\/span><\/p>\n<div class=\"source-inline-chip-container ng-star-inserted\"><\/div>\n<\/li>\n<\/ul>\n<h3 data-path-to-node=\"4\"><b data-path-to-node=\"4\" data-index-in-node=\"0\">C\u00e1c \u0110\u1eb7c \u0110i\u1ec3m Dinh D\u01b0\u1ee1ng N\u1ed5i B\u1eadt<\/b><\/h3>\n<ul data-path-to-node=\"5\">\n<li>\n<p data-path-to-node=\"5,0,0\"><b data-path-to-node=\"5,0,0\" data-index-in-node=\"0\">T\u0103ng C\u01b0\u1eddng Mi\u1ec5n D\u1ecbch:<\/b> <span class=\"citation-93 citation-end-93\">Gi\u00e0u Vitamin C gi\u00fap c\u01a1 th\u1ec3 kh\u1ecfe m\u1ea1nh.<\/span><\/p>\n<\/li>\n<li>\n<p data-path-to-node=\"5,1,0\"><b data-path-to-node=\"5,1,0\" data-index-in-node=\"0\">T\u1ed1t Cho X\u01b0\u01a1ng:<\/b> <span class=\"citation-92 citation-end-92\">Ngu\u1ed3n cung c\u1ea5p Vitamin K tuy\u1ec7t v\u1eddi h\u1ed7 tr\u1ee3 x\u01b0\u01a1ng ch\u1eafc kho\u1ebb.<\/span><\/p>\n<\/li>\n<li>\n<p data-path-to-node=\"5,2,0\"><span class=\"citation-91\"><b data-path-to-node=\"5,2,0\" data-index-in-node=\"0\">H\u1ed7 Tr\u1ee3 Ti\u00eau Ho\u00e1:<\/b><\/span><span class=\"citation-91 citation-end-91\"> Ch\u1ee9a nhi\u1ec1u ch\u1ea5t x\u01a1 cho h\u1ec7 ti\u00eau h\u00f3a t\u1ed1t.<\/span><\/p>\n<\/li>\n<li>\n<p data-path-to-node=\"5,3,0\"><b data-path-to-node=\"5,3,0\" data-index-in-node=\"0\">\u00cdt Calo:<\/b> <span class=\"citation-90 citation-end-90\">M\u00f3n \u0103n nh\u1eb9 gi\u00e0u dinh d\u01b0\u1ee1ng, kh\u00f4ng lo t\u0103ng c\u00e2n.<\/span><\/p>\n<\/li>\n<\/ul>\n","protected":false},"excerpt":{"rendered":"<h3 data-path-to-node=\"0\"><b data-path-to-node=\"0\" data-index-in-node=\"0\">\u0110\u1eadu H\u00e0 Lan Tr\u1ed3ng H\u1eefu C\u01a1<\/b><\/h3>\n<p data-path-to-node=\"1\"><b data-path-to-node=\"1\" data-index-in-node=\"0\">Gi\u00f2n. Ng\u1ecdt. T\u1ef1 Nhi\u00ean.  <\/b><\/p>\n<p data-path-to-node=\"2\">Tr\u1ea3i nghi\u1ec7m m\u00f3n \u0103n nh\u1eb9 t\u01b0\u01a1i ngon t\u1eeb n\u00f4ng tr\u1ea1i \u0111\u1ebfn tay b\u1ea1n. \u0110\u1eadu h\u00e0 lan \u0111\u01b0\u1ee3c tr\u1ed3ng h\u1eefu c\u01a1 c\u1ee7a ch\u00fang t\u00f4i \u0111\u01b0\u1ee3c thu ho\u1ea1ch t\u01b0\u01a1i, mang \u0111\u1ebfn k\u1ebft c\u1ea5u gi\u00f2n v\u00e0 v\u1ecb ng\u1ecdt t\u1ef1 nhi\u00ean trong t\u1eebng mi\u1ebfng. Kh\u00f4ng c\u1ea7n t\u00e1ch v\u1ecf \u2014 ch\u1ec9 c\u1ea7n r\u1eeda s\u1ea1ch v\u00e0 th\u01b0\u1edfng th\u1ee9c.  <\/p>\n<ul data-path-to-node=\"3\">\n<li>\n<p data-path-to-node=\"3,0,0\"><b data-path-to-node=\"3,0,0\" data-index-in-node=\"0\">T\u01b0\u01a1i S\u1ea1ch:<\/b> Tr\u1ed3ng t\u1ef1 nhi\u00ean, kh\u00f4ng h\u00f3a ch\u1ea5t.<\/p>\n<\/li>\n<li>\n<p data-path-to-node=\"3,1,0\"><b data-path-to-node=\"3,1,0\" data-index-in-node=\"0\">Gi\u00e0u D\u01b0\u1ee1ng Ch\u1ea5t: <\/b>Cung c\u1ea5p ch\u1ea5t x\u01a1 v\u00e0 vitamin thi\u1ebft y\u1ebfu.<\/p>\n<\/li>\n<li>\n<p data-path-to-node=\"3,2,0\"><b data-path-to-node=\"3,2,0\" data-index-in-node=\"0\">D\u1ec5 Ch\u1ebf Bi\u1ebfn:<\/b> Ph\u00f9 h\u1ee3p \u0103n s\u1ed1ng, tr\u1ed9n salad ho\u1eb7c x\u00e0o nhanh.<\/p>\n<\/li>\n<\/ul>\n<p data-path-to-node=\"4\"><b data-path-to-node=\"4\" data-index-in-node=\"0\">\u0110\u1ed9 gi\u00f2n \u0111\u00edch th\u1ef1c m\u00e0 b\u1ea1n c\u00f3 th\u1ec3 c\u1ea3m nh\u1eadn ngay t\u1eeb l\u1ea7n \u0111\u1ea7u th\u01b0\u1edfng th\u1ee9c.<\/b><\/p>\n","protected":false},"featured_media":13058,"template":"","meta":[],"pwb-brand":[],"product_cat":[375,386,241,233],"product_tag":[],"class_list":{"0":"post-13071","1":"product","2":"type-product","3":"status-publish","4":"has-post-thumbnail","6":"product_cat-cac-loai-dau-hat","7":"product_cat-dau-hat-vi","8":"product_cat-rau-cu-qua","9":"product_cat-rau-cu-qua-trai-cay","11":"first","12":"out_of_season","13":"shipping-taxable","14":"product-type-simple"},"acf":[],"brands":[],"_links":{"self":[{"href":"https:\/\/bynature.vn\/vi\/wp-json\/wp\/v2\/product\/13071","targetHints":{"allow":["GET"]}}],"collection":[{"href":"https:\/\/bynature.vn\/vi\/wp-json\/wp\/v2\/product"}],"about":[{"href":"https:\/\/bynature.vn\/vi\/wp-json\/wp\/v2\/types\/product"}],"wp:featuredmedia":[{"embeddable":true,"href":"https:\/\/bynature.vn\/vi\/wp-json\/wp\/v2\/media\/13058"}],"wp:attachment":[{"href":"https:\/\/bynature.vn\/vi\/wp-json\/wp\/v2\/media?parent=13071"}],"wp:term":[{"taxonomy":"pwb-brand","embeddable":true,"href":"https:\/\/bynature.vn\/vi\/wp-json\/wp\/v2\/pwb-brand?post=13071"},{"taxonomy":"product_cat","embeddable":true,"href":"https:\/\/bynature.vn\/vi\/wp-json\/wp\/v2\/product_cat?post=13071"},{"taxonomy":"product_tag","embeddable":true,"href":"https:\/\/bynature.vn\/vi\/wp-json\/wp\/v2\/product_tag?post=13071"}],"curies":[{"name":"wp","href":"https:\/\/api.w.org\/{rel}","templated":true}]}}