{"id":12938,"date":"2024-11-28T09:17:09","date_gmt":"2024-11-28T02:17:09","guid":{"rendered":"https:\/\/bynature.vn\/product\/banh-mi-phap-khong-gluten-hop-2-cai\/"},"modified":"2024-11-28T09:17:09","modified_gmt":"2024-11-28T02:17:09","slug":"banh-mi-phap-khong-gluten-hop-2-cai","status":"publish","type":"product","link":"https:\/\/bynature.vn\/vi\/product\/banh-mi-phap-khong-gluten-hop-2-cai\/","title":{"rendered":"B\u00e1nh M\u00ec Ph\u00e1p Kh\u00f4ng Gluten (H\u1ed9p 2 c\u00e1i)"},"content":{"rendered":"<p>H\u00e3y kh\u00e1m ph\u00e1 h\u01b0\u01a1ng v\u1ecb tuy\u1ec7t v\u1eddi c\u1ee7a b\u00e1nh m\u00ec Ph\u00e1p kh\u00f4ng gluten. M\u1ed7i chi\u1ebfc baguette \u0111\u01b0\u1ee3c ch\u1ebf bi\u1ebfn t\u1ec9 m\u1ec9 \u0111\u1ec3 mang \u0111\u1ebfn l\u1edbp v\u1ecf gi\u00f2n v\u00e0 ru\u1ed9t m\u1ec1m, x\u1ed1p, ho\u00e0n to\u00e0n kh\u00f4ng ch\u1ee9a gluten. L\u00fd t\u01b0\u1edfng cho b\u00e1nh m\u00ec k\u1eb9p, ch\u1ea5m s\u1ed1t ho\u1eb7c th\u01b0\u1edfng th\u1ee9c tr\u1ef1c ti\u1ebfp, nh\u1eefng chi\u1ebfc baguette n\u00e0y mang \u0111\u1ebfn tr\u1ea3i nghi\u1ec7m ti\u1ec7m b\u00e1nh truy\u1ec1n th\u1ed1ng cho ch\u1ebf \u0111\u1ed9 \u0103n kh\u00f4ng gluten c\u1ee7a b\u1ea1n. Th\u01b0\u1edfng th\u1ee9c s\u1ef1 \u0111a n\u0103ng v\u00e0 h\u01b0\u01a1ng v\u1ecb th\u01a1m ngon c\u1ee7a b\u00e1nh baguette c\u1ed5 \u0111i\u1ec3n v\u1edbi nguy\u00ean li\u1ec7u kh\u00f4ng gluten. Ph\u00f9 h\u1ee3p cho m\u1ecdi b\u1eefa \u0103n ho\u1eb7c bu\u1ed5i t\u1ee5 h\u1ecdp! L\u01b0u \u00fd: B\u00e1nh \u0111\u01b0\u1ee3c s\u1ea3n xu\u1ea5t trong c\u01a1 s\u1edf x\u1eed l\u00fd b\u1ed9t m\u00ec, kh\u00f4ng ph\u00f9 h\u1ee3p cho nh\u1eefng ng\u01b0\u1eddi d\u1ecb \u1ee9ng n\u1eb7ng v\u1edbi gluten ho\u1eb7c m\u1eafc b\u1ec7nh celiac.     <\/p>\n<div class=\"flex max-w-full flex-col grow\">\n<div class=\"min-h-8 text-message relative flex w-full flex-col items-end gap-2 text-start break-words whitespace-normal [.text-message+&amp;]:mt-1\" dir=\"auto\" data-message-author-role=\"assistant\" data-message-id=\"df322662-6341-4d2a-b103-c22c4626be32\" data-message-model-slug=\"gpt-5-mini\">\n<div class=\"flex w-full flex-col gap-1 empty:hidden first:pt-[1px]\">\n<div class=\"markdown prose dark:prose-invert w-full break-words light markdown-new-styling\"><\/div>\n<\/div>\n<\/div>\n<\/div>\n<div class=\"border-token-border-light my-2 flex gap-10 border-t pt-4\">\n<div class=\"flex items-center justify-center overflow-hidden h-14 w-14 rounded-lg\"><\/div>\n<\/div>\n","protected":false},"excerpt":{"rendered":"<p>H\u00e3y th\u01b0\u1edfng th\u1ee9c h\u01b0\u01a1ng v\u1ecb tuy\u1ec7t h\u1ea3o c\u1ee7a b\u00e1nh m\u00ec Ph\u00e1p kh\u00f4ng gluten 2 c\u00e1i t\u1eeb Sharon Artisan Bakery. M\u1ed7i chi\u1ebfc baguette \u0111\u01b0\u1ee3c ch\u1ebf bi\u1ebfn tinh t\u1ebf \u0111\u1ec3 c\u00f3 l\u1edbp v\u1ecf gi\u00f2n ho\u00e0n h\u1ea3o v\u00e0 ru\u1ed9t m\u1ec1m, x\u1ed1p, mang \u0111\u1ebfn tr\u1ea3i nghi\u1ec7m b\u00e1nh tuy\u1ec7t v\u1eddi m\u00e0 kh\u00f4ng ch\u1ee9a gluten. D\u00f9 l\u00e0 l\u00e0m b\u00e1nh m\u00ec k\u1eb9p, k\u1ebft h\u1ee3p v\u1edbi s\u00fap y\u00eau th\u00edch, hay th\u01b0\u1edfng th\u1ee9c c\u00f9ng b\u01a1\/ph\u1ebft, nh\u1eefng chi\u1ebfc b\u00e1nh m\u00ec Ph\u00e1p n\u00e0y \u0111\u1ec1u \u0111a d\u1ee5ng v\u00e0 \u0111\u1ea7y h\u01b0\u01a1ng v\u1ecb.  <\/p>\n","protected":false},"featured_media":10636,"template":"","meta":[],"pwb-brand":[],"product_cat":[559,180],"product_tag":[],"class_list":{"0":"post-12938","1":"product","2":"type-product","3":"status-publish","4":"has-post-thumbnail","6":"product_cat-banh-mi-khong-glutent","7":"product_cat-banh-mi-banh-ngot","9":"first","10":"instock","11":"shipping-taxable","12":"purchasable","13":"product-type-simple"},"acf":[],"brands":[],"_links":{"self":[{"href":"https:\/\/bynature.vn\/vi\/wp-json\/wp\/v2\/product\/12938","targetHints":{"allow":["GET"]}}],"collection":[{"href":"https:\/\/bynature.vn\/vi\/wp-json\/wp\/v2\/product"}],"about":[{"href":"https:\/\/bynature.vn\/vi\/wp-json\/wp\/v2\/types\/product"}],"wp:featuredmedia":[{"embeddable":true,"href":"https:\/\/bynature.vn\/vi\/wp-json\/wp\/v2\/media\/10636"}],"wp:attachment":[{"href":"https:\/\/bynature.vn\/vi\/wp-json\/wp\/v2\/media?parent=12938"}],"wp:term":[{"taxonomy":"pwb-brand","embeddable":true,"href":"https:\/\/bynature.vn\/vi\/wp-json\/wp\/v2\/pwb-brand?post=12938"},{"taxonomy":"product_cat","embeddable":true,"href":"https:\/\/bynature.vn\/vi\/wp-json\/wp\/v2\/product_cat?post=12938"},{"taxonomy":"product_tag","embeddable":true,"href":"https:\/\/bynature.vn\/vi\/wp-json\/wp\/v2\/product_tag?post=12938"}],"curies":[{"name":"wp","href":"https:\/\/api.w.org\/{rel}","templated":true}]}}