{"id":12936,"date":"2024-12-02T07:47:47","date_gmt":"2024-12-02T00:47:47","guid":{"rendered":"https:\/\/bynature.vn\/product\/banh-muffin-chuoi-khong-gluten-hop-5-cai\/"},"modified":"2024-12-02T07:47:47","modified_gmt":"2024-12-02T00:47:47","slug":"banh-muffin-chuoi-khong-gluten-hop-5-cai","status":"publish","type":"product","link":"https:\/\/bynature.vn\/vi\/product\/banh-muffin-chuoi-khong-gluten-hop-5-cai\/","title":{"rendered":"B\u00e1nh Muffin Chu\u1ed1i Kh\u00f4ng Gluten (H\u1ed9p 5 c\u00e1i)"},"content":{"rendered":"<p>H\u00e3y th\u01b0\u1edfng th\u1ee9c v\u1ecb m\u01b0\u1ee3t m\u00e0 v\u00e0 \u0111\u1ea7y h\u01b0\u01a1ng v\u1ecb c\u1ee7a b\u00e1nh muffin chu\u1ed1i kh\u00f4ng gluten t\u1eeb Sharon Artisan Bakery. Nh\u1eefng chi\u1ebfc muffin n\u00e0y \u0111\u01b0\u1ee3c l\u00e0m t\u1eeb chu\u1ed1i ch\u00edn m\u1ecdng v\u00e0 nguy\u00ean li\u1ec7u kh\u00f4ng gluten ch\u1ea5t l\u01b0\u1ee3ng, mang \u0111\u1ebfn s\u1ef1 c\u00e2n b\u1eb1ng ho\u00e0n h\u1ea3o gi\u1eefa \u0111\u1ed9 ng\u1ecdt v\u00e0 k\u1ebft c\u1ea5u trong t\u1eebng mi\u1ebfng. L\u00fd t\u01b0\u1edfng cho b\u1eefa s\u00e1ng, b\u1eefa x\u1ebf ho\u1eb7c m\u00f3n ng\u1ecdt b\u1ea5t c\u1ee9 l\u00fac n\u00e0o, nh\u1eefng chi\u1ebfc muffin n\u00e0y l\u00e0 c\u00e1ch th\u01b0\u1edfng th\u1ee9c h\u01b0\u01a1ng v\u1ecb b\u00e1nh chu\u1ed1i truy\u1ec1n th\u1ed1ng m\u00e0 kh\u00f4ng ch\u1ee9a gluten. T\u1eadn h\u01b0\u1edfng ch\u1ea5t l\u01b0\u1ee3ng t\u1ef1 l\u00e0m v\u00e0 d\u1ea5u \u1ea5n th\u1ee7 c\u00f4ng, khi\u1ebfn m\u1ed7i chi\u1ebfc muffin tr\u1edf th\u00e0nh m\u1ed9t m\u00f3n qu\u00e0 \u0111\u1eb7c bi\u1ec7t! L\u01b0u \u00fd: B\u00e1nh \u0111\u01b0\u1ee3c s\u1ea3n xu\u1ea5t trong c\u01a1 s\u1edf x\u1eed l\u00fd b\u1ed9t m\u00ec, kh\u00f4ng ph\u00f9 h\u1ee3p cho nh\u1eefng ng\u01b0\u1eddi d\u1ecb \u1ee9ng n\u1eb7ng v\u1edbi gluten ho\u1eb7c m\u1eafc b\u1ec7nh celiac.    <\/p>\n","protected":false},"excerpt":{"rendered":"<p>H\u00e3y th\u01b0\u1edfng th\u1ee9c v\u1ecb ngon t\u1ef1 nhi\u00ean \u0111\u1ea7y dinh d\u01b0\u1ee1ng c\u1ee7a b\u00e1nh muffin chu\u1ed1i kh\u00f4ng gluten t\u1eeb Sharon Artisan Bakery. \u0110\u1ea7y v\u1ecb ng\u1ecdt t\u1ef1 nhi\u00ean t\u1eeb chu\u1ed1i ch\u00edn, nh\u1eefng chi\u1ebfc muffin n\u00e0y \u0111\u01b0\u1ee3c ch\u1ebf bi\u1ebfn tinh t\u1ebf \u0111\u1ec3 mang \u0111\u1ebfn k\u1ebft c\u1ea5u m\u1ec1m m\u1ea1i, \u1ea9m m\u1ecbn m\u00e0 kh\u00f4ng ch\u1ee9a gluten. L\u00fd t\u01b0\u1edfng cho b\u1eefa s\u00e1ng, b\u1eefa x\u1ebf ho\u1eb7c m\u00f3n ng\u1ecdt b\u1ea5t c\u1ee9 l\u00fac n\u00e0o.  <\/p>\n<article class=\"text-token-text-primary w-full focus:outline-none [--shadow-height:45px] has-data-writing-block:pointer-events-none has-data-writing-block:-mt-(--shadow-height) has-data-writing-block:pt-(--shadow-height) [&amp;:has([data-writing-block])&gt;*]:pointer-events-auto scroll-mt-[calc(var(--header-height)+min(200px,max(70px,20svh)))]\" dir=\"auto\" tabindex=\"-1\" data-turn-id=\"request-692dccee-e2bc-8322-ab85-41eb5606d189-74\" data-testid=\"conversation-turn-210\" data-scroll-anchor=\"true\" data-turn=\"assistant\">\n<div class=\"text-base my-auto mx-auto pb-10 [--thread-content-margin:--spacing(4)] thread-sm:[--thread-content-margin:--spacing(6)] thread-lg:[--thread-content-margin:--spacing(16)] px-(--thread-content-margin)\">\n<div class=\"[--thread-content-max-width:40rem] thread-lg:[--thread-content-max-width:48rem] mx-auto max-w-(--thread-content-max-width) flex-1 group\/turn-messages focus-visible:outline-hidden relative flex w-full min-w-0 flex-col agent-turn\" tabindex=\"-1\">\n<div class=\"flex max-w-full flex-col grow\">\n<div class=\"min-h-8 text-message relative flex w-full flex-col items-end gap-2 text-start break-words whitespace-normal [.text-message+&amp;]:mt-1\" dir=\"auto\" data-message-author-role=\"assistant\" data-message-id=\"af744845-6a5a-4c9c-b7cd-a24b0114ea90\" data-message-model-slug=\"gpt-5-mini\">\n<div class=\"flex w-full flex-col gap-1 empty:hidden first:pt-[1px]\">\n<div class=\"markdown prose dark:prose-invert w-full break-words light markdown-new-styling\"><\/div>\n<\/div>\n<\/div>\n<\/div>\n<\/div>\n<\/div>\n<\/article>\n","protected":false},"featured_media":10639,"template":"","meta":[],"pwb-brand":[],"product_cat":[178],"product_tag":[],"class_list":{"0":"post-12936","1":"product","2":"type-product","3":"status-publish","4":"has-post-thumbnail","6":"product_cat-uncategorized-vi","8":"first","9":"instock","10":"shipping-taxable","11":"purchasable","12":"product-type-simple"},"acf":[],"brands":[],"_links":{"self":[{"href":"https:\/\/bynature.vn\/vi\/wp-json\/wp\/v2\/product\/12936","targetHints":{"allow":["GET"]}}],"collection":[{"href":"https:\/\/bynature.vn\/vi\/wp-json\/wp\/v2\/product"}],"about":[{"href":"https:\/\/bynature.vn\/vi\/wp-json\/wp\/v2\/types\/product"}],"wp:featuredmedia":[{"embeddable":true,"href":"https:\/\/bynature.vn\/vi\/wp-json\/wp\/v2\/media\/10639"}],"wp:attachment":[{"href":"https:\/\/bynature.vn\/vi\/wp-json\/wp\/v2\/media?parent=12936"}],"wp:term":[{"taxonomy":"pwb-brand","embeddable":true,"href":"https:\/\/bynature.vn\/vi\/wp-json\/wp\/v2\/pwb-brand?post=12936"},{"taxonomy":"product_cat","embeddable":true,"href":"https:\/\/bynature.vn\/vi\/wp-json\/wp\/v2\/product_cat?post=12936"},{"taxonomy":"product_tag","embeddable":true,"href":"https:\/\/bynature.vn\/vi\/wp-json\/wp\/v2\/product_tag?post=12936"}],"curies":[{"name":"wp","href":"https:\/\/api.w.org\/{rel}","templated":true}]}}