{"id":12935,"date":"2024-12-12T09:19:12","date_gmt":"2024-12-12T02:19:12","guid":{"rendered":"https:\/\/bynature.vn\/product\/tinh-dau-go-tuyet-tung-nguyen-chat-30ml\/"},"modified":"2024-12-12T09:19:12","modified_gmt":"2024-12-12T02:19:12","slug":"tinh-dau-go-tuyet-tung-nguyen-chat-30ml","status":"publish","type":"product","link":"https:\/\/bynature.vn\/vi\/product\/tinh-dau-go-tuyet-tung-nguyen-chat-30ml\/","title":{"rendered":"Tinh D\u1ea7u G\u1ed7 Tuy\u1ebft T\u00f9ng Nguy\u00ean Ch\u1ea5t 30ml"},"content":{"rendered":"<p style=\"padding-left: 40px;\">Tinh d\u1ea7u g\u1ed7 tuy\u1ebft t\u00f9ng nguy\u00ean ch\u1ea5t 30ml c\u1ee7a ch\u00fang t\u00f4i v\u1edbi t\u00e1c d\u1ee5ng th\u01b0 gi\u00e3n v\u00e0 c\u00e2n b\u1eb1ng tinh th\u1ea7n, tinh d\u1ea7u g\u1ed7 tuy\u1ebft t\u00f9ng l\u00fd t\u01b0\u1edfng \u0111\u1ec3 gi\u1ea3m c\u0103ng th\u1eb3ng v\u00e0 mang l\u1ea1i s\u1ef1 th\u01b0 th\u00e1i. H\u01b0\u01a1ng g\u1ed7 \u1ea5m \u00e1p c\u00f2n gi\u00fap t\u0103ng c\u01b0\u1eddng t\u1eadp trung v\u00e0 minh m\u1eabn tinh th\u1ea7n. S\u1eed d\u1ee5ng trong m\u00e1y khu\u1ebfch t\u00e1n tinh d\u1ea7u \u0111\u1ec3 thanh l\u1ecdc kh\u00f4ng kh\u00ed, ho\u1eb7c pha lo\u00e3ng v\u1edbi d\u1ea7u n\u1ec1n cho massage th\u01b0 gi\u00e3n. L\u00fd t\u01b0\u1edfng cho ch\u0103m s\u00f3c da v\u00e0 t\u00f3c, tinh d\u1ea7u g\u1ed7 tuy\u1ebft t\u00f9ng gi\u00fap c\u00e2n b\u1eb1ng da d\u1ea7u v\u00e0 c\u1ee7ng c\u1ed1 nang t\u00f3c, mang l\u1ea1i l\u00e0n da v\u00e0 m\u00e1i t\u00f3c kh\u1ecfe m\u1ea1nh m\u1ed9t c\u00e1ch t\u1ef1 nhi\u00ean.   <\/p>\n<div class=\"z-0 flex min-h-[46px] justify-start\"><\/div>\n<div class=\"border-token-border-light my-2 flex gap-10 border-t pt-4\">\n<div class=\"flex items-center justify-center overflow-hidden h-14 w-14 rounded-lg\"><\/div>\n<\/div>\n","protected":false},"excerpt":{"rendered":"<p>Tinh d\u1ea7u g\u1ed7 tuy\u1ebft t\u00f9ng nguy\u00ean ch\u1ea5t s\u1eb5n s\u00e0ng n\u00e2ng t\u1ea7m ch\u1ebf \u0111\u1ed9 ch\u0103m s\u00f3c s\u1ee9c kh\u1ecfe c\u1ee7a b\u1ea1n, lo\u1ea1i d\u1ea7u \u0111a n\u0103ng n\u00e0y mang \u0111\u1ebfn nhi\u1ec1u l\u1ee3i \u00edch tuy\u1ec7t v\u1eddi. <\/p>\n<p>\u2728Th\u01b0 gi\u00e3n tinh th\u1ea7n v\u00e0 t\u0103ng t\u1eadp trung v\u1edbi h\u01b0\u01a1ng th\u01a1m d\u1ecbu nh\u1eb9<br \/>\n\u2728L\u00fd t\u01b0\u1edfng cho li\u1ec7u ph\u00e1p h\u01b0\u01a1ng th\u01a1m, massage v\u00e0 ch\u0103m s\u00f3c da<br \/>\n\u2728Ch\u1ecdn dung t\u00edch y\u00eau th\u00edch v\u00e0 t\u1eadn h\u01b0\u1edfng gi\u00e1 tr\u1ecb t\u1ef1 nhi\u00ean<\/p>\n<p data-start=\"159\" data-end=\"353\" data-is-last-node=\"\" data-is-only-node=\"\">\n","protected":false},"featured_media":10704,"template":"","meta":[],"pwb-brand":[288],"product_cat":[202,185,203],"product_tag":[],"class_list":{"0":"post-12935","1":"product","2":"type-product","3":"status-publish","4":"has-post-thumbnail","6":"pwb-brand-bynature-vi","7":"product_cat-lieu-phap-tinh-dau","8":"product_cat-suc-khoe-lam-dep","9":"product_cat-tinh-dau","11":"first","12":"instock","13":"shipping-taxable","14":"purchasable","15":"product-type-simple"},"acf":[],"brands":[{"id":288,"name":"ByNature","slug":"bynature-vi"}],"_links":{"self":[{"href":"https:\/\/bynature.vn\/vi\/wp-json\/wp\/v2\/product\/12935","targetHints":{"allow":["GET"]}}],"collection":[{"href":"https:\/\/bynature.vn\/vi\/wp-json\/wp\/v2\/product"}],"about":[{"href":"https:\/\/bynature.vn\/vi\/wp-json\/wp\/v2\/types\/product"}],"wp:featuredmedia":[{"embeddable":true,"href":"https:\/\/bynature.vn\/vi\/wp-json\/wp\/v2\/media\/10704"}],"wp:attachment":[{"href":"https:\/\/bynature.vn\/vi\/wp-json\/wp\/v2\/media?parent=12935"}],"wp:term":[{"taxonomy":"pwb-brand","embeddable":true,"href":"https:\/\/bynature.vn\/vi\/wp-json\/wp\/v2\/pwb-brand?post=12935"},{"taxonomy":"product_cat","embeddable":true,"href":"https:\/\/bynature.vn\/vi\/wp-json\/wp\/v2\/product_cat?post=12935"},{"taxonomy":"product_tag","embeddable":true,"href":"https:\/\/bynature.vn\/vi\/wp-json\/wp\/v2\/product_tag?post=12935"}],"curies":[{"name":"wp","href":"https:\/\/api.w.org\/{rel}","templated":true}]}}