{"id":12934,"date":"2024-12-12T09:31:31","date_gmt":"2024-12-12T02:31:31","guid":{"rendered":"https:\/\/bynature.vn\/product\/tinh-dau-go-tuyet-tung-nguyen-chat-10ml\/"},"modified":"2024-12-12T09:31:31","modified_gmt":"2024-12-12T02:31:31","slug":"tinh-dau-go-tuyet-tung-nguyen-chat-10ml","status":"publish","type":"product","link":"https:\/\/bynature.vn\/vi\/product\/tinh-dau-go-tuyet-tung-nguyen-chat-10ml\/","title":{"rendered":"Tinh D\u1ea7u G\u1ed7 Tuy\u1ebft T\u00f9ng Nguy\u00ean Ch\u1ea5t 10ml"},"content":{"rendered":"<p>H\u00e3y t\u1eadn h\u01b0\u1edfng l\u1ed1i s\u1ed1ng t\u1ef1 nhi\u00ean v\u1edbi tinh d\u1ea7u g\u1ed7 tuy\u1ebft t\u00f9ng nguy\u00ean ch\u1ea5t, \u0111\u01b0\u1ee3c \u0111\u00f3ng trong l\u1ecd 10ml ti\u1ec7n l\u1ee3i. Tinh d\u1ea7u n\u00e0y n\u1ed5i ti\u1ebfng v\u1edbi t\u00e1c d\u1ee5ng th\u01b0 gi\u00e3n v\u00e0 c\u00e2n b\u1eb1ng tinh th\u1ea7n, l\u00e0 s\u1ea3n ph\u1ea9m kh\u00f4ng th\u1ec3 thi\u1ebfu trong ch\u1ebf \u0111\u1ed9 ch\u0103m s\u00f3c s\u1ee9c kh\u1ecfe c\u1ee7a b\u1ea1n. V\u1edbi h\u01b0\u01a1ng g\u1ed7 \u0111\u1eadm \u0111\u00e0, tinh d\u1ea7u g\u1ed7 tuy\u1ebft t\u00f9ng gi\u00fap gi\u1ea3m c\u0103ng th\u1eb3ng v\u00e0 n\u00e2ng cao s\u1ef1 t\u1eadp trung. L\u00fd t\u01b0\u1edfng cho li\u1ec7u ph\u00e1p h\u01b0\u01a1ng th\u01a1m, thanh l\u1ecdc kh\u00f4ng kh\u00ed v\u00e0 t\u1ea1o m\u00f4i tr\u01b0\u1eddng y\u00ean b\u00ecnh. S\u1eed d\u1ee5ng trong quy tr\u00ecnh ch\u0103m s\u00f3c da \u0111\u1ec3 c\u00e2n b\u1eb1ng da d\u1ea7u v\u00e0 t\u0103ng c\u01b0\u1eddng s\u1ee9c kh\u1ecfe t\u00f3c. K\u1ebft h\u1ee3p tinh d\u1ea7u g\u1ed7 tuy\u1ebft t\u00f9ng v\u00e0o cu\u1ed9c s\u1ed1ng h\u00e0ng ng\u00e0y \u0111\u1ec3 t\u1eadn h\u01b0\u1edfng con \u0111\u01b0\u1eddng t\u1ef1 nhi\u00ean h\u01b0\u1edbng \u0111\u1ebfn th\u01b0 gi\u00e3n v\u00e0 t\u00e1i t\u1ea1o n\u0103ng l\u01b0\u1ee3ng.     <\/p>\n","protected":false},"excerpt":{"rendered":"<p>Tinh d\u1ea7u g\u1ed7 tuy\u1ebft t\u00f9ng nguy\u00ean ch\u1ea5t \u2013 l\u00fd t\u01b0\u1edfng cho massage, li\u1ec7u ph\u00e1p h\u01b0\u01a1ng th\u01a1m v\u00e0 ch\u0103m s\u00f3c da.<\/p>\n<div class=\"flex max-w-full flex-col grow\">\n<div class=\"min-h-8 text-message relative flex w-full flex-col items-end gap-2 text-start break-words whitespace-normal [.text-message+&amp;]:mt-1\" dir=\"auto\" data-message-author-role=\"assistant\" data-message-id=\"54e566c8-47f5-43df-a698-b2aeb41ea7b8\" data-message-model-slug=\"gpt-5-mini\">\n<div class=\"flex w-full flex-col gap-1 empty:hidden first:pt-[1px]\">\n<div class=\"markdown prose dark:prose-invert w-full break-words light markdown-new-styling\"><\/div>\n<\/div>\n<\/div>\n<\/div>\n<div class=\"border-token-border-light my-2 flex gap-10 border-t pt-4\">\n<div class=\"flex items-center justify-center overflow-hidden h-14 w-14 rounded-lg\"><\/div>\n<\/div>\n<p>&nbsp;<\/p>\n","protected":false},"featured_media":10702,"template":"","meta":[],"pwb-brand":[288],"product_cat":[202,185,203],"product_tag":[],"class_list":{"0":"post-12934","1":"product","2":"type-product","3":"status-publish","4":"has-post-thumbnail","6":"pwb-brand-bynature-vi","7":"product_cat-lieu-phap-tinh-dau","8":"product_cat-suc-khoe-lam-dep","9":"product_cat-tinh-dau","11":"first","12":"instock","13":"shipping-taxable","14":"purchasable","15":"product-type-simple"},"acf":[],"brands":[{"id":288,"name":"ByNature","slug":"bynature-vi"}],"_links":{"self":[{"href":"https:\/\/bynature.vn\/vi\/wp-json\/wp\/v2\/product\/12934","targetHints":{"allow":["GET"]}}],"collection":[{"href":"https:\/\/bynature.vn\/vi\/wp-json\/wp\/v2\/product"}],"about":[{"href":"https:\/\/bynature.vn\/vi\/wp-json\/wp\/v2\/types\/product"}],"wp:featuredmedia":[{"embeddable":true,"href":"https:\/\/bynature.vn\/vi\/wp-json\/wp\/v2\/media\/10702"}],"wp:attachment":[{"href":"https:\/\/bynature.vn\/vi\/wp-json\/wp\/v2\/media?parent=12934"}],"wp:term":[{"taxonomy":"pwb-brand","embeddable":true,"href":"https:\/\/bynature.vn\/vi\/wp-json\/wp\/v2\/pwb-brand?post=12934"},{"taxonomy":"product_cat","embeddable":true,"href":"https:\/\/bynature.vn\/vi\/wp-json\/wp\/v2\/product_cat?post=12934"},{"taxonomy":"product_tag","embeddable":true,"href":"https:\/\/bynature.vn\/vi\/wp-json\/wp\/v2\/product_tag?post=12934"}],"curies":[{"name":"wp","href":"https:\/\/api.w.org\/{rel}","templated":true}]}}