{"id":12933,"date":"2024-12-22T13:36:59","date_gmt":"2024-12-22T06:36:59","guid":{"rendered":"https:\/\/bynature.vn\/product\/fizz-soda-qua-rung-very-berry\/"},"modified":"2024-12-22T13:36:59","modified_gmt":"2024-12-22T06:36:59","slug":"fizz-soda-qua-rung-very-berry","status":"publish","type":"product","link":"https:\/\/bynature.vn\/vi\/product\/fizz-soda-qua-rung-very-berry\/","title":{"rendered":"Fizz Soda Qu\u1ea3 R\u1eebng Very Berry"},"content":{"rendered":"<p>Fizz Soda Qu\u1ea3 R\u1eebng Very Berry \u2013 b\u00f9ng n\u1ed5 h\u01b0\u01a1ng v\u1ecb qu\u1ea3 r\u1eebng t\u01b0\u01a1i m\u00e1t trong t\u1eebng ng\u1ee5m! \u0110\u01b0\u1ee3c ch\u1ebf bi\u1ebfn t\u1ec9 m\u1ec9, Fizz Soda k\u1ebft h\u1ee3p nguy\u00ean li\u1ec7u \u0111\u1ecba ph\u01b0\u01a1ng t\u01b0\u01a1i ngon, mang \u0111\u1ebfn h\u01b0\u01a1ng v\u1ecb t\u01b0\u01a1i m\u1edbi nh\u1ea5t. Th\u01b0\u1edfng th\u1ee9c v\u1ecb chua ng\u1ecdt c\u1ee7a qu\u1ea3 ch\u00edn v\u00e0 hoa Hibiscus c\u00f9ng \u0111\u1ed9 s\u1ee7i t\u0103m ho\u00e0n h\u1ea3o, \u0111\u1ed3ng th\u1eddi \u00edt \u0111\u01b0\u1eddng h\u01a1n. H\u00e3y nh\u1ea5p m\u1ed9t ng\u1ee5m, t\u1eadn h\u01b0\u1edfng v\u00e0 tr\u1ea3i nghi\u1ec7m h\u01b0\u01a1ng v\u1ecb Very Berry th\u1eadt s\u1ef1!    <\/p>\n<article class=\"text-token-text-primary w-full focus:outline-none [--shadow-height:45px] has-data-writing-block:pointer-events-none has-data-writing-block:-mt-(--shadow-height) has-data-writing-block:pt-(--shadow-height) [&amp;:has([data-writing-block])&gt;*]:pointer-events-auto scroll-mt-[calc(var(--header-height)+min(200px,max(70px,20svh)))]\" dir=\"auto\" tabindex=\"-1\" data-turn-id=\"request-692dccee-e2bc-8322-ab85-41eb5606d189-63\" data-testid=\"conversation-turn-188\" data-scroll-anchor=\"true\" data-turn=\"assistant\">\n<div class=\"text-base my-auto mx-auto pb-10 [--thread-content-margin:--spacing(4)] thread-sm:[--thread-content-margin:--spacing(6)] thread-lg:[--thread-content-margin:--spacing(16)] px-(--thread-content-margin)\">\n<div class=\"[--thread-content-max-width:40rem] thread-lg:[--thread-content-max-width:48rem] mx-auto max-w-(--thread-content-max-width) flex-1 group\/turn-messages focus-visible:outline-hidden relative flex w-full min-w-0 flex-col agent-turn\" tabindex=\"-1\">\n<div class=\"mt-3 w-full empty:hidden\">\n<div class=\"text-center\"><\/div>\n<\/div>\n<\/div>\n<\/div>\n<\/article>\n<div class=\"pointer-events-none h-px w-px\" aria-hidden=\"true\" data-edge=\"true\"><\/div>\n","protected":false},"excerpt":{"rendered":"<div>H\u1ed7n h\u1ee3p c\u00e1c lo\u1ea1i qu\u1ea3 m\u1ecdng ng\u1ecdt v\u00e0 hoa Hibiscus chua nh\u1eb9 \u0111\u01b0\u1ee3c pha tr\u1ed9n \u0111\u1ec3 t\u1ea1o ra m\u1ed9t lo\u1ea1i soda s\u00f4i \u0111\u1ed9ng, mang h\u01b0\u01a1ng v\u1ecb c\u1ee7a m\u00f9a h\u00e8 trong t\u1eebng ng\u1ee5m s\u1ee7i b\u1ecdt.<\/div>\n<div>\n<p dir=\"ltr\">Soda \u0111\u01b0\u1ee3c s\u1ea3n xu\u1ea5t th\u1ee7 c\u00f4ng theo t\u1eebng m\u1ebb nh\u1ecf, s\u1eed d\u1ee5ng nguy\u00ean li\u1ec7u \u0111\u1ecba ph\u01b0\u01a1ng t\u01b0\u01a1i ngon v\u00e0 \u00edt \u0111\u01b0\u1eddng, ngay t\u1ea1i Th\u00e0nh ph\u1ed1 H\u1ed3 Ch\u00ed Minh.<\/p>\n<p dir=\"ltr\">D\u00f9ng ngon nh\u1ea5t khi \u01b0\u1edbp l\u1ea1nh v\u00e0 l\u1eafc nh\u1eb9 tr\u01b0\u1edbc khi u\u1ed1ng v\u00ec s\u1ea3n ph\u1ea9m c\u00f3 th\u1ec3 b\u1ecb t\u00e1ch l\u1edbp t\u1ef1 nhi\u00ean. <span id=\"gmail-docs-internal-guid-90d9057b-7fff-2bc0-bca1-ddcedec0d3f1\">M\u1ed7i ng\u1ee5m l\u00e0 s\u1ef1 h\u00f2a quy\u1ec7n t\u01b0\u01a1i m\u1edbi c\u1ee7a qu\u1ea3 m\u1ecdng ng\u1ecdt v\u00e0 hoa Hibiscus chua nh\u1eb9. <\/span>H\u00e3y th\u01b0\u1edfng th\u1ee9c!<\/p>\n<article class=\"text-token-text-primary w-full focus:outline-none [--shadow-height:45px] has-data-writing-block:pointer-events-none has-data-writing-block:-mt-(--shadow-height) has-data-writing-block:pt-(--shadow-height) [&amp;:has([data-writing-block])&gt;*]:pointer-events-auto scroll-mt-[calc(var(--header-height)+min(200px,max(70px,20svh)))]\" dir=\"auto\" tabindex=\"-1\" data-turn-id=\"request-692dccee-e2bc-8322-ab85-41eb5606d189-64\" data-testid=\"conversation-turn-190\" data-scroll-anchor=\"true\" data-turn=\"assistant\">\n<div class=\"text-base my-auto mx-auto pb-10 [--thread-content-margin:--spacing(4)] thread-sm:[--thread-content-margin:--spacing(6)] thread-lg:[--thread-content-margin:--spacing(16)] px-(--thread-content-margin)\">\n<div class=\"[--thread-content-max-width:40rem] thread-lg:[--thread-content-max-width:48rem] mx-auto max-w-(--thread-content-max-width) flex-1 group\/turn-messages focus-visible:outline-hidden relative flex w-full min-w-0 flex-col agent-turn\" tabindex=\"-1\">\n<div class=\"flex max-w-full flex-col grow\">\n<div class=\"min-h-8 text-message relative flex w-full flex-col items-end gap-2 text-start break-words whitespace-normal [.text-message+&amp;]:mt-1\" dir=\"auto\" data-message-author-role=\"assistant\" data-message-id=\"62849710-fc7c-4450-8afd-bd51eec785c1\" data-message-model-slug=\"gpt-5-mini\">\n<div class=\"flex w-full flex-col gap-1 empty:hidden first:pt-[1px]\">\n<div class=\"markdown prose dark:prose-invert w-full break-words light markdown-new-styling\"><\/div>\n<\/div>\n<\/div>\n<\/div>\n<\/div>\n<\/div>\n<\/article>\n<\/div>\n","protected":false},"featured_media":10835,"template":"","meta":[],"pwb-brand":[],"product_cat":[226,228],"product_tag":[],"class_list":{"0":"post-12933","1":"product","2":"type-product","3":"status-publish","4":"has-post-thumbnail","6":"product_cat-do-uong","7":"product_cat-soda-vi","9":"first","10":"instock","11":"shipping-taxable","12":"purchasable","13":"product-type-simple"},"acf":[],"brands":[],"_links":{"self":[{"href":"https:\/\/bynature.vn\/vi\/wp-json\/wp\/v2\/product\/12933","targetHints":{"allow":["GET"]}}],"collection":[{"href":"https:\/\/bynature.vn\/vi\/wp-json\/wp\/v2\/product"}],"about":[{"href":"https:\/\/bynature.vn\/vi\/wp-json\/wp\/v2\/types\/product"}],"wp:featuredmedia":[{"embeddable":true,"href":"https:\/\/bynature.vn\/vi\/wp-json\/wp\/v2\/media\/10835"}],"wp:attachment":[{"href":"https:\/\/bynature.vn\/vi\/wp-json\/wp\/v2\/media?parent=12933"}],"wp:term":[{"taxonomy":"pwb-brand","embeddable":true,"href":"https:\/\/bynature.vn\/vi\/wp-json\/wp\/v2\/pwb-brand?post=12933"},{"taxonomy":"product_cat","embeddable":true,"href":"https:\/\/bynature.vn\/vi\/wp-json\/wp\/v2\/product_cat?post=12933"},{"taxonomy":"product_tag","embeddable":true,"href":"https:\/\/bynature.vn\/vi\/wp-json\/wp\/v2\/product_tag?post=12933"}],"curies":[{"name":"wp","href":"https:\/\/api.w.org\/{rel}","templated":true}]}}