{"id":12931,"date":"2025-02-03T14:16:32","date_gmt":"2025-02-03T07:16:32","guid":{"rendered":"https:\/\/bynature.vn\/product\/ly-kem-socola-trang-60g\/"},"modified":"2025-02-03T14:16:32","modified_gmt":"2025-02-03T07:16:32","slug":"ly-kem-socola-trang-60g","status":"publish","type":"product","link":"https:\/\/bynature.vn\/vi\/product\/ly-kem-socola-trang-60g\/","title":{"rendered":"Ly Kem Socola Tr\u1eafng 60g"},"content":{"rendered":"<p>H\u00e3y th\u01b0\u1edfng th\u1ee9c ly kem socola tr\u1eafng \u00d8sterberg v\u1edbi h\u01b0\u01a1ng v\u1ecb tinh t\u1ebf, b\u00e9o m\u1ecbn v\u00e0 \u0111\u1ea7y th\u1ecfa m\u00e3n, ho\u00e0n h\u1ea3o cho m\u1ecdi d\u1ecbp. \u0110\u01b0\u1ee3c l\u00e0m t\u1eeb socola tr\u1eafng cao c\u1ea5p v\u1edbi v\u1ecb ng\u1ecdt nh\u1eb9 nh\u00e0ng, m\u00f3n kem m\u1ecbn n\u00e0y mang \u0111\u1ebfn tr\u1ea3i nghi\u1ec7m h\u01b0\u01a1ng v\u1ecb sang tr\u1ecdng tan ngay trong mi\u1ec7ng. M\u1ed7i th\u00eca kem l\u00e0 v\u1ecb ngon \u0111\u1eadm \u0111\u00e0, tinh t\u1ebf, d\u00e0nh cho nh\u1eefng ai y\u00eau th\u00edch s\u1ef1 thanh l\u1ecbch c\u1ee7a socola tr\u1eafng. D\u00f9 \u0111ang \u0103n m\u1eebng kho\u1ea3nh kh\u1eafc \u0111\u1eb7c bi\u1ec7t hay t\u1ef1 th\u01b0\u1edfng cho b\u1ea3n th\u00e2n, kem socola tr\u1eafng c\u1ee7a ch\u00fang t\u00f4i ch\u1eafc ch\u1eafn s\u1ebd l\u00e0m h\u00e0i l\u00f2ng v\u1ecb gi\u00e1c v\u00e0 khi\u1ebfn b\u1ea1n mu\u1ed1n th\u01b0\u1edfng th\u1ee9c th\u00eam.   <\/p>\n","protected":false},"excerpt":{"rendered":"<p class=\"p1\">Kem socola tr\u1eafng: kem m\u1ecbn v\u1edbi v\u1ecb ng\u1ecdt nh\u1eb9 nh\u00e0ng t\u1eeb socola tr\u1eafng cao c\u1ea5p, mang \u0111\u1ebfn tr\u1ea3i nghi\u1ec7m b\u00e9o m\u1ecbn v\u00e0 th\u1ecfa m\u00e3n cho m\u1ecdi d\u1ecbp.<\/p>\n<article class=\"text-token-text-primary w-full focus:outline-none [--shadow-height:45px] has-data-writing-block:pointer-events-none has-data-writing-block:-mt-(--shadow-height) has-data-writing-block:pt-(--shadow-height) [&amp;:has([data-writing-block])&gt;*]:pointer-events-auto scroll-mt-[calc(var(--header-height)+min(200px,max(70px,20svh)))]\" dir=\"auto\" tabindex=\"-1\" data-turn-id=\"request-692dccee-e2bc-8322-ab85-41eb5606d189-58\" data-testid=\"conversation-turn-178\" data-scroll-anchor=\"true\" data-turn=\"assistant\">\n<div class=\"text-base my-auto mx-auto pb-10 [--thread-content-margin:--spacing(4)] thread-sm:[--thread-content-margin:--spacing(6)] thread-lg:[--thread-content-margin:--spacing(16)] px-(--thread-content-margin)\">\n<div class=\"[--thread-content-max-width:40rem] thread-lg:[--thread-content-max-width:48rem] mx-auto max-w-(--thread-content-max-width) flex-1 group\/turn-messages focus-visible:outline-hidden relative flex w-full min-w-0 flex-col agent-turn\" tabindex=\"-1\">\n<div class=\"z-0 flex min-h-[46px] justify-start\"><\/div>\n<div class=\"mt-3 w-full empty:hidden\">\n<div class=\"text-center\"><\/div>\n<\/div>\n<\/div>\n<\/div>\n<\/article>\n<div class=\"pointer-events-none h-px w-px\" aria-hidden=\"true\" data-edge=\"true\"><\/div>\n","protected":false},"featured_media":10959,"template":"","meta":[],"pwb-brand":[],"product_cat":[553,554,252,220],"product_tag":[619],"class_list":{"0":"post-12931","1":"product","2":"type-product","3":"status-publish","4":"has-post-thumbnail","6":"product_cat-kem","7":"product_cat-kem-va-sorbet","8":"product_cat-do-kho","9":"product_cat-bo-trung-sua","10":"product_tag-kem","12":"first","13":"instock","14":"shipping-taxable","15":"purchasable","16":"product-type-simple"},"acf":[],"brands":[],"_links":{"self":[{"href":"https:\/\/bynature.vn\/vi\/wp-json\/wp\/v2\/product\/12931","targetHints":{"allow":["GET"]}}],"collection":[{"href":"https:\/\/bynature.vn\/vi\/wp-json\/wp\/v2\/product"}],"about":[{"href":"https:\/\/bynature.vn\/vi\/wp-json\/wp\/v2\/types\/product"}],"wp:featuredmedia":[{"embeddable":true,"href":"https:\/\/bynature.vn\/vi\/wp-json\/wp\/v2\/media\/10959"}],"wp:attachment":[{"href":"https:\/\/bynature.vn\/vi\/wp-json\/wp\/v2\/media?parent=12931"}],"wp:term":[{"taxonomy":"pwb-brand","embeddable":true,"href":"https:\/\/bynature.vn\/vi\/wp-json\/wp\/v2\/pwb-brand?post=12931"},{"taxonomy":"product_cat","embeddable":true,"href":"https:\/\/bynature.vn\/vi\/wp-json\/wp\/v2\/product_cat?post=12931"},{"taxonomy":"product_tag","embeddable":true,"href":"https:\/\/bynature.vn\/vi\/wp-json\/wp\/v2\/product_tag?post=12931"}],"curies":[{"name":"wp","href":"https:\/\/api.w.org\/{rel}","templated":true}]}}