{"id":12929,"date":"2025-02-03T14:36:12","date_gmt":"2025-02-03T07:36:12","guid":{"rendered":"https:\/\/bynature.vn\/product\/ly-kem-socola-60g\/"},"modified":"2025-02-03T14:36:12","modified_gmt":"2025-02-03T07:36:12","slug":"ly-kem-socola-60g","status":"publish","type":"product","link":"https:\/\/bynature.vn\/vi\/product\/ly-kem-socola-60g\/","title":{"rendered":"Ly Kem Socola 60g"},"content":{"rendered":"<p>H\u00e3y th\u01b0\u1edfng th\u1ee9c m\u00f3n kem socola cao c\u1ea5p v\u1edbi ly kem 60g \u00d8sterberg, \u0111\u01b0\u1ee3c l\u00e0m t\u1eeb socola cao c\u1ea5p Marou. M\u00f3n kem b\u00e9o m\u1ecbn, \u0111\u1eadm \u0111\u00e0 n\u00e0y c\u00f2n \u0111\u01b0\u1ee3c \u0111\u00ednh k\u00e8m c\u00e1c mi\u1ebfng socola gi\u00f2n ngon, t\u1ea1o k\u1ebft c\u1ea5u h\u1ea5p d\u1eabn m\u00e0 t\u00edn \u0111\u1ed3 socola ch\u1eafc ch\u1eafn s\u1ebd y\u00eau th\u00edch. Ly kem v\u1eeba kh\u1ea9u ph\u1ea7n l\u00fd t\u01b0\u1edfng cho m\u1ed9t b\u1eefa \u0103n v\u1eb7t sang tr\u1ecdng, th\u01b0\u1edfng th\u1ee9c nhanh g\u1ecdn ho\u1eb7c l\u00e0m m\u00f3n tr\u00e1ng mi\u1ec7ng tuy\u1ec7t h\u1ea3o. Tr\u1ea3i nghi\u1ec7m h\u01b0\u01a1ng v\u1ecb socola th\u01b0\u1ee3ng h\u1ea1ng trong t\u1eebng mi\u1ebfng!   <\/p>\n<div class=\"z-0 flex min-h-[46px] justify-start\"><\/div>\n<div class=\"border-token-border-light my-2 flex gap-10 border-t pt-4\">\n<div class=\"flex items-center justify-center overflow-hidden h-14 w-14 rounded-lg\"><\/div>\n<\/div>\n","protected":false},"excerpt":{"rendered":"<p class=\"p1\">Kem socola: kem socola \u0111\u1eadm \u0111\u00e0, l\u00e0m t\u1eeb socola cao c\u1ea5p Marou, k\u1ebft h\u1ee3p v\u1edbi c\u00e1c mi\u1ebfng socola gi\u00f2n t\u1ea1o th\u00eam k\u1ebft c\u1ea5u h\u1ea5p d\u1eabn.<\/p>\n","protected":false},"featured_media":10947,"template":"","meta":[],"pwb-brand":[],"product_cat":[553,554,252,220],"product_tag":[619,616],"class_list":{"0":"post-12929","1":"product","2":"type-product","3":"status-publish","4":"has-post-thumbnail","6":"product_cat-kem","7":"product_cat-kem-va-sorbet","8":"product_cat-do-kho","9":"product_cat-bo-trung-sua","10":"product_tag-kem","11":"product_tag-socola","13":"first","14":"instock","15":"shipping-taxable","16":"purchasable","17":"product-type-simple"},"acf":[],"brands":[],"_links":{"self":[{"href":"https:\/\/bynature.vn\/vi\/wp-json\/wp\/v2\/product\/12929","targetHints":{"allow":["GET"]}}],"collection":[{"href":"https:\/\/bynature.vn\/vi\/wp-json\/wp\/v2\/product"}],"about":[{"href":"https:\/\/bynature.vn\/vi\/wp-json\/wp\/v2\/types\/product"}],"wp:featuredmedia":[{"embeddable":true,"href":"https:\/\/bynature.vn\/vi\/wp-json\/wp\/v2\/media\/10947"}],"wp:attachment":[{"href":"https:\/\/bynature.vn\/vi\/wp-json\/wp\/v2\/media?parent=12929"}],"wp:term":[{"taxonomy":"pwb-brand","embeddable":true,"href":"https:\/\/bynature.vn\/vi\/wp-json\/wp\/v2\/pwb-brand?post=12929"},{"taxonomy":"product_cat","embeddable":true,"href":"https:\/\/bynature.vn\/vi\/wp-json\/wp\/v2\/product_cat?post=12929"},{"taxonomy":"product_tag","embeddable":true,"href":"https:\/\/bynature.vn\/vi\/wp-json\/wp\/v2\/product_tag?post=12929"}],"curies":[{"name":"wp","href":"https:\/\/api.w.org\/{rel}","templated":true}]}}