{"id":12928,"date":"2025-02-03T16:09:39","date_gmt":"2025-02-03T09:09:39","guid":{"rendered":"https:\/\/bynature.vn\/product\/ly-kem-sorbet-xoai-chanh-60g\/"},"modified":"2025-02-03T16:09:39","modified_gmt":"2025-02-03T09:09:39","slug":"ly-kem-sorbet-xoai-chanh-60g","status":"publish","type":"product","link":"https:\/\/bynature.vn\/vi\/product\/ly-kem-sorbet-xoai-chanh-60g\/","title":{"rendered":"Ly Kem Sorbet Xo\u00e0i &amp; Chanh 60g"},"content":{"rendered":"<p>H\u00e3y th\u01b0\u1edfng th\u1ee9c h\u01b0\u01a1ng v\u1ecb nhi\u1ec7t \u0111\u1edbi s\u1ea3ng kho\u00e1i c\u1ee7a sorbet xo\u00e0i &amp; chanh \u00d8sterberg trong ly c\u1ee7a ch\u00fang t\u00f4i. M\u00f3n sorbet m\u00e1t l\u1ea1nh n\u00e0y \u0111\u01b0\u1ee3c l\u00e0m t\u1eeb xo\u00e0i ch\u00edn m\u1ecdng v\u1edbi m\u1ed9t ch\u00fat v\u1ecb chanh t\u01b0\u01a1i, t\u1ea1o n\u00ean s\u1ef1 c\u00e2n b\u1eb1ng ho\u00e0n h\u1ea3o gi\u1eefa v\u1ecb ng\u1ecdt t\u1ef1 nhi\u00ean v\u00e0 \u0111\u1ed9 t\u01b0\u01a1i chua nh\u1eb9, mang \u0111\u1ebfn b\u00f9ng n\u1ed5 h\u01b0\u01a1ng v\u1ecb trong t\u1eebng mi\u1ebfng. <\/p>\n<article class=\"text-token-text-primary w-full focus:outline-none [--shadow-height:45px] has-data-writing-block:pointer-events-none has-data-writing-block:-mt-(--shadow-height) has-data-writing-block:pt-(--shadow-height) [&amp;:has([data-writing-block])&gt;*]:pointer-events-auto scroll-mt-[calc(var(--header-height)+min(200px,max(70px,20svh)))]\" dir=\"auto\" tabindex=\"-1\" data-turn-id=\"request-692dccee-e2bc-8322-ab85-41eb5606d189-47\" data-testid=\"conversation-turn-156\" data-scroll-anchor=\"true\" data-turn=\"assistant\">\n<div class=\"text-base my-auto mx-auto pb-10 [--thread-content-margin:--spacing(4)] thread-sm:[--thread-content-margin:--spacing(6)] thread-lg:[--thread-content-margin:--spacing(16)] px-(--thread-content-margin)\">\n<div class=\"[--thread-content-max-width:40rem] thread-lg:[--thread-content-max-width:48rem] mx-auto max-w-(--thread-content-max-width) flex-1 group\/turn-messages focus-visible:outline-hidden relative flex w-full min-w-0 flex-col agent-turn\" tabindex=\"-1\">\n<div class=\"mt-3 w-full empty:hidden\">\n<div class=\"text-center\"><\/div>\n<\/div>\n<\/div>\n<\/div>\n<\/article>\n<div class=\"pointer-events-none h-px w-px\" aria-hidden=\"true\" data-edge=\"true\"><\/div>\n","protected":false},"excerpt":{"rendered":"<p class=\"p1\">Sorbet xo\u00e0i &amp; chanh: m\u00f3n sorbet m\u00e1t l\u1ea1nh \u0111\u01b0\u1ee3c l\u00e0m t\u1eeb xo\u00e0i ch\u00edn m\u1ecdng v\u1edbi m\u1ed9t ch\u00fat v\u1ecb chanh t\u01b0\u01a1i, t\u1ea1o n\u00ean s\u1ef1 c\u00e2n b\u1eb1ng ho\u00e0n h\u1ea3o gi\u1eefa v\u1ecb ng\u1ecdt v\u00e0 chua nh\u1eb9.<\/p>\n<article class=\"text-token-text-primary w-full focus:outline-none [--shadow-height:45px] has-data-writing-block:pointer-events-none has-data-writing-block:-mt-(--shadow-height) has-data-writing-block:pt-(--shadow-height) [&amp;:has([data-writing-block])&gt;*]:pointer-events-auto scroll-mt-[calc(var(--header-height)+min(200px,max(70px,20svh)))]\" dir=\"auto\" tabindex=\"-1\" data-turn-id=\"request-692dccee-e2bc-8322-ab85-41eb5606d189-49\" data-testid=\"conversation-turn-160\" data-scroll-anchor=\"true\" data-turn=\"assistant\">\n<div class=\"text-base my-auto mx-auto pb-10 [--thread-content-margin:--spacing(4)] thread-sm:[--thread-content-margin:--spacing(6)] thread-lg:[--thread-content-margin:--spacing(16)] px-(--thread-content-margin)\">\n<div class=\"[--thread-content-max-width:40rem] thread-lg:[--thread-content-max-width:48rem] mx-auto max-w-(--thread-content-max-width) flex-1 group\/turn-messages focus-visible:outline-hidden relative flex w-full min-w-0 flex-col agent-turn\" tabindex=\"-1\">\n<div class=\"z-0 flex min-h-[46px] justify-start\"><\/div>\n<div class=\"mt-3 w-full empty:hidden\">\n<div class=\"text-center\"><\/div>\n<\/div>\n<\/div>\n<\/div>\n<\/article>\n<div class=\"pointer-events-none h-px w-px\" aria-hidden=\"true\" data-edge=\"true\"><\/div>\n","protected":false},"featured_media":10974,"template":"","meta":[],"pwb-brand":[],"product_cat":[553,554,252,220],"product_tag":[618,560,617],"class_list":{"0":"post-12928","1":"product","2":"type-product","3":"status-publish","4":"has-post-thumbnail","6":"product_cat-kem","7":"product_cat-kem-va-sorbet","8":"product_cat-do-kho","9":"product_cat-bo-trung-sua","10":"product_tag-chanh","11":"product_tag-sorbet-vi","12":"product_tag-xoai","14":"first","15":"instock","16":"shipping-taxable","17":"purchasable","18":"product-type-simple"},"acf":[],"brands":[],"_links":{"self":[{"href":"https:\/\/bynature.vn\/vi\/wp-json\/wp\/v2\/product\/12928","targetHints":{"allow":["GET"]}}],"collection":[{"href":"https:\/\/bynature.vn\/vi\/wp-json\/wp\/v2\/product"}],"about":[{"href":"https:\/\/bynature.vn\/vi\/wp-json\/wp\/v2\/types\/product"}],"wp:featuredmedia":[{"embeddable":true,"href":"https:\/\/bynature.vn\/vi\/wp-json\/wp\/v2\/media\/10974"}],"wp:attachment":[{"href":"https:\/\/bynature.vn\/vi\/wp-json\/wp\/v2\/media?parent=12928"}],"wp:term":[{"taxonomy":"pwb-brand","embeddable":true,"href":"https:\/\/bynature.vn\/vi\/wp-json\/wp\/v2\/pwb-brand?post=12928"},{"taxonomy":"product_cat","embeddable":true,"href":"https:\/\/bynature.vn\/vi\/wp-json\/wp\/v2\/product_cat?post=12928"},{"taxonomy":"product_tag","embeddable":true,"href":"https:\/\/bynature.vn\/vi\/wp-json\/wp\/v2\/product_tag?post=12928"}],"curies":[{"name":"wp","href":"https:\/\/api.w.org\/{rel}","templated":true}]}}