{"id":12927,"date":"2025-02-03T16:16:51","date_gmt":"2025-02-03T09:16:51","guid":{"rendered":"https:\/\/bynature.vn\/product\/ly-kem-sorbet-socola-60g\/"},"modified":"2025-02-03T16:16:51","modified_gmt":"2025-02-03T09:16:51","slug":"ly-kem-sorbet-socola-60g","status":"publish","type":"product","link":"https:\/\/bynature.vn\/vi\/product\/ly-kem-sorbet-socola-60g\/","title":{"rendered":"Ly Kem Sorbet Socola 60g"},"content":{"rendered":"<p>H\u00e3y t\u1eadn h\u01b0\u1edfng h\u01b0\u01a1ng v\u1ecb \u0111\u1eadm \u0111\u00e0 v\u00e0 cu\u1ed1n h\u00fat c\u1ee7a sorbet socola \u00d8sterberg, m\u00f3n \u0103n kh\u00f4ng ch\u1ee9a s\u1eefa d\u00e0nh cho nh\u1eefng t\u00edn \u0111\u1ed3 socola th\u1ef1c th\u1ee5. Sorbet m\u1ecbn m\u00e0ng n\u00e0y mang \u0111\u1ebfn v\u1ecb socola \u0111\u1eadm \u0111\u00e0, c\u00e2n b\u1eb1ng ho\u00e0n h\u1ea3o gi\u1eefa \u0111\u1ed9 s\u00e2u h\u01b0\u01a1ng v\u1ecb v\u00e0 v\u1ecb ng\u1ecdt, kh\u00f4ng d\u00f9ng s\u1eefa. L\u00fd t\u01b0\u1edfng cho nh\u1eefng ai t\u00ecm ki\u1ebfm tr\u1ea3i nghi\u1ec7m socola m\u01b0\u1ee3t m\u00e0 v\u00e0 sang tr\u1ecdng, Sorbet Socola c\u1ee7a ch\u00fang t\u00f4i l\u00e0 m\u00f3n th\u01b0\u1edfng th\u1ee9c kh\u00f4ng lo t\u1ed9i l\u1ed7i, th\u1ecfa m\u00e3n c\u01a1n th\u00e8m socola. H\u00e3y th\u01b0\u1edfng th\u1ee9c m\u00f3n tr\u00e1ng mi\u1ec7ng xa x\u1ec9 n\u00e0y v\u00e0 t\u1eadn h\u01b0\u1edfng ni\u1ec1m vui socola nguy\u00ean ch\u1ea5t!   <\/p>\n<article class=\"text-token-text-primary w-full focus:outline-none [--shadow-height:45px] has-data-writing-block:pointer-events-none has-data-writing-block:-mt-(--shadow-height) has-data-writing-block:pt-(--shadow-height) [&amp;:has([data-writing-block])&gt;*]:pointer-events-auto scroll-mt-[calc(var(--header-height)+min(200px,max(70px,20svh)))]\" dir=\"auto\" tabindex=\"-1\" data-turn-id=\"request-692dccee-e2bc-8322-ab85-41eb5606d189-44\" data-testid=\"conversation-turn-150\" data-scroll-anchor=\"true\" data-turn=\"assistant\">\n<div class=\"text-base my-auto mx-auto pb-10 [--thread-content-margin:--spacing(4)] thread-sm:[--thread-content-margin:--spacing(6)] thread-lg:[--thread-content-margin:--spacing(16)] px-(--thread-content-margin)\">\n<div class=\"[--thread-content-max-width:40rem] thread-lg:[--thread-content-max-width:48rem] mx-auto max-w-(--thread-content-max-width) flex-1 group\/turn-messages focus-visible:outline-hidden relative flex w-full min-w-0 flex-col agent-turn\" tabindex=\"-1\">\n<div class=\"flex max-w-full flex-col grow\">\n<div class=\"min-h-8 text-message relative flex w-full flex-col items-end gap-2 text-start break-words whitespace-normal [.text-message+&amp;]:mt-1\" dir=\"auto\" data-message-author-role=\"assistant\" data-message-id=\"11f21612-5b61-4ec6-be72-f0f1983c2934\" data-message-model-slug=\"gpt-5-mini\">\n<div class=\"flex w-full flex-col gap-1 empty:hidden first:pt-[1px]\">\n<div class=\"markdown prose dark:prose-invert w-full break-words light markdown-new-styling\">\n<p data-start=\"0\" data-end=\"525\" data-is-last-node=\"\" data-is-only-node=\"\">\n<\/div>\n<\/div>\n<\/div>\n<\/div>\n<div class=\"z-0 flex min-h-[46px] justify-start\"><\/div>\n<div class=\"mt-3 w-full empty:hidden\">\n<div class=\"text-center\"><\/div>\n<\/div>\n<\/div>\n<\/div>\n<\/article>\n<div class=\"pointer-events-none h-px w-px\" aria-hidden=\"true\" data-edge=\"true\"><\/div>\n<p>&nbsp;<\/p>\n","protected":false},"excerpt":{"rendered":"<p class=\"p1\">Sorbet socola: m\u00f3n sorbet kh\u00f4ng s\u1eefa v\u1edbi h\u01b0\u01a1ng v\u1ecb socola \u0111\u1eadm \u0111\u00e0 v\u00e0 k\u1ebft c\u1ea5u m\u1ecbn m\u00e0ng, l\u00fd t\u01b0\u1edfng cho nh\u1eefng t\u00edn \u0111\u1ed3 socola.<\/p>\n","protected":false},"featured_media":10949,"template":"","meta":[],"pwb-brand":[],"product_cat":[553,554,252,220],"product_tag":[616,560],"class_list":{"0":"post-12927","1":"product","2":"type-product","3":"status-publish","4":"has-post-thumbnail","6":"product_cat-kem","7":"product_cat-kem-va-sorbet","8":"product_cat-do-kho","9":"product_cat-bo-trung-sua","10":"product_tag-socola","11":"product_tag-sorbet-vi","13":"first","14":"instock","15":"shipping-taxable","16":"purchasable","17":"product-type-simple"},"acf":[],"brands":[],"_links":{"self":[{"href":"https:\/\/bynature.vn\/vi\/wp-json\/wp\/v2\/product\/12927","targetHints":{"allow":["GET"]}}],"collection":[{"href":"https:\/\/bynature.vn\/vi\/wp-json\/wp\/v2\/product"}],"about":[{"href":"https:\/\/bynature.vn\/vi\/wp-json\/wp\/v2\/types\/product"}],"wp:featuredmedia":[{"embeddable":true,"href":"https:\/\/bynature.vn\/vi\/wp-json\/wp\/v2\/media\/10949"}],"wp:attachment":[{"href":"https:\/\/bynature.vn\/vi\/wp-json\/wp\/v2\/media?parent=12927"}],"wp:term":[{"taxonomy":"pwb-brand","embeddable":true,"href":"https:\/\/bynature.vn\/vi\/wp-json\/wp\/v2\/pwb-brand?post=12927"},{"taxonomy":"product_cat","embeddable":true,"href":"https:\/\/bynature.vn\/vi\/wp-json\/wp\/v2\/product_cat?post=12927"},{"taxonomy":"product_tag","embeddable":true,"href":"https:\/\/bynature.vn\/vi\/wp-json\/wp\/v2\/product_tag?post=12927"}],"curies":[{"name":"wp","href":"https:\/\/api.w.org\/{rel}","templated":true}]}}