{"id":12925,"date":"2025-02-10T16:55:16","date_gmt":"2025-02-10T09:55:16","guid":{"rendered":"https:\/\/bynature.vn\/product\/gel-tay-te-bao-chet-ca-phe-35ml\/"},"modified":"2025-02-10T16:55:16","modified_gmt":"2025-02-10T09:55:16","slug":"gel-tay-te-bao-chet-ca-phe-35ml","status":"publish","type":"product","link":"https:\/\/bynature.vn\/vi\/product\/gel-tay-te-bao-chet-ca-phe-35ml\/","title":{"rendered":"Gel T\u1ea9y T\u1ebf B\u00e0o Ch\u1ebft C\u00e0 Ph\u00ea 35ml"},"content":{"rendered":"<p class=\"p1\">Ph\u00f9 h\u1ee3p cho m\u1ecdi lo\u1ea1i da, \u0111\u1eb7c bi\u1ec7t l\u00e0 da d\u1ea7u v\u00e0 da h\u1ed7n h\u1ee3p. An to\u00e0n khi s\u1eed d\u1ee5ng trong thai k\u1ef3 v\u00e0 cho con b\u00fa. D\u00f9ng \u0111\u01b0\u1ee3c cho c\u1ea3 m\u1eb7t v\u00e0 c\u01a1 th\u1ec3.  <\/p>\n<p>C\u00e1ch s\u1eed d\u1ee5ng: Thoa l\u00ean da s\u1ea1ch &amp; kh\u00f4. Massage nh\u1eb9 nh\u00e0ng trong 2 ph\u00fat, sau \u0111\u00f3 r\u1eeda s\u1ea1ch v\u1edbi n\u01b0\u1edbc. S\u1eed d\u1ee5ng 2\u20133 l\u1ea7n\/tu\u1ea7n.   <\/p>\n<p>B\u1ea3o qu\u1ea3n: Nhi\u1ec7t \u0111\u1ed9 ph\u00f2ng, n\u01a1i kh\u00f4 r\u00e1o &amp; m\u00e1t, tr\u00e1nh \u00e1nh n\u1eafng tr\u1ef1c ti\u1ebfp. \u0110\u1eady k\u00edn n\u1eafp sau m\u1ed7i l\u1ea7n s\u1eed d\u1ee5ng. Ch\u1ec9 d\u00f9ng ngo\u00e0i da, tr\u00e1nh v\u00f9ng m\u1eaft. Khuy\u1ebfn c\u00e1o th\u1eed s\u1ea3n ph\u1ea9m tr\u00ean m\u1ed9t v\u00f9ng da nh\u1ecf tr\u01b0\u1edbc khi d\u00f9ng tr\u00ean di\u1ec7n r\u1ed9ng. Ng\u01b0ng s\u1eed d\u1ee5ng n\u1ebfu c\u00f3 k\u00edch \u1ee9ng.     <\/p>\n<p>Th\u00e0nh ph\u1ea7n ch\u00ednh: N\u01b0\u1edbc tinh khi\u1ebft, glycerin, acrylates\/C10-30, alkylacrylate crosspolymer, butylene glycol, dicocodimonium chloride, b\u1ed9t c\u00e0 ph\u00ea Arabica, chi\u1ebft xu\u1ea5t l\u00e1 nha \u0111am, tocopherlacetate, allantoin, d\u1ea7u h\u1ea1t c\u00e0 ph\u00ea Arabica, phenoxyethanol, captrylyl glycol, sorbic acid, xanthan gum.<\/p>\n<div class=\"pointer-events-none h-px w-px\" aria-hidden=\"true\" data-edge=\"true\"><\/div>\n","protected":false},"excerpt":{"rendered":"<p class=\"p1\">Gel t\u1ea9y t\u1ebf b\u00e0o ch\u1ebft v\u1edbi h\u1ea1t c\u00e0 ph\u00ea xay m\u1ecbn.<\/p>\n<div class=\"z-0 flex min-h-[46px] justify-start\"><\/div>\n<div class=\"border-token-border-light my-2 flex gap-10 border-t pt-4\">\n<div class=\"flex items-center justify-center overflow-hidden h-14 w-14 rounded-lg\"><\/div>\n<\/div>\n","protected":false},"featured_media":11022,"template":"","meta":[],"pwb-brand":[299],"product_cat":[205,208,185,206],"product_tag":[],"class_list":{"0":"post-12925","1":"product","2":"type-product","3":"status-publish","4":"has-post-thumbnail","6":"pwb-brand-guby-homemade-vi","7":"product_cat-cham-soc-da","8":"product_cat-lam-sach-da","9":"product_cat-suc-khoe-lam-dep","10":"product_cat-tri-mun","12":"first","13":"instock","14":"shipping-taxable","15":"purchasable","16":"product-type-simple"},"acf":[],"brands":[{"id":299,"name":"Guby Homemade","slug":"guby-homemade-vi"}],"_links":{"self":[{"href":"https:\/\/bynature.vn\/vi\/wp-json\/wp\/v2\/product\/12925","targetHints":{"allow":["GET"]}}],"collection":[{"href":"https:\/\/bynature.vn\/vi\/wp-json\/wp\/v2\/product"}],"about":[{"href":"https:\/\/bynature.vn\/vi\/wp-json\/wp\/v2\/types\/product"}],"wp:featuredmedia":[{"embeddable":true,"href":"https:\/\/bynature.vn\/vi\/wp-json\/wp\/v2\/media\/11022"}],"wp:attachment":[{"href":"https:\/\/bynature.vn\/vi\/wp-json\/wp\/v2\/media?parent=12925"}],"wp:term":[{"taxonomy":"pwb-brand","embeddable":true,"href":"https:\/\/bynature.vn\/vi\/wp-json\/wp\/v2\/pwb-brand?post=12925"},{"taxonomy":"product_cat","embeddable":true,"href":"https:\/\/bynature.vn\/vi\/wp-json\/wp\/v2\/product_cat?post=12925"},{"taxonomy":"product_tag","embeddable":true,"href":"https:\/\/bynature.vn\/vi\/wp-json\/wp\/v2\/product_tag?post=12925"}],"curies":[{"name":"wp","href":"https:\/\/api.w.org\/{rel}","templated":true}]}}