{"id":12924,"date":"2025-02-27T12:38:33","date_gmt":"2025-02-27T05:38:33","guid":{"rendered":"https:\/\/bynature.vn\/product\/dau-duong-the-100ml\/"},"modified":"2025-02-27T12:38:33","modified_gmt":"2025-02-27T05:38:33","slug":"dau-duong-the-100ml","status":"publish","type":"product","link":"https:\/\/bynature.vn\/vi\/product\/dau-duong-the-100ml\/","title":{"rendered":"D\u1ea7u D\u01b0\u1ee1ng Th\u1ec3 100ml"},"content":{"rendered":"<div id=\"2uvpg_c0vi2\" data-component=\"rtf-block\"><span id=\"2uvpg_c0vi2_49plb\" class=\"\" data-text=\"true\" data-z-element-type=\"rtf-text\" data-is-whitespace=\"false\">100% H\u1eefu C\u01a1 t\u1eeb d\u1ea7u th\u1ef1c v\u1eadt v\u00e0 tinh d\u1ea7u nguy\u00ean ch\u1ea5t. <\/span><span id=\"2uvpg_998fv_e6gcu\" class=\"\" data-text=\"true\" data-z-element-type=\"rtf-text\" data-is-whitespace=\"false\">S\u1ea3n ph\u1ea9m th\u1ea9m th\u1ea5u nhanh, kh\u00f4ng nh\u1eddn.<\/span><\/div>\n<div id=\"2uvpg_9vbch\" data-component=\"rtf-block\"><span id=\"2uvpg_9vbch_alqrv\" class=\"\" data-text=\"true\" data-z-element-type=\"rtf-text\" data-is-whitespace=\"true\"> <\/span><\/div>\n<div id=\"2uvpg_1f5eb\" data-component=\"rtf-block\"><span id=\"2uvpg_1f5eb_1re9i\" class=\"\" data-text=\"true\" data-z-element-type=\"rtf-text\" data-is-whitespace=\"false\">C\u00f4ng d\u1ee5ng:<\/span><\/div>\n<div id=\"2uvpg_2p9qa\" data-component=\"rtf-block\"><span id=\"2uvpg_2p9qa_2pcdg\" class=\"\" data-text=\"true\" data-z-element-type=\"rtf-text\" data-is-whitespace=\"false\">\u2022 T\u0103ng \u0111\u1ed9 \u0111\u00e0n h\u1ed3i, l\u00e0m da m\u1ecbn m\u00e0ng<\/span><\/div>\n<div id=\"2uvpg_7uiu7\" data-component=\"rtf-block\"><span id=\"2uvpg_7uiu7_a9q1b\" class=\"\" data-text=\"true\" data-z-element-type=\"rtf-text\" data-is-whitespace=\"false\">\u2022 D\u01b0\u1ee1ng \u1ea9m, b\u1ea3o v\u1ec7 da, l\u00e0m m\u1ec1m v\u00f9ng da chai s\u1ea1n<\/span><\/div>\n<div id=\"2uvpg_3r3j3\" data-component=\"rtf-block\"><span id=\"2uvpg_3r3j3_fn4ug\" class=\"\" data-text=\"true\" data-z-element-type=\"rtf-text\" data-is-whitespace=\"false\">\u2022 Th\u1ea3i \u0111\u1ed9c da, c\u1ea3i thi\u1ec7n s\u1eafc t\u1ed1, gi\u1ea3m th\u00e2m s\u1ea1m<\/span><\/div>\n<div id=\"2uvpg_870gh\" data-component=\"rtf-block\"><span id=\"2uvpg_870gh_57etn\" class=\"\" data-text=\"true\" data-z-element-type=\"rtf-text\" data-is-whitespace=\"false\">\u2022 Nu\u00f4i d\u01b0\u1ee1ng l\u00e0n da kh\u1ecfe m\u1ea1nh, s\u00e1ng t\u1ef1 nhi\u00ean<\/span><\/div>\n<div id=\"2uvpg_1p8g\" data-component=\"rtf-block\"><span id=\"2uvpg_1p8g_eaida\" class=\"\" data-text=\"true\" data-z-element-type=\"rtf-text\" data-is-whitespace=\"false\">\u2022 Gi\u1ea3m r\u1ea1n da<\/span><\/div>\n<div id=\"2uvpg_1ke5l\" data-component=\"rtf-block\"><span id=\"2uvpg_1ke5l_8tiea\" class=\"\" data-text=\"true\" data-z-element-type=\"rtf-text\" data-is-whitespace=\"false\">\u2022 Gi\u1eef h\u01b0\u01a1ng tinh d\u1ea7u, mang l\u1ea1i c\u1ea3m gi\u00e1c th\u01b0 gi\u00e3n to\u00e0n th\u00e2n, gi\u1ea3m stress<\/span><\/div>\n<div id=\"2uvpg_5oom6\" data-component=\"rtf-block\"><span id=\"2uvpg_5oom6_4gqr9\" class=\"\" data-text=\"true\" data-z-element-type=\"rtf-text\" data-is-whitespace=\"true\"> <\/span><\/div>\n<div id=\"2uvpg_f32s4\" data-component=\"rtf-block\"><span id=\"2uvpg_f32s4_ble9v\" class=\"\" data-text=\"true\" data-z-element-type=\"rtf-text\" data-is-whitespace=\"false\">H\u01b0\u1edbng d\u1eabn s\u1eed d\u1ee5ng<\/span><\/div>\n<div data-component=\"rtf-block\">\n<div id=\"8p5p3_5joqq\" data-component=\"rtf-block\"><span id=\"8p5p3_5joqq_4r9r7\" class=\"\" data-text=\"true\" data-z-element-type=\"rtf-text\" data-is-whitespace=\"false\">&#8211; X\u1ecbt m\u1ed9t l\u01b0\u1ee3ng v\u1eeba \u0111\u1ee7 l\u00ean da, massage nh\u1eb9 \u0111\u1ec3 d\u1ea7u th\u1ea9m th\u1ea5u s\u00e2u v\u00e0 nhanh<\/span><\/div>\n<div id=\"8p5p3_f99r\" data-component=\"rtf-block\"><span id=\"8p5p3_f99r_c8ijl\" class=\"\" data-text=\"true\" data-z-element-type=\"rtf-text\" data-is-whitespace=\"false\">&#8211; D\u00f9ng h\u00e0ng ng\u00e0y sau khi t\u1eafm ho\u1eb7c tr\u1ef1c ti\u1ebfp nh\u01b0 d\u1ea7u c\u01a1 th\u1ec3 khi \u0111i spa<\/span><\/div>\n<div id=\"8p5p3_doduv\" data-component=\"rtf-block\"><span id=\"8p5p3_doduv_7bs3l\" class=\"\" data-text=\"true\" data-z-element-type=\"rtf-text\" data-is-whitespace=\"true\"> <\/span><\/div>\n<div id=\"8p5p3_89p2s\" data-component=\"rtf-block\"><span id=\"8p5p3_89p2s_b34qe\" class=\"\" data-text=\"true\" data-z-element-type=\"rtf-text\" data-is-whitespace=\"false\">L\u01b0u \u00fd<\/span><\/div>\n<div id=\"8p5p3_8764l\" data-component=\"rtf-block\"><span id=\"8p5p3_8764l_dqgh1\" class=\"\" data-text=\"true\" data-z-element-type=\"rtf-text\" data-is-whitespace=\"false\">&#8211; An to\u00e0n cho ph\u1ee5 n\u1eef mang thai v\u00e0 tr\u1ebb em t\u1eeb 6 tu\u1ed5i tr\u1edf l\u00ean.<\/span><\/div>\n<div id=\"8p5p3_4l5t4\" data-component=\"rtf-block\"><span id=\"8p5p3_4l5t4_9e9cv\" class=\"\" data-text=\"true\" data-z-element-type=\"rtf-text\" data-is-whitespace=\"false\">&#8211; Ch\u1ec9 d\u00f9ng ngo\u00e0i da, ng\u01b0ng s\u1eed d\u1ee5ng n\u1ebfu c\u00f3 k\u00edch \u1ee9ng, tham kh\u1ea3o \u00fd ki\u1ebfn b\u00e1c s\u0129 tr\u01b0\u1edbc khi d\u00f9ng.<\/span><\/div>\n<div id=\"8p5p3_352mh\" data-component=\"rtf-block\"><span id=\"8p5p3_352mh_cj23o\" class=\"\" data-text=\"true\" data-z-element-type=\"rtf-text\" data-is-whitespace=\"false\">&#8211; Tr\u00e1nh \u0111\u1ec3 tr\u1ebb em ti\u1ebfp x\u00fac, tr\u00e1nh ti\u1ebfp x\u00fac tr\u1ef1c ti\u1ebfp v\u1edbi m\u1eaft, kh\u00f4ng b\u00f4i l\u00ean v\u1ebft th\u01b0\u01a1ng h\u1edf<\/span><\/div>\n<div id=\"8p5p3_d2omu\" data-component=\"rtf-block\"><span id=\"8p5p3_d2omu_9vgiu\" class=\"\" data-text=\"true\" data-z-element-type=\"rtf-text\" data-is-whitespace=\"true\"> <\/span><\/div>\n<div id=\"8p5p3_db88c\" data-component=\"rtf-block\"><span id=\"8p5p3_db88c_5uc34\" class=\"\" data-text=\"true\" data-z-element-type=\"rtf-text\" data-is-whitespace=\"false\">B\u1ea3o qu\u1ea3n<\/span><\/div>\n<div id=\"8p5p3_4optm\" data-component=\"rtf-block\"><span id=\"8p5p3_4optm_801m4\" class=\"\" data-text=\"true\" data-z-element-type=\"rtf-text\" data-is-whitespace=\"false\">&#8211; N\u01a1i kh\u00f4 r\u00e1o, tr\u00e1nh \u00e1nh n\u1eafng tr\u1ef1c ti\u1ebfp v\u00e0 \u0111\u1ed9 \u1ea9m cao<\/span><\/div>\n<div id=\"8p5p3_5j7uh\" data-component=\"rtf-block\"><span id=\"8p5p3_5j7uh_ca0iu\" class=\"\" data-text=\"true\" data-z-element-type=\"rtf-text\" data-is-whitespace=\"false\">&#8211; \u0110\u1eady n\u1eafp k\u00edn sau khi s\u1eed d\u1ee5ng.<\/span><\/div>\n<div id=\"8p5p3_5ee3h\" data-component=\"rtf-block\"><span id=\"8p5p3_5ee3h_8v6nm\" class=\"\" data-text=\"true\" data-z-element-type=\"rtf-text\" data-is-whitespace=\"true\"> <\/span><\/div>\n<div id=\"8p5p3_9kolh\" data-component=\"rtf-block\"><span id=\"8p5p3_9kolh_5ba1n\" class=\"\" data-text=\"true\" data-z-element-type=\"rtf-text\" data-is-whitespace=\"false\">H\u1ea1n s\u1eed d\u1ee5ng<\/span><\/div>\n<div id=\"8p5p3_di6r8\" data-component=\"rtf-block\"><span id=\"8p5p3_di6r8_2plf7\" class=\"\" data-text=\"true\" data-z-element-type=\"rtf-text\" data-is-whitespace=\"false\">18 th\u00e1ng k\u1ec3 t\u1eeb ng\u00e0y s\u1ea3n xu\u1ea5t, 9 th\u00e1ng k\u1ec3 t\u1eeb l\u1ea7n m\u1edf n\u1eafp \u0111\u1ea7u ti\u00ean.<\/span><\/div>\n<div data-component=\"rtf-block\"><\/div>\n<\/div>\n<div data-component=\"rtf-block\">\n<div id=\"2uvpg_2st4c\" data-component=\"rtf-block\"><span id=\"2uvpg_2st4c_34trp\" class=\"\" data-text=\"true\" data-z-element-type=\"rtf-text\" data-is-whitespace=\"false\">Th\u00e0nh Ph\u1ea7n Ch\u00ednh:<\/span><\/div>\n<div id=\"2uvpg_5thfb\" data-component=\"rtf-block\"><span id=\"2uvpg_5thfb_btmcl\" class=\"\" data-text=\"true\" data-z-element-type=\"rtf-text\" data-is-whitespace=\"false\">C\u00e1c Lo\u1ea1i D\u1ea7u Th\u1ef1c V\u1eadt Nguy\u00ean Ch\u1ea5t: H\u01b0\u1edbng D\u01b0\u01a1ng, C\u00e1m G\u1ea1o, H\u1ea1nh Nh\u00e2n, \u00d4 Liu \u0110\u1ecba Trung H\u1ea3i, B\u01a1, Tinh d\u1ea7u Ylang Ylang Nguy\u00ean Ch\u1ea5t, Vitamin E, D\u1ea7u Jojoba. <\/span><\/div>\n<div data-component=\"rtf-block\"><\/div>\n<\/div>\n<div data-component=\"rtf-block\">\n<div id=\"8p5p3_a7s8v\" data-component=\"rtf-block\"><span id=\"8p5p3_a7s8v_1vgnp\" class=\"\" data-text=\"true\" data-z-element-type=\"rtf-text\" data-is-whitespace=\"false\">Xu\u1ea5t x\u1ee9: Vi\u1ec7t Nam<\/span><\/div>\n<div id=\"8p5p3_em19n\" data-component=\"rtf-block\"><span id=\"8p5p3_em19n_aool0\" class=\"\" data-text=\"true\" data-z-element-type=\"rtf-text\" data-is-whitespace=\"false\">Ph\u00e2n ph\u1ed1i \u0111\u1ed9c quy\u1ec1n b\u1edfi Xinh Botanics<\/span><\/div>\n<div id=\"8p5p3_6or10\" data-component=\"rtf-block\"><span id=\"8p5p3_6or10_cfe4t\" class=\"\" data-text=\"true\" data-z-element-type=\"rtf-text\" data-is-whitespace=\"false\">\u0110\u00e3 \u0111\u01b0\u1ee3c ki\u1ec3m nghi\u1ec7m an to\u00e0n b\u1edfi Eurofins Group t\u1eeb Ch\u00e2u \u00c2u<\/span><\/div>\n<\/div>\n<div data-component=\"rtf-block\">\n<article class=\"text-token-text-primary w-full focus:outline-none [--shadow-height:45px] has-data-writing-block:pointer-events-none has-data-writing-block:-mt-(--shadow-height) has-data-writing-block:pt-(--shadow-height) [&amp;:has([data-writing-block])&gt;*]:pointer-events-auto scroll-mt-[calc(var(--header-height)+min(200px,max(70px,20svh)))]\" dir=\"auto\" tabindex=\"-1\" data-turn-id=\"request-692dccee-e2bc-8322-ab85-41eb5606d189-35\" data-testid=\"conversation-turn-132\" data-scroll-anchor=\"true\" data-turn=\"assistant\">\n<div class=\"text-base my-auto mx-auto pb-10 [--thread-content-margin:--spacing(4)] thread-sm:[--thread-content-margin:--spacing(6)] thread-lg:[--thread-content-margin:--spacing(16)] px-(--thread-content-margin)\">\n<div class=\"[--thread-content-max-width:40rem] thread-lg:[--thread-content-max-width:48rem] mx-auto max-w-(--thread-content-max-width) flex-1 group\/turn-messages focus-visible:outline-hidden relative flex w-full min-w-0 flex-col agent-turn\" tabindex=\"-1\">\n<div class=\"z-0 flex min-h-[46px] justify-start\"><\/div>\n<div class=\"mt-3 w-full empty:hidden\">\n<div class=\"text-center\"><\/div>\n<\/div>\n<\/div>\n<\/div>\n<\/article>\n<div class=\"pointer-events-none h-px w-px\" aria-hidden=\"true\" data-edge=\"true\"><\/div>\n<\/div>\n","protected":false},"excerpt":{"rendered":"<p>H\u00e3y nu\u00f4ng chi\u1ec1u l\u00e0n da v\u1edbi d\u1ea7u d\u01b0\u1ee1ng th\u1ec3 sang tr\u1ecdng, ho\u00e0n to\u00e0n t\u1ef1 nhi\u00ean c\u1ee7a ch\u00fang t\u00f4i, k\u1ebft h\u1ee3p c\u00e1c lo\u1ea1i d\u1ea7u th\u1ef1c v\u1eadt bao g\u1ed3m: h\u01b0\u1edbng d\u01b0\u01a1ng, g\u1ea1o, h\u1ea1nh nh\u00e2n, olive \u0110\u1ecba Trung H\u1ea3i v\u00e0 b\u01a1 avocado. \u0110\u01b0\u1ee3c pha tr\u1ed9n tinh t\u1ebf v\u1edbi tinh d\u1ea7u Ylang Ylang nguy\u00ean ch\u1ea5t, c\u00f4ng th\u1ee9c gi\u00e0u d\u01b0\u1ee1ng ch\u1ea5t n\u00e0y c\u00f2n ch\u1ee9a Vitamin E v\u00e0 d\u1ea7u Jojoba gi\u00fap d\u01b0\u1ee1ng \u1ea9m v\u00e0 t\u00e1i t\u1ea1o l\u00e0n da. <\/p>\n","protected":false},"featured_media":11999,"template":"","meta":[],"pwb-brand":[412],"product_cat":[397,401],"product_tag":[],"class_list":{"0":"post-12924","1":"product","2":"type-product","3":"status-publish","4":"has-post-thumbnail","6":"pwb-brand-gaia-guy-vi","7":"product_cat-cham-soc-co-the","8":"product_cat-duong-am","10":"first","11":"instock","12":"shipping-taxable","13":"purchasable","14":"product-type-simple"},"acf":[],"brands":[{"id":412,"name":"Gaia Guy","slug":"gaia-guy-vi"}],"_links":{"self":[{"href":"https:\/\/bynature.vn\/vi\/wp-json\/wp\/v2\/product\/12924","targetHints":{"allow":["GET"]}}],"collection":[{"href":"https:\/\/bynature.vn\/vi\/wp-json\/wp\/v2\/product"}],"about":[{"href":"https:\/\/bynature.vn\/vi\/wp-json\/wp\/v2\/types\/product"}],"wp:featuredmedia":[{"embeddable":true,"href":"https:\/\/bynature.vn\/vi\/wp-json\/wp\/v2\/media\/11999"}],"wp:attachment":[{"href":"https:\/\/bynature.vn\/vi\/wp-json\/wp\/v2\/media?parent=12924"}],"wp:term":[{"taxonomy":"pwb-brand","embeddable":true,"href":"https:\/\/bynature.vn\/vi\/wp-json\/wp\/v2\/pwb-brand?post=12924"},{"taxonomy":"product_cat","embeddable":true,"href":"https:\/\/bynature.vn\/vi\/wp-json\/wp\/v2\/product_cat?post=12924"},{"taxonomy":"product_tag","embeddable":true,"href":"https:\/\/bynature.vn\/vi\/wp-json\/wp\/v2\/product_tag?post=12924"}],"curies":[{"name":"wp","href":"https:\/\/api.w.org\/{rel}","templated":true}]}}