{"id":12923,"date":"2025-03-20T10:05:56","date_gmt":"2025-03-20T03:05:56","guid":{"rendered":"https:\/\/bynature.vn\/product\/500g-hanh-tim\/"},"modified":"2025-03-20T10:05:56","modified_gmt":"2025-03-20T03:05:56","slug":"500g-hanh-tim","status":"publish","type":"product","link":"https:\/\/bynature.vn\/vi\/product\/500g-hanh-tim\/","title":{"rendered":"500g H\u00e0nh T\u00edm"},"content":{"rendered":"<p>H\u00e0nh t\u00edm t\u01b0\u01a1i t\u1eeb n\u00f4ng tr\u1ea1i, ho\u00e0n to\u00e0n t\u1ef1 nhi\u00ean<\/p>\n<p>Nh\u1eefng c\u1ee7 h\u00e0nh t\u00edm c\u1ee7a ch\u00fang t\u00f4i \u0111\u01b0\u1ee3c tr\u1ed3ng m\u00e0 kh\u00f4ng s\u1eed d\u1ee5ng ph\u00e2n b\u00f3n hay thu\u1ed1c tr\u1eeb s\u00e2u t\u1ed5ng h\u1ee3p, \u0111\u1ea3m b\u1ea3o b\u1ea1n nh\u1eadn \u0111\u01b0\u1ee3c nguy\u00ean li\u1ec7u thu\u1ea7n khi\u1ebft v\u00e0 l\u00e0nh m\u1ea1nh nh\u1ea5t. V\u1edbi h\u01b0\u01a1ng v\u1ecb c\u00e2n b\u1eb1ng gi\u1eefa ng\u1ecdt v\u00e0 cay nh\u1eb9, h\u00e0nh t\u00edm n\u00e0y t\u0103ng h\u01b0\u01a1ng v\u1ecb cho salad, sandwich v\u00e0 v\u00f4 s\u1ed1 m\u00f3n \u0103n kh\u00e1c. Ho\u00e0n h\u1ea3o \u0111\u1ec3 n\u01b0\u1edbng, x\u00e0o, mu\u1ed1i chua, ho\u1eb7c d\u00f9ng \u0103n s\u1ed1ng trong c\u00e1c m\u00f3n y\u00eau th\u00edch, mang \u0111\u1ebfn s\u1ef1 linh ho\u1ea1t tuy\u1ec7t v\u1eddi trong b\u1ebfp.<\/p>\n<div class=\"flex max-w-full flex-col grow\">\n<div class=\"min-h-8 text-message relative flex w-full flex-col items-end gap-2 text-start break-words whitespace-normal [.text-message+&amp;]:mt-1\" dir=\"auto\" data-message-author-role=\"assistant\" data-message-id=\"0099ad43-64ef-46a7-a812-7e0436196af9\" data-message-model-slug=\"gpt-5-mini\">\n<div class=\"flex w-full flex-col gap-1 empty:hidden first:pt-[1px]\">\n<div class=\"markdown prose dark:prose-invert w-full break-words light markdown-new-styling\"><\/div>\n<\/div>\n<\/div>\n<\/div>\n<div class=\"border-token-border-light my-2 flex gap-10 border-t pt-4\">\n<div class=\"flex items-center justify-center overflow-hidden h-14 w-14 rounded-lg\"><\/div>\n<\/div>\n","protected":false},"excerpt":{"rendered":"<p>H\u00e3y tr\u1ea3i nghi\u1ec7m h\u01b0\u01a1ng v\u1ecb \u0111\u1eadm \u0111\u00e0, tr\u1ecdn v\u1eb9n v\u00e0 k\u1ebft c\u1ea5u gi\u00f2n ngon c\u1ee7a nh\u1eefng c\u1ee7 h\u00e0nh t\u00edm t\u01b0\u01a1i t\u1eeb n\u00f4ng tr\u1ea1i, ho\u00e0n to\u00e0n t\u1ef1 nhi\u00ean. \u0110\u01b0\u1ee3c tr\u1ed3ng c\u1ea9n th\u1eadn v\u00e0 thu ho\u1ea1ch khi ch\u00edn m\u1ecdng nh\u1ea5t, nh\u1eefng c\u1ee7 h\u00e0nh n\u00e0y s\u1edf h\u1eefu m\u00e0u s\u1eafc r\u1ef1c r\u1ee1 v\u00e0 h\u01b0\u01a1ng v\u1ecb \u0111\u1eb7c tr\u01b0ng, n\u00e2ng t\u1ea7m m\u1ecdi m\u00f3n \u0103n.<\/p>\n<article class=\"text-token-text-primary w-full focus:outline-none [--shadow-height:45px] has-data-writing-block:pointer-events-none has-data-writing-block:-mt-(--shadow-height) has-data-writing-block:pt-(--shadow-height) [&amp;:has([data-writing-block])&gt;*]:pointer-events-auto scroll-mt-[calc(var(--header-height)+min(200px,max(70px,20svh)))]\" dir=\"auto\" tabindex=\"-1\" data-turn-id=\"request-692dccee-e2bc-8322-ab85-41eb5606d189-32\" data-testid=\"conversation-turn-126\" data-scroll-anchor=\"true\" data-turn=\"assistant\">\n<div class=\"text-base my-auto mx-auto pb-10 [--thread-content-margin:--spacing(4)] thread-sm:[--thread-content-margin:--spacing(6)] thread-lg:[--thread-content-margin:--spacing(16)] px-(--thread-content-margin)\">\n<div class=\"[--thread-content-max-width:40rem] thread-lg:[--thread-content-max-width:48rem] mx-auto max-w-(--thread-content-max-width) flex-1 group\/turn-messages focus-visible:outline-hidden relative flex w-full min-w-0 flex-col agent-turn\" tabindex=\"-1\">\n<div class=\"flex max-w-full flex-col grow\">\n<div class=\"min-h-8 text-message relative flex w-full flex-col items-end gap-2 text-start break-words whitespace-normal [.text-message+&amp;]:mt-1\" dir=\"auto\" data-message-author-role=\"assistant\" data-message-id=\"e580fe98-3967-453d-b55b-86d2fb158a05\" data-message-model-slug=\"gpt-5-mini\">\n<div class=\"flex w-full flex-col gap-1 empty:hidden first:pt-[1px]\">\n<div class=\"markdown prose dark:prose-invert w-full break-words light markdown-new-styling\"><\/div>\n<\/div>\n<\/div>\n<\/div>\n<\/div>\n<\/div>\n<\/article>\n","protected":false},"featured_media":11215,"template":"","meta":[],"pwb-brand":[],"product_cat":[381,241,373,233],"product_tag":[],"class_list":{"0":"post-12923","1":"product","2":"type-product","3":"status-publish","4":"has-post-thumbnail","6":"product_cat-cu-gia-vi","7":"product_cat-rau-cu-qua","8":"product_cat-rau-cu-khoai","9":"product_cat-rau-cu-qua-trai-cay","11":"first","12":"outofstock","13":"shipping-taxable","14":"purchasable","15":"product-type-simple"},"acf":[],"brands":[],"_links":{"self":[{"href":"https:\/\/bynature.vn\/vi\/wp-json\/wp\/v2\/product\/12923","targetHints":{"allow":["GET"]}}],"collection":[{"href":"https:\/\/bynature.vn\/vi\/wp-json\/wp\/v2\/product"}],"about":[{"href":"https:\/\/bynature.vn\/vi\/wp-json\/wp\/v2\/types\/product"}],"wp:featuredmedia":[{"embeddable":true,"href":"https:\/\/bynature.vn\/vi\/wp-json\/wp\/v2\/media\/11215"}],"wp:attachment":[{"href":"https:\/\/bynature.vn\/vi\/wp-json\/wp\/v2\/media?parent=12923"}],"wp:term":[{"taxonomy":"pwb-brand","embeddable":true,"href":"https:\/\/bynature.vn\/vi\/wp-json\/wp\/v2\/pwb-brand?post=12923"},{"taxonomy":"product_cat","embeddable":true,"href":"https:\/\/bynature.vn\/vi\/wp-json\/wp\/v2\/product_cat?post=12923"},{"taxonomy":"product_tag","embeddable":true,"href":"https:\/\/bynature.vn\/vi\/wp-json\/wp\/v2\/product_tag?post=12923"}],"curies":[{"name":"wp","href":"https:\/\/api.w.org\/{rel}","templated":true}]}}