{"id":12922,"date":"2025-03-25T17:13:40","date_gmt":"2025-03-25T10:13:40","guid":{"rendered":"https:\/\/bynature.vn\/product\/gel-tao-bien-700g\/"},"modified":"2025-03-25T17:13:40","modified_gmt":"2025-03-25T10:13:40","slug":"gel-tao-bien-700g","status":"publish","type":"product","link":"https:\/\/bynature.vn\/vi\/product\/gel-tao-bien-700g\/","title":{"rendered":"Gel T\u1ea3o Bi\u1ec3n 700g"},"content":{"rendered":"<p>Li\u1ec1u l\u01b0\u1ee3ng n\u0103ng l\u01b0\u1ee3ng t\u1eeb thi\u00ean nhi\u00ean m\u1ed7i ng\u00e0y! Lo\u1ea1i gel t\u1ea3o bi\u1ec3n si\u00eau m\u1ecbn, \u0111\u00e1nh \u0111\u00f4i c\u00f4ng th\u1ee9c \u0111\u1ed9c \u0111\u00e1o, \u0111\u01b0\u1ee3c l\u00e0m ch\u1ec9 v\u1edbi n\u01b0\u1edbc ki\u1ec1m, cung c\u1ea5p 92 kho\u00e1ng ch\u1ea5t thi\u1ebft y\u1ebfu trong m\u1ed7i th\u00eca. Thu ho\u1ea1ch t\u1ea1i \u0111\u1ecba ph\u01b0\u01a1ng, s\u1ea5y kh\u00f4 d\u01b0\u1edbi n\u1eafng v\u00e0 \u0111\u00f3ng trong h\u0169 t\u00e1i s\u1eed d\u1ee5ng (c\u00f3 th\u1ec3 \u0111\u00f4ng l\u1ea1nh \u0111\u1ec3 d\u00f9ng sau!). Ch\u1ec9 c\u1ea7n 1\u20132 th\u00eca m\u1ed7i ng\u00e0y l\u00e0 \u0111\u1ee7 \u0111\u1ec3 t\u1ea1o t\u00e1c \u0111\u1ed9ng l\u1edbn. C\u00f3 th\u1ec3 xay v\u00e0o sinh t\u1ed1, n\u01b0\u1edbc \u00e9p, ch\u00e1o y\u1ebfn m\u1ea1ch ho\u1eb7c c\u00e1c m\u00f3n dip \u0111\u1ec3 b\u1ed5 sung dinh d\u01b0\u1ee1ng m\u1ed9t c\u00e1ch sang tr\u1ecdng.    <\/p>\n","protected":false},"excerpt":{"rendered":"<p>Gel T\u1ea3o Bi\u1ec3n Cao C\u1ea5p t\u1ef1 nhi\u00ean + t\u01b0\u01a1i m\u1edbi<\/p>\n","protected":false},"featured_media":11244,"template":"","meta":[],"pwb-brand":[],"product_cat":[608,252],"product_tag":[615,614,609],"class_list":{"0":"post-12922","1":"product","2":"type-product","3":"status-publish","4":"has-post-thumbnail","6":"product_cat-rong-bien","7":"product_cat-do-kho","8":"product_tag-khoang-chat","9":"product_tag-nang-luong","10":"product_tag-rong-bien","12":"first","13":"instock","14":"shipping-taxable","15":"purchasable","16":"product-type-simple"},"acf":[],"brands":[],"_links":{"self":[{"href":"https:\/\/bynature.vn\/vi\/wp-json\/wp\/v2\/product\/12922","targetHints":{"allow":["GET"]}}],"collection":[{"href":"https:\/\/bynature.vn\/vi\/wp-json\/wp\/v2\/product"}],"about":[{"href":"https:\/\/bynature.vn\/vi\/wp-json\/wp\/v2\/types\/product"}],"wp:featuredmedia":[{"embeddable":true,"href":"https:\/\/bynature.vn\/vi\/wp-json\/wp\/v2\/media\/11244"}],"wp:attachment":[{"href":"https:\/\/bynature.vn\/vi\/wp-json\/wp\/v2\/media?parent=12922"}],"wp:term":[{"taxonomy":"pwb-brand","embeddable":true,"href":"https:\/\/bynature.vn\/vi\/wp-json\/wp\/v2\/pwb-brand?post=12922"},{"taxonomy":"product_cat","embeddable":true,"href":"https:\/\/bynature.vn\/vi\/wp-json\/wp\/v2\/product_cat?post=12922"},{"taxonomy":"product_tag","embeddable":true,"href":"https:\/\/bynature.vn\/vi\/wp-json\/wp\/v2\/product_tag?post=12922"}],"curies":[{"name":"wp","href":"https:\/\/api.w.org\/{rel}","templated":true}]}}