{"id":12921,"date":"2025-03-25T17:32:34","date_gmt":"2025-03-25T10:32:34","guid":{"rendered":"https:\/\/bynature.vn\/product\/keo-tao-bien-tui-hon-hop-150g\/"},"modified":"2025-03-25T17:32:34","modified_gmt":"2025-03-25T10:32:34","slug":"keo-tao-bien-tui-hon-hop-150g","status":"publish","type":"product","link":"https:\/\/bynature.vn\/vi\/product\/keo-tao-bien-tui-hon-hop-150g\/","title":{"rendered":"K\u1eb9o T\u1ea3o Bi\u1ec3n &#8211; T\u00fai H\u1ed7n H\u1ee3p 150g"},"content":{"rendered":"<p>K\u1eb9o T\u1ea3o Bi\u1ec3n t\u1ef1 nhi\u00ean + t\u01b0\u01a1i m\u1edbi &#8211; T\u00fai H\u1ed7n H\u1ee3p<\/p>\n<article class=\"text-token-text-primary w-full focus:outline-none [--shadow-height:45px] has-data-writing-block:pointer-events-none has-data-writing-block:-mt-(--shadow-height) has-data-writing-block:pt-(--shadow-height) [&amp;:has([data-writing-block])&gt;*]:pointer-events-auto scroll-mt-[calc(var(--header-height)+min(200px,max(70px,20svh)))]\" dir=\"auto\" tabindex=\"-1\" data-turn-id=\"request-692dccee-e2bc-8322-ab85-41eb5606d189-23\" data-testid=\"conversation-turn-108\" data-scroll-anchor=\"true\" data-turn=\"assistant\">\n<div class=\"text-base my-auto mx-auto pb-10 [--thread-content-margin:--spacing(4)] thread-sm:[--thread-content-margin:--spacing(6)] thread-lg:[--thread-content-margin:--spacing(16)] px-(--thread-content-margin)\">\n<div class=\"[--thread-content-max-width:40rem] thread-lg:[--thread-content-max-width:48rem] mx-auto max-w-(--thread-content-max-width) flex-1 group\/turn-messages focus-visible:outline-hidden relative flex w-full min-w-0 flex-col agent-turn\" tabindex=\"-1\">\n<div class=\"flex max-w-full flex-col grow\">\n<div class=\"min-h-8 text-message relative flex w-full flex-col items-end gap-2 text-start break-words whitespace-normal [.text-message+&amp;]:mt-1\" dir=\"auto\" data-message-author-role=\"assistant\" data-message-id=\"6cd37dc5-9054-460f-9923-9b094b38913f\" data-message-model-slug=\"gpt-5-mini\">\n<div class=\"flex w-full flex-col gap-1 empty:hidden first:pt-[1px]\">\n<div class=\"markdown prose dark:prose-invert w-full break-words light markdown-new-styling\">\n<p data-start=\"0\" data-end=\"55\" data-is-last-node=\"\" data-is-only-node=\"\">\n<\/div>\n<\/div>\n<\/div>\n<\/div>\n<div class=\"z-0 flex min-h-[46px] justify-start\"><\/div>\n<div class=\"mt-3 w-full empty:hidden\">\n<div class=\"text-center\"><\/div>\n<\/div>\n<\/div>\n<\/div>\n<\/article>\n<div class=\"pointer-events-none h-px w-px\" aria-hidden=\"true\" data-edge=\"true\"><\/div>\n<div class=\"flex max-w-full flex-col grow\">\n<div class=\"min-h-8 text-message relative flex w-full flex-col items-end gap-2 text-start break-words whitespace-normal [.text-message+&amp;]:mt-1\" dir=\"auto\" data-message-author-role=\"assistant\" data-message-id=\"d14eabec-f6b9-4a9f-8e51-a063ca49a84d\" data-message-model-slug=\"gpt-5-mini\">\n<div class=\"flex w-full flex-col gap-1 empty:hidden first:pt-[1px]\">\n<div class=\"markdown prose dark:prose-invert w-full break-words light markdown-new-styling\"><\/div>\n<\/div>\n<\/div>\n<\/div>\n<div class=\"z-0 flex min-h-[46px] justify-start\"><\/div>\n<div class=\"border-token-border-light my-2 flex gap-10 border-t pt-4\">\n<div class=\"flex items-center justify-center overflow-hidden h-14 w-14 rounded-lg\"><\/div>\n<\/div>\n","protected":false},"excerpt":{"rendered":"<p>H\u00e3y \u0111\u1ecbnh ngh\u0129a l\u1ea1i \u0103n v\u1eb7t l\u00e0nh m\u1ea1nh! Ch\u1ec9 \u0111\u01b0\u1ee3c l\u00e0m t\u1eeb ba nguy\u00ean li\u1ec7u t\u1ef1 nhi\u00ean\u2014tr\u00e1i c\u00e2y th\u1eadt, \u0111\u01b0\u1eddng d\u1eeba v\u00e0 t\u1ea3o bi\u1ec3n\u2014nh\u1eefng m\u00f3n \u0103n ng\u1ecdt t\u1ef1 nhi\u00ean, gi\u00e0u dinh d\u01b0\u1ee1ng n\u00e0y ho\u00e0n h\u1ea3o \u0111\u1ec3 cung c\u1ea5p n\u0103ng l\u01b0\u1ee3ng trong m\u1ecdi h\u00e0nh tr\u00ecnh. Th\u01b0\u1edfng th\u1ee9c m\u1ed9t c\u00e1ch ngon l\u00e0nh \u0111\u1ec3 cung c\u1ea5p n\u0103ng l\u01b0\u1ee3ng cho c\u01a1 th\u1ec3 b\u1ea1n v\u1edbi c\u00e1c kho\u00e1ng ch\u1ea5t thi\u1ebft y\u1ebfu v\u00e0 m\u1ed9t m\u00f3n ngon b\u1ed5 d\u01b0\u1ee1ng m\u1ecdi l\u00fac, m\u1ecdi n\u01a1i.  <\/p>\n","protected":false},"featured_media":11249,"template":"","meta":[],"pwb-brand":[],"product_cat":[608,252],"product_tag":[612,609,613],"class_list":{"0":"post-12921","1":"product","2":"type-product","3":"status-publish","4":"has-post-thumbnail","6":"product_cat-rong-bien","7":"product_cat-do-kho","8":"product_tag-keo","9":"product_tag-rong-bien","10":"product_tag-thach","12":"first","13":"instock","14":"shipping-taxable","15":"purchasable","16":"product-type-simple"},"acf":[],"brands":[],"_links":{"self":[{"href":"https:\/\/bynature.vn\/vi\/wp-json\/wp\/v2\/product\/12921","targetHints":{"allow":["GET"]}}],"collection":[{"href":"https:\/\/bynature.vn\/vi\/wp-json\/wp\/v2\/product"}],"about":[{"href":"https:\/\/bynature.vn\/vi\/wp-json\/wp\/v2\/types\/product"}],"wp:featuredmedia":[{"embeddable":true,"href":"https:\/\/bynature.vn\/vi\/wp-json\/wp\/v2\/media\/11249"}],"wp:attachment":[{"href":"https:\/\/bynature.vn\/vi\/wp-json\/wp\/v2\/media?parent=12921"}],"wp:term":[{"taxonomy":"pwb-brand","embeddable":true,"href":"https:\/\/bynature.vn\/vi\/wp-json\/wp\/v2\/pwb-brand?post=12921"},{"taxonomy":"product_cat","embeddable":true,"href":"https:\/\/bynature.vn\/vi\/wp-json\/wp\/v2\/product_cat?post=12921"},{"taxonomy":"product_tag","embeddable":true,"href":"https:\/\/bynature.vn\/vi\/wp-json\/wp\/v2\/product_tag?post=12921"}],"curies":[{"name":"wp","href":"https:\/\/api.w.org\/{rel}","templated":true}]}}