{"id":12920,"date":"2025-03-25T17:35:33","date_gmt":"2025-03-25T10:35:33","guid":{"rendered":"https:\/\/bynature.vn\/product\/rong-bien-soi-tho-100g\/"},"modified":"2025-03-25T17:35:33","modified_gmt":"2025-03-25T10:35:33","slug":"rong-bien-soi-tho-100g","status":"publish","type":"product","link":"https:\/\/bynature.vn\/vi\/product\/rong-bien-soi-tho-100g\/","title":{"rendered":"Rong Bi\u1ec3n &#8211; S\u1ee3i Th\u00f4 100g"},"content":{"rendered":"<p>S\u1ee3i Th\u00f4 t\u1ef1 nhi\u00ean + thu\u1ea7n khi\u1ebft \u2013 C\u1ed1t L\u00f5i Tinh T\u00fay<br \/>Th\u00edch t\u1ef1 tay l\u00e0m gel c\u1ee7a ri\u00eang m\u00ecnh? Nh\u1eefng s\u1ee3i t\u1ea3o bi\u1ec3n nguy\u00ean ch\u1ea5t, ph\u01a1i kh\u00f4 d\u01b0\u1edbi n\u1eafng n\u00e0y cho ph\u00e9p b\u1ea1n t\u1ea1o gel t\u01b0\u01a1i ch\u1ec9 trong 3 b\u01b0\u1edbc \u0111\u01a1n gi\u1ea3n. Ho\u00e0n h\u1ea3o cho ng\u01b0\u1eddi hay \u0111i du l\u1ecbch ho\u1eb7c nh\u1eefng ai y\u00eau th\u00edch t\u1ef1 ch\u1ebf bi\u1ebfn c\u00e1c s\u1ea3n ph\u1ea9m ch\u0103m s\u00f3c s\u1ee9c kh\u1ecfe t\u1eeb \u0111\u1ea7u. Ng\u00e2m, xay, v\u00e0 t\u1eadn h\u01b0\u1edfng ngu\u1ed3n kho\u00e1ng ch\u1ea5t t\u1ed1i \u01b0u\u2014\u1edf b\u1ea5t c\u1ee9 \u0111\u00e2u b\u1ea1n mu\u1ed1n.   <\/p>\n","protected":false},"excerpt":{"rendered":"<p>S\u1ee3i Th\u00f4 t\u1ef1 nhi\u00ean + thu\u1ea7n khi\u1ebft \u2013 C\u1ed1t L\u00f5i Tinh T\u00fayTh\u00edch t\u1ef1 tay l\u00e0m gel c\u1ee7a ri\u00eang m\u00ecnh? Nh\u1eefng s\u1ee3i t\u1ea3o bi\u1ec3n nguy\u00ean ch\u1ea5t, ph\u01a1i kh\u00f4 d\u01b0\u1edbi n\u1eafng n\u00e0y cho ph\u00e9p b\u1ea1n t\u1ea1o gel t\u01b0\u01a1i ch\u1ec9 trong 3 b\u01b0\u1edbc \u0111\u01a1n gi\u1ea3n. Ho\u00e0n h\u1ea3o cho ng\u01b0\u1eddi hay \u0111i du l\u1ecbch ho\u1eb7c nh\u1eefng ai y\u00eau th\u00edch &hellip; <\/p>\n<p class=\"link-more\"><a href=\"https:\/\/bynature.vn\/vi\/product\/rong-bien-soi-tho-100g\/\" class=\"more-link\">Continue reading<span class=\"screen-reader-text\"> &#8220;Rong Bi\u1ec3n &#8211; S\u1ee3i Th\u00f4 100g&#8221;<\/span><\/a><\/p>\n","protected":false},"featured_media":11247,"template":"","meta":[],"pwb-brand":[],"product_cat":[608,252],"product_tag":[611,609,610,547],"class_list":{"0":"post-12920","1":"product","2":"type-product","3":"status-publish","4":"has-post-thumbnail","6":"product_cat-rong-bien","7":"product_cat-do-kho","8":"product_tag-gel-vi","9":"product_tag-rong-bien","10":"product_tag-tho","11":"product_tag-tinh-khiet","13":"first","14":"outofstock","15":"shipping-taxable","16":"purchasable","17":"product-type-simple"},"acf":[],"brands":[],"_links":{"self":[{"href":"https:\/\/bynature.vn\/vi\/wp-json\/wp\/v2\/product\/12920","targetHints":{"allow":["GET"]}}],"collection":[{"href":"https:\/\/bynature.vn\/vi\/wp-json\/wp\/v2\/product"}],"about":[{"href":"https:\/\/bynature.vn\/vi\/wp-json\/wp\/v2\/types\/product"}],"wp:featuredmedia":[{"embeddable":true,"href":"https:\/\/bynature.vn\/vi\/wp-json\/wp\/v2\/media\/11247"}],"wp:attachment":[{"href":"https:\/\/bynature.vn\/vi\/wp-json\/wp\/v2\/media?parent=12920"}],"wp:term":[{"taxonomy":"pwb-brand","embeddable":true,"href":"https:\/\/bynature.vn\/vi\/wp-json\/wp\/v2\/pwb-brand?post=12920"},{"taxonomy":"product_cat","embeddable":true,"href":"https:\/\/bynature.vn\/vi\/wp-json\/wp\/v2\/product_cat?post=12920"},{"taxonomy":"product_tag","embeddable":true,"href":"https:\/\/bynature.vn\/vi\/wp-json\/wp\/v2\/product_tag?post=12920"}],"curies":[{"name":"wp","href":"https:\/\/api.w.org\/{rel}","templated":true}]}}