{"id":12919,"date":"2025-04-17T11:23:21","date_gmt":"2025-04-17T04:23:21","guid":{"rendered":"https:\/\/bynature.vn\/product\/pho-mai-gia-hat-dieu-co-dien\/"},"modified":"2025-04-17T11:23:21","modified_gmt":"2025-04-17T04:23:21","slug":"pho-mai-gia-hat-dieu-co-dien","status":"publish","type":"product","link":"https:\/\/bynature.vn\/vi\/product\/pho-mai-gia-hat-dieu-co-dien\/","title":{"rendered":"Ph\u00f4 Mai Gi\u00e0 H\u1ea1t \u0110i\u1ec1u C\u1ed5 \u0110i\u1ec3n"},"content":{"rendered":"<p>Ph\u00f4 Mai Gi\u00e0 H\u1ea1t \u0110i\u1ec1u C\u1ed5 \u0110i\u1ec3n l\u00e0 lo\u1ea1i ph\u00f4 mai \u0111\u01a1n gi\u1ea3n v\u00e0 linh ho\u1ea1t, \u0111\u01b0\u1ee3c l\u00e0m ch\u1ec9 t\u1eeb h\u1ea1t \u0111i\u1ec1u, men vi sinh, n\u01b0\u1edbc, mu\u1ed1i c\u00f9ng ph\u00e9p m\u00e0u c\u1ee7a qu\u00e1 tr\u00ecnh l\u00ean men v\u00e0 \u1ee7 gi\u00e0.<\/p>\n<p><strong>Th\u00e0nh ph\u1ea7n:<\/strong> H\u1ea1t \u0111i\u1ec1u, n\u01b0\u1edbc l\u1ecdc (RO), mu\u1ed1i, men vi sinh<br \/>\n<strong>Tr\u1ecdng l\u01b0\u1ee3ng:<\/strong> 160gr <\/p>\n<p><strong><span data-sheets-root=\"1\" data-sheets-value=\"{\"1\":2,\"2\":\"Cashew nuts, Filtered water (RO), salt, cultures\"}\" data-sheets-userformat=\"{\"2\":15357,\"3\":{\"1\":0},\"5\":{\"1\":[{\"1\":2,\"2\":0,\"5\":{\"1\":2,\"2\":0}},{\"1\":0,\"2\":0,\"3\":3},{\"1\":1,\"2\":0,\"4\":1}]},\"6\":{\"1\":[{\"1\":2,\"2\":0,\"5\":{\"1\":2,\"2\":0}},{\"1\":0,\"2\":0,\"3\":3},{\"1\":1,\"2\":0,\"4\":1}]},\"7\":{\"1\":[{\"1\":2,\"2\":0,\"5\":{\"1\":2,\"2\":0}},{\"1\":0,\"2\":0,\"3\":3},{\"1\":1,\"2\":0,\"4\":1}]},\"8\":{\"1\":[{\"1\":2,\"2\":0,\"5\":{\"1\":2,\"2\":0}},{\"1\":0,\"2\":0,\"3\":3},{\"1\":1,\"2\":0,\"4\":1}]},\"9\":0,\"10\":1,\"11\":4,\"12\":0,\"14\":{\"1\":3,\"3\":1},\"15\":\"Times New Roman\",\"16\":11}\">Th\u00f4ng Tin Dinh D\u01b0\u1ee1ng m\u1ed7i 100gr:<br \/>\n<\/span><\/strong><span data-sheets-root=\"1\" data-sheets-value=\"{\"1\":2,\"2\":\"Cashew nuts, Filtered water (RO), salt, cultures\"}\" data-sheets-userformat=\"{\"2\":15357,\"3\":{\"1\":0},\"5\":{\"1\":[{\"1\":2,\"2\":0,\"5\":{\"1\":2,\"2\":0}},{\"1\":0,\"2\":0,\"3\":3},{\"1\":1,\"2\":0,\"4\":1}]},\"6\":{\"1\":[{\"1\":2,\"2\":0,\"5\":{\"1\":2,\"2\":0}},{\"1\":0,\"2\":0,\"3\":3},{\"1\":1,\"2\":0,\"4\":1}]},\"7\":{\"1\":[{\"1\":2,\"2\":0,\"5\":{\"1\":2,\"2\":0}},{\"1\":0,\"2\":0,\"3\":3},{\"1\":1,\"2\":0,\"4\":1}]},\"8\":{\"1\":[{\"1\":2,\"2\":0,\"5\":{\"1\":2,\"2\":0}},{\"1\":0,\"2\":0,\"3\":3},{\"1\":1,\"2\":0,\"4\":1}]},\"9\":0,\"10\":1,\"11\":4,\"12\":0,\"14\":{\"1\":3,\"3\":1},\"15\":\"Times New Roman\",\"16\":11}\">N\u0103ng l\u01b0\u1ee3ng: 416kcal<br \/>\nCh\u1ea5t b\u00e9o: 32,9g<br \/>\nCh\u1ea5t \u0111\u1ea1m: 14.8g<br \/>\nHydrat carbon: 15.2g<br \/>\nCanxi: 328mg<\/span><\/p>\n","protected":false},"excerpt":{"rendered":"<p>H\u00e3y t\u1eadn h\u01b0\u1edfng h\u01b0\u01a1ng v\u1ecb b\u00e9o ng\u1eady v\u00e0 m\u1ecbn m\u00e0ng c\u1ee7a Ph\u00f4 Mai Gi\u00e0 H\u1ea1t \u0110i\u1ec1u m\u1edbi t\u1eeb ByNature. S\u1ea3n ph\u1ea9m 160g n\u00e0y \u0111\u01b0\u1ee3c ch\u1ebf bi\u1ebfn ho\u00e0n to\u00e0n thu\u1ea7n chay, t\u1eeb 100% nguy\u00ean li\u1ec7u t\u1ef1 nhi\u00ean, mang \u0111\u1ebfn tr\u1ea3i nghi\u1ec7m \u1ea9m th\u1ef1c cao c\u1ea5p kh\u00f4ng lo t\u1ed9i l\u1ed7i. V\u1ecb chua nh\u1eb9 tinh t\u1ebf c\u00f9ng k\u1ebft c\u1ea5u m\u1ecbn m\u00e0ng c\u1ee7a ph\u00f4 mai ho\u00e0n h\u1ea3o \u0111\u1ec3 t\u0103ng h\u01b0\u01a1ng v\u1ecb cho c\u00e1c m\u00f3n \u0103n y\u00eau th\u00edch ho\u1eb7c th\u01b0\u1edfng th\u1ee9c ri\u00eang.  <\/p>\n","protected":false},"featured_media":11343,"template":"","meta":[],"pwb-brand":[],"product_cat":[607,220],"product_tag":[],"class_list":{"0":"post-12919","1":"product","2":"type-product","3":"status-publish","4":"has-post-thumbnail","6":"product_cat-pho-mai-hat-dieu","7":"product_cat-bo-trung-sua","9":"first","10":"instock","11":"shipping-taxable","12":"purchasable","13":"product-type-simple"},"acf":[],"brands":[],"_links":{"self":[{"href":"https:\/\/bynature.vn\/vi\/wp-json\/wp\/v2\/product\/12919","targetHints":{"allow":["GET"]}}],"collection":[{"href":"https:\/\/bynature.vn\/vi\/wp-json\/wp\/v2\/product"}],"about":[{"href":"https:\/\/bynature.vn\/vi\/wp-json\/wp\/v2\/types\/product"}],"wp:featuredmedia":[{"embeddable":true,"href":"https:\/\/bynature.vn\/vi\/wp-json\/wp\/v2\/media\/11343"}],"wp:attachment":[{"href":"https:\/\/bynature.vn\/vi\/wp-json\/wp\/v2\/media?parent=12919"}],"wp:term":[{"taxonomy":"pwb-brand","embeddable":true,"href":"https:\/\/bynature.vn\/vi\/wp-json\/wp\/v2\/pwb-brand?post=12919"},{"taxonomy":"product_cat","embeddable":true,"href":"https:\/\/bynature.vn\/vi\/wp-json\/wp\/v2\/product_cat?post=12919"},{"taxonomy":"product_tag","embeddable":true,"href":"https:\/\/bynature.vn\/vi\/wp-json\/wp\/v2\/product_tag?post=12919"}],"curies":[{"name":"wp","href":"https:\/\/api.w.org\/{rel}","templated":true}]}}