{"id":12918,"date":"2025-04-17T11:28:41","date_gmt":"2025-04-17T04:28:41","guid":{"rendered":"https:\/\/bynature.vn\/product\/pho-mai-gia-hat-dieu-tieu\/"},"modified":"2025-04-17T11:28:41","modified_gmt":"2025-04-17T04:28:41","slug":"pho-mai-gia-hat-dieu-tieu","status":"publish","type":"product","link":"https:\/\/bynature.vn\/vi\/product\/pho-mai-gia-hat-dieu-tieu\/","title":{"rendered":"Ph\u00f4 Mai Gi\u00e0 H\u1ea1t \u0110i\u1ec1u Ti\u00eau"},"content":{"rendered":"<p>Ph\u00f4 Mai Gi\u00e0 H\u1ea1t \u0110i\u1ec1u Ti\u00eau \u0111\u01b0\u1ee3c l\u00e0m t\u1eeb ti\u00eau Ph\u00fa Qu\u1ed1c tr\u1ed3ng theo ph\u01b0\u01a1ng ph\u00e1p truy\u1ec1n th\u1ed1ng, n\u1ed5i ti\u1ebfng l\u00e0 m\u1ed9t trong nh\u1eefng lo\u1ea1i ti\u00eau t\u1ed1t nh\u1ea5t th\u1ebf gi\u1edbi.<\/p>\n<p>Th\u00e0nh ph\u1ea7n: H\u1ea1t \u0111i\u1ec1u, n\u01b0\u1edbc l\u1ecdc (RO), ti\u00eau (1,7%), mu\u1ed1i, men vi sinh<br \/>\nTr\u1ecdng L\u01b0\u1ee3ng: 160gr<\/p>\n<div id=\"formula-bar-name-box-wrapper\" class=\"name-box-enabled formula-bar-with-name-box-wrapper\">\n<div id=\"formula-bar\" class=\"formula-bar formulabar-disabled\">\n<div id=\"t-formula-bar-input-container\">\n<div dir=\"ltr\">\n<div id=\"t-formula-bar-input\" spellcheck=\"false\">\n<div class=\"cell-input disabled-input\" dir=\"ltr\" tabindex=\"0\" role=\"combobox\" contenteditable=\"false\" aria-autocomplete=\"list\"><strong>Th\u00f4ng Tin Dinh D\u01b0\u1ee1ng m\u1ed7i 100gr:<\/strong><br \/>\n<span data-sheets-root=\"1\" data-sheets-value=\"{\"1\":2,\"2\":\"N\u0103ng l\u01b0\u1ee3ng\/ Energy: 439kcal\\nCh\u1ea5t b\u00e9o\/ Fat: 34.3g\\nCh\u1ea5t \u0111\u1ea1m\/ Protein: 15.3g\\nHydrat cacbon\/ Cacbohydrate: 17.2g\\nCalci\/ Calcium: 478mg\"}\" data-sheets-userformat=\"{\"2\":15357,\"3\":{\"1\":0},\"5\":{\"1\":[{\"1\":2,\"2\":0,\"5\":{\"1\":2,\"2\":0}},{\"1\":0,\"2\":0,\"3\":3},{\"1\":1,\"2\":0,\"4\":1}]},\"6\":{\"1\":[{\"1\":2,\"2\":0,\"5\":{\"1\":2,\"2\":0}},{\"1\":0,\"2\":0,\"3\":3},{\"1\":1,\"2\":0,\"4\":1}]},\"7\":{\"1\":[{\"1\":2,\"2\":0,\"5\":{\"1\":2,\"2\":0}},{\"1\":0,\"2\":0,\"3\":3},{\"1\":1,\"2\":0,\"4\":1}]},\"8\":{\"1\":[{\"1\":2,\"2\":0,\"5\":{\"1\":2,\"2\":0}},{\"1\":0,\"2\":0,\"3\":3},{\"1\":1,\"2\":0,\"4\":1}]},\"9\":0,\"10\":1,\"11\":4,\"12\":0,\"14\":{\"1\":3,\"3\":1},\"15\":\"Times New Roman\",\"16\":11}\">N\u0103ng l\u01b0\u1ee3ng: 439kcal<br \/>\nCh\u1ea5t b\u00e9o: 34.3g<br \/>\nCh\u1ea5t \u0111\u1ea1m: 15.3g<br \/>\nHydrat cacbon: 17.2g<br \/>\nCanxi: 478mg<\/span><\/div>\n<\/div>\n<\/div>\n<\/div>\n<\/div>\n<\/div>\n","protected":false},"excerpt":{"rendered":"<p>H\u00e3y tr\u1ea3i nghi\u1ec7m v\u1ecb \u0111\u1eadm \u0111\u00e0 v\u00e0 \u0111\u1ea7y h\u01b0\u01a1ng v\u1ecb c\u1ee7a Ph\u00f4 Mai Gi\u00e0 H\u1ea1t \u0110i\u1ec1u v\u1edbi Ti\u00eau. Kh\u1ed1i ph\u00f4 mai 160g n\u00e0y k\u1ebft h\u1ee3p v\u1ecb b\u00e9o m\u1ecbn c\u1ee7a ph\u00f4 mai gi\u00e0 h\u1ea1t \u0111i\u1ec1u v\u1edbi \u0111\u1ed9 cay n\u1ed3ng c\u1ee7a ti\u00eau, t\u1ea1o n\u00ean m\u1ed9t tr\u1ea3i nghi\u1ec7m \u1ea9m th\u1ef1c \u0111\u1ed9c \u0111\u00e1o. Ho\u00e0n to\u00e0n thu\u1ea7n chay v\u00e0 l\u00e0m t\u1eeb nguy\u00ean li\u1ec7u t\u1ef1 nhi\u00ean, s\u1ea3n ph\u1ea9m l\u00e0 l\u1ef1a ch\u1ecdn tuy\u1ec7t v\u1eddi cho nh\u1eefng ai y\u00eau th\u00edch th\u1ef1c ph\u1ea9m thu\u1ea7n th\u1ef1c v\u1eadt.  <\/p>\n<article class=\"text-token-text-primary w-full focus:outline-none [--shadow-height:45px] has-data-writing-block:pointer-events-none has-data-writing-block:-mt-(--shadow-height) has-data-writing-block:pt-(--shadow-height) [&amp;:has([data-writing-block])&gt;*]:pointer-events-auto scroll-mt-[calc(var(--header-height)+min(200px,max(70px,20svh)))]\" dir=\"auto\" tabindex=\"-1\" data-turn-id=\"request-692dccee-e2bc-8322-ab85-41eb5606d189-12\" data-testid=\"conversation-turn-86\" data-scroll-anchor=\"true\" data-turn=\"assistant\">\n<div class=\"text-base my-auto mx-auto pb-10 [--thread-content-margin:--spacing(4)] thread-sm:[--thread-content-margin:--spacing(6)] thread-lg:[--thread-content-margin:--spacing(16)] px-(--thread-content-margin)\">\n<div class=\"[--thread-content-max-width:40rem] thread-lg:[--thread-content-max-width:48rem] mx-auto max-w-(--thread-content-max-width) flex-1 group\/turn-messages focus-visible:outline-hidden relative flex w-full min-w-0 flex-col agent-turn\" tabindex=\"-1\">\n<div class=\"flex max-w-full flex-col grow\">\n<div class=\"min-h-8 text-message relative flex w-full flex-col items-end gap-2 text-start break-words whitespace-normal [.text-message+&amp;]:mt-1\" dir=\"auto\" data-message-author-role=\"assistant\" data-message-id=\"b125d8ed-921f-4836-be10-e13116d9d337\" data-message-model-slug=\"gpt-5-mini\">\n<div class=\"flex w-full flex-col gap-1 empty:hidden first:pt-[1px]\">\n<div class=\"markdown prose dark:prose-invert w-full break-words light markdown-new-styling\"><\/div>\n<\/div>\n<\/div>\n<\/div>\n<\/div>\n<\/div>\n<\/article>\n","protected":false},"featured_media":11346,"template":"","meta":[],"pwb-brand":[],"product_cat":[607,220],"product_tag":[],"class_list":{"0":"post-12918","1":"product","2":"type-product","3":"status-publish","4":"has-post-thumbnail","6":"product_cat-pho-mai-hat-dieu","7":"product_cat-bo-trung-sua","9":"first","10":"instock","11":"shipping-taxable","12":"purchasable","13":"product-type-simple"},"acf":[],"brands":[],"_links":{"self":[{"href":"https:\/\/bynature.vn\/vi\/wp-json\/wp\/v2\/product\/12918","targetHints":{"allow":["GET"]}}],"collection":[{"href":"https:\/\/bynature.vn\/vi\/wp-json\/wp\/v2\/product"}],"about":[{"href":"https:\/\/bynature.vn\/vi\/wp-json\/wp\/v2\/types\/product"}],"wp:featuredmedia":[{"embeddable":true,"href":"https:\/\/bynature.vn\/vi\/wp-json\/wp\/v2\/media\/11346"}],"wp:attachment":[{"href":"https:\/\/bynature.vn\/vi\/wp-json\/wp\/v2\/media?parent=12918"}],"wp:term":[{"taxonomy":"pwb-brand","embeddable":true,"href":"https:\/\/bynature.vn\/vi\/wp-json\/wp\/v2\/pwb-brand?post=12918"},{"taxonomy":"product_cat","embeddable":true,"href":"https:\/\/bynature.vn\/vi\/wp-json\/wp\/v2\/product_cat?post=12918"},{"taxonomy":"product_tag","embeddable":true,"href":"https:\/\/bynature.vn\/vi\/wp-json\/wp\/v2\/product_tag?post=12918"}],"curies":[{"name":"wp","href":"https:\/\/api.w.org\/{rel}","templated":true}]}}