{"id":12917,"date":"2025-04-17T11:32:43","date_gmt":"2025-04-17T04:32:43","guid":{"rendered":"https:\/\/bynature.vn\/product\/pho-mai-gia-hat-dieu-huong-khoi-hickory\/"},"modified":"2025-04-17T11:32:43","modified_gmt":"2025-04-17T04:32:43","slug":"pho-mai-gia-hat-dieu-huong-khoi-hickory","status":"publish","type":"product","link":"https:\/\/bynature.vn\/vi\/product\/pho-mai-gia-hat-dieu-huong-khoi-hickory\/","title":{"rendered":"Ph\u00f4 Mai Gi\u00e0 H\u1ea1t \u0110i\u1ec1u H\u01b0\u01a1ng Kh\u00f3i Hickory"},"content":{"rendered":"<p>N\u00e2ng t\u1ea7m tr\u1ea3i nghi\u1ec7m \u1ea9m th\u1ef1c c\u1ee7a b\u1ea1n v\u1edbi Ph\u00f4 Mai Gi\u00e0 H\u1ea1t \u0110i\u1ec1u H\u01b0\u01a1ng Kh\u00f3i Hickory. S\u1ea3n ph\u1ea9m 160g n\u00e0y \u0111\u01b0\u1ee3c ch\u1ebf bi\u1ebfn ho\u00e0n to\u00e0n t\u1eeb nguy\u00ean li\u1ec7u thu\u1ea7n chay v\u00e0 t\u1ef1 nhi\u00ean, mang \u0111\u1ebfn h\u01b0\u01a1ng v\u1ecb kh\u00f3i \u0111\u1eadm \u0111\u00e0 g\u1ee3i nh\u1edb m\u00f9i g\u1ed7 Hickory c\u1ed5 \u0111i\u1ec3n. K\u1ebft c\u1ea5u b\u00e9o m\u1ecbn c\u00f9ng t\u1ea7ng h\u01b0\u01a1ng kh\u00f3i s\u00e2u l\u1eafng gi\u00fap m\u00f3n \u0103n th\u00eam tinh t\u1ebf ho\u1eb7c c\u0169ng ho\u00e0n h\u1ea3o \u0111\u1ec3 th\u01b0\u1edfng th\u1ee9c nh\u01b0 m\u1ed9t m\u00f3n \u0103n v\u1eb7t h\u1ea5p d\u1eabn.  <\/p>\n","protected":false},"excerpt":{"rendered":"<p>H\u01b0\u01a1ng v\u1ecb BBQ kh\u00f3i \u0111\u1eadm \u0111\u00e0, m\u1ea1nh m\u1ebd h\u00f2a quy\u1ec7n c\u00f9ng v\u1ecb chua s\u1eafc n\u00e9t \u0111\u01b0\u1ee3c t\u1ea1o ra t\u1eeb qu\u00e1 tr\u00ecnh \u1ee7 gi\u00e0 ph\u00f4 mai. Ph\u00f4 Mai Gi\u00e0 h\u1ea1t \u0110i\u1ec1u H\u01b0\u01a1ng Kh\u00f3i Hickory l\u00e0 m\u1ed9t trong nh\u1eefng s\u1ea3n ph\u1ea9m \u0111\u01b0\u1ee3c y\u00eau th\u00edch nh\u1ea5t c\u1ee7a ch\u00fang t\u00f4i! <\/p>\n<p><strong>Th\u00e0nh ph\u1ea7n:<\/strong> H\u1ea1t \u0111i\u1ec1u, n\u01b0\u1edbc l\u1ecdc (RO), \u1edbt paprika, h\u01b0\u01a1ng kh\u00f3i Hickory (0,85%), mu\u1ed1i, men vi sinh<br \/>\n<strong>Tr\u1ecdng L\u01b0\u1ee3ng: <\/strong>160gr<\/p>\n<div id=\"formula-bar-name-box-wrapper\" class=\"name-box-enabled formula-bar-with-name-box-wrapper\">\n<div id=\"formula-bar\" class=\"formula-bar formulabar-disabled\">\n<div id=\"t-formula-bar-input-container\">\n<div dir=\"ltr\">\n<div id=\"t-formula-bar-input\" spellcheck=\"false\">\n<div class=\"cell-input disabled-input\" dir=\"ltr\" tabindex=\"0\" role=\"combobox\" contenteditable=\"false\" aria-autocomplete=\"list\"><strong>Th\u00f4ng Tin Dinh D\u01b0\u1ee1ng m\u1ed7i 100gr:<\/strong><\/div>\n<\/div>\n<\/div>\n<\/div>\n<\/div>\n<\/div>\n<p><span data-sheets-root=\"1\" data-sheets-value=\"{\"1\":2,\"2\":\"N\u0103ng l\u01b0\u1ee3ng\/ Energy: 438kcal\\nCh\u1ea5t b\u00e9o\/ Fat: 34.8g\\nCh\u1ea5t \u0111\u1ea1m\/ Protein: 14.9g\\nHydrat cacbon\/ Cacbohydrate: 16.4g\\nCalci\/ Calcium: 401mg\"}\" data-sheets-userformat=\"{\"2\":15357,\"3\":{\"1\":0},\"5\":{\"1\":[{\"1\":2,\"2\":0,\"5\":{\"1\":2,\"2\":0}},{\"1\":0,\"2\":0,\"3\":3},{\"1\":1,\"2\":0,\"4\":1}]},\"6\":{\"1\":[{\"1\":2,\"2\":0,\"5\":{\"1\":2,\"2\":0}},{\"1\":0,\"2\":0,\"3\":3},{\"1\":1,\"2\":0,\"4\":1}]},\"7\":{\"1\":[{\"1\":2,\"2\":0,\"5\":{\"1\":2,\"2\":0}},{\"1\":0,\"2\":0,\"3\":3},{\"1\":1,\"2\":0,\"4\":1}]},\"8\":{\"1\":[{\"1\":2,\"2\":0,\"5\":{\"1\":2,\"2\":0}},{\"1\":0,\"2\":0,\"3\":3},{\"1\":1,\"2\":0,\"4\":1}]},\"9\":0,\"10\":1,\"11\":4,\"12\":0,\"14\":{\"1\":3,\"3\":1},\"15\":\"Times New Roman\",\"16\":11}\">N\u0103ng l\u01b0\u1ee3ng: 438kcal<br \/>\nCh\u1ea5t b\u00e9o: 34.8g<br \/>\nCh\u1ea5t \u0111\u1ea1m: 14.9g<br \/>\nHydrat carbon: 16.4g<br \/>\nCanxi: 401mg<\/span><\/p>\n","protected":false},"featured_media":11349,"template":"","meta":[],"pwb-brand":[],"product_cat":[607,220],"product_tag":[],"class_list":{"0":"post-12917","1":"product","2":"type-product","3":"status-publish","4":"has-post-thumbnail","6":"product_cat-pho-mai-hat-dieu","7":"product_cat-bo-trung-sua","9":"first","10":"instock","11":"shipping-taxable","12":"purchasable","13":"product-type-simple"},"acf":[],"brands":[],"_links":{"self":[{"href":"https:\/\/bynature.vn\/vi\/wp-json\/wp\/v2\/product\/12917","targetHints":{"allow":["GET"]}}],"collection":[{"href":"https:\/\/bynature.vn\/vi\/wp-json\/wp\/v2\/product"}],"about":[{"href":"https:\/\/bynature.vn\/vi\/wp-json\/wp\/v2\/types\/product"}],"wp:featuredmedia":[{"embeddable":true,"href":"https:\/\/bynature.vn\/vi\/wp-json\/wp\/v2\/media\/11349"}],"wp:attachment":[{"href":"https:\/\/bynature.vn\/vi\/wp-json\/wp\/v2\/media?parent=12917"}],"wp:term":[{"taxonomy":"pwb-brand","embeddable":true,"href":"https:\/\/bynature.vn\/vi\/wp-json\/wp\/v2\/pwb-brand?post=12917"},{"taxonomy":"product_cat","embeddable":true,"href":"https:\/\/bynature.vn\/vi\/wp-json\/wp\/v2\/product_cat?post=12917"},{"taxonomy":"product_tag","embeddable":true,"href":"https:\/\/bynature.vn\/vi\/wp-json\/wp\/v2\/product_tag?post=12917"}],"curies":[{"name":"wp","href":"https:\/\/api.w.org\/{rel}","templated":true}]}}