{"id":12915,"date":"2025-04-17T11:36:01","date_gmt":"2025-04-17T04:36:01","guid":{"rendered":"https:\/\/bynature.vn\/product\/pho-mai-gia-hat-dieu-tro-than-tu-nhien\/"},"modified":"2025-04-17T11:36:01","modified_gmt":"2025-04-17T04:36:01","slug":"pho-mai-gia-hat-dieu-tro-than-tu-nhien","status":"publish","type":"product","link":"https:\/\/bynature.vn\/vi\/product\/pho-mai-gia-hat-dieu-tro-than-tu-nhien\/","title":{"rendered":"Ph\u00f4 Mai Gi\u00e0 H\u1ea1t \u0110i\u1ec1u Tro Than T\u1ef1 Nhi\u00ean"},"content":{"rendered":"<p>Ph\u00f4 Mai Gi\u00e0 H\u1ea1t \u0110i\u1ec1u Tro Than T\u1ef1 Nhi\u00ean \u0111\u01b0\u1ee3c l\u00e0m t\u1eeb tro d\u1eeba h\u1eefu c\u01a1 (than ho\u1ea1t t\u00ednh). L\u1ea5y c\u1ea3m h\u1ee9ng t\u1eeb s\u1eafc m\u00e0u huy\u1ec1n b\u00ed, lo\u1ea1i ph\u00f4 mai n\u00e0y c\u00f3 di\u1ec7n m\u1ea1o v\u00e0 k\u1ebft c\u1ea5u \u0111\u1ed9c \u0111\u00e1o nh\u1edd l\u1edbp tro \u0103n \u0111\u01b0\u1ee3c, \u0111\u1ed3ng th\u1eddi \u0111\u01b0\u1ee3c bi\u1ebft \u0111\u1ebfn v\u1edbi \u0111\u1eb7c t\u00ednh h\u1ed7 tr\u1ee3 th\u1ea3i \u0111\u1ed9c. <\/p>\n<p><strong>Th\u00e0nh ph\u1ea7n:<\/strong> H\u1ea1t \u0111i\u1ec1u, n\u01b0\u1edbc l\u1ecdc (RO), tro \u0111en (0,85%), mu\u1ed1i, men vi sinh<br \/>\n<strong>Tr\u1ecdng L\u01b0\u1ee3ng: <\/strong>160gr<\/p>\n<div id=\"formula-bar-name-box-wrapper\" class=\"name-box-enabled formula-bar-with-name-box-wrapper\">\n<div id=\"formula-bar\" class=\"formula-bar formulabar-disabled\">\n<div id=\"t-formula-bar-input-container\">\n<div dir=\"ltr\">\n<div id=\"t-formula-bar-input\" spellcheck=\"false\">\n<div class=\"cell-input disabled-input\" dir=\"ltr\" tabindex=\"0\" role=\"combobox\" contenteditable=\"false\" aria-autocomplete=\"list\"><strong>Th\u00f4ng Tin Dinh D\u01b0\u1ee1ng m\u1ed7i 100gr:<\/strong><br \/>\n<span data-sheets-root=\"1\" data-sheets-value=\"{\"1\":2,\"2\":\"N\u0103ng l\u01b0\u1ee3ng\/ Energy: 381kcal\\nCh\u1ea5t b\u00e9o\/ Fat: 29.9g\\nCh\u1ea5t \u0111\u1ea1m\/ Protein: 13.2g \\nHydrat cacbon\/ Cacbohydrate: 14.7g\\nCalci\/ Calcium: 322mg\"}\" data-sheets-userformat=\"{\"2\":15357,\"3\":{\"1\":0},\"5\":{\"1\":[{\"1\":2,\"2\":0,\"5\":{\"1\":2,\"2\":0}},{\"1\":0,\"2\":0,\"3\":3},{\"1\":1,\"2\":0,\"4\":1}]},\"6\":{\"1\":[{\"1\":2,\"2\":0,\"5\":{\"1\":2,\"2\":0}},{\"1\":0,\"2\":0,\"3\":3},{\"1\":1,\"2\":0,\"4\":1}]},\"7\":{\"1\":[{\"1\":2,\"2\":0,\"5\":{\"1\":2,\"2\":0}},{\"1\":0,\"2\":0,\"3\":3},{\"1\":1,\"2\":0,\"4\":1}]},\"8\":{\"1\":[{\"1\":2,\"2\":0,\"5\":{\"1\":2,\"2\":0}},{\"1\":0,\"2\":0,\"3\":3},{\"1\":1,\"2\":0,\"4\":1}]},\"9\":0,\"10\":1,\"11\":4,\"12\":0,\"14\":{\"1\":3,\"3\":1},\"15\":\"Times New Roman\",\"16\":11}\">N\u0103ng l\u01b0\u1ee3ng: 381kcal<br \/>\nCh\u1ea5t b\u00e9o: 29.9g<br \/>\nCh\u1ea5t \u0111\u1ea1m: 13.2g<br \/>\nHydrat cacbon: 14.7g<br \/>\nCanxi: 322mg<\/span><\/div>\n<\/div>\n<\/div>\n<\/div>\n<\/div>\n<\/div>\n","protected":false},"excerpt":{"rendered":"<p>Kh\u00e1m ph\u00e1 s\u1ee9c cu\u1ed1n h\u00fat \u0111\u1ed9c \u0111\u00e1o c\u1ee7a Ph\u00f4 Mai Gi\u00e0 H\u1ea1t \u0110i\u1ec1u v\u1edbi tro d\u1eeba h\u1eefu c\u01a1. Lo\u1ea1i ph\u00f4 mai \u0111\u1eb7c bi\u1ec7t n\u00e0y k\u1ebft h\u1ee3p \u0111\u1ed9 b\u00e9o m\u1ecbn \u0111\u1eadm \u0111\u00e0 c\u1ee7a ph\u00f4 mai gi\u00e0 h\u1ea1t \u0111i\u1ec1u v\u1edbi chi\u1ec1u s\u00e2u tinh t\u1ebf c\u1ee7a than ho\u1ea1t t\u00ednh t\u1eeb tro d\u1eeba h\u1eefu c\u01a1. Ho\u00e0n to\u00e0n thu\u1ea7n chay v\u00e0 \u0111\u01b0\u1ee3c l\u00e0m t\u1eeb nguy\u00ean li\u1ec7u t\u1ef1 nhi\u00ean, s\u1ea3n ph\u1ea9m mang \u0111\u1ebfn h\u01b0\u01a1ng v\u1ecb sang tr\u1ecdng v\u00e0 v\u1ebb ngo\u00e0i thanh l\u1ecbch, ho\u00e0n h\u1ea3o cho khay ti\u1ec7c cao c\u1ea5p ho\u1eb7c th\u01b0\u1edfng th\u1ee9c nh\u01b0 m\u00f3n \u0103n v\u1eb7t tinh t\u1ebf.  <\/p>\n","protected":false},"featured_media":11352,"template":"","meta":[],"pwb-brand":[],"product_cat":[607,220],"product_tag":[],"class_list":{"0":"post-12915","1":"product","2":"type-product","3":"status-publish","4":"has-post-thumbnail","6":"product_cat-pho-mai-hat-dieu","7":"product_cat-bo-trung-sua","9":"first","10":"instock","11":"shipping-taxable","12":"purchasable","13":"product-type-simple"},"acf":[],"brands":[],"_links":{"self":[{"href":"https:\/\/bynature.vn\/vi\/wp-json\/wp\/v2\/product\/12915","targetHints":{"allow":["GET"]}}],"collection":[{"href":"https:\/\/bynature.vn\/vi\/wp-json\/wp\/v2\/product"}],"about":[{"href":"https:\/\/bynature.vn\/vi\/wp-json\/wp\/v2\/types\/product"}],"wp:featuredmedia":[{"embeddable":true,"href":"https:\/\/bynature.vn\/vi\/wp-json\/wp\/v2\/media\/11352"}],"wp:attachment":[{"href":"https:\/\/bynature.vn\/vi\/wp-json\/wp\/v2\/media?parent=12915"}],"wp:term":[{"taxonomy":"pwb-brand","embeddable":true,"href":"https:\/\/bynature.vn\/vi\/wp-json\/wp\/v2\/pwb-brand?post=12915"},{"taxonomy":"product_cat","embeddable":true,"href":"https:\/\/bynature.vn\/vi\/wp-json\/wp\/v2\/product_cat?post=12915"},{"taxonomy":"product_tag","embeddable":true,"href":"https:\/\/bynature.vn\/vi\/wp-json\/wp\/v2\/product_tag?post=12915"}],"curies":[{"name":"wp","href":"https:\/\/api.w.org\/{rel}","templated":true}]}}