{"id":12914,"date":"2025-04-17T11:39:37","date_gmt":"2025-04-17T04:39:37","guid":{"rendered":"https:\/\/bynature.vn\/product\/pho-mai-gia-hat-dieu-ot\/"},"modified":"2025-04-17T11:39:37","modified_gmt":"2025-04-17T04:39:37","slug":"pho-mai-gia-hat-dieu-ot","status":"publish","type":"product","link":"https:\/\/bynature.vn\/vi\/product\/pho-mai-gia-hat-dieu-ot\/","title":{"rendered":"Ph\u00f4 Mai Gi\u00e0 H\u1ea1t \u0110i\u1ec1u \u1edat"},"content":{"rendered":"<p>Ph\u00f4 Mai Gi\u00e0 H\u1ea1t \u0110i\u1ec1u \u1edat \u0111\u01b0\u1ee3c l\u00e0m t\u1eeb \u1edbt \u0111\u1ecf t\u01b0\u01a1i v\u00e0 \u1edbt kh\u00f4 \u0111\u1ecba ph\u01b0\u01a1ng. Cay n\u1ed3ng, th\u01a1m ph\u1ee9c v\u00e0 \u0111\u1ea7y h\u01b0\u01a1ng v\u1ecb, lo\u1ea1i ph\u00f4 mai n\u00e0y t\u0103ng \u0111\u1ed9 h\u1ea5p d\u1eabn cho m\u1ecdi m\u00f3n \u0103n. <\/p>\n<p><strong>Th\u00e0nh ph\u1ea7n:<\/strong> H\u1ea1t \u0111i\u1ec1u, n\u01b0\u1edbc l\u1ecdc (RO), \u1edbt (1,7%), mu\u1ed1i, men vi sinh<br \/>\n<strong>Tr\u1ecdng L\u01b0\u1ee3ng: <\/strong>160gr<\/p>\n<div class=\"relative basis-auto flex-col -mb-(--composer-overlap-px) [--composer-overlap-px:28px] grow flex overflow-hidden\">\n<div class=\"relative h-full\">\n<div class=\"flex h-full flex-col overflow-y-auto thread-xl:pt-(--header-height) [scrollbar-gutter:stable_both-edges]\">\n<div class=\"flex flex-col text-sm thread-xl:pt-header-height pb-25\">\n<article class=\"text-token-text-primary w-full focus:outline-none [--shadow-height:45px] has-data-writing-block:pointer-events-none has-data-writing-block:-mt-(--shadow-height) has-data-writing-block:pt-(--shadow-height) [&amp;:has([data-writing-block])&gt;*]:pointer-events-auto scroll-mt-[calc(var(--header-height)+min(200px,max(70px,20svh)))]\" dir=\"auto\" tabindex=\"-1\" data-turn-id=\"request-WEB:546f0220-0e9a-45e4-a6ff-9ee9ba78c71b-29\" data-testid=\"conversation-turn-58\" data-scroll-anchor=\"true\" data-turn=\"assistant\">\n<div class=\"text-base my-auto mx-auto pb-10 [--thread-content-margin:--spacing(4)] thread-sm:[--thread-content-margin:--spacing(6)] thread-lg:[--thread-content-margin:--spacing(16)] px-(--thread-content-margin)\">\n<div class=\"[--thread-content-max-width:40rem] thread-lg:[--thread-content-max-width:48rem] mx-auto max-w-(--thread-content-max-width) flex-1 group\/turn-messages focus-visible:outline-hidden relative flex w-full min-w-0 flex-col agent-turn\" tabindex=\"-1\">\n<div class=\"flex max-w-full flex-col grow\">\n<div class=\"min-h-8 text-message relative flex w-full flex-col items-end gap-2 text-start break-words whitespace-normal [.text-message+&amp;]:mt-1\" dir=\"auto\" data-message-author-role=\"assistant\" data-message-id=\"f0eaaa18-0051-4839-b613-efe66960ad7f\" data-message-model-slug=\"gpt-5-mini\">\n<div class=\"flex w-full flex-col gap-1 empty:hidden first:pt-[1px]\">\n<div class=\"markdown prose dark:prose-invert w-full break-words light markdown-new-styling\"><\/div>\n<\/div>\n<\/div>\n<\/div>\n<\/div>\n<\/div>\n<\/article>\n<\/div>\n<\/div>\n<\/div>\n<\/div>\n<div id=\"formula-bar-name-box-wrapper\" class=\"name-box-enabled formula-bar-with-name-box-wrapper\">\n<div id=\"formula-bar\" class=\"formula-bar formulabar-disabled\">\n<div id=\"t-formula-bar-input-container\">\n<div dir=\"ltr\">\n<div id=\"t-formula-bar-input\" spellcheck=\"false\">\n<div class=\"cell-input disabled-input\" dir=\"ltr\" tabindex=\"0\" role=\"combobox\" contenteditable=\"false\" aria-autocomplete=\"list\"><strong>Th\u00f4ng Tin Dinh D\u01b0\u1ee1ng m\u1ed7i 100gr:<\/strong><br \/>\n<span data-sheets-root=\"1\" data-sheets-value=\"{\"1\":2,\"2\":\"N\u0103ng l\u01b0\u1ee3ng\/ Energy: 484kcal\\nCh\u1ea5t b\u00e9o\/ Fat: 37.9g\\nCh\u1ea5t \u0111\u1ea1m\/ Protein: 16.3g\\nHydrat cacbon\/ Cacbohydrate: 19.5g\\nCalci\/ Calcium: 374mg\"}\" data-sheets-userformat=\"{\"2\":15357,\"3\":{\"1\":0},\"5\":{\"1\":[{\"1\":2,\"2\":0,\"5\":{\"1\":2,\"2\":0}},{\"1\":0,\"2\":0,\"3\":3},{\"1\":1,\"2\":0,\"4\":1}]},\"6\":{\"1\":[{\"1\":2,\"2\":0,\"5\":{\"1\":2,\"2\":0}},{\"1\":0,\"2\":0,\"3\":3},{\"1\":1,\"2\":0,\"4\":1}]},\"7\":{\"1\":[{\"1\":2,\"2\":0,\"5\":{\"1\":2,\"2\":0}},{\"1\":0,\"2\":0,\"3\":3},{\"1\":1,\"2\":0,\"4\":1}]},\"8\":{\"1\":[{\"1\":2,\"2\":0,\"5\":{\"1\":2,\"2\":0}},{\"1\":0,\"2\":0,\"3\":3},{\"1\":1,\"2\":0,\"4\":1}]},\"9\":0,\"10\":1,\"11\":4,\"12\":0,\"14\":{\"1\":3,\"3\":1},\"15\":\"Times New Roman\",\"16\":11}\">N\u0103ng l\u01b0\u1ee3ng: 484kcal<br \/>\nCh\u1ea5t b\u00e9o: 37.9g<br \/>\nCh\u1ea5t \u0111\u1ea1m: 16.3g<br \/>\nHydrat cacbon: 19.5g<br \/>\nCanxi: 374mg<\/span><\/div>\n<\/div>\n<\/div>\n<\/div>\n<\/div>\n<\/div>\n","protected":false},"excerpt":{"rendered":"<p>H\u00e3y kh\u01a1i d\u1eady v\u1ecb gi\u00e1c v\u1edbi Ph\u00f4 Mai Gi\u00e0 H\u1ea1t \u0110i\u1ec1u \u0111\u01b0\u1ee3c pha tr\u1ed9n \u1edbt \u0111\u1ecf \u0111\u1ecba ph\u01b0\u01a1ng. Lo\u1ea1i ph\u00f4 mai thu\u1ea7n chay n\u00e0y \u0111\u01b0\u1ee3c l\u00e0m t\u1eeb nguy\u00ean li\u1ec7u ho\u00e0n to\u00e0n t\u1ef1 nhi\u00ean, k\u1ebft h\u1ee3p v\u1ecb m\u1ecbn m\u00e0ng, b\u00e9o ng\u1eady c\u1ee7a ph\u00f4 mai gi\u00e0 h\u1ea1t \u0111i\u1ec1u v\u1edbi v\u1ecb cay n\u1ed3ng c\u1ee7a \u1edbt t\u01b0\u01a1i \u0111\u1ecf. Ho\u00e0n h\u1ea3o cho nh\u1eefng ai y\u00eau th\u00edch cay, t\u0103ng h\u01b0\u01a1ng v\u1ecb cho m\u1ecdi m\u00f3n \u0103n ho\u1eb7c th\u01b0\u1edfng th\u1ee9c nh\u01b0 m\u00f3n \u0103n v\u1eb7t h\u1ea5p d\u1eabn. Tr\u1ea3i nghi\u1ec7m s\u1ef1 h\u00f2a quy\u1ec7n s\u1ed1ng \u0111\u1ed9ng gi\u1eefa nguy\u00ean li\u1ec7u \u0111\u1ecba ph\u01b0\u01a1ng v\u00e0 s\u00e1ng t\u1ea1o thu\u1ea7n th\u1ef1c v\u1eadt.   <\/p>\n","protected":false},"featured_media":11355,"template":"","meta":[],"pwb-brand":[],"product_cat":[607,220],"product_tag":[],"class_list":{"0":"post-12914","1":"product","2":"type-product","3":"status-publish","4":"has-post-thumbnail","6":"product_cat-pho-mai-hat-dieu","7":"product_cat-bo-trung-sua","9":"first","10":"instock","11":"shipping-taxable","12":"purchasable","13":"product-type-simple"},"acf":[],"brands":[],"_links":{"self":[{"href":"https:\/\/bynature.vn\/vi\/wp-json\/wp\/v2\/product\/12914","targetHints":{"allow":["GET"]}}],"collection":[{"href":"https:\/\/bynature.vn\/vi\/wp-json\/wp\/v2\/product"}],"about":[{"href":"https:\/\/bynature.vn\/vi\/wp-json\/wp\/v2\/types\/product"}],"wp:featuredmedia":[{"embeddable":true,"href":"https:\/\/bynature.vn\/vi\/wp-json\/wp\/v2\/media\/11355"}],"wp:attachment":[{"href":"https:\/\/bynature.vn\/vi\/wp-json\/wp\/v2\/media?parent=12914"}],"wp:term":[{"taxonomy":"pwb-brand","embeddable":true,"href":"https:\/\/bynature.vn\/vi\/wp-json\/wp\/v2\/pwb-brand?post=12914"},{"taxonomy":"product_cat","embeddable":true,"href":"https:\/\/bynature.vn\/vi\/wp-json\/wp\/v2\/product_cat?post=12914"},{"taxonomy":"product_tag","embeddable":true,"href":"https:\/\/bynature.vn\/vi\/wp-json\/wp\/v2\/product_tag?post=12914"}],"curies":[{"name":"wp","href":"https:\/\/api.w.org\/{rel}","templated":true}]}}