{"id":12913,"date":"2025-04-17T11:45:19","date_gmt":"2025-04-17T04:45:19","guid":{"rendered":"https:\/\/bynature.vn\/product\/pho-mai-gia-hat-dieu-toi-thao-moc\/"},"modified":"2025-04-17T11:45:19","modified_gmt":"2025-04-17T04:45:19","slug":"pho-mai-gia-hat-dieu-toi-thao-moc","status":"publish","type":"product","link":"https:\/\/bynature.vn\/vi\/product\/pho-mai-gia-hat-dieu-toi-thao-moc\/","title":{"rendered":"Ph\u00f4 Mai Gi\u00e0 H\u1ea1t \u0110i\u1ec1u T\u1ecfi &amp; Th\u1ea3o M\u1ed9c"},"content":{"rendered":"<p>Ph\u00f4 Mai Gi\u00e0 H\u1ea1t \u0110i\u1ec1u T\u1ecfi &amp; Th\u1ea3o M\u1ed9c l\u00e0 phi\u00ean b\u1ea3n thu\u1ea7n th\u1ef1c v\u1eadt l\u1ea5y c\u1ea3m h\u1ee9ng t\u1eeb ph\u00f4 mai Boursin c\u1ed5 \u0111i\u1ec3n c\u1ee7a Ph\u00e1p. \u1ee6 gi\u00e0 \u00edt nh\u1ea5t 21 ng\u00e0y \u0111\u1ec3 t\u1ea1o h\u01b0\u01a1ng v\u1ecb \u0111\u1eadm \u0111\u00e0, chua nh\u1eb9, n\u1ed3ng n\u00e0n, th\u1ea3o m\u1ed9c v\u00e0 \u0111\u1ea7y chi\u1ec1u s\u00e2u. Bi\u1ebfn b\u00e1nh quy ho\u1eb7c b\u00e1nh m\u00ec \u0111\u01a1n gi\u1ea3n th\u00e0nh b\u1eefa ti\u1ec7c.   <\/p>\n<p><strong>Th\u00e0nh ph\u1ea7n: <\/strong>H\u1ea1t \u0111i\u1ec1u, n\u01b0\u1edbc l\u1ecdc (RO), t\u1ecfi, th\u1ea3o m\u1ed9c (1,2%), mu\u1ed1i, men vi sinh<br \/>\n<strong>Tr\u1ecdng L\u01b0\u1ee3ng: <\/strong>160gr<\/p>\n<div class=\"name-box-enabled formula-bar-with-name-box-wrapper\">\n<div class=\"formula-bar formulabar-disabled\">\n<div>\n<div spellcheck=\"false\"><\/div>\n<\/div>\n<\/div>\n<\/div>\n<div id=\"formula-bar-name-box-wrapper\" class=\"name-box-enabled formula-bar-with-name-box-wrapper\">\n<div id=\"formula-bar\" class=\"formula-bar formulabar-disabled\">\n<div id=\"t-formula-bar-input-container\">\n<div dir=\"ltr\">\n<div id=\"t-formula-bar-input\" spellcheck=\"false\">\n<div class=\"cell-input disabled-input\" dir=\"ltr\" tabindex=\"0\" role=\"combobox\" contenteditable=\"false\" aria-autocomplete=\"list\"><span data-sheets-root=\"1\" data-sheets-value=\"{\"1\":2,\"2\":\"N\u0103ng l\u01b0\u1ee3ng\/ Energy: 428kcal\\nCh\u1ea5t b\u00e9o\/ Fat: 33.95g\\nCh\u1ea5t \u0111\u1ea1m\/ Protein: 14.5g\\nHydrat cacbon\/ Cacbohydrate: 16.2g\\nCalci\/ Calcium: 381mg\"}\" data-sheets-userformat=\"{\"2\":15357,\"3\":{\"1\":0},\"5\":{\"1\":[{\"1\":2,\"2\":0,\"5\":{\"1\":2,\"2\":0}},{\"1\":0,\"2\":0,\"3\":3},{\"1\":1,\"2\":0,\"4\":1}]},\"6\":{\"1\":[{\"1\":2,\"2\":0,\"5\":{\"1\":2,\"2\":0}},{\"1\":0,\"2\":0,\"3\":3},{\"1\":1,\"2\":0,\"4\":1}]},\"7\":{\"1\":[{\"1\":2,\"2\":0,\"5\":{\"1\":2,\"2\":0}},{\"1\":0,\"2\":0,\"3\":3},{\"1\":1,\"2\":0,\"4\":1}]},\"8\":{\"1\":[{\"1\":2,\"2\":0,\"5\":{\"1\":2,\"2\":0}},{\"1\":0,\"2\":0,\"3\":3},{\"1\":1,\"2\":0,\"4\":1}]},\"9\":0,\"10\":1,\"11\":4,\"12\":0,\"14\":{\"1\":3,\"3\":1},\"15\":\"Times New Roman\",\"16\":11}\">N\u0103ng l\u01b0\u1ee3ng\/ Energy: 428kcal<br \/>\nCh\u1ea5t b\u00e9o\/ Fat: 33.95g<br \/>\nCh\u1ea5t \u0111\u1ea1m\/ Protein: 14.5g<br \/>\nHydrat cacbon\/ Cacbohydrate: 16.2g<br \/>\nCalci\/ Calcium: 381mg<\/span><\/div>\n<\/div>\n<\/div>\n<\/div>\n<\/div>\n<\/div>\n","protected":false},"excerpt":{"rendered":"<p>H\u00e3y th\u01b0\u1edfng th\u1ee9c h\u01b0\u01a1ng th\u01a1m tinh t\u1ebf c\u1ee7a Ph\u00f4 Mai Gi\u00e0 H\u1ea1t \u0110i\u1ec1u T\u1ecfi &amp; Th\u1ea3o M\u1ed9c. Lo\u1ea1i ph\u00f4 mai thu\u1ea7n chay n\u00e0y \u0111\u01b0\u1ee3c l\u00e0m t\u1eeb nguy\u00ean li\u1ec7u ho\u00e0n to\u00e0n t\u1ef1 nhi\u00ean, k\u1ebft h\u1ee3p v\u1ecb m\u1ecbn m\u00e0ng c\u1ee7a ph\u00f4 mai gi\u00e0 h\u1ea1t \u0111i\u1ec1u, t\u1ecfi th\u01a1m n\u1ed3ng v\u00e0 th\u1ea3o m\u1ed9c t\u01b0\u01a1i. Ho\u00e0n h\u1ea3o \u0111\u1ec3 t\u1ea1o \u0111i\u1ec3m nh\u1ea5n cao c\u1ea5p cho c\u00e1c m\u00f3n \u0103n ho\u1eb7c th\u01b0\u1edfng th\u1ee9c nh\u01b0 m\u1ed9t m\u00f3n \u0103n v\u1eb7t \u0111\u1ea7y h\u01b0\u01a1ng v\u1ecb, mang s\u1ef1 h\u00f2a quy\u1ec7n tinh t\u1ebf gi\u1eefa truy\u1ec1n th\u1ed1ng v\u00e0 s\u00e1ng t\u1ea1o thu\u1ea7n th\u1ef1c v\u1eadt.  <\/p>\n","protected":false},"featured_media":11358,"template":"","meta":[],"pwb-brand":[],"product_cat":[607,220],"product_tag":[],"class_list":{"0":"post-12913","1":"product","2":"type-product","3":"status-publish","4":"has-post-thumbnail","6":"product_cat-pho-mai-hat-dieu","7":"product_cat-bo-trung-sua","9":"first","10":"instock","11":"shipping-taxable","12":"purchasable","13":"product-type-simple"},"acf":[],"brands":[],"_links":{"self":[{"href":"https:\/\/bynature.vn\/vi\/wp-json\/wp\/v2\/product\/12913","targetHints":{"allow":["GET"]}}],"collection":[{"href":"https:\/\/bynature.vn\/vi\/wp-json\/wp\/v2\/product"}],"about":[{"href":"https:\/\/bynature.vn\/vi\/wp-json\/wp\/v2\/types\/product"}],"wp:featuredmedia":[{"embeddable":true,"href":"https:\/\/bynature.vn\/vi\/wp-json\/wp\/v2\/media\/11358"}],"wp:attachment":[{"href":"https:\/\/bynature.vn\/vi\/wp-json\/wp\/v2\/media?parent=12913"}],"wp:term":[{"taxonomy":"pwb-brand","embeddable":true,"href":"https:\/\/bynature.vn\/vi\/wp-json\/wp\/v2\/pwb-brand?post=12913"},{"taxonomy":"product_cat","embeddable":true,"href":"https:\/\/bynature.vn\/vi\/wp-json\/wp\/v2\/product_cat?post=12913"},{"taxonomy":"product_tag","embeddable":true,"href":"https:\/\/bynature.vn\/vi\/wp-json\/wp\/v2\/product_tag?post=12913"}],"curies":[{"name":"wp","href":"https:\/\/api.w.org\/{rel}","templated":true}]}}