{"id":12912,"date":"2025-04-17T11:48:25","date_gmt":"2025-04-17T04:48:25","guid":{"rendered":"https:\/\/bynature.vn\/product\/pho-mai-gia-hat-dieu-nghe-thi-la\/"},"modified":"2025-04-17T11:48:25","modified_gmt":"2025-04-17T04:48:25","slug":"pho-mai-gia-hat-dieu-nghe-thi-la","status":"publish","type":"product","link":"https:\/\/bynature.vn\/vi\/product\/pho-mai-gia-hat-dieu-nghe-thi-la\/","title":{"rendered":"Ph\u00f4 Mai Gi\u00e0 H\u1ea1t \u0110i\u1ec1u Ngh\u1ec7 &amp; Th\u00ec L\u00e0"},"content":{"rendered":"<p>Kh\u00e1m ph\u00e1 h\u01b0\u01a1ng v\u1ecb \u0111\u1ed9c \u0111\u00e1o c\u1ee7a Ph\u00f4 Mai Gi\u00e0 H\u1ea1t \u0110i\u1ec1u v\u1edbi Ngh\u1ec7 v\u00e0 Th\u00ec L\u00e0. Lo\u1ea1i ph\u00f4 mai thu\u1ea7n chay n\u00e0y \u0111\u01b0\u1ee3c l\u00e0m t\u1eeb nguy\u00ean li\u1ec7u ho\u00e0n to\u00e0n t\u1ef1 nhi\u00ean, k\u1ebft h\u1ee3p v\u1ecb m\u1ecbn m\u00e0ng c\u1ee7a ph\u00f4 mai gi\u00e0 h\u1ea1t \u0111i\u1ec1u v\u1edbi gia v\u1ecb \u1ea5m, m\u1ed9c m\u1ea1c c\u1ee7a ngh\u1ec7 v\u00e0 th\u00ec l\u00e0. Ho\u00e0n h\u1ea3o \u0111\u1ec3 t\u1ea1o \u0111i\u1ec3m nh\u1ea5n s\u1ed1ng \u0111\u1ed9ng cho c\u00e1c m\u00f3n \u0103n ho\u1eb7c th\u01b0\u1edfng th\u1ee9c nh\u01b0 m\u1ed9t m\u00f3n \u0103n v\u1eb7t th\u00fa v\u1ecb, mang \u0111\u1ebfn v\u1ecb ngon \u0111\u1eadm \u0111\u00e0 v\u00e0 dinh d\u01b0\u1ee1ng.  <\/p>\n","protected":false},"excerpt":{"rendered":"<p>Ph\u00f4 Mai Gi\u00e0 H\u1ea1t \u0110i\u1ec1u Ngh\u1ec7 &amp; Th\u00ec L\u00e0 hay c\u00f2n \u0111\u01b0\u1ee3c bi\u1ebft \u0111\u1ebfn l\u00e0 Ph\u00f4 Mai V\u00e0ng \u0111\u01b0\u1ee3c l\u1ea5y c\u1ea3m h\u1ee9ng t\u1eeb h\u01b0\u01a1ng v\u1ecb v\u00e0 gia v\u1ecb phong ph\u00fa c\u1ee7a \u1ea4n \u0110\u1ed9. Ngh\u1ec7 n\u1ed5i ti\u1ebfng v\u1edbi t\u00e1c d\u1ee5ng ch\u1eefa l\u00e0nh t\u1eeb b\u00ean trong l\u1eabn b\u00ean ngo\u00e0i. <\/p>\n<p><strong>Th\u00e0nh ph\u1ea7n:<\/strong> H\u1ea1t \u0111i\u1ec1u, n\u01b0\u1edbc l\u1ecdc (RO), ngh\u1ec7 (1,7%), th\u00ec l\u00e0, mu\u1ed1i, men vi sinh<br \/>\n<strong>Tr\u1ecdng L\u01b0\u1ee3ng: <\/strong>160gr<\/p>\n<p><strong>Th\u00f4ng Tin Dinh D\u01b0\u1ee1ng m\u1ed7i 100gr:<\/strong><br \/>\nN\u0103ng l\u01b0\u1ee3ng: 408kcal<br \/>\nCh\u1ea5t b\u00e9o: 31.6g<br \/>\nCh\u1ea5t \u0111\u1ea1m: 14g<br \/>\nHydrat carbon: 16.8g<br \/>\nCanxi: 415mg<\/p>\n","protected":false},"featured_media":11361,"template":"","meta":[],"pwb-brand":[],"product_cat":[607,220],"product_tag":[],"class_list":{"0":"post-12912","1":"product","2":"type-product","3":"status-publish","4":"has-post-thumbnail","6":"product_cat-pho-mai-hat-dieu","7":"product_cat-bo-trung-sua","9":"first","10":"instock","11":"shipping-taxable","12":"purchasable","13":"product-type-simple"},"acf":[],"brands":[],"_links":{"self":[{"href":"https:\/\/bynature.vn\/vi\/wp-json\/wp\/v2\/product\/12912","targetHints":{"allow":["GET"]}}],"collection":[{"href":"https:\/\/bynature.vn\/vi\/wp-json\/wp\/v2\/product"}],"about":[{"href":"https:\/\/bynature.vn\/vi\/wp-json\/wp\/v2\/types\/product"}],"wp:featuredmedia":[{"embeddable":true,"href":"https:\/\/bynature.vn\/vi\/wp-json\/wp\/v2\/media\/11361"}],"wp:attachment":[{"href":"https:\/\/bynature.vn\/vi\/wp-json\/wp\/v2\/media?parent=12912"}],"wp:term":[{"taxonomy":"pwb-brand","embeddable":true,"href":"https:\/\/bynature.vn\/vi\/wp-json\/wp\/v2\/pwb-brand?post=12912"},{"taxonomy":"product_cat","embeddable":true,"href":"https:\/\/bynature.vn\/vi\/wp-json\/wp\/v2\/product_cat?post=12912"},{"taxonomy":"product_tag","embeddable":true,"href":"https:\/\/bynature.vn\/vi\/wp-json\/wp\/v2\/product_tag?post=12912"}],"curies":[{"name":"wp","href":"https:\/\/api.w.org\/{rel}","templated":true}]}}