{"id":12910,"date":"2025-04-17T13:07:16","date_gmt":"2025-04-17T06:07:16","guid":{"rendered":"https:\/\/bynature.vn\/product\/pho-mai-kem-co-dien\/"},"modified":"2025-04-17T13:07:16","modified_gmt":"2025-04-17T06:07:16","slug":"pho-mai-kem-co-dien","status":"publish","type":"product","link":"https:\/\/bynature.vn\/vi\/product\/pho-mai-kem-co-dien\/","title":{"rendered":"Ph\u00f4 Mai Kem C\u1ed5 \u0110i\u1ec3n"},"content":{"rendered":"<p>Ph\u00f4 mai kem \u0111\u1ec1u m\u1ecbn d\u1ec5 ph\u1ebft l\u00e0m t\u1eeb h\u1ea1t \u0111i\u1ec1u thu\u1ea7n t\u1ef1 nhi\u00ean ngu\u1ed3n \u0111\u1ecba ph\u01b0\u01a1ng, l\u00ean men b\u1eb1ng men vi sinh thu\u1ea7n chay. C\u1ed5 \u0110i\u1ec3n l\u00e0 h\u01b0\u01a1ng v\u1ecb g\u1ed1c c\u1ee7a Ph\u00f4 Mai Kem, \u0111\u01b0\u1ee3c l\u00e0m \u0111\u01a1n gi\u1ea3n t\u1eeb h\u1ea1t \u0111i\u1ec1u, men vi sinh, mu\u1ed1i v\u00e0 n\u01b0\u1edbc, l\u00ean men, kh\u00f4ng \u1ee7 gi\u00e0.  <\/p>\n<p><strong>Th\u00e0nh ph\u1ea7n:<\/strong> H\u1ea1t \u0111i\u1ec1u, n\u01b0\u1edbc l\u1ecdc (RO), mu\u1ed1i, men vi sinh<br \/>\n<strong>Kh\u1ed1i l\u01b0\u1ee3ng t\u1ecbnh: <\/strong>200g<\/p>\n<div id=\"formula-bar-name-box-wrapper\" class=\"name-box-enabled formula-bar-with-name-box-wrapper\">\n<div id=\"formula-bar\" class=\"formula-bar formulabar-disabled\">\n<div id=\"t-formula-bar-input-container\">\n<div dir=\"ltr\">\n<div id=\"t-formula-bar-input\" spellcheck=\"false\">\n<div class=\"cell-input disabled-input\" dir=\"ltr\" tabindex=\"0\" role=\"combobox\" contenteditable=\"false\" aria-autocomplete=\"list\"><strong>Gi\u00e1 Tr\u1ecb Dinh D\u01b0\u1ee1ng m\u1ed7i 100gr:<\/strong><br \/>\nN\u0103ng l\u01b0\u1ee3ng: 278 kcal<br \/>\nCh\u1ea5t b\u00e9o\/: 21.7g<br \/>\nCh\u1ea5t \u0111\u1ea1m: 9.1g<br \/>\nHydrat cacbon: 11.2g<br \/>\nCanxi: 151mg<\/div>\n<\/div>\n<\/div>\n<\/div>\n<\/div>\n<\/div>\n","protected":false},"excerpt":{"rendered":"<p>H\u00e3y t\u1eadn h\u01b0\u1edfng v\u1ecb m\u1ecbn m\u00e0ng nh\u01b0 nhung c\u1ee7a Ph\u00f4 Mai Kem H\u1ea1t \u0110i\u1ec1u C\u1ed5 \u0110i\u1ec3n l\u00ean men. Lo\u1ea1i ph\u00f4 mai kem thu\u1ea7n t\u1ef1 nhi\u00ean, thu\u1ea7n chay n\u00e0y mang h\u01b0\u01a1ng v\u1ecb b\u00e9o ng\u1eady, h\u01a1i chua \u0111\u1eb7c tr\u01b0ng nh\u1edd qu\u00e1 tr\u00ecnh l\u00ean men tinh t\u1ebf. Ho\u00e0n h\u1ea3o \u0111\u1ec3 tr\u1ea3i tr\u00ean b\u00e1nh m\u00ec y\u00eau th\u00edch, th\u00eam \u0111\u1ed9 m\u1ecbn cho c\u00e1c m\u00f3n \u0103n, ho\u1eb7c th\u01b0\u1edfng th\u1ee9c nh\u01b0 d\u1ea1ng ch\u1ea5m, mang tinh hoa c\u1ee7a ph\u00f4 mai kem truy\u1ec1n th\u1ed1ng v\u00e0o l\u1ed1i s\u1ed1ng thu\u1ea7n th\u1ef1c v\u1eadt c\u1ee7a b\u1ea1n.  <\/p>\n<article class=\"text-token-text-primary w-full focus:outline-none [--shadow-height:45px] has-data-writing-block:pointer-events-none has-data-writing-block:-mt-(--shadow-height) has-data-writing-block:pt-(--shadow-height) [&amp;:has([data-writing-block])&gt;*]:pointer-events-auto scroll-mt-[calc(var(--header-height)+min(200px,max(70px,20svh)))]\" dir=\"auto\" tabindex=\"-1\" data-turn-id=\"request-WEB:546f0220-0e9a-45e4-a6ff-9ee9ba78c71b-20\" data-testid=\"conversation-turn-40\" data-scroll-anchor=\"true\" data-turn=\"assistant\">\n<div class=\"text-base my-auto mx-auto pb-10 [--thread-content-margin:--spacing(4)] thread-sm:[--thread-content-margin:--spacing(6)] thread-lg:[--thread-content-margin:--spacing(16)] px-(--thread-content-margin)\">\n<div class=\"[--thread-content-max-width:40rem] thread-lg:[--thread-content-max-width:48rem] mx-auto max-w-(--thread-content-max-width) flex-1 group\/turn-messages focus-visible:outline-hidden relative flex w-full min-w-0 flex-col agent-turn\" tabindex=\"-1\">\n<div class=\"flex max-w-full flex-col grow\">\n<div class=\"min-h-8 text-message relative flex w-full flex-col items-end gap-2 text-start break-words whitespace-normal [.text-message+&amp;]:mt-1\" dir=\"auto\" data-message-author-role=\"assistant\" data-message-id=\"263754c7-52c2-4af3-b772-28eea37f332a\" data-message-model-slug=\"gpt-5-mini\">\n<div class=\"flex w-full flex-col gap-1 empty:hidden first:pt-[1px]\">\n<div class=\"markdown prose dark:prose-invert w-full break-words light markdown-new-styling\"><\/div>\n<\/div>\n<\/div>\n<\/div>\n<\/div>\n<\/div>\n<\/article>\n","protected":false},"featured_media":11364,"template":"","meta":[],"pwb-brand":[],"product_cat":[607,220],"product_tag":[],"class_list":{"0":"post-12910","1":"product","2":"type-product","3":"status-publish","4":"has-post-thumbnail","6":"product_cat-pho-mai-hat-dieu","7":"product_cat-bo-trung-sua","9":"first","10":"instock","11":"shipping-taxable","12":"purchasable","13":"product-type-simple"},"acf":[],"brands":[],"_links":{"self":[{"href":"https:\/\/bynature.vn\/vi\/wp-json\/wp\/v2\/product\/12910","targetHints":{"allow":["GET"]}}],"collection":[{"href":"https:\/\/bynature.vn\/vi\/wp-json\/wp\/v2\/product"}],"about":[{"href":"https:\/\/bynature.vn\/vi\/wp-json\/wp\/v2\/types\/product"}],"wp:featuredmedia":[{"embeddable":true,"href":"https:\/\/bynature.vn\/vi\/wp-json\/wp\/v2\/media\/11364"}],"wp:attachment":[{"href":"https:\/\/bynature.vn\/vi\/wp-json\/wp\/v2\/media?parent=12910"}],"wp:term":[{"taxonomy":"pwb-brand","embeddable":true,"href":"https:\/\/bynature.vn\/vi\/wp-json\/wp\/v2\/pwb-brand?post=12910"},{"taxonomy":"product_cat","embeddable":true,"href":"https:\/\/bynature.vn\/vi\/wp-json\/wp\/v2\/product_cat?post=12910"},{"taxonomy":"product_tag","embeddable":true,"href":"https:\/\/bynature.vn\/vi\/wp-json\/wp\/v2\/product_tag?post=12910"}],"curies":[{"name":"wp","href":"https:\/\/api.w.org\/{rel}","templated":true}]}}