{"id":12909,"date":"2025-04-17T13:16:16","date_gmt":"2025-04-17T06:16:16","guid":{"rendered":"https:\/\/bynature.vn\/product\/pho-mai-kem-huong-khoi-hickory\/"},"modified":"2025-04-17T13:16:16","modified_gmt":"2025-04-17T06:16:16","slug":"pho-mai-kem-huong-khoi-hickory","status":"publish","type":"product","link":"https:\/\/bynature.vn\/vi\/product\/pho-mai-kem-huong-khoi-hickory\/","title":{"rendered":"Ph\u00f4 Mai Kem H\u01b0\u01a1ng Kh\u00f3i Hickory"},"content":{"rendered":"<p>Ph\u00f4 mai kem \u0111\u1ec1u m\u1ecbn d\u1ec5 ph\u1ebft l\u00e0m t\u1eeb h\u1ea1t \u0111i\u1ec1u thu\u1ea7n t\u1ef1 nhi\u00ean ngu\u1ed3n \u0111\u1ecba ph\u01b0\u01a1ng, l\u00ean men b\u1eb1ng men vi sinh thu\u1ea7n chay. Ph\u00f4 Mai Kem H\u01b0\u01a1ng Kh\u00f3i Hickory \u0111\u01b0\u1ee3c ch\u1ebf bi\u1ebfn v\u1edbi h\u01b0\u01a1ng kh\u00f3i Hickory, mang \u0111\u1ebfn v\u1ecb kh\u00f3i BBQ th\u01a1m ngon, h\u1ea5p d\u1eabn. <\/p>\n<p><strong>Th\u00e0nh ph\u1ea7n: <\/strong>H\u1ea1t \u0111i\u1ec1u, n\u01b0\u1edbc l\u1ecdc (RO), \u1edbt paprika, h\u01b0\u01a1ng kh\u00f3i Hickory (0,5%), mu\u1ed1i, men vi sinh<br \/>\n<strong>Kh\u1ed1i l\u01b0\u1ee3ng t\u1ecbnh: <\/strong>200g<\/p>\n<div id=\"formula-bar-name-box-wrapper\" class=\"name-box-enabled formula-bar-with-name-box-wrapper\">\n<div id=\"formula-bar\" class=\"formula-bar formulabar-disabled\">\n<div id=\"t-formula-bar-input-container\">\n<div dir=\"ltr\">\n<div id=\"t-formula-bar-input\" spellcheck=\"false\">\n<div class=\"cell-input disabled-input\" dir=\"ltr\" tabindex=\"0\" role=\"combobox\" contenteditable=\"false\" aria-autocomplete=\"list\"><strong>Gi\u00e1 Tr\u1ecb Dinh D\u01b0\u1ee1ng m\u1ed7i 100gr:<\/strong><br \/>\nN\u0103ng l\u01b0\u1ee3ng: 275kcal<br \/>\nCh\u1ea5t b\u00e9o: 21.2g<br \/>\nCh\u1ea5t \u0111\u1ea1m: 9.4g<br \/>\nHydrat cacbon: 11.6g<br \/>\nCalci: 222mg<\/div>\n<\/div>\n<\/div>\n<\/div>\n<\/div>\n<\/div>\n","protected":false},"excerpt":{"rendered":"<p>H\u00e3y t\u1eadn h\u01b0\u1edfng h\u01b0\u01a1ng v\u1ecb b\u00e9o ng\u1eady v\u00e0 kh\u00f3i th\u01a1m c\u1ee7a Ph\u00f4 Mai Kem H\u1ea1t \u0110i\u1ec1u l\u00ean men v\u1edbi Kh\u00f3i Hickory. Lo\u1ea1i ph\u00f4 mai kem thu\u1ea7n t\u1ef1 nhi\u00ean, thu\u1ea7n chay n\u00e0y k\u1ebft h\u1ee3p v\u1ecb chua nh\u1eb9, b\u00e9o m\u1ecbn c\u1ee7a h\u1ea1t \u0111i\u1ec1u l\u00ean men v\u1edbi h\u01b0\u01a1ng kh\u00f3i \u0111\u1eadm, th\u01a1m n\u1ed3ng c\u1ee7a Hickory. Ho\u00e0n h\u1ea3o \u0111\u1ec3 t\u0103ng h\u01b0\u01a1ng v\u1ecb cho c\u00e1c m\u00f3n \u0103n y\u00eau th\u00edch, tr\u1ea3i tr\u00ean b\u00e1nh quy, ho\u1eb7c th\u01b0\u1edfng th\u1ee9c nh\u01b0 m\u1ed9t m\u00f3n dip m\u1eb7n, mang \u0111\u1ebfn s\u1ef1 tinh t\u1ebf cho \u1ea9m th\u1ef1c thu\u1ea7n th\u1ef1c v\u1eadt.  <\/p>\n<article class=\"text-token-text-primary w-full focus:outline-none [--shadow-height:45px] has-data-writing-block:pointer-events-none has-data-writing-block:-mt-(--shadow-height) has-data-writing-block:pt-(--shadow-height) [&amp;:has([data-writing-block])&gt;*]:pointer-events-auto scroll-mt-[calc(var(--header-height)+min(200px,max(70px,20svh)))]\" dir=\"auto\" tabindex=\"-1\" data-turn-id=\"request-WEB:546f0220-0e9a-45e4-a6ff-9ee9ba78c71b-17\" data-testid=\"conversation-turn-34\" data-scroll-anchor=\"true\" data-turn=\"assistant\">\n<div class=\"text-base my-auto mx-auto pb-10 [--thread-content-margin:--spacing(4)] thread-sm:[--thread-content-margin:--spacing(6)] thread-lg:[--thread-content-margin:--spacing(16)] px-(--thread-content-margin)\">\n<div class=\"[--thread-content-max-width:40rem] thread-lg:[--thread-content-max-width:48rem] mx-auto max-w-(--thread-content-max-width) flex-1 group\/turn-messages focus-visible:outline-hidden relative flex w-full min-w-0 flex-col agent-turn\" tabindex=\"-1\">\n<div class=\"mt-3 w-full empty:hidden\">\n<div class=\"text-center\"><\/div>\n<\/div>\n<\/div>\n<\/div>\n<\/article>\n<div class=\"pointer-events-none h-px w-px\" aria-hidden=\"true\" data-edge=\"true\"><\/div>\n","protected":false},"featured_media":11367,"template":"","meta":[],"pwb-brand":[],"product_cat":[607,220],"product_tag":[],"class_list":{"0":"post-12909","1":"product","2":"type-product","3":"status-publish","4":"has-post-thumbnail","6":"product_cat-pho-mai-hat-dieu","7":"product_cat-bo-trung-sua","9":"first","10":"instock","11":"shipping-taxable","12":"purchasable","13":"product-type-simple"},"acf":[],"brands":[],"_links":{"self":[{"href":"https:\/\/bynature.vn\/vi\/wp-json\/wp\/v2\/product\/12909","targetHints":{"allow":["GET"]}}],"collection":[{"href":"https:\/\/bynature.vn\/vi\/wp-json\/wp\/v2\/product"}],"about":[{"href":"https:\/\/bynature.vn\/vi\/wp-json\/wp\/v2\/types\/product"}],"wp:featuredmedia":[{"embeddable":true,"href":"https:\/\/bynature.vn\/vi\/wp-json\/wp\/v2\/media\/11367"}],"wp:attachment":[{"href":"https:\/\/bynature.vn\/vi\/wp-json\/wp\/v2\/media?parent=12909"}],"wp:term":[{"taxonomy":"pwb-brand","embeddable":true,"href":"https:\/\/bynature.vn\/vi\/wp-json\/wp\/v2\/pwb-brand?post=12909"},{"taxonomy":"product_cat","embeddable":true,"href":"https:\/\/bynature.vn\/vi\/wp-json\/wp\/v2\/product_cat?post=12909"},{"taxonomy":"product_tag","embeddable":true,"href":"https:\/\/bynature.vn\/vi\/wp-json\/wp\/v2\/product_tag?post=12909"}],"curies":[{"name":"wp","href":"https:\/\/api.w.org\/{rel}","templated":true}]}}