{"id":12908,"date":"2025-04-17T13:20:17","date_gmt":"2025-04-17T06:20:17","guid":{"rendered":"https:\/\/bynature.vn\/product\/pho-mai-kem-tieu\/"},"modified":"2025-04-17T13:20:17","modified_gmt":"2025-04-17T06:20:17","slug":"pho-mai-kem-tieu","status":"publish","type":"product","link":"https:\/\/bynature.vn\/vi\/product\/pho-mai-kem-tieu\/","title":{"rendered":"Ph\u00f4 Mai Kem Ti\u00eau"},"content":{"rendered":"<p>Ph\u00f4 mai kem \u0111\u1ec1u m\u1ecbn d\u1ec5 ph\u1ebft l\u00e0m t\u1eeb h\u1ea1t \u0111i\u1ec1u ngu\u1ed3n g\u1ed1c \u0111\u1ecba ph\u01b0\u01a1ng, l\u00ean men b\u1eb1ng men vi sinh thu\u1ea7n chay. Ph\u00f4 Mai Kem Ti\u00eau \u0111\u01b0\u1ee3c ch\u1ebf bi\u1ebfn v\u1edbi ti\u00eau Ph\u00fa Qu\u1ed1c, m\u1ed9t trong nh\u1eefng lo\u1ea1i ti\u00eau n\u1ed5i ti\u1ebfng nh\u1ea5t th\u1ebf gi\u1edbi. Ch\u00fang t\u00f4i c\u00f2n ch\u1ee7 \u0111\u1ed9ng t\u00ecm ki\u1ebfm v\u00e0 ch\u1ecdn l\u1ecdc c\u00e1c lo\u1ea1i ti\u00eau th\u1ee7 c\u00f4ng \u0111\u1eb7c bi\u1ec7t, mang h\u01b0\u01a1ng th\u01a1m \u0111\u1eadm \u0111\u00e0, cay n\u1ed3ng cho b\u1ed9 s\u01b0u t\u1eadp ph\u00f4 mai ti\u00eau Vi\u1ec7t Nam theo m\u00f9a c\u1ee7a ch\u00fang t\u00f4i.  <\/p>\n<p><strong>Th\u00e0nh ph\u1ea7n:<\/strong> H\u1ea1t \u0111i\u1ec1u, n\u01b0\u1edbc l\u1ecdc (RO), ti\u00eau (1%), mu\u1ed1i, men vi sinh<br \/>\n<strong>Kh\u1ed1i l\u01b0\u1ee3ng t\u1ecbnh: <\/strong>200g<\/p>\n<div id=\"formula-bar-name-box-wrapper\" class=\"name-box-enabled formula-bar-with-name-box-wrapper\">\n<div id=\"formula-bar\" class=\"formula-bar formulabar-disabled\">\n<div id=\"t-formula-bar-input-container\">\n<div dir=\"ltr\">\n<div id=\"t-formula-bar-input\" spellcheck=\"false\">\n<div class=\"cell-input disabled-input\" dir=\"ltr\" tabindex=\"0\" role=\"combobox\" contenteditable=\"false\" aria-autocomplete=\"list\"><strong>Gi\u00e1 Tr\u1ecb Dinh D\u01b0\u1ee1ng m\u1ed7i 100gr:<\/strong><br \/>\nN\u0103ng l\u01b0\u1ee3ng: 276kcal<br \/>\nCh\u1ea5t b\u00e9o: 21.2g<br \/>\nCh\u1ea5t \u0111\u1ea1m: 9.45g<br \/>\nHydrat cacbon: 11.8g<br \/>\nCanxi: 281mg<\/div>\n<\/div>\n<\/div>\n<\/div>\n<\/div>\n<\/div>\n","protected":false},"excerpt":{"rendered":"<p>Kh\u00e1m ph\u00e1 h\u01b0\u01a1ng v\u1ecb \u0111\u1eadm \u0111\u00e0 v\u00e0 cay n\u1ed3ng c\u1ee7a Ph\u00f4 Mai Kem Ti\u00eau H\u1ea1t \u0110i\u1ec1u. Lo\u1ea1i ph\u00f4 mai kem thu\u1ea7n t\u1ef1 nhi\u00ean, thu\u1ea7n chay n\u00e0y k\u1ebft h\u1ee3p v\u1ecb b\u00e9o m\u1ecbn c\u1ee7a h\u1ea1t \u0111i\u1ec1u v\u1edbi h\u01b0\u01a1ng th\u01a1m \u0111\u1eb7c tr\u01b0ng c\u1ee7a ti\u00eau Ph\u00fa Qu\u1ed1c. Ho\u00e0n h\u1ea3o \u0111\u1ec3 th\u00eam ch\u00fat cay n\u1ed3ng cho c\u00e1c m\u00f3n \u0103n nh\u1eb9, tr\u1ea3i tr\u00ean b\u00e1nh m\u00ec sandwich, ho\u1eb7c t\u1ea1o m\u1ed9t \u0111i\u1ec3m nh\u1ea5n \u0111\u1ed9c \u0111\u00e1o cho c\u00e1c c\u00f4ng th\u1ee9c n\u1ea5u \u0103n, mang \u0111\u1ebfn h\u01b0\u01a1ng v\u1ecb l\u1ea1 mi\u1ec7ng trong t\u1eebng mi\u1ebfng th\u01b0\u1edfng th\u1ee9c.  <\/p>\n","protected":false},"featured_media":11370,"template":"","meta":[],"pwb-brand":[],"product_cat":[607,220],"product_tag":[],"class_list":{"0":"post-12908","1":"product","2":"type-product","3":"status-publish","4":"has-post-thumbnail","6":"product_cat-pho-mai-hat-dieu","7":"product_cat-bo-trung-sua","9":"first","10":"instock","11":"shipping-taxable","12":"purchasable","13":"product-type-simple"},"acf":[],"brands":[],"_links":{"self":[{"href":"https:\/\/bynature.vn\/vi\/wp-json\/wp\/v2\/product\/12908","targetHints":{"allow":["GET"]}}],"collection":[{"href":"https:\/\/bynature.vn\/vi\/wp-json\/wp\/v2\/product"}],"about":[{"href":"https:\/\/bynature.vn\/vi\/wp-json\/wp\/v2\/types\/product"}],"wp:featuredmedia":[{"embeddable":true,"href":"https:\/\/bynature.vn\/vi\/wp-json\/wp\/v2\/media\/11370"}],"wp:attachment":[{"href":"https:\/\/bynature.vn\/vi\/wp-json\/wp\/v2\/media?parent=12908"}],"wp:term":[{"taxonomy":"pwb-brand","embeddable":true,"href":"https:\/\/bynature.vn\/vi\/wp-json\/wp\/v2\/pwb-brand?post=12908"},{"taxonomy":"product_cat","embeddable":true,"href":"https:\/\/bynature.vn\/vi\/wp-json\/wp\/v2\/product_cat?post=12908"},{"taxonomy":"product_tag","embeddable":true,"href":"https:\/\/bynature.vn\/vi\/wp-json\/wp\/v2\/product_tag?post=12908"}],"curies":[{"name":"wp","href":"https:\/\/api.w.org\/{rel}","templated":true}]}}