{"id":12907,"date":"2025-04-17T13:23:33","date_gmt":"2025-04-17T06:23:33","guid":{"rendered":"https:\/\/bynature.vn\/product\/pho-mai-kem-nam-truffle\/"},"modified":"2025-04-17T13:23:33","modified_gmt":"2025-04-17T06:23:33","slug":"pho-mai-kem-nam-truffle","status":"publish","type":"product","link":"https:\/\/bynature.vn\/vi\/product\/pho-mai-kem-nam-truffle\/","title":{"rendered":"Ph\u00f4 Mai Kem N\u1ea5m Truffle"},"content":{"rendered":"<p>Ph\u00f4 mai kem \u0111\u1ec1u m\u1ecbn d\u1ec5 ph\u1ebft l\u00e0m t\u1eeb h\u1ea1t \u0111i\u1ec1u ngu\u1ed3n g\u1ed1c \u0111\u1ecba ph\u01b0\u01a1ng, l\u00ean men b\u1eb1ng men vi sinh thu\u1ea7n chay. Ph\u00f4 Mai Kem N\u1ea5m Truffle \u0111\u01b0\u1ee3c ch\u1ebf bi\u1ebfn v\u1edbi n\u1ea5m truffle th\u01a1m ngon t\u1eeb \u00dac, mang \u0111\u1ebfn h\u01b0\u01a1ng th\u01a1m b\u00f9i, m\u1ed9c m\u1ea1c c\u00f9ng v\u1ecb nh\u1eb9 nh\u00e0ng, h\u01a1i n\u1ea5m v\u00e0 g\u1ed7 \u0111\u1eb7c tr\u01b0ng. <\/p>\n<p><strong>Th\u00e0nh ph\u1ea7n:<\/strong> H\u1ea1t \u0111i\u1ec1u, n\u01b0\u1edbc l\u1ecdc (RO), n\u1ea5m truffle (1%), mu\u1ed1i, men vi sinh<br \/>\n<strong>Kh\u1ed1i l\u01b0\u1ee3ng t\u1ecbnh:<\/strong> 200g<\/p>\n","protected":false},"excerpt":{"rendered":"<p>N\u00e2ng t\u1ea7m tr\u1ea3i nghi\u1ec7m \u1ea9m th\u1ef1c c\u1ee7a b\u1ea1n v\u1edbi Ph\u00f4 Mai Kem N\u1ea5m Trufle H\u1ea1t \u0110i\u1ec1u. Lo\u1ea1i ph\u00f4 mai kem thu\u1ea7n t\u1ef1 nhi\u00ean, thu\u1ea7n chay n\u00e0y k\u1ebft h\u1ee3p v\u1ecb b\u00e9o m\u1ecbn c\u1ee7a h\u1ea1t \u0111i\u1ec1u v\u1edbi h\u01b0\u01a1ng th\u01a1m sang tr\u1ecdng c\u1ee7a n\u1ea5m truffle, mang \u0111\u1ebfn h\u01b0\u01a1ng v\u1ecb tinh t\u1ebf cho nh\u1eefng th\u1ef1c kh\u00e1ch kh\u00f3 t\u00ednh. Ho\u00e0n h\u1ea3o cho khay th\u1ee9c \u0103n cao c\u1ea5p, tr\u1ea3i tr\u00ean b\u00e1nh m\u00ec th\u1ee7 c\u00f4ng, ho\u1eb7c th\u00eam m\u1ed9t ch\u00fat tinh t\u1ebf v\u00e0o c\u00e1c m\u00f3n \u0103n c\u1ee7a b\u1ea1n.  <\/p>\n","protected":false},"featured_media":11373,"template":"","meta":[],"pwb-brand":[],"product_cat":[607,220],"product_tag":[],"class_list":{"0":"post-12907","1":"product","2":"type-product","3":"status-publish","4":"has-post-thumbnail","6":"product_cat-pho-mai-hat-dieu","7":"product_cat-bo-trung-sua","9":"first","10":"instock","11":"shipping-taxable","12":"purchasable","13":"product-type-simple"},"acf":[],"brands":[],"_links":{"self":[{"href":"https:\/\/bynature.vn\/vi\/wp-json\/wp\/v2\/product\/12907","targetHints":{"allow":["GET"]}}],"collection":[{"href":"https:\/\/bynature.vn\/vi\/wp-json\/wp\/v2\/product"}],"about":[{"href":"https:\/\/bynature.vn\/vi\/wp-json\/wp\/v2\/types\/product"}],"wp:featuredmedia":[{"embeddable":true,"href":"https:\/\/bynature.vn\/vi\/wp-json\/wp\/v2\/media\/11373"}],"wp:attachment":[{"href":"https:\/\/bynature.vn\/vi\/wp-json\/wp\/v2\/media?parent=12907"}],"wp:term":[{"taxonomy":"pwb-brand","embeddable":true,"href":"https:\/\/bynature.vn\/vi\/wp-json\/wp\/v2\/pwb-brand?post=12907"},{"taxonomy":"product_cat","embeddable":true,"href":"https:\/\/bynature.vn\/vi\/wp-json\/wp\/v2\/product_cat?post=12907"},{"taxonomy":"product_tag","embeddable":true,"href":"https:\/\/bynature.vn\/vi\/wp-json\/wp\/v2\/product_tag?post=12907"}],"curies":[{"name":"wp","href":"https:\/\/api.w.org\/{rel}","templated":true}]}}