{"id":12906,"date":"2025-04-17T13:26:17","date_gmt":"2025-04-17T06:26:17","guid":{"rendered":"https:\/\/bynature.vn\/product\/pho-mai-kem-vi-toi-thao-moc\/"},"modified":"2025-04-17T13:26:17","modified_gmt":"2025-04-17T06:26:17","slug":"pho-mai-kem-vi-toi-thao-moc","status":"publish","type":"product","link":"https:\/\/bynature.vn\/vi\/product\/pho-mai-kem-vi-toi-thao-moc\/","title":{"rendered":"Ph\u00f4 Mai Kem V\u1ecb T\u1ecfi Th\u1ea3o M\u1ed9c"},"content":{"rendered":"<p>Ph\u00f4 mai kem b\u00e9o m\u1ecbn, d\u1ec5 ph\u1ebft, l\u00e0m t\u1eeb h\u1ea1t \u0111i\u1ec1u \u0111\u1ecba ph\u01b0\u01a1ng v\u00e0 l\u00ean men b\u1eb1ng men thu\u1ea7n chay. \u0110\u00e2y l\u00e0 ph\u00f4 mai l\u00ean men, kh\u00f4ng \u1ee7 gi\u00e0. <\/p>\n<p>Th\u00e0nh ph\u1ea7n: H\u1ea1t \u0111i\u1ec1u, n\u01b0\u1edbc l\u1ecdc RO, t\u1ecfi, th\u1ea3o m\u1ed9c (0,7%), mu\u1ed1i, men.<br \/>\nKh\u1ed1i l\u01b0\u1ee3ng t\u1ecbnh: 200g<\/p>\n","protected":false},"excerpt":{"rendered":"<p>Tr\u1ea3i nghi\u1ec7m s\u1ef1 h\u00f2a quy\u1ec7n tinh t\u1ebf c\u1ee7a h\u01b0\u01a1ng v\u1ecb trong Ph\u00f4 Mai Kem H\u1ea1t \u0110i\u1ec1u V\u1ecb Truffle, T\u1ecfi &amp; Th\u1ea3o M\u1ed9c. Lo\u1ea1i ph\u00f4 mai kem thu\u1ea7n chay, ho\u00e0n to\u00e0n t\u1ef1 nhi\u00ean n\u00e0y k\u1ebft h\u1ee3p h\u01b0\u01a1ng truffle \u0111\u1eadm \u0111\u00e0 v\u1edbi t\u1ecfi th\u01a1m n\u1ed3ng v\u00e0 c\u00e1c lo\u1ea1i th\u1ea3o m\u1ed9c d\u1eady m\u00f9i, t\u1ea1o n\u00ean m\u00f3n kem ph\u00f4 mai m\u1ec1m m\u1ecbn v\u00e0 \u0111\u1ea7y h\u01b0\u01a1ng v\u1ecb. L\u00fd t\u01b0\u1edfng \u0111\u1ec3 t\u0103ng h\u01b0\u01a1ng v\u1ecb cho c\u00e1c m\u00f3n \u0103n y\u00eau th\u00edch ho\u1eb7c th\u01b0\u1edfng th\u1ee9c nh\u01b0 m\u1ed9t m\u00f3n \u0103n nh\u1eb9 sang tr\u1ecdng.  <\/p>\n","protected":false},"featured_media":11376,"template":"","meta":[],"pwb-brand":[],"product_cat":[607,220],"product_tag":[],"class_list":{"0":"post-12906","1":"product","2":"type-product","3":"status-publish","4":"has-post-thumbnail","6":"product_cat-pho-mai-hat-dieu","7":"product_cat-bo-trung-sua","9":"first","10":"instock","11":"shipping-taxable","12":"purchasable","13":"product-type-simple"},"acf":[],"brands":[],"_links":{"self":[{"href":"https:\/\/bynature.vn\/vi\/wp-json\/wp\/v2\/product\/12906","targetHints":{"allow":["GET"]}}],"collection":[{"href":"https:\/\/bynature.vn\/vi\/wp-json\/wp\/v2\/product"}],"about":[{"href":"https:\/\/bynature.vn\/vi\/wp-json\/wp\/v2\/types\/product"}],"wp:featuredmedia":[{"embeddable":true,"href":"https:\/\/bynature.vn\/vi\/wp-json\/wp\/v2\/media\/11376"}],"wp:attachment":[{"href":"https:\/\/bynature.vn\/vi\/wp-json\/wp\/v2\/media?parent=12906"}],"wp:term":[{"taxonomy":"pwb-brand","embeddable":true,"href":"https:\/\/bynature.vn\/vi\/wp-json\/wp\/v2\/pwb-brand?post=12906"},{"taxonomy":"product_cat","embeddable":true,"href":"https:\/\/bynature.vn\/vi\/wp-json\/wp\/v2\/product_cat?post=12906"},{"taxonomy":"product_tag","embeddable":true,"href":"https:\/\/bynature.vn\/vi\/wp-json\/wp\/v2\/product_tag?post=12906"}],"curies":[{"name":"wp","href":"https:\/\/api.w.org\/{rel}","templated":true}]}}