{"id":12905,"date":"2025-04-25T12:53:28","date_gmt":"2025-04-25T05:53:28","guid":{"rendered":"https:\/\/bynature.vn\/product\/uc-ga-ta-400g\/"},"modified":"2025-04-25T12:53:28","modified_gmt":"2025-04-25T05:53:28","slug":"uc-ga-ta-400g","status":"publish","type":"product","link":"https:\/\/bynature.vn\/vi\/product\/uc-ga-ta-400g\/","title":{"rendered":"\u1ee8c G\u00e0 Ta ~ 400g"},"content":{"rendered":"<p><strong>G\u00e0 Ta Ho\u00e0n To\u00e0n T\u1ef1 Nhi\u00ean \u2013 H\u01b0\u01a1ng V\u1ecb G\u00e0 Th\u1eadt S\u1ef1<\/strong><\/p>\n<p>Kh\u00e1m ph\u00e1 h\u01b0\u01a1ng v\u1ecb th\u1eadt c\u1ee7a g\u00e0 v\u1edbi nh\u1eefng con g\u00e0 ta t\u1ef1 nhi\u00ean, nu\u00f4i t\u1ea1i c\u00e1c trang tr\u1ea1i \u0111\u1ecba ph\u01b0\u01a1ng. \u0110\u01b0\u1ee3c nu\u00f4i b\u1eb1ng th\u1ee9c \u0103n 100% t\u1ef1 nhi\u00ean, kh\u00f4ng bi\u1ebfn \u0111\u1ed5i gen, g\u00e0 kh\u00f4ng s\u1eed d\u1ee5ng kh\u00e1ng sinh hay hormone t\u0103ng tr\u01b0\u1edfng \u2013 \u0111\u00fang nh\u01b0 c\u00e1ch thi\u00ean nhi\u00ean t\u1ea1o ra. K\u1ebft qu\u1ea3 l\u00e0 th\u1ecbt g\u00e0 th\u01a1m ngon, \u0111\u1eadm \u0111\u00e0, ch\u1eafc v\u00e0 s\u0103n h\u01a1n h\u1eb3n.   <\/p>\n<p>Ngu\u1ed3n g\u00e0 \u0111\u01b0\u1ee3c l\u1ea5y t\u1eeb c\u00e1c trang tr\u1ea1i uy t\u00edn, m\u1ed7i con \u0111\u01b0\u1ee3c t\u1ef1 do \u0111i l\u1ea1i, ph\u00e1t tri\u1ec3n t\u1ef1 nhi\u00ean trong m\u00f4i tr\u01b0\u1eddng kh\u00f4ng c\u0103ng th\u1eb3ng. \u0110i\u1ec1u n\u00e0y kh\u00f4ng ch\u1ec9 h\u1ed7 tr\u1ee3 n\u00f4ng nghi\u1ec7p b\u1ec1n v\u1eefng, m\u00e0 c\u00f2n \u0111\u1ea3m b\u1ea3o ch\u1ea5t l\u01b0\u1ee3ng th\u1ecbt cao nh\u1ea5t cho b\u1ea1n v\u00e0 gia \u0111\u00ecnh. <\/p>\n<p>V\u1edbi m\u1ed7i l\u1ea7n \u0103n, b\u1ea1n s\u1ebd c\u1ea3m nh\u1eadn s\u1ef1 kh\u00e1c bi\u1ec7t. H\u01b0\u01a1ng v\u1ecb kh\u00f4ng th\u1ec3 s\u00e1nh b\u1eb1ng v\u00e0 k\u1ebft c\u1ea5u ho\u00e0n h\u1ea3o \u0111\u1ec3 n\u01b0\u1edbng, rang ho\u1eb7c chi\u00ean. H\u00e3y n\u1ebfm th\u1eed h\u01b0\u01a1ng v\u1ecb \u0111\u00edch th\u1ef1c c\u1ee7a m\u1ed9t con g\u00e0 \u0111\u01b0\u1ee3c nu\u00f4i \u0111\u00fang c\u00e1ch.  <\/p>\n<p>S\u1ea3n ph\u1ea9m l\u00fd t\u01b0\u1edfng cho nh\u1eefng ai quan t\u00e2m \u0111\u1ebfn ngu\u1ed3n g\u1ed1c th\u1ef1c ph\u1ea9m v\u00e0 mu\u1ed1n th\u01b0\u1edfng th\u1ee9c m\u00f3n g\u00e0 t\u1ef1 nhi\u00ean, cao c\u1ea5p.<\/p>\n","protected":false},"excerpt":{"rendered":"<p>H\u00e3y t\u1eadn h\u01b0\u1edfng h\u01b0\u01a1ng v\u1ecb nguy\u00ean ch\u1ea5t, thu\u1ea7n khi\u1ebft c\u1ee7a g\u00e0 ta t\u1ef1 nhi\u00ean. \u0110\u01b0\u1ee3c nu\u00f4i d\u01b0\u1ee1ng v\u1edbi s\u1ef1 ch\u0103m s\u00f3c v\u00e0 t\u00f4n tr\u1ecdng t\u1ed1i \u0111a d\u00e0nh cho g\u00e0 v\u00e0 m\u00f4i tr\u01b0\u1eddng, s\u1ea3n ph\u1ea9m c\u1ee7a ch\u00fang t\u00f4i l\u00e0 tinh hoa c\u1ee7a s\u1ef1 t\u01b0\u01a1i ngon, l\u00e0nh m\u1ea1nh t\u1eeb trang tr\u1ea1i. <\/p>\n","protected":false},"featured_media":11414,"template":"","meta":[],"pwb-brand":[],"product_cat":[247,251],"product_tag":[],"class_list":{"0":"post-12905","1":"product","2":"type-product","3":"status-publish","4":"has-post-thumbnail","6":"product_cat-cac-loai-thit","7":"product_cat-thit-ga-vit","9":"first","10":"outofstock","11":"shipping-taxable","12":"purchasable","13":"product-type-simple"},"acf":[],"brands":[],"_links":{"self":[{"href":"https:\/\/bynature.vn\/vi\/wp-json\/wp\/v2\/product\/12905","targetHints":{"allow":["GET"]}}],"collection":[{"href":"https:\/\/bynature.vn\/vi\/wp-json\/wp\/v2\/product"}],"about":[{"href":"https:\/\/bynature.vn\/vi\/wp-json\/wp\/v2\/types\/product"}],"wp:featuredmedia":[{"embeddable":true,"href":"https:\/\/bynature.vn\/vi\/wp-json\/wp\/v2\/media\/11414"}],"wp:attachment":[{"href":"https:\/\/bynature.vn\/vi\/wp-json\/wp\/v2\/media?parent=12905"}],"wp:term":[{"taxonomy":"pwb-brand","embeddable":true,"href":"https:\/\/bynature.vn\/vi\/wp-json\/wp\/v2\/pwb-brand?post=12905"},{"taxonomy":"product_cat","embeddable":true,"href":"https:\/\/bynature.vn\/vi\/wp-json\/wp\/v2\/product_cat?post=12905"},{"taxonomy":"product_tag","embeddable":true,"href":"https:\/\/bynature.vn\/vi\/wp-json\/wp\/v2\/product_tag?post=12905"}],"curies":[{"name":"wp","href":"https:\/\/api.w.org\/{rel}","templated":true}]}}