{"id":12904,"date":"2025-04-25T13:45:57","date_gmt":"2025-04-25T06:45:57","guid":{"rendered":"https:\/\/bynature.vn\/product\/2-goi-chan-ga-600g-gia-moi-kg\/"},"modified":"2025-04-25T13:45:57","modified_gmt":"2025-04-25T06:45:57","slug":"2-goi-chan-ga-600g-gia-moi-kg","status":"publish","type":"product","link":"https:\/\/bynature.vn\/vi\/product\/2-goi-chan-ga-600g-gia-moi-kg\/","title":{"rendered":"2 G\u00f3i Ch\u00e2n G\u00e0 ~ 600g (gi\u00e1 m\u1ed7i kg)"},"content":{"rendered":"<p><strong>Ch\u00e2n G\u00e0 Nu\u00f4i Ho\u00e0n To\u00e0n T\u1ef1 Nhi\u00ean \u2013 Ngu\u1ed3n G\u1ed1c \u0110\u1ecba Ph\u01b0\u01a1ng, G\u00e0 Th\u1ea3 V\u01b0\u1eddn<\/strong><\/p>\n<p>Gi\u00e0u collagen t\u1ef1 nhi\u00ean v\u00e0 d\u01b0\u1ee1ng ch\u1ea5t, ch\u00e2n g\u00e0 nu\u00f4i t\u1ef1 nhi\u00ean c\u1ee7a ch\u00fang t\u00f4i l\u00e0 l\u1ef1a ch\u1ecdn b\u1ed5 d\u01b0\u1ee1ng cho m\u1ecdi gian b\u1ebfp. S\u1ea3n ph\u1ea9m \u0111\u01b0\u1ee3c l\u1ea5y t\u1eeb g\u00e0 th\u1ea3 v\u01b0\u1eddn t\u1ea1i trang tr\u1ea1i \u0111\u1ecba ph\u01b0\u01a1ng, nu\u00f4i kh\u00f4ng kh\u00e1ng sinh, kh\u00f4ng hormone t\u0103ng tr\u01b0\u1edfng, \u0111\u1ea3m b\u1ea3o \u0111\u1ed9 t\u01b0\u01a1i ngon v\u00e0 an to\u00e0n cho s\u1ee9c kh\u1ecfe. Ch\u00e2n g\u00e0 l\u00e0 nguy\u00ean li\u1ec7u l\u00fd t\u01b0\u1edfng cho c\u00e1c m\u00f3n n\u01b0\u1edbc h\u1ea7m x\u01b0\u01a1ng \u0111\u1eadm v\u1ecb, s\u00fap b\u1ed5 d\u01b0\u1ee1ng hay c\u00e1c m\u00f3n \u0103n truy\u1ec1n th\u1ed1ng. <\/p>\n<p>D\u00f9 b\u1ea1n mu\u1ed1n t\u0103ng \u0111\u1ed9 ng\u1ecdt t\u1ef1 nhi\u00ean cho n\u01b0\u1edbc d\u00f9ng hay t\u1ea1o chi\u1ec1u s\u00e2u h\u01b0\u01a1ng v\u1ecb cho m\u00f3n \u0103n, ch\u00e2n g\u00e0 c\u1ee7a ch\u00fang t\u00f4i lu\u00f4n mang \u0111\u1ebfn ch\u1ea5t l\u01b0\u1ee3ng v\u01b0\u1ee3t tr\u1ed9i v\u00e0 gi\u00e1 tr\u1ecb dinh d\u01b0\u1ee1ng cao.<\/p>\n","protected":false},"excerpt":{"rendered":"<p><strong>Ch\u00e2n G\u00e0 Nu\u00f4i Ho\u00e0n To\u00e0n T\u1ef1 Nhi\u00ean<\/strong><\/p>\n<p>L\u1ea5y t\u1eeb g\u00e0 th\u1ea3 v\u01b0\u1eddn \u0111\u1ecba ph\u01b0\u01a1ng, nu\u00f4i kh\u00f4ng kh\u00e1ng sinh, kh\u00f4ng hormone t\u0103ng tr\u01b0\u1edfng. L\u00fd t\u01b0\u1edfng \u0111\u1ec3 n\u1ea5u n\u01b0\u1edbc h\u1ea7m x\u01b0\u01a1ng gi\u00e0u d\u01b0\u1ee1ng ch\u1ea5t v\u00e0 c\u00e1c m\u00f3n s\u00fap \u0111\u1eadm v\u1ecb \u2013 tinh khi\u1ebft, b\u1ed5 d\u01b0\u1ee1ng v\u00e0 gi\u00e0u collagen t\u1ef1 nhi\u00ean. <\/p>\n","protected":false},"featured_media":11417,"template":"","meta":[],"pwb-brand":[],"product_cat":[247,251],"product_tag":[],"class_list":{"0":"post-12904","1":"product","2":"type-product","3":"status-publish","4":"has-post-thumbnail","6":"product_cat-cac-loai-thit","7":"product_cat-thit-ga-vit","9":"first","10":"instock","11":"shipping-taxable","12":"purchasable","13":"product-type-simple"},"acf":[],"brands":[],"_links":{"self":[{"href":"https:\/\/bynature.vn\/vi\/wp-json\/wp\/v2\/product\/12904","targetHints":{"allow":["GET"]}}],"collection":[{"href":"https:\/\/bynature.vn\/vi\/wp-json\/wp\/v2\/product"}],"about":[{"href":"https:\/\/bynature.vn\/vi\/wp-json\/wp\/v2\/types\/product"}],"wp:featuredmedia":[{"embeddable":true,"href":"https:\/\/bynature.vn\/vi\/wp-json\/wp\/v2\/media\/11417"}],"wp:attachment":[{"href":"https:\/\/bynature.vn\/vi\/wp-json\/wp\/v2\/media?parent=12904"}],"wp:term":[{"taxonomy":"pwb-brand","embeddable":true,"href":"https:\/\/bynature.vn\/vi\/wp-json\/wp\/v2\/pwb-brand?post=12904"},{"taxonomy":"product_cat","embeddable":true,"href":"https:\/\/bynature.vn\/vi\/wp-json\/wp\/v2\/product_cat?post=12904"},{"taxonomy":"product_tag","embeddable":true,"href":"https:\/\/bynature.vn\/vi\/wp-json\/wp\/v2\/product_tag?post=12904"}],"curies":[{"name":"wp","href":"https:\/\/api.w.org\/{rel}","templated":true}]}}