{"id":12902,"date":"2025-04-25T14:05:47","date_gmt":"2025-04-25T07:05:47","guid":{"rendered":"https:\/\/bynature.vn\/product\/nua-con-ga-ta-hoan-toan-tu-nhien-nuoi-tha-vuon-gia-tinh-theo-kg\/"},"modified":"2025-04-25T14:05:47","modified_gmt":"2025-04-25T07:05:47","slug":"nua-con-ga-ta-hoan-toan-tu-nhien-nuoi-tha-vuon-gia-tinh-theo-kg","status":"publish","type":"product","link":"https:\/\/bynature.vn\/vi\/product\/nua-con-ga-ta-hoan-toan-tu-nhien-nuoi-tha-vuon-gia-tinh-theo-kg\/","title":{"rendered":"N\u1eeda Con G\u00e0 Ta Ho\u00e0n To\u00e0n T\u1ef1 Nhi\u00ean, Nu\u00f4i Th\u1ea3 V\u01b0\u1eddn (Gi\u00e1 T\u00ednh Theo Kg)"},"content":{"rendered":"<p><strong>N\u1eeda Con G\u00e0 Ta \u2013 Nu\u00f4i T\u1ef1 Nhi\u00ean, Th\u1ea3 V\u01b0\u1eddn<\/strong><\/p>\n<p>Tr\u1ea3i nghi\u1ec7m tr\u1ecdn v\u1eb9n h\u01b0\u01a1ng v\u1ecb g\u00e0 ta \u0111\u00fang chu\u1ea9n v\u1edbi g\u00e0 nu\u00f4i t\u1eeb trang tr\u1ea1i \u0111\u1ecba ph\u01b0\u01a1ng c\u1ee7a ch\u00fang t\u00f4i, kh\u00f4ng kh\u00e1ng sinh, kh\u00f4ng hormone t\u0103ng tr\u01b0\u1edfng, kh\u00f4ng ch\u1ea5t ph\u1ee5 gia nh\u00e2n t\u1ea1o. G\u00e0 \u0111\u01b0\u1ee3c nu\u00f4i th\u1ea3 t\u1ef1 do, \u0103n th\u1ee9c \u0103n ho\u00e0n to\u00e0n t\u1ef1 nhi\u00ean, cho th\u1ecbt s\u0103n ch\u1eafc, v\u1ecb ng\u1ecdt \u0111\u1eadm v\u00e0 gi\u00e0u dinh d\u01b0\u1ee1ng h\u01a1n. Ph\u00f9 h\u1ee3p cho m\u1ecdi m\u00f3n \u0103n y\u00eau th\u00edch, \u0111\u00e2y l\u00e0 l\u1ef1a ch\u1ecdn l\u00e0nh m\u1ea1nh v\u00e0 th\u01a1m ngon cho m\u1ed7i b\u1eefa \u0103n c\u1ee7a b\u1ea1n.  <\/p>\n","protected":false},"excerpt":{"rendered":"<p>Th\u01b0\u1edfng th\u1ee9c h\u01b0\u01a1ng v\u1ecb \u0111\u1eadm \u0111\u00e0 c\u1ee7a g\u00e0 trang tr\u1ea1i \u0111\u1ecba ph\u01b0\u01a1ng, \u0111\u01b0\u1ee3c nu\u00f4i ho\u00e0n to\u00e0n kh\u00f4ng kh\u00e1ng sinh, kh\u00f4ng hormone t\u0103ng tr\u01b0\u1edfng. G\u00e0 \u0103n th\u1ee9c \u0103n t\u1ef1 nhi\u00ean v\u00e0 \u0111\u01b0\u1ee3c th\u1ea3 nu\u00f4i t\u1ef1 do, l\u00e0 l\u1ef1a ch\u1ecdn ho\u00e0n h\u1ea3o cho b\u1eefa \u0103n ngon h\u01a1n v\u00e0 l\u00e0nh m\u1ea1nh h\u01a1n. <\/p>\n","protected":false},"featured_media":11420,"template":"","meta":[],"pwb-brand":[],"product_cat":[247,251],"product_tag":[],"class_list":{"0":"post-12902","1":"product","2":"type-product","3":"status-publish","4":"has-post-thumbnail","6":"product_cat-cac-loai-thit","7":"product_cat-thit-ga-vit","9":"first","10":"instock","11":"shipping-taxable","12":"purchasable","13":"product-type-simple"},"acf":[],"brands":[],"_links":{"self":[{"href":"https:\/\/bynature.vn\/vi\/wp-json\/wp\/v2\/product\/12902","targetHints":{"allow":["GET"]}}],"collection":[{"href":"https:\/\/bynature.vn\/vi\/wp-json\/wp\/v2\/product"}],"about":[{"href":"https:\/\/bynature.vn\/vi\/wp-json\/wp\/v2\/types\/product"}],"wp:featuredmedia":[{"embeddable":true,"href":"https:\/\/bynature.vn\/vi\/wp-json\/wp\/v2\/media\/11420"}],"wp:attachment":[{"href":"https:\/\/bynature.vn\/vi\/wp-json\/wp\/v2\/media?parent=12902"}],"wp:term":[{"taxonomy":"pwb-brand","embeddable":true,"href":"https:\/\/bynature.vn\/vi\/wp-json\/wp\/v2\/pwb-brand?post=12902"},{"taxonomy":"product_cat","embeddable":true,"href":"https:\/\/bynature.vn\/vi\/wp-json\/wp\/v2\/product_cat?post=12902"},{"taxonomy":"product_tag","embeddable":true,"href":"https:\/\/bynature.vn\/vi\/wp-json\/wp\/v2\/product_tag?post=12902"}],"curies":[{"name":"wp","href":"https:\/\/api.w.org\/{rel}","templated":true}]}}