{"id":12899,"date":"2025-04-17T13:29:54","date_gmt":"2025-04-17T06:29:54","guid":{"rendered":"https:\/\/bynature.vn\/product\/pho-mai-hat-dieu-mozzarella\/"},"modified":"2025-04-17T13:29:54","modified_gmt":"2025-04-17T06:29:54","slug":"pho-mai-hat-dieu-mozzarella","status":"publish","type":"product","link":"https:\/\/bynature.vn\/vi\/product\/pho-mai-hat-dieu-mozzarella\/","title":{"rendered":"Ph\u00f4 Mai H\u1ea1t \u0110i\u1ec1u Mozzarella"},"content":{"rendered":"<p>Ph\u00f4 mai t\u01b0\u01a1i m\u1ec1m x\u1ed1p, d\u1ec5 tan ch\u1ea3y v\u00e0 nh\u1eb9 nh\u00e0ng. Phi\u00ean b\u1ea3n thu\u1ea7n chay c\u1ee7a ph\u00f4 mai \u00dd n\u1ed5i ti\u1ebfng n\u00e0y c\u00f3 th\u1ec3 d\u00f9ng t\u01b0\u01a1i ho\u1eb7c n\u1ea5u ch\u00edn. S\u1ea3n ph\u1ea9m c\u1ee7a ch\u00fang t\u00f4i \u0111\u01b0\u1ee3c l\u00e0m t\u1eeb h\u1ea1t \u0111i\u1ec1u v\u00e0 b\u1ed9t tapioca, c\u00f3 th\u1ec3 tan ch\u1ea3y, v\u00e0ng \u0111\u1ec1u v\u00e0 s\u1ee7i b\u1ecdt gi\u1ed1ng nh\u01b0 ph\u00f4 mai th\u1eadt! R\u1ea5t th\u00edch h\u1ee3p \u0111\u1ec3 thay th\u1ebf ph\u00f4 mai tr\u00ean pizza ho\u1eb7c d\u00f9ng t\u01b0\u01a1i trong sandwich v\u00e0 salad.   <\/p>\n<p><strong>Th\u00e0nh ph\u1ea7n:<\/strong> H\u1ea1t \u0111i\u1ec1u, n\u01b0\u1edbc l\u1ecdc RO, b\u1ed9t s\u1eafn, d\u1ea7u d\u1eeba, t\u1ecfi, mu\u1ed1i, ti\u00eau, d\u1ea7u \u00f4 liu.<br \/>\n<strong>Kh\u1ed1i l\u01b0\u1ee3ng t\u1ecbnh: <\/strong>200g<\/p>\n<div id=\"formula-bar-name-box-wrapper\" class=\"name-box-enabled formula-bar-with-name-box-wrapper\">\n<div id=\"formula-bar\" class=\"formula-bar formulabar-disabled\">\n<div id=\"t-formula-bar-input-container\">\n<div dir=\"ltr\">\n<div id=\"t-formula-bar-input\" spellcheck=\"false\">\n<div class=\"cell-input disabled-input\" dir=\"ltr\" tabindex=\"0\" role=\"combobox\" contenteditable=\"false\" aria-autocomplete=\"list\"><strong>Gi\u00e1 Tr\u1ecb Dinh D\u01b0\u1ee1ng m\u1ed7i 100gr:<\/strong><br \/>\nN\u0103ng l\u01b0\u1ee3ng 203kcal<br \/>\nCh\u1ea5t b\u00e9o: 14.06g<br \/>\nCh\u1ea5t \u0111\u1ea1m: 2.9g<br \/>\nHydrat cacbon: 16.1g<br \/>\nCanxi: 109mg<\/div>\n<\/div>\n<\/div>\n<\/div>\n<\/div>\n<\/div>\n","protected":false},"excerpt":{"rendered":"<p>Th\u01b0\u1edfng th\u1ee9c h\u01b0\u01a1ng v\u1ecb t\u01b0\u01a1i m\u1edbi v\u00e0 nh\u1eb9 nh\u00e0ng c\u1ee7a Ph\u00f4 Mai Mozzarella H\u1ea1t \u0110i\u1ec1u, \u0111\u01b0\u1ee3c l\u00e0m t\u1eeb 100% nguy\u00ean li\u1ec7u thu\u1ea7n chay, t\u1ef1 nhi\u00ean. Lo\u1ea1i ph\u00f4 mai n\u00e0y mang k\u1ebft c\u1ea5u m\u1ec1m m\u1ecbn, b\u00e9o nh\u1eb9 \u0111\u1eb7c tr\u01b0ng c\u1ee7a mozzarella, l\u00fd t\u01b0\u1edfng \u0111\u1ec3 tan ch\u1ea3y trong c\u00e1c m\u00f3n n\u01b0\u1edbng ho\u1eb7c th\u00eam v\u00e0o salad v\u00e0 sandwich y\u00eau th\u00edch. Tr\u1ea3i nghi\u1ec7m v\u1ecb ngon truy\u1ec1n th\u1ed1ng c\u1ee7a mozzarella v\u1edbi phi\u00ean b\u1ea3n thu\u1ea7n chay.  <\/p>\n","protected":false},"featured_media":11379,"template":"","meta":[],"pwb-brand":[],"product_cat":[607,220],"product_tag":[],"class_list":{"0":"post-12899","1":"product","2":"type-product","3":"status-publish","4":"has-post-thumbnail","6":"product_cat-pho-mai-hat-dieu","7":"product_cat-bo-trung-sua","9":"first","10":"instock","11":"shipping-taxable","12":"purchasable","13":"product-type-simple"},"acf":[],"brands":[],"_links":{"self":[{"href":"https:\/\/bynature.vn\/vi\/wp-json\/wp\/v2\/product\/12899","targetHints":{"allow":["GET"]}}],"collection":[{"href":"https:\/\/bynature.vn\/vi\/wp-json\/wp\/v2\/product"}],"about":[{"href":"https:\/\/bynature.vn\/vi\/wp-json\/wp\/v2\/types\/product"}],"wp:featuredmedia":[{"embeddable":true,"href":"https:\/\/bynature.vn\/vi\/wp-json\/wp\/v2\/media\/11379"}],"wp:attachment":[{"href":"https:\/\/bynature.vn\/vi\/wp-json\/wp\/v2\/media?parent=12899"}],"wp:term":[{"taxonomy":"pwb-brand","embeddable":true,"href":"https:\/\/bynature.vn\/vi\/wp-json\/wp\/v2\/pwb-brand?post=12899"},{"taxonomy":"product_cat","embeddable":true,"href":"https:\/\/bynature.vn\/vi\/wp-json\/wp\/v2\/product_cat?post=12899"},{"taxonomy":"product_tag","embeddable":true,"href":"https:\/\/bynature.vn\/vi\/wp-json\/wp\/v2\/product_tag?post=12899"}],"curies":[{"name":"wp","href":"https:\/\/api.w.org\/{rel}","templated":true}]}}