{"id":12898,"date":"2025-04-17T13:33:01","date_gmt":"2025-04-17T06:33:01","guid":{"rendered":"https:\/\/bynature.vn\/product\/pho-mai-ricotta-hat-dieu\/"},"modified":"2025-04-17T13:33:01","modified_gmt":"2025-04-17T06:33:01","slug":"pho-mai-ricotta-hat-dieu","status":"publish","type":"product","link":"https:\/\/bynature.vn\/vi\/product\/pho-mai-ricotta-hat-dieu\/","title":{"rendered":"Ph\u00f4 Mai Ricotta H\u1ea1t \u0110i\u1ec1u"},"content":{"rendered":"<p>Ph\u00f4 mai t\u01b0\u01a1i thu\u1ea7n chay, m\u1ec1m m\u1ecbn v\u00e0 nh\u1eb9 v\u1ecb. Phi\u00ean b\u1ea3n kh\u00f4ng s\u1eefa c\u1ee7a lo\u1ea1i ph\u00f4 mai \u00dd truy\u1ec1n th\u1ed1ng n\u00e0y \u0111\u01b0\u1ee3c l\u00e0m t\u1eeb h\u1ea1t \u0111i\u1ec1u \u0111\u1ecba ph\u01b0\u01a1ng. \u0110\u00e2y l\u00e0 lo\u1ea1i ph\u00f4 mai \u0111a n\u0103ng, l\u00fd t\u01b0\u1edfng cho m\u00ec s\u1ed1t kem, b\u00e1nh m\u00ec sandwich ho\u1eb7c nh\u00fang c\u00f9ng b\u00e1nh quy. D\u00f9 d\u00f9ng theo c\u00e1ch n\u00e0o, b\u1ea1n s\u1ebd y\u00eau th\u00edch v\u1ecb nh\u1eb9 nh\u00e0ng, x\u1ed1p m\u1ecbn c\u1ee7a n\u00f3.   <\/p>\n<p><strong>Th\u00e0nh ph\u1ea7n:<\/strong> H\u1ea1t \u0111i\u1ec1u, n\u01b0\u1edbc l\u1ecdc RO, b\u1ed9t s\u1eafn, n\u01b0\u1edbc c\u1ed1t chanh, mu\u1ed1i, d\u1ea7u \u00f4 liu, h\u01b0\u01a1ng th\u1ea3o.<br \/>\n<strong>Kh\u1ed1i l\u01b0\u1ee3ng t\u1ecbnh: <\/strong>200g<\/p>\n<div id=\"formula-bar-name-box-wrapper\" class=\"name-box-enabled formula-bar-with-name-box-wrapper\">\n<div id=\"formula-bar\" class=\"formula-bar formulabar-disabled\">\n<div id=\"t-formula-bar-input-container\">\n<div dir=\"ltr\">\n<div id=\"t-formula-bar-input\" spellcheck=\"false\">\n<div class=\"cell-input disabled-input\" dir=\"ltr\" tabindex=\"0\" role=\"combobox\" contenteditable=\"false\" aria-autocomplete=\"list\"><strong>Gi\u00e1 Tr\u1ecb Dinh D\u01b0\u1ee1ng m\u1ed7i 100g: <\/strong><br \/>\nN\u0103ng l\u01b0\u1ee3ng: 264kcal<br \/>\nCh\u1ea5t b\u00e9o: 20.13g<br \/>\nCh\u1ea5t \u0111\u1ea1m: 8.55g<br \/>\nHydrat cacbon: 12.1g<br \/>\nCanxi: 133g<\/div>\n<\/div>\n<\/div>\n<\/div>\n<\/div>\n<\/div>\n","protected":false},"excerpt":{"rendered":"<p>Kh\u00e1m ph\u00e1 h\u01b0\u01a1ng v\u1ecb t\u01b0\u01a1i m\u1edbi v\u00e0 nh\u1eb9 nh\u00e0ng c\u1ee7a Ph\u00f4 Mai Ricotta H\u1ea1t \u0110i\u1ec1u, s\u1ea3n ph\u1ea9m thu\u1ea7n chay, ho\u00e0n to\u00e0n t\u1ef1 nhi\u00ean, thay th\u1ebf ph\u00f4 mai \u00dd truy\u1ec1n th\u1ed1ng. Phi\u00ean b\u1ea3n kh\u00f4ng s\u1eefa n\u00e0y mang k\u1ebft c\u1ea5u m\u1ecbn m\u00e0ng v\u00e0 v\u1ecb d\u1ecbu nh\u1eb9 c\u1ee7a ricotta c\u1ed5 \u0111i\u1ec3n, l\u00fd t\u01b0\u1edfng \u0111\u1ec3 x\u1ebfp trong lasagna, th\u00eam v\u00e0o salad ho\u1eb7c th\u00eam m\u1ed9t th\u00eca l\u00ean m\u00f3n \u0103n y\u00eau th\u00edch c\u1ee7a b\u1ea1n. <\/p>\n","protected":false},"featured_media":11382,"template":"","meta":[],"pwb-brand":[],"product_cat":[607,220],"product_tag":[],"class_list":{"0":"post-12898","1":"product","2":"type-product","3":"status-publish","4":"has-post-thumbnail","6":"product_cat-pho-mai-hat-dieu","7":"product_cat-bo-trung-sua","9":"first","10":"instock","11":"shipping-taxable","12":"purchasable","13":"product-type-simple"},"acf":[],"brands":[],"_links":{"self":[{"href":"https:\/\/bynature.vn\/vi\/wp-json\/wp\/v2\/product\/12898","targetHints":{"allow":["GET"]}}],"collection":[{"href":"https:\/\/bynature.vn\/vi\/wp-json\/wp\/v2\/product"}],"about":[{"href":"https:\/\/bynature.vn\/vi\/wp-json\/wp\/v2\/types\/product"}],"wp:featuredmedia":[{"embeddable":true,"href":"https:\/\/bynature.vn\/vi\/wp-json\/wp\/v2\/media\/11382"}],"wp:attachment":[{"href":"https:\/\/bynature.vn\/vi\/wp-json\/wp\/v2\/media?parent=12898"}],"wp:term":[{"taxonomy":"pwb-brand","embeddable":true,"href":"https:\/\/bynature.vn\/vi\/wp-json\/wp\/v2\/pwb-brand?post=12898"},{"taxonomy":"product_cat","embeddable":true,"href":"https:\/\/bynature.vn\/vi\/wp-json\/wp\/v2\/product_cat?post=12898"},{"taxonomy":"product_tag","embeddable":true,"href":"https:\/\/bynature.vn\/vi\/wp-json\/wp\/v2\/product_tag?post=12898"}],"curies":[{"name":"wp","href":"https:\/\/api.w.org\/{rel}","templated":true}]}}