{"id":12896,"date":"2025-05-06T09:15:51","date_gmt":"2025-05-06T02:15:51","guid":{"rendered":"https:\/\/bynature.vn\/product\/sot-pesto-xanh-hat-dieu\/"},"modified":"2025-05-06T09:15:51","modified_gmt":"2025-05-06T02:15:51","slug":"sot-pesto-xanh-hat-dieu","status":"publish","type":"product","link":"https:\/\/bynature.vn\/vi\/product\/sot-pesto-xanh-hat-dieu\/","title":{"rendered":"S\u1ed1t Pesto Xanh H\u1ea1t \u0110i\u1ec1u"},"content":{"rendered":"<p>S\u1ed1t pesto thu\u1ea7n chay \u0111\u01b0\u1ee3c l\u00e0m t\u1eeb h\u00fang qu\u1ebf t\u01b0\u01a1i, ph\u00f4 mai h\u1ea1t \u0111i\u1ec1u \u1ee7 ch\u00edn Kashew, h\u1ea1t \u0111i\u1ec1u, t\u1ecfi, d\u1ea7u \u00f4-liu nguy\u00ean ch\u1ea5t, mu\u1ed1i v\u00e0 ti\u00eau. M\u1ed9t h\u0169 pesto c\u00f3 th\u1ec3 d\u00f9ng cho t\u1ed1i \u0111a 4 ph\u1ea7n m\u00ec pasta, ngo\u00e0i ra b\u1ea1n c\u00f2n c\u00f3 th\u1ec3 d\u00f9ng k\u00e8m v\u1edbi b\u00e1nh m\u00ec n\u01b0\u1edbng, rau c\u1ee7, salad v\u00e0 nhi\u1ec1u m\u00f3n kh\u00e1c. <\/p>\n<p><strong>Th\u00e0nh ph\u1ea7n:<\/strong> H\u1ea1t \u0111i\u1ec1u, n\u01b0\u1edbc l\u1ecdc RO, ph\u00f4 mai h\u1ea1t \u0111i\u1ec1u Kashew, d\u1ea7u \u00f4 liu, mu\u1ed1i, ti\u00eau, t\u1ecfi.<br \/>\n<strong>Kh\u1ed1i l\u01b0\u1ee3ng t\u1ecbnh:<\/strong> 200g<\/p>\n<p><strong>Gi\u00e1 tr\u1ecb dinh d\u01b0\u1ee1ng tr\u00ean 100g:<\/strong><br \/>\nN\u0103ng l\u01b0\u1ee3ng: 430 kcal<br \/>\nCh\u1ea5t b\u00e9o: 40,7 g<br \/>\nCh\u1ea5t \u0111\u1ea1m: 7,25 g<br \/>\nCarbohydrate: 8,59 g<br \/>\nCanxi: 670 mg<\/p>\n","protected":false},"excerpt":{"rendered":"<p>\u0110\u1eadm \u0111\u00e0 h\u00fang qu\u1ebf t\u01b0\u01a1i, h\u1ea1t \u0111i\u1ec1u b\u00e9o m\u1ecbn v\u00e0 chanh t\u01b0\u01a1i s\u1ea3ng kho\u00e1i, S\u1ed1t Pesto Xanh H\u1ea1t \u0110i\u1ec1u l\u00e0 phi\u00ean b\u1ea3n thu\u1ea7n chay, kh\u00f4ng s\u1eefa c\u1ee7a m\u00f3n pesto c\u1ed5 \u0111i\u1ec3n. L\u00fd t\u01b0\u1edfng \u0111\u1ec3 tr\u1ed9n m\u00ec, l\u00e0m b\u00e1nh m\u00ec sandwich ho\u1eb7c d\u00f9ng l\u00e0m s\u1ed1t ch\u1ea5m, 100% plant-based v\u00e0 ng\u1eadp tr\u00e0n h\u01b0\u01a1ng v\u1ecb. <\/p>\n<article class=\"text-token-text-primary w-full focus:outline-none [--shadow-height:45px] has-data-writing-block:pointer-events-none has-data-writing-block:-mt-(--shadow-height) has-data-writing-block:pt-(--shadow-height) [&amp;:has([data-writing-block])&gt;*]:pointer-events-auto scroll-mt-[calc(var(--header-height)+min(200px,max(70px,20svh)))]\" dir=\"auto\" tabindex=\"-1\" data-turn-id=\"request-WEB:3c0aaa9d-cd98-4a34-aec9-8e7250459705-20\" data-testid=\"conversation-turn-42\" data-scroll-anchor=\"true\" data-turn=\"assistant\">\n<div class=\"text-base my-auto mx-auto pb-10 [--thread-content-margin:--spacing(4)] thread-sm:[--thread-content-margin:--spacing(6)] thread-lg:[--thread-content-margin:--spacing(16)] px-(--thread-content-margin)\">\n<div class=\"[--thread-content-max-width:40rem] thread-lg:[--thread-content-max-width:48rem] mx-auto max-w-(--thread-content-max-width) flex-1 group\/turn-messages focus-visible:outline-hidden relative flex w-full min-w-0 flex-col agent-turn\" tabindex=\"-1\">\n<div class=\"flex max-w-full flex-col grow\">\n<div class=\"min-h-8 text-message relative flex w-full flex-col items-end gap-2 text-start break-words whitespace-normal [.text-message+&amp;]:mt-1\" dir=\"auto\" data-message-author-role=\"assistant\" data-message-id=\"1ca12e21-bd4d-4e96-9719-6c8c153ffda7\" data-message-model-slug=\"gpt-5-mini\">\n<div class=\"flex w-full flex-col gap-1 empty:hidden first:pt-[1px]\">\n<div class=\"markdown prose dark:prose-invert w-full break-words light markdown-new-styling\"><\/div>\n<\/div>\n<\/div>\n<\/div>\n<\/div>\n<\/div>\n<\/article>\n","protected":false},"featured_media":11451,"template":"","meta":[],"pwb-brand":[],"product_cat":[606,220],"product_tag":[],"class_list":{"0":"post-12896","1":"product","2":"type-product","3":"status-publish","4":"has-post-thumbnail","6":"product_cat-sot-pesto-hat-dieu","7":"product_cat-bo-trung-sua","9":"first","10":"instock","11":"shipping-taxable","12":"purchasable","13":"product-type-simple"},"acf":[],"brands":[],"_links":{"self":[{"href":"https:\/\/bynature.vn\/vi\/wp-json\/wp\/v2\/product\/12896","targetHints":{"allow":["GET"]}}],"collection":[{"href":"https:\/\/bynature.vn\/vi\/wp-json\/wp\/v2\/product"}],"about":[{"href":"https:\/\/bynature.vn\/vi\/wp-json\/wp\/v2\/types\/product"}],"wp:featuredmedia":[{"embeddable":true,"href":"https:\/\/bynature.vn\/vi\/wp-json\/wp\/v2\/media\/11451"}],"wp:attachment":[{"href":"https:\/\/bynature.vn\/vi\/wp-json\/wp\/v2\/media?parent=12896"}],"wp:term":[{"taxonomy":"pwb-brand","embeddable":true,"href":"https:\/\/bynature.vn\/vi\/wp-json\/wp\/v2\/pwb-brand?post=12896"},{"taxonomy":"product_cat","embeddable":true,"href":"https:\/\/bynature.vn\/vi\/wp-json\/wp\/v2\/product_cat?post=12896"},{"taxonomy":"product_tag","embeddable":true,"href":"https:\/\/bynature.vn\/vi\/wp-json\/wp\/v2\/product_tag?post=12896"}],"curies":[{"name":"wp","href":"https:\/\/api.w.org\/{rel}","templated":true}]}}