{"id":12894,"date":"2025-05-06T09:24:24","date_gmt":"2025-05-06T02:24:24","guid":{"rendered":"https:\/\/bynature.vn\/product\/sot-pesto-do-hat-dieu\/"},"modified":"2025-05-06T09:24:24","modified_gmt":"2025-05-06T02:24:24","slug":"sot-pesto-do-hat-dieu","status":"publish","type":"product","link":"https:\/\/bynature.vn\/vi\/product\/sot-pesto-do-hat-dieu\/","title":{"rendered":"S\u1ed1t Pesto \u0110\u1ecf H\u1ea1t \u0110i\u1ec1u"},"content":{"rendered":"<p>Pesto \u0110\u1ecf H\u1ea1t \u0110i\u1ec1u l\u00e0 s\u1ed1t pesto thu\u1ea7n chay m\u00f9a h\u00e8 \u0111\u01b0\u1ee3c l\u00e0m t\u1eeb c\u00e0 chua kh\u00f4, ph\u00f4 mai Kashew, h\u1ea1t \u0111i\u1ec1u, t\u1ecfi v\u00e0 th\u1ea3o m\u1ed9c. V\u1ecb chua nh\u1eb9, ng\u1ecdt thanh v\u00e0 \u0111\u1eadm \u0111\u00e0 umami t\u1eeb ph\u00f4 mai Kashew v\u00e0 c\u00e0 chua kh\u00f4. Th\u01b0\u1edfng th\u1ee9c v\u1edbi b\u00e1nh m\u00ec b\u1ecdt chua n\u01b0\u1edbng, tr\u1ed9n pasta ho\u1eb7c th\u00eam m\u1ed9t th\u00eca v\u00e0o m\u00f3n \u0103n y\u00eau th\u00edch.  <\/p>\n<p>Th\u00e0nh ph\u1ea7n: C\u00e0 chua kh\u00f4, h\u1ea1t \u0111i\u1ec1u, d\u1ea7u \u00f4 liu, ph\u00f4 mai Kashew, h\u00fang qu\u1ebf, mu\u1ed1i, ti\u00eau, t\u1ecfi Tr\u1ecdng l\u01b0\u1ee3ng: 200g<\/p>\n","protected":false},"excerpt":{"rendered":"<p>Pesto \u0111\u1ecf h\u1ea1t \u0111i\u1ec1u Kashew k\u1ebft h\u1ee3p c\u00e0 chua kh\u00f4, \u1edbt \u0111\u1ecf n\u01b0\u1edbng v\u00e0 h\u1ea1t \u0111i\u1ec1u b\u00e9o m\u1ecbn, t\u1ea1o n\u00ean s\u1ed1t thu\u1ea7n chay \u0111\u1eadm \u0111\u00e0 v\u00e0 h\u1ea5p d\u1eabn. Tuy\u1ec7t v\u1eddi \u0111\u1ec3 tr\u1ed9n pasta, ph\u1ebft l\u00ean b\u00e1nh m\u00ec hay l\u00e0m s\u1ed1t ch\u1ea5m. <\/p>\n","protected":false},"featured_media":11454,"template":"","meta":[],"pwb-brand":[],"product_cat":[606,220],"product_tag":[],"class_list":{"0":"post-12894","1":"product","2":"type-product","3":"status-publish","4":"has-post-thumbnail","6":"product_cat-sot-pesto-hat-dieu","7":"product_cat-bo-trung-sua","9":"first","10":"instock","11":"shipping-taxable","12":"purchasable","13":"product-type-simple"},"acf":[],"brands":[],"_links":{"self":[{"href":"https:\/\/bynature.vn\/vi\/wp-json\/wp\/v2\/product\/12894","targetHints":{"allow":["GET"]}}],"collection":[{"href":"https:\/\/bynature.vn\/vi\/wp-json\/wp\/v2\/product"}],"about":[{"href":"https:\/\/bynature.vn\/vi\/wp-json\/wp\/v2\/types\/product"}],"wp:featuredmedia":[{"embeddable":true,"href":"https:\/\/bynature.vn\/vi\/wp-json\/wp\/v2\/media\/11454"}],"wp:attachment":[{"href":"https:\/\/bynature.vn\/vi\/wp-json\/wp\/v2\/media?parent=12894"}],"wp:term":[{"taxonomy":"pwb-brand","embeddable":true,"href":"https:\/\/bynature.vn\/vi\/wp-json\/wp\/v2\/pwb-brand?post=12894"},{"taxonomy":"product_cat","embeddable":true,"href":"https:\/\/bynature.vn\/vi\/wp-json\/wp\/v2\/product_cat?post=12894"},{"taxonomy":"product_tag","embeddable":true,"href":"https:\/\/bynature.vn\/vi\/wp-json\/wp\/v2\/product_tag?post=12894"}],"curies":[{"name":"wp","href":"https:\/\/api.w.org\/{rel}","templated":true}]}}