{"id":12893,"date":"2025-06-20T21:15:15","date_gmt":"2025-06-20T14:15:15","guid":{"rendered":"https:\/\/bynature.vn\/product\/dau-xoa-bop-thao-moc-hoa-sen-gung-50g\/"},"modified":"2025-06-20T21:15:15","modified_gmt":"2025-06-20T14:15:15","slug":"dau-xoa-bop-thao-moc-hoa-sen-gung-50g","status":"publish","type":"product","link":"https:\/\/bynature.vn\/vi\/product\/dau-xoa-bop-thao-moc-hoa-sen-gung-50g\/","title":{"rendered":"D\u1ea7u Xoa B\u00f3p Th\u1ea3o M\u1ed9c \u2013 Hoa sen &amp; G\u1eebng 50g"},"content":{"rendered":"<div id=\"model-response-message-contentr_654ed8d5cfa5b3d7\" class=\"markdown markdown-main-panel enable-updated-hr-color\" dir=\"ltr\">\n<hr data-sourcepos=\"1:1-1:3\">\n<p data-sourcepos=\"2:1-2:54\">D\u1ea7u xoa b\u00f3p hoa sen &amp; g\u1eebng: th\u01b0 gi\u00e3n c\u01a1 th\u1ec3, d\u1ecbu nh\u1eb9 gi\u00e1c quan<\/p>\n<p data-sourcepos=\"4:1-4:262\">Th\u01b0 gi\u00e3n v\u00e0 l\u00e0m m\u1edbi c\u01a1 th\u1ec3 v\u1edbi d\u1ea7u xoa b\u00f3p Hoa Sen &amp; G\u1eebng tinh t\u1ebf n\u00e0y. \u0110\u01b0\u1ee3c pha ch\u1ebf t\u1eeb h\u1ed7n h\u1ee3p nguy\u00ean li\u1ec7u t\u1ef1 nhi\u00ean \u0111\u1ed9c \u0111\u00e1o, lo\u1ea1i balm sang tr\u1ecdng n\u00e0y gi\u00fap xua tan c\u0103ng th\u1eb3ng v\u00e0 nu\u00f4i d\u01b0\u1ee1ng l\u00e0n da, mang \u0111\u1ebfn c\u1ea3m gi\u00e1c s\u1ea3ng kho\u00e1i v\u00e0 th\u01b0 gi\u00e3n s\u00e2u. <\/p>\n<p data-sourcepos=\"6:1-6:577\">Chi\u1ebft xu\u1ea5t t\u1eeb tinh ch\u1ea5t hoa sen d\u1ecbu nh\u1eb9 v\u00e0 g\u1eebng \u1ea5m \u00e1p, s\u1ea3n ph\u1ea9m mang \u0111\u1ebfn tr\u1ea3i nghi\u1ec7m tr\u1ecb li\u1ec7u th\u1eadt s\u1ef1. Hoa sen, n\u1ed5i ti\u1ebfng v\u1edbi t\u00e1c d\u1ee5ng l\u00e0m d\u1ecbu v\u00e0 c\u00e2n b\u1eb1ng tinh th\u1ea7n, gi\u00fap gi\u1ea3i t\u1ecfa stress, trong khi g\u1eebng mang l\u1ea1i c\u1ea3m gi\u00e1c \u1ea5m \u00e1p, k\u00edch th\u00edch tu\u1ea7n ho\u00e0n m\u00e1u v\u00e0 th\u01b0 gi\u00e3n c\u01a1 b\u1eafp. K\u1ebft c\u1ea5u m\u1ecbn m\u00e0ng, kh\u00f4ng nh\u1eddn, d\u1ec5 d\u00e0ng thoa l\u00ean da, l\u00fd t\u01b0\u1edfng cho massage th\u01b0 gi\u00e3n t\u1ea1i nh\u00e0 ho\u1eb7c m\u00f3n qu\u00e0 ch\u0103m s\u00f3c b\u1ea3n th\u00e2n t\u1eeb ng\u01b0\u1eddi th\u00e2n y\u00eau. H\u00e3y t\u1eadn h\u01b0\u1edfng s\u1ee9c m\u1ea1nh thi\u00ean nhi\u00ean \u0111\u1ec3 h\u1ed3i ph\u1ee5c c\u01a1 th\u1ec3 v\u00e0 tinh th\u1ea7n trong t\u1eebng l\u1ea7n s\u1eed d\u1ee5ng.   <\/p>\n<\/div>\n","protected":false},"excerpt":{"rendered":"<div id=\"model-response-message-contentr_049d3a9fceea73e6\" class=\"markdown markdown-main-panel enable-updated-hr-color\" dir=\"ltr\">\n<p data-sourcepos=\"2:1-2:59\">D\u1ea7u xoa b\u00f3p Hoa Sen &amp; G\u1eebng: th\u01b0 gi\u00e3n &amp; ph\u1ee5c h\u1ed3i<\/p>\n<p data-sourcepos=\"4:1-4:281\">Kh\u00e1m ph\u00e1 c\u1ea3m gi\u00e1c thanh th\u1ea3n v\u1edbi d\u1ea7u xoa b\u00f3p Hoa Sen &amp; G\u1eebng ByNature. H\u1ed7n h\u1ee3p sang tr\u1ecdng n\u00e0y k\u1ebft h\u1ee3p tinh ch\u1ea5t hoa sen d\u1ecbu nh\u1eb9 v\u1edbi h\u01b0\u01a1ng \u1ea5m c\u1ee7a g\u1eebng, gi\u00fap xua tan c\u0103ng th\u1eb3ng v\u00e0 nu\u00f4i d\u01b0\u1ee1ng l\u00e0n da s\u00e2u b\u00ean trong. Tr\u1ea3i nghi\u1ec7m con \u0111\u01b0\u1eddng t\u1ef1 nhi\u00ean \u0111\u1ec3 th\u01b0 gi\u00e3n v\u00e0 h\u1ed3i ph\u1ee5c n\u0103ng l\u01b0\u1ee3ng.  <\/p>\n<\/div>\n<p data-sourcepos=\"4:1-4:281\">Th\u00e0nh ph\u1ea7n: d\u1ea7u h\u1ea1nh nh\u00e2n ng\u1ecdt, d\u1ea7u jojoba, d\u1ea7u d\u1eeba nguy\u00ean ch\u1ea5t, d\u1ea7u h\u1ea1t nho, s\u00e1p ong nguy\u00ean ch\u1ea5t, tinh d\u1ea7u b\u1ea1c h\u00e0, vitamin E v\u00e0 tinh d\u1ea7u nguy\u00ean ch\u1ea5t.<\/p>\n","protected":false},"featured_media":11668,"template":"","meta":[],"pwb-brand":[297],"product_cat":[397,401,185],"product_tag":[],"class_list":{"0":"post-12893","1":"product","2":"type-product","3":"status-publish","4":"has-post-thumbnail","6":"pwb-brand-coconam-vi","7":"product_cat-cham-soc-co-the","8":"product_cat-duong-am","9":"product_cat-suc-khoe-lam-dep","11":"first","12":"instock","13":"shipping-taxable","14":"purchasable","15":"product-type-simple"},"acf":[],"brands":[{"id":297,"name":"Coconam","slug":"coconam-vi"}],"_links":{"self":[{"href":"https:\/\/bynature.vn\/vi\/wp-json\/wp\/v2\/product\/12893","targetHints":{"allow":["GET"]}}],"collection":[{"href":"https:\/\/bynature.vn\/vi\/wp-json\/wp\/v2\/product"}],"about":[{"href":"https:\/\/bynature.vn\/vi\/wp-json\/wp\/v2\/types\/product"}],"wp:featuredmedia":[{"embeddable":true,"href":"https:\/\/bynature.vn\/vi\/wp-json\/wp\/v2\/media\/11668"}],"wp:attachment":[{"href":"https:\/\/bynature.vn\/vi\/wp-json\/wp\/v2\/media?parent=12893"}],"wp:term":[{"taxonomy":"pwb-brand","embeddable":true,"href":"https:\/\/bynature.vn\/vi\/wp-json\/wp\/v2\/pwb-brand?post=12893"},{"taxonomy":"product_cat","embeddable":true,"href":"https:\/\/bynature.vn\/vi\/wp-json\/wp\/v2\/product_cat?post=12893"},{"taxonomy":"product_tag","embeddable":true,"href":"https:\/\/bynature.vn\/vi\/wp-json\/wp\/v2\/product_tag?post=12893"}],"curies":[{"name":"wp","href":"https:\/\/api.w.org\/{rel}","templated":true}]}}