{"id":12892,"date":"2025-06-25T17:03:54","date_gmt":"2025-06-25T10:03:54","guid":{"rendered":"https:\/\/bynature.vn\/product\/mat-ong-hoa-vai-250g\/"},"modified":"2025-06-25T17:03:54","modified_gmt":"2025-06-25T10:03:54","slug":"mat-ong-hoa-vai-250g","status":"publish","type":"product","link":"https:\/\/bynature.vn\/vi\/product\/mat-ong-hoa-vai-250g\/","title":{"rendered":"M\u1eadt Ong Hoa V\u1ea3i 250g"},"content":{"rendered":"<div id=\"model-response-message-contentr_23468a501629fd55\" class=\"markdown markdown-main-panel enable-updated-hr-color\" dir=\"ltr\">\n<p data-sourcepos=\"4:1-4:317\">Kh\u00e1m ph\u00e1 v\u1ecb ng\u1ecdt nh\u1eb9 nh\u00e0ng c\u1ee7a m\u1eadt ong hoa V\u1ea3i, m\u00e0u h\u1ed5 ph\u00e1ch nh\u1ea1t, thu ho\u1ea1ch t\u1eeb nh\u1eefng b\u00f4ng hoa th\u01a1m ng\u00e1t c\u1ee7a c\u00e2y v\u1ea3i Vi\u1ec7t Nam. <span class=\"citation-23\">Lo\u1ea1i m\u1eadt ong tinh t\u1ebf n\u00e0y<\/span> mang \u0111\u1ebfn <span class=\"citation-23\">h\u01b0\u01a1ng tr\u00e1i c\u00e2y nh\u1eb9 nh\u00e0ng<\/span> <span class=\"citation-23\">pha ch\u00fat<\/span><span class=\"citation-23\"> ng\u1ecdt thanh, chua d\u1ecbu<\/span>, <span class=\"citation-23 citation-end-23\">g\u1ee3i nh\u1edb \u0111\u1ebfn v\u1ecb t\u01b0\u01a1i m\u00e1t c\u1ee7a qu\u1ea3 v\u1ea3i. <\/span><\/p>\n<p data-sourcepos=\"6:1-6:313\"><span class=\"citation-22\">K\u1ebft c\u1ea5u m\u1ecbn m\u00e0ng<\/span> <span class=\"citation-22 citation-end-22\">khi\u1ebfn m\u1eadt ong tr\u1edf th\u00e0nh th\u00e0nh ph\u1ea7n \u0111a d\u1ee5ng trong b\u1ebfp<\/span>. H\u00f2a tan v\u00e0o tr\u00e0 \u0111\u1ec3 t\u1eadn h\u01b0\u1edfng h\u01b0\u01a1ng hoa d\u1ecbu d\u00e0ng, r\u01b0\u1edbi l\u00ean m\u00f3n tr\u00e1ng mi\u1ec7ng \u0111\u1ec3 t\u0103ng v\u1ecb ng\u1ecdt \u0111\u1ed9c \u0111\u00e1o, ho\u1eb7c th\u00eam v\u00e0o n\u01b0\u1edbc \u01b0\u1edbp th\u1ecbt \u0111\u1ec3 t\u1ea1o chi\u1ec1u s\u00e2u h\u01b0\u01a1ng th\u01a1m h\u1ea5p d\u1eabn. Tr\u1ea3i nghi\u1ec7m tinh hoa t\u1ef1 nhi\u00ean, n\u1eafng v\u00e0ng Vi\u1ec7t Nam trong t\u1eebng th\u00eca m\u1eadt ong. <\/p>\n<div class=\"source-inline-chip-container ng-star-inserted\"><\/div>\n<\/div>\n","protected":false},"excerpt":{"rendered":"<p class=\"s2\">M\u1eadt ong v\u1edbi h\u01b0\u01a1ng tr\u00e1i c\u00e2y nh\u1eb9 nh\u00e0ng, mang v\u1ecb ng\u1ecdt thanh, h\u01a1i chua d\u1ecbu, g\u1ee3i nh\u1edb h\u01b0\u01a1ng v\u1ecb qu\u1ea3 v\u1ea3i t\u01b0\u01a1i. <\/p>\n<p class=\"s2\">K\u1ebft c\u1ea5u m\u1ecbn, d\u1ec5 s\u1eed d\u1ee5ng \u0111\u1ec3 pha tr\u00e0, r\u01b0\u1edbi l\u00ean tr\u00e1ng mi\u1ec7ng ho\u1eb7c \u01b0\u1edbp gia v\u1ecb.<\/p>\n","protected":false},"featured_media":11682,"template":"","meta":[],"pwb-brand":[],"product_cat":[252,253,255],"product_tag":[604,603,605],"class_list":{"0":"post-12892","1":"product","2":"type-product","3":"status-publish","4":"has-post-thumbnail","6":"product_cat-do-kho","7":"product_cat-hang-kho","8":"product_cat-mat-ong","9":"product_tag-bynature-vi","10":"product_tag-mat-ong","11":"product_tag-thu-hoach-tai-dia-phuong","13":"first","14":"instock","15":"shipping-taxable","16":"purchasable","17":"product-type-simple"},"acf":[],"brands":[],"_links":{"self":[{"href":"https:\/\/bynature.vn\/vi\/wp-json\/wp\/v2\/product\/12892","targetHints":{"allow":["GET"]}}],"collection":[{"href":"https:\/\/bynature.vn\/vi\/wp-json\/wp\/v2\/product"}],"about":[{"href":"https:\/\/bynature.vn\/vi\/wp-json\/wp\/v2\/types\/product"}],"wp:featuredmedia":[{"embeddable":true,"href":"https:\/\/bynature.vn\/vi\/wp-json\/wp\/v2\/media\/11682"}],"wp:attachment":[{"href":"https:\/\/bynature.vn\/vi\/wp-json\/wp\/v2\/media?parent=12892"}],"wp:term":[{"taxonomy":"pwb-brand","embeddable":true,"href":"https:\/\/bynature.vn\/vi\/wp-json\/wp\/v2\/pwb-brand?post=12892"},{"taxonomy":"product_cat","embeddable":true,"href":"https:\/\/bynature.vn\/vi\/wp-json\/wp\/v2\/product_cat?post=12892"},{"taxonomy":"product_tag","embeddable":true,"href":"https:\/\/bynature.vn\/vi\/wp-json\/wp\/v2\/product_tag?post=12892"}],"curies":[{"name":"wp","href":"https:\/\/api.w.org\/{rel}","templated":true}]}}