{"id":12891,"date":"2025-06-26T10:59:59","date_gmt":"2025-06-26T03:59:59","guid":{"rendered":"https:\/\/bynature.vn\/product\/mat-ong-hoa-ca-phe-250g\/"},"modified":"2025-06-26T10:59:59","modified_gmt":"2025-06-26T03:59:59","slug":"mat-ong-hoa-ca-phe-250g","status":"publish","type":"product","link":"https:\/\/bynature.vn\/vi\/product\/mat-ong-hoa-ca-phe-250g\/","title":{"rendered":"M\u1eadt Ong Hoa C\u00e0 Ph\u00ea 250g"},"content":{"rendered":"<p data-sourcepos=\"4:1-4:257\">Kh\u00e1m ph\u00e1 m\u1eadt ong hoa c\u00e0 ph\u00ea tinh t\u1ebf v\u00e0 hi\u1ebfm c\u00f3, m\u1ed9t kho b\u00e1u v\u00e0ng \u0111\u1ed9c \u0111\u00e1o. <span class=\"citation-24\">Thu ho\u1ea1ch t\u1eeb nh\u1eefng b\u00f4ng hoa m\u1ecfng manh c\u1ee7a c\u00e2y c\u00e0 ph\u00ea, lo\u1ea1i m\u1eadt ong qu\u00fd hi\u1ebfm n\u00e0y c\u00f3<\/span> <span class=\"citation-24\">m\u00e0u h\u1ed5 ph\u00e1ch nh\u1ea1t<\/span> <span class=\"citation-24\">v\u00e0 m\u00ea ho\u1eb7c<\/span> <span class=\"citation-24\">b\u1edfi h\u01b0\u01a1ng hoa d\u1ecbu d\u00e0ng<\/span><span class=\"citation-24 citation-end-24\">. <\/span><\/p>\n<p data-sourcepos=\"6:1-6:309\">Tr\u1ea3i nghi\u1ec7m h\u01b0\u01a1ng v\u1ecb \u0111\u1ed9c \u0111\u00e1o, k\u1ebft h\u1ee3p h\u00e0i h\u00f2a gi\u1eefa hoa nh\u00e0i nh\u1eb9 nh\u00e0ng, h\u01b0\u01a1ng chanh t\u01b0\u01a1i s\u00e1ng v\u00e0 n\u00e9t c\u00e0 ph\u00ea thanh tao. K\u1ebft c\u1ea5u m\u1ecbn m\u00e0ng tan ch\u1ea3y tuy\u1ec7t v\u1eddi, mang \u0111\u1ebfn m\u1ed7i th\u00eca m\u1eadt ong l\u00e0 m\u1ed9t tr\u1ea3i nghi\u1ec7m tinh t\u1ebf cho c\u00e1c gi\u00e1c quan. Th\u01b0\u1edfng th\u1ee9c m\u00f3n m\u1eadt ong th\u01a1m l\u1eebng n\u00e0y v\u00e0 th\u00eam ch\u00fat ng\u1ecdt qu\u00fd hi\u1ebfm cho m\u1ed7i ng\u00e0y  <\/p>\n","protected":false},"excerpt":{"rendered":"<p data-sourcepos=\"2:1-2:47\">Kh\u00e1m ph\u00e1 m\u1eadt ong hoa c\u00e0 ph\u00ea, kho b\u00e1u v\u00e0ng hi\u1ebfm c\u00f3. Thu ho\u1ea1ch t\u1eeb nh\u1eefng b\u00f4ng hoa c\u00e0 ph\u00ea m\u1ecfng manh, m\u1eadt ong h\u1ed5 ph\u00e1ch nh\u1ea1t n\u00e0y mang \u0111\u1ebfn h\u01b0\u01a1ng hoa d\u1ecbu d\u00e0ng m\u00ea ho\u1eb7c v\u00e0 h\u01b0\u01a1ng v\u1ecb \u0111\u1ed9c \u0111\u00e1o, h\u00f2a quy\u1ec7n hoa nh\u00e0i nh\u1eb9 nh\u00e0ng, chanh t\u01b0\u01a1i s\u00e1ng v\u00e0 h\u01b0\u01a1ng c\u00e0 ph\u00ea thanh tao. <\/p>\n","protected":false},"featured_media":11688,"template":"","meta":[],"pwb-brand":[],"product_cat":[252,253,255],"product_tag":[],"class_list":{"0":"post-12891","1":"product","2":"type-product","3":"status-publish","4":"has-post-thumbnail","6":"product_cat-do-kho","7":"product_cat-hang-kho","8":"product_cat-mat-ong","10":"first","11":"instock","12":"shipping-taxable","13":"purchasable","14":"product-type-simple"},"acf":[],"brands":[],"_links":{"self":[{"href":"https:\/\/bynature.vn\/vi\/wp-json\/wp\/v2\/product\/12891","targetHints":{"allow":["GET"]}}],"collection":[{"href":"https:\/\/bynature.vn\/vi\/wp-json\/wp\/v2\/product"}],"about":[{"href":"https:\/\/bynature.vn\/vi\/wp-json\/wp\/v2\/types\/product"}],"wp:featuredmedia":[{"embeddable":true,"href":"https:\/\/bynature.vn\/vi\/wp-json\/wp\/v2\/media\/11688"}],"wp:attachment":[{"href":"https:\/\/bynature.vn\/vi\/wp-json\/wp\/v2\/media?parent=12891"}],"wp:term":[{"taxonomy":"pwb-brand","embeddable":true,"href":"https:\/\/bynature.vn\/vi\/wp-json\/wp\/v2\/pwb-brand?post=12891"},{"taxonomy":"product_cat","embeddable":true,"href":"https:\/\/bynature.vn\/vi\/wp-json\/wp\/v2\/product_cat?post=12891"},{"taxonomy":"product_tag","embeddable":true,"href":"https:\/\/bynature.vn\/vi\/wp-json\/wp\/v2\/product_tag?post=12891"}],"curies":[{"name":"wp","href":"https:\/\/api.w.org\/{rel}","templated":true}]}}