{"id":12890,"date":"2025-06-26T11:11:34","date_gmt":"2025-06-26T04:11:34","guid":{"rendered":"https:\/\/bynature.vn\/product\/mat-ong-hoa-keo-250g\/"},"modified":"2025-06-26T11:11:34","modified_gmt":"2025-06-26T04:11:34","slug":"mat-ong-hoa-keo-250g","status":"publish","type":"product","link":"https:\/\/bynature.vn\/vi\/product\/mat-ong-hoa-keo-250g\/","title":{"rendered":"M\u1eadt Ong Hoa Keo 250g"},"content":{"rendered":"<p data-sourcepos=\"4:1-4:238\">M\u1eadt ong hoa keo l\u00e0 dung d\u1ecbch v\u00e0ng \u00f3ng nguy\u00ean ch\u1ea5t, tinh t\u1ebf. V\u1edbi m\u00e0u s\u00e1ng v\u00e0 \u00e1nh v\u00e0ng nh\u1ea1t trong su\u1ed1t, lo\u1ea1i m\u1eadt ong n\u00e0y mang \u0111\u1ebfn h\u01b0\u01a1ng v\u1ecb nh\u1eb9 nh\u00e0ng, ng\u1ecdt thanh, pha ch\u00fat h\u01b0\u01a1ng hoa v\u00e0 thoang tho\u1ea3ng vani, th\u1eadt s\u1ef1 m\u00ea ho\u1eb7c. <\/p>\n<p data-sourcepos=\"6:1-6:378\"><span class=\"citation-25\">Nh\u1edd h\u00e0m l\u01b0\u1ee3ng fructose t\u1ef1 nhi\u00ean, m\u1eadt ong hoa keo c\u1ee7a ch\u00fang t\u00f4i<\/span> <span class=\"citation-25\">ch\u1eadm k\u1ebft tinh<\/span>, <span class=\"citation-25 citation-end-25\">gi\u1eef \u0111\u01b0\u1ee3c k\u1ebft c\u1ea5u m\u1ecbn, d\u1ec5 r\u00f3t.<\/span> \u0110\u00e2y l\u00e0 l\u1ef1a ch\u1ecdn l\u00fd t\u01b0\u1edfng \u0111\u1ec3 r\u01b0\u1edbi l\u00ean s\u1eefa chua, b\u00e1nh k\u1ebfp, tr\u00e1i c\u00e2y ho\u1eb7c pha ng\u1ecdt th\u1ee9c u\u1ed1ng m\u00e0 kh\u00f4ng l\u00e0m thay \u0111\u1ed5i h\u01b0\u01a1ng v\u1ecb nguy\u00ean b\u1ea3n. H\u00e3y th\u01b0\u1edfng th\u1ee9c tinh hoa d\u1ecbu nh\u1eb9 c\u1ee7a nh\u1eefng b\u00f4ng hoa Vi\u1ec7t Nam trong t\u1eebng gi\u1ecdt m\u1eadt ong. <\/p>\n","protected":false},"excerpt":{"rendered":"<p data-sourcepos=\"4:1-4:238\">Kh\u00e1m ph\u00e1 m\u1eadt ong hoa keo tinh t\u1ebf \u2013 nguy\u00ean ch\u1ea5t, nh\u1eb9 nh\u00e0ng v\u00e0 ng\u1ecdt thanh. V\u1edbi m\u00e0u v\u00e0ng nh\u1ea1t trong su\u1ed1t, m\u1eadt ong mang \u0111\u1ebfn h\u01b0\u01a1ng hoa d\u1ecbu nh\u1eb9 v\u00e0 thoang tho\u1ea3ng h\u01b0\u01a1ng vanilla. <\/p>\n","protected":false},"featured_media":11692,"template":"","meta":[],"pwb-brand":[],"product_cat":[252,253,255],"product_tag":[],"class_list":{"0":"post-12890","1":"product","2":"type-product","3":"status-publish","4":"has-post-thumbnail","6":"product_cat-do-kho","7":"product_cat-hang-kho","8":"product_cat-mat-ong","10":"first","11":"instock","12":"shipping-taxable","13":"purchasable","14":"product-type-simple"},"acf":[],"brands":[],"_links":{"self":[{"href":"https:\/\/bynature.vn\/vi\/wp-json\/wp\/v2\/product\/12890","targetHints":{"allow":["GET"]}}],"collection":[{"href":"https:\/\/bynature.vn\/vi\/wp-json\/wp\/v2\/product"}],"about":[{"href":"https:\/\/bynature.vn\/vi\/wp-json\/wp\/v2\/types\/product"}],"wp:featuredmedia":[{"embeddable":true,"href":"https:\/\/bynature.vn\/vi\/wp-json\/wp\/v2\/media\/11692"}],"wp:attachment":[{"href":"https:\/\/bynature.vn\/vi\/wp-json\/wp\/v2\/media?parent=12890"}],"wp:term":[{"taxonomy":"pwb-brand","embeddable":true,"href":"https:\/\/bynature.vn\/vi\/wp-json\/wp\/v2\/pwb-brand?post=12890"},{"taxonomy":"product_cat","embeddable":true,"href":"https:\/\/bynature.vn\/vi\/wp-json\/wp\/v2\/product_cat?post=12890"},{"taxonomy":"product_tag","embeddable":true,"href":"https:\/\/bynature.vn\/vi\/wp-json\/wp\/v2\/product_tag?post=12890"}],"curies":[{"name":"wp","href":"https:\/\/api.w.org\/{rel}","templated":true}]}}