{"id":12889,"date":"2025-07-04T10:30:56","date_gmt":"2025-07-04T03:30:56","guid":{"rendered":"https:\/\/bynature.vn\/product\/ga-trang-trai-dia-phuong-hoan-toan-tu-nhien-nuoi-tha-vuon-15-kg-gia-moi-kg\/"},"modified":"2025-07-04T10:30:56","modified_gmt":"2025-07-04T03:30:56","slug":"ga-trang-trai-dia-phuong-hoan-toan-tu-nhien-nuoi-tha-vuon-15-kg-gia-moi-kg","status":"publish","type":"product","link":"https:\/\/bynature.vn\/vi\/product\/ga-trang-trai-dia-phuong-hoan-toan-tu-nhien-nuoi-tha-vuon-15-kg-gia-moi-kg\/","title":{"rendered":"G\u00e0 Trang Tr\u1ea1i \u0110\u1ecba Ph\u01b0\u01a1ng Ho\u00e0n To\u00e0n T\u1ef1 Nhi\u00ean, Nu\u00f4i Th\u1ea3 V\u01b0\u1eddn 1,5 kg (gi\u00e1 m\u1ed7i kg)"},"content":{"rendered":"<div id=\"model-response-message-contentr_d8913ba1260ab484\" class=\"markdown markdown-main-panel enable-updated-hr-color\" dir=\"ltr\">\n<p data-sourcepos=\"2:1-2:67\">G\u00e0 th\u1ea3 v\u01b0\u1eddn nguy\u00ean con t\u1eeb trang tr\u1ea1i \u0111\u1ecba ph\u01b0\u01a1ng: Tinh T\u00fay Thi\u00ean Nhi\u00ean Thu\u1ea7n Khi\u1ebft<\/p>\n<p data-sourcepos=\"4:1-4:230\">Tr\u1ea3i nghi\u1ec7m h\u01b0\u01a1ng v\u1ecb g\u00e0 \u0111\u1ecba ph\u01b0\u01a1ng th\u1eadt s\u1ef1 kh\u00e1c bi\u1ec7t v\u1edbi g\u00e0 th\u1ea3 v\u01b0\u1eddn nguy\u00ean con t\u1eeb trang tr\u1ea1i c\u1ee7a ch\u00fang t\u00f4i. \u0110\u01b0\u1ee3c nu\u00f4i d\u01b0\u1ee1ng c\u1ea9n th\u1eadn ngay t\u1ea1i trang tr\u1ea1i, g\u00e0 th\u1ea3 v\u01b0\u1eddn s\u1ed1ng m\u1ed9t cu\u1ed9c s\u1ed1ng h\u1ea1nh ph\u00fac, t\u1ef1 do \u0111i l\u1ea1i v\u00e0 ki\u1ebfm m\u1ed3i theo t\u1ef1 nhi\u00ean. <\/p>\n<p data-sourcepos=\"6:1-7:3\">B\u1ea1n c\u00f3 th\u1ec3 c\u1ea3m nh\u1eadn s\u1ef1 thu\u1ea7n khi\u1ebft trong t\u1eebng mi\u1ebfng th\u1ecbt: g\u00e0 ho\u00e0n to\u00e0n t\u1ef1 nhi\u00ean, kh\u00f4ng d\u00f9ng hormone t\u0103ng tr\u01b0\u1edfng, \u0111\u01b0\u1ee3c cho \u0103n ch\u1ebf \u0111\u1ed9 dinh d\u01b0\u1ee1ng t\u1ef1 nhi\u00ean, l\u00e0nh m\u1ea1nh. Cam k\u1ebft nu\u00f4i tr\u1ed3ng truy\u1ec1n th\u1ed1ng, \u0111\u1ecba ph\u01b0\u01a1ng n\u00e0y mang \u0111\u1ebfn th\u1ecbt m\u1ec1m, \u0111\u1eadm \u0111\u00e0, l\u00fd t\u01b0\u1edfng \u0111\u1ec3 n\u01b0\u1edbng, quay, ho\u1eb7c ch\u1ebf bi\u1ebfn theo m\u1ecdi c\u00f4ng th\u1ee9c y\u00eau th\u00edch. H\u00e3y \u0111\u01b0a h\u01b0\u01a1ng v\u1ecb ch\u00e2n th\u1eadt t\u1eeb trang tr\u1ea1i \u0111\u1ecba ph\u01b0\u01a1ng l\u00ean b\u00e0n \u0103n c\u1ee7a b\u1ea1n.  <\/p>\n<\/div>\n","protected":false},"excerpt":{"rendered":"<p>G\u00e0 th\u1ea3 v\u01b0\u1eddn \u0111\u1ecba ph\u01b0\u01a1ng: Thu\u1ea7n khi\u1ebft &amp; t\u1ef1 nhi\u00ean<\/p>\n<p>Th\u01b0\u1edfng th\u1ee9c s\u1ef1 kh\u00e1c bi\u1ec7t v\u1edbi g\u00e0 th\u1ea3 v\u01b0\u1eddn nguy\u00ean con t\u1eeb trang tr\u1ea1i \u0111\u1ecba ph\u01b0\u01a1ng. Nu\u00f4i s\u1ed1ng h\u1ea1nh ph\u00fac b\u1eb1ng th\u1ee9c \u0103n t\u1ef1 nhi\u00ean, kh\u00f4ng hormone t\u0103ng tr\u01b0\u1edfng, nh\u1eefng ch\u00fa g\u00e0 n\u00e0y mang \u0111\u1ebfn th\u1ecbt m\u1ec1m, \u0111\u1eadm \u0111\u00e0 h\u01b0\u01a1ng v\u1ecb. Tr\u1ea3i nghi\u1ec7m h\u01b0\u01a1ng v\u1ecb ch\u00e2n th\u1eadt t\u1eeb trang tr\u1ea1i \u0111\u1ebfn b\u00e0n \u0103n cho b\u1eefa \u0103n ti\u1ebfp theo c\u1ee7a b\u1ea1n.  <\/p>\n","protected":false},"featured_media":11720,"template":"","meta":[],"pwb-brand":[],"product_cat":[247,251],"product_tag":[602,601],"class_list":{"0":"post-12889","1":"product","2":"type-product","3":"status-publish","4":"has-post-thumbnail","6":"product_cat-cac-loai-thit","7":"product_cat-thit-ga-vit","8":"product_tag-ga-huu-co","9":"product_tag-ga-tha-vuon","11":"first","12":"instock","13":"shipping-taxable","14":"purchasable","15":"product-type-simple"},"acf":[],"brands":[],"_links":{"self":[{"href":"https:\/\/bynature.vn\/vi\/wp-json\/wp\/v2\/product\/12889","targetHints":{"allow":["GET"]}}],"collection":[{"href":"https:\/\/bynature.vn\/vi\/wp-json\/wp\/v2\/product"}],"about":[{"href":"https:\/\/bynature.vn\/vi\/wp-json\/wp\/v2\/types\/product"}],"wp:featuredmedia":[{"embeddable":true,"href":"https:\/\/bynature.vn\/vi\/wp-json\/wp\/v2\/media\/11720"}],"wp:attachment":[{"href":"https:\/\/bynature.vn\/vi\/wp-json\/wp\/v2\/media?parent=12889"}],"wp:term":[{"taxonomy":"pwb-brand","embeddable":true,"href":"https:\/\/bynature.vn\/vi\/wp-json\/wp\/v2\/pwb-brand?post=12889"},{"taxonomy":"product_cat","embeddable":true,"href":"https:\/\/bynature.vn\/vi\/wp-json\/wp\/v2\/product_cat?post=12889"},{"taxonomy":"product_tag","embeddable":true,"href":"https:\/\/bynature.vn\/vi\/wp-json\/wp\/v2\/product_tag?post=12889"}],"curies":[{"name":"wp","href":"https:\/\/api.w.org\/{rel}","templated":true}]}}