{"id":12886,"date":"2025-08-26T10:54:21","date_gmt":"2025-08-26T03:54:21","guid":{"rendered":"https:\/\/bynature.vn\/product\/xit-khu-khuan-tay-va-be-mat-huong-citrus-mist-voi-bom-50ml\/"},"modified":"2026-01-03T13:05:11","modified_gmt":"2026-01-03T06:05:11","slug":"xit-khu-khuan-tay-va-be-mat-huong-citrus-mist-voi-bom-50ml","status":"publish","type":"product","link":"https:\/\/bynature.vn\/vi\/product\/xit-khu-khuan-tay-va-be-mat-huong-citrus-mist-voi-bom-50ml\/","title":{"rendered":"X\u1ecbt Kh\u1eed Khu\u1ea9n Tay v\u00e0 B\u1ec1 M\u1eb7t \u2013 H\u01b0\u01a1ng Cam Qu\u00fdt V\u00f2i B\u01a1m 50ml"},"content":{"rendered":"<p><b>Kh\u1eed khu\u1ea9n Tay v\u00e0 b\u1ec1 m\u1eb7t DR.WELL, cam qu\u00fdt, 50ml v\u00f2i b\u01a1m<\/b><\/p>\n<p><span style=\"font-weight: 400;\">\u0110\u01b0\u1ee3c h\u00f2a quy\u1ec7n b\u1eb1ng nh\u1eefng g\u00ec t\u1ed1t nh\u1ea5t c\u1ee7a thi\u00ean nhi\u00ean, cam qu\u00fdt l\u00e0 m\u1ed9t lo\u1ea1i x\u1ecbt kh\u1eed tr\u00f9ng m\u1ea1nh m\u1ebd \u0111\u01b0\u1ee3c thi\u1ebft k\u1ebf \u0111\u1ec3 l\u00e0m s\u1ea1ch v\u00e0 c\u1ea5p n\u01b0\u1edbc cho l\u00e0n da c\u1ee7a b\u1ea1n \u0111\u1ed3ng th\u1eddi \u0111\u1ec3 l\u1ea1i m\u00f9i h\u01b0\u01a1ng cam qu\u00fdt nh\u1eb9 nh\u00e0ng, n\u00e2ng cao tinh th\u1ea7n. C\u1ed3n m\u00eda 62% \u0111\u1ea3m b\u1ea3o tay v\u00e0 b\u1ec1 m\u1eb7t c\u1ee7a b\u1ea1n kh\u00f4ng c\u00f3 m\u1ea7m b\u1ec7nh, trong khi chi\u1ebft xu\u1ea5t th\u1ef1c v\u1eadt mang l\u1ea1i c\u1ea3m gi\u00e1c nu\u00f4i d\u01b0\u1ee1ng\u2014ho\u00e0n h\u1ea3o \u0111\u1ec3 s\u1eed d\u1ee5ng h\u00e0ng ng\u00e0y.<\/span><\/p>\n<p><b>V\u00ec Sao B\u1ea1n S\u1ebd Th\u00edch S\u1ea3n Ph\u1ea9m N\u00e0y<\/b><\/p>\n<p><span style=\"font-weight: 400;\">\u2714 L\u00e0m s\u1ea1ch &amp; d\u01b0\u1ee1ng \u1ea9m \u2013 Kh\u00f4ng c\u00f2n t\u00ecnh tr\u1ea1ng da kh\u00f4, n\u1ee9t n\u1ebb.<\/span><\/p>\n<p><span style=\"font-weight: 400;\">\u2714 \u0110a m\u1ee5c \u0111\u00edch &#8211; S\u1eed d\u1ee5ng tr\u00ean tay b\u1ea1n v\u00e0 c\u00e1c b\u1ec1 m\u1eb7t.<\/span><\/p>\n<p><span style=\"font-weight: 400;\">\u2714 Th\u1ea5m nhanh &#8211; Kh\u00f4ng \u0111\u1ec3 l\u1ea1i c\u1eb7n d\u00ednh, mang l\u1ea1i l\u00e0n da t\u01b0\u01a1i m\u00e1t, s\u1ea1ch s\u1ebd.<\/span><\/p>\n<p><span style=\"font-weight: 400;\">\u2714 Ti\u1ec7n l\u1ee3i mang \u0111i xa \u2013 K\u00edch th\u01b0\u1edbc nh\u1ecf g\u1ecdn \u0111\u1ec3 b\u1ea3o v\u1ec7 khi di chuy\u1ec3n.<\/span><\/p>\n<p><b>Th\u00e0nh Ph\u1ea7n Ch\u00ednh:<\/b><\/p>\n<p><span style=\"font-weight: 400;\">D\u1ea7u Th\u1ea7u D\u1ea7u &#8211; Kh\u00f3a \u0111\u1ed9 \u1ea9m cho b\u00e0n tay m\u1ec1m m\u1ea1i, m\u1ecbn m\u00e0ng. <\/span><span style=\"font-weight: 400;\">Chi\u1ebft Xu\u1ea5t L\u00f4 H\u1ed9i &#8211; L\u00e0m d\u1ecbu v\u00e0 l\u00e0m d\u1ecbu l\u00e0n da nh\u1ea1y c\u1ea3m. <\/span><span style=\"font-weight: 400;\">Glycerin \u2013 M\u1ed9t ch\u1ea5t gi\u1eef \u1ea9m t\u1ef1 nhi\u00ean thu h\u00fat hydrat h\u00f3a. <\/span><span style=\"font-weight: 400;\">Tinh D\u1ea7u Cam Ng\u1ecdt \u2013 Kh\u00e1ng khu\u1ea9n &amp; th\u01a1m m\u00e1t. <\/span><span style=\"font-weight: 400;\">Tinh D\u1ea7u S\u1ea3 \u2013 Kh\u00e1ng khu\u1ea9n v\u00e0 kh\u00e1ng n\u1ea5m t\u1ef1 nhi\u00ean.<\/span><\/p>\n<p><span style=\"font-weight: 400;\">C\u00f4ng th\u1ee9c v\u1edbi c\u00e1c th\u00e0nh ph\u1ea7n c\u00f3 ngu\u1ed3n g\u1ed1c t\u1ef1 nhi\u00ean, nh\u1eb9 nh\u00e0ng v\u1edbi c\u1ea3 l\u00e0n da nh\u1ea1y c\u1ea3m nh\u1ea5t.<\/span><span style=\"font-weight: 400;\"><br \/>\n<\/span><span style=\"font-weight: 400;\"><br \/>\n<\/span><b>H\u01b0\u1edbng d\u1eabn s\u1eed d\u1ee5ng<\/b><b><br \/>\n<\/b><span style=\"font-weight: 400;\">L\u00e0m \u01b0\u1edbt tay k\u1ef9 b\u1eb1ng s\u1ea3n ph\u1ea9m v\u00e0 \u0111\u1ec3 kh\u00f4 m\u00e0 kh\u00f4ng c\u1ea7n lau. Kh\u00f4ng s\u1eed d\u1ee5ng ngo\u00e0i ch\u1ec9 d\u1eabn.<\/span><\/p>\n<p><b>L\u00e0m s\u1ea1ch d\u1ec5 d\u00e0ng. Kh\u00f4ng kh\u00f4 r\u00e1p. S\u1eb5n s\u00e0ng \u0111\u1ec3 mang \u0111i. <\/b><span style=\"font-weight: 400;\">M\u1ed9t c\u00e1ch m\u1edbi m\u1ebb v\u00e0 hi\u1ec7u qu\u1ea3 \u0111\u1ec3 lu\u00f4n \u0111\u01b0\u1ee3c b\u1ea3o v\u1ec7 trong m\u1ecdi chuy\u1ebfn \u0111i!<\/span><\/p>\n<p><b>Dung T\u00edch<\/b><span style=\"font-weight: 400;\"><br \/>\n<\/span><span style=\"font-weight: 400;\">30ml\/ 1.01oz X\u1ecbt B\u1ecf T\u00fai (+D\u00e2y \u0110eo)<\/span><span style=\"font-weight: 400;\"><br \/>\n<\/span><span style=\"font-weight: 400;\">50ml \/ 1.69oz X\u1ecbt Phun<\/span><span style=\"font-weight: 400;\"><br \/>\n<\/span><span style=\"font-weight: 400;\">50ml \/ 1.69oz B\u00ecnh X\u1ecbt Nh\u00f4m<\/span><\/p>\n","protected":false},"excerpt":{"rendered":"<p>DR.WELL<br \/>\nKh\u1eed Khu\u1ea9n Tay + B\u1ec1 M\u1eb7t \u2013 cam qu\u00fdt<\/p>\n<p>50 ml v\u00f2i b\u01a1m<br \/>\n(Th\u00e0nh Ph\u1ea7n Ho\u00e0n To\u00e0n T\u1ef1 Nhi\u00ean)<\/p>\n","protected":false},"featured_media":11919,"template":"","meta":[],"pwb-brand":[298],"product_cat":[599,185],"product_tag":[],"class_list":{"0":"post-12886","1":"product","2":"type-product","3":"status-publish","4":"has-post-thumbnail","6":"pwb-brand-insula-vi","7":"product_cat-chat-khu-khuan","8":"product_cat-suc-khoe-lam-dep","10":"first","11":"instock","12":"shipping-taxable","13":"purchasable","14":"product-type-simple"},"acf":[],"brands":[{"id":298,"name":"Insula","slug":"insula-vi"}],"_links":{"self":[{"href":"https:\/\/bynature.vn\/vi\/wp-json\/wp\/v2\/product\/12886","targetHints":{"allow":["GET"]}}],"collection":[{"href":"https:\/\/bynature.vn\/vi\/wp-json\/wp\/v2\/product"}],"about":[{"href":"https:\/\/bynature.vn\/vi\/wp-json\/wp\/v2\/types\/product"}],"wp:featuredmedia":[{"embeddable":true,"href":"https:\/\/bynature.vn\/vi\/wp-json\/wp\/v2\/media\/11919"}],"wp:attachment":[{"href":"https:\/\/bynature.vn\/vi\/wp-json\/wp\/v2\/media?parent=12886"}],"wp:term":[{"taxonomy":"pwb-brand","embeddable":true,"href":"https:\/\/bynature.vn\/vi\/wp-json\/wp\/v2\/pwb-brand?post=12886"},{"taxonomy":"product_cat","embeddable":true,"href":"https:\/\/bynature.vn\/vi\/wp-json\/wp\/v2\/product_cat?post=12886"},{"taxonomy":"product_tag","embeddable":true,"href":"https:\/\/bynature.vn\/vi\/wp-json\/wp\/v2\/product_tag?post=12886"}],"curies":[{"name":"wp","href":"https:\/\/api.w.org\/{rel}","templated":true}]}}