{"id":12885,"date":"2025-08-26T11:01:49","date_gmt":"2025-08-26T04:01:49","guid":{"rendered":"https:\/\/bynature.vn\/product\/xit-nha-ve-sinh-huong-royal-flush-50ml\/"},"modified":"2025-08-26T11:01:49","modified_gmt":"2025-08-26T04:01:49","slug":"xit-nha-ve-sinh-huong-royal-flush-50ml","status":"publish","type":"product","link":"https:\/\/bynature.vn\/vi\/product\/xit-nha-ve-sinh-huong-royal-flush-50ml\/","title":{"rendered":"X\u1ecbt Nh\u00e0 V\u1ec7 Sinh &#8211; H\u01b0\u01a1ng Royal Flush 50ml"},"content":{"rendered":"<p><b>X\u1ecbt Nh\u00e0 V\u1ec7 SInh &#8211; Royal Flush &#8211; <\/b><b>Ng\u0103n m\u00f9i. Lu\u00f4n t\u01b0\u01a1i m\u00e1t. T\u1ef1 tin s\u1eed d\u1ee5ng.<\/b><\/p>\n<p><span style=\"font-weight: 400;\">M\u1ed9t c\u00e1ch k\u00edn \u0111\u00e1o \u0111\u1ec3 gi\u1eef cho ph\u00f2ng t\u1eafm lu\u00f4n trong l\u00e0nh!<\/span><\/p>\n<p><span style=\"font-weight: 400;\">X\u1ecbt tr\u1ef1c ti\u1ebfp X\u1ecbt Nh\u00e0 V\u1ec7 Sinh Dr. Well v\u00e0o b\u1ed3n c\u1ea7u tr\u01b0\u1edbc khi s\u1eed d\u1ee5ng \u0111\u1ec3 t\u1ea1o l\u1edbp b\u1ea3o v\u1ec7 ng\u0103n m\u00f9i, gi\u1eef m\u00f9i h\u00f4i d\u01b0\u1edbi b\u1ec1 m\u1eb7t n\u01b0\u1edbc. C\u00f4ng th\u1ee9c k\u1ebft h\u1ee3p glycerin v\u00e0 d\u1ea7u th\u1ea7u d\u1ea7u gi\u00fap tinh d\u1ea7u b\u00e1m l\u00e2u, trong khi tinh d\u1ea7u b\u1ea1ch \u0111\u00e0n, s\u1ea3, b\u1ea1c h\u00e0 v\u00e0 g\u1ed7 tuy\u1ebft t\u00f9ng t\u1ea1o h\u01b0\u01a1ng th\u01a1m t\u1ef1 nhi\u00ean, t\u01b0\u01a1i m\u00e1t, lo\u1ea1i b\u1ecf m\u00f9i kh\u00f3 ch\u1ecbu ngay t\u1eeb \u0111\u1ea7u. Ho\u00e0n h\u1ea3o cho nh\u00e0, c\u00f4ng s\u1edf ho\u1eb7c khi \u0111i du l\u1ecbch, \u0111\u1ec3 b\u1ea1n lu\u00f4n tho\u1ea3i m\u00e1i v\u00e0 t\u1ef1 tin.<\/span><\/p>\n<p><strong> <\/strong><\/p>\n<p><b>V\u00ec Sao B\u1ea1n S\u1ebd Th\u00edch S\u1ea3n Ph\u1ea9m N\u00e0y:<\/b><\/p>\n<p><span style=\"font-weight: 400;\">\u2714 Ng\u0103n m\u00f9i tr\u01b0\u1edbc khi ph\u00e1t sinh \u2013 T\u1ea1o l\u1edbp b\u1ea3o v\u1ec7 tr\u00ean b\u1ec1 m\u1eb7t n\u01b0\u1edbc.<\/span><\/p>\n<p><span style=\"font-weight: 400;\">\u2714 H\u01b0\u01a1ng th\u01a1m t\u1ef1 nhi\u00ean, s\u1ea3ng kho\u00e1i \u2013 S\u1ef1 k\u1ebft h\u1ee3p tinh d\u1ea7u t\u01b0\u01a1i m\u00e1t v\u00e0 \u1ea5m \u00e1p.<\/span><\/p>\n<p><span style=\"font-weight: 400;\">\u2714 Kh\u00f4ng h\u00f3a ch\u1ea5t m\u1ea1nh \u2013 An to\u00e0n cho \u0111\u01b0\u1eddng \u1ed1ng v\u00e0 h\u1ec7 th\u1ed1ng b\u1ed3n c\u1ea7u.<\/span><\/p>\n<p><span style=\"font-weight: 400;\">\u2714 Nh\u1ecf g\u1ecdn &amp; ti\u1ec7n mang theo \u2013 D\u1ec5 d\u00e0ng s\u1eed d\u1ee5ng \u1edf m\u1ecdi n\u01a1i.<\/span><\/p>\n<p><strong> <\/strong><\/p>\n<p><b>Th\u00e0nh Ph\u1ea7n Ch\u00ednh:<\/b><\/p>\n<p><span style=\"font-weight: 400;\">D\u1ea7u Th\u1ea7u D\u1ea7u \u2013 Gi\u00fap h\u01b0\u01a1ng th\u01a1m l\u01b0u l\u00e2u. <\/span><span style=\"font-weight: 400;\">Tinh D\u1ea7u B\u1ea1ch \u0110\u00e0n \u2013 T\u01b0\u01a1i m\u00e1t, kh\u1eed m\u00f9i t\u1ef1 nhi\u00ean. <\/span><span style=\"font-weight: 400;\">Tinh D\u1ea7u S\u1ea3 \u2013 H\u01b0\u01a1ng chanh t\u01b0\u01a1i, kh\u00e1ng khu\u1ea9n. <\/span><span style=\"font-weight: 400;\">Tinh D\u1ea7u B\u1ea1c H\u00e0 \u2013 L\u1ea1nh, s\u1ea3ng kho\u00e1i, k\u00edch th\u00edch gi\u00e1c quan. <\/span><span style=\"font-weight: 400;\">Tinh D\u1ea7u G\u1ed7 Tuy\u1ebft T\u00f9ng \u2013 \u1ea4m \u00e1p, tr\u1ea7m t\u0129nh, c\u00e2n b\u1eb1ng h\u01b0\u01a1ng.<\/span><\/p>\n<p><span style=\"font-weight: 400;\">\u0110\u01b0\u1ee3c l\u00e0m t\u1eeb nh\u1eefng nguy\u00ean li\u1ec7u c\u00f3 ngu\u1ed3n g\u1ed1c t\u1ef1 nhi\u00ean\u2014v\u00ec m\u1ed9t ph\u00f2ng t\u1eafm trong l\u00e0nh l\u00e0 m\u1ed9t ph\u00f2ng t\u1eafm h\u1ea1nh ph\u00fac.<\/span><span style=\"font-weight: 400;\"><br \/>\n<\/span><span style=\"font-weight: 400;\"><br \/>\n<\/span><b>H\u01b0\u1edbng d\u1eabn s\u1eed d\u1ee5ng<\/b><\/p>\n<p><span style=\"font-weight: 400;\">X\u1ecbt 3\u20135 l\u1ea7n l\u00ean m\u1eb7t n\u01b0\u1edbc trong b\u1ed3n c\u1ea7u tr\u01b0\u1edbc khi s\u1eed d\u1ee5ng. Ti\u1ebfp t\u1ee5c s\u1eed d\u1ee5ng b\u1ed3n c\u1ea7u nh\u01b0 b\u00ecnh th\u01b0\u1eddng \u0111\u1ec3 t\u1eadn h\u01b0\u1edfng kh\u00f4ng gian th\u01a1m m\u00e1t.<\/span><\/p>\n<p><b>Dung T\u00edch<\/b><\/p>\n<p><span style=\"font-weight: 400;\">50ml \/ 1.69oz X\u1ecbt Phun<\/span><\/p>\n","protected":false},"excerpt":{"rendered":"<p>X\u1ecbt Nh\u00e0 V\u1ec7 Sinh \u2013 Royal Flush 50ml<\/p>\n<p><span style=\"font-weight: 400;\">X\u1ecbt 3\u20135 l\u1ea7n l\u00ean m\u1eb7t n\u01b0\u1edbc trong b\u1ed3n c\u1ea7u tr\u01b0\u1edbc khi s\u1eed d\u1ee5ng. Ti\u1ebfp t\u1ee5c s\u1eed d\u1ee5ng b\u1ed3n c\u1ea7u nh\u01b0 b\u00ecnh th\u01b0\u1eddng \u0111\u1ec3 t\u1eadn h\u01b0\u1edfng kh\u00f4ng gian th\u01a1m m\u00e1t.<\/span><\/p>\n","protected":false},"featured_media":11922,"template":"","meta":[],"pwb-brand":[298],"product_cat":[202,185,204],"product_tag":[],"class_list":{"0":"post-12885","1":"product","2":"type-product","3":"status-publish","4":"has-post-thumbnail","6":"pwb-brand-insula-vi","7":"product_cat-lieu-phap-tinh-dau","8":"product_cat-suc-khoe-lam-dep","9":"product_cat-xit-thom","11":"first","12":"instock","13":"shipping-taxable","14":"purchasable","15":"product-type-simple"},"acf":[],"brands":[{"id":298,"name":"Insula","slug":"insula-vi"}],"_links":{"self":[{"href":"https:\/\/bynature.vn\/vi\/wp-json\/wp\/v2\/product\/12885","targetHints":{"allow":["GET"]}}],"collection":[{"href":"https:\/\/bynature.vn\/vi\/wp-json\/wp\/v2\/product"}],"about":[{"href":"https:\/\/bynature.vn\/vi\/wp-json\/wp\/v2\/types\/product"}],"wp:featuredmedia":[{"embeddable":true,"href":"https:\/\/bynature.vn\/vi\/wp-json\/wp\/v2\/media\/11922"}],"wp:attachment":[{"href":"https:\/\/bynature.vn\/vi\/wp-json\/wp\/v2\/media?parent=12885"}],"wp:term":[{"taxonomy":"pwb-brand","embeddable":true,"href":"https:\/\/bynature.vn\/vi\/wp-json\/wp\/v2\/pwb-brand?post=12885"},{"taxonomy":"product_cat","embeddable":true,"href":"https:\/\/bynature.vn\/vi\/wp-json\/wp\/v2\/product_cat?post=12885"},{"taxonomy":"product_tag","embeddable":true,"href":"https:\/\/bynature.vn\/vi\/wp-json\/wp\/v2\/product_tag?post=12885"}],"curies":[{"name":"wp","href":"https:\/\/api.w.org\/{rel}","templated":true}]}}