{"id":12884,"date":"2025-08-26T12:40:16","date_gmt":"2025-08-26T05:40:16","guid":{"rendered":"https:\/\/bynature.vn\/product\/xit-nha-ve-sinh-huong-pinch-a-peach-50ml\/"},"modified":"2025-08-26T12:40:16","modified_gmt":"2025-08-26T05:40:16","slug":"xit-nha-ve-sinh-huong-pinch-a-peach-50ml","status":"publish","type":"product","link":"https:\/\/bynature.vn\/vi\/product\/xit-nha-ve-sinh-huong-pinch-a-peach-50ml\/","title":{"rendered":"X\u1ecbt Nh\u00e0 V\u1ec7 Sinh &#8211; H\u01b0\u01a1ng Pinch a Peach 50ml"},"content":{"rendered":"<p><b>X\u1ecbt Nh\u00e0 V\u1ec7 Sinh &#8211; Pinch a Peach. <\/b><b>Ng\u0103n m\u00f9i. Lu\u00f4n t\u01b0\u01a1i m\u00e1t. T\u1ef1 tin s\u1eed d\u1ee5ng.  <\/b><\/p>\n<p><span style=\"font-weight: 400;\">M\u1ed9t c\u00e1ch tinh t\u1ebf v\u00e0 th\u01a1m h\u01b0\u01a1ng tr\u00e1i c\u00e2y \u0111\u1ec3 gi\u1eef cho ph\u00f2ng t\u1eafm lu\u00f4n trong l\u00e0nh!<\/span><\/p>\n<p><span style=\"font-weight: 400;\">X\u1ecbt tr\u1ef1c ti\u1ebfp v\u00e0o b\u1ed3n c\u1ea7u tr\u01b0\u1edbc khi s\u1eed d\u1ee5ng \u0111\u1ec3 t\u1ea1o l\u1edbp b\u1ea3o v\u1ec7 ng\u0103n m\u00f9i, gi\u1eef m\u00f9i h\u00f4i d\u01b0\u1edbi b\u1ec1 m\u1eb7t n\u01b0\u1edbc. C\u00f4ng th\u1ee9c b\u1ed5 sung glycerin v\u00e0 d\u1ea7u th\u1ea7u d\u1ea7u gi\u00fap tinh d\u1ea7u b\u00e1m l\u00e2u, trong khi tinh d\u1ea7u \u0111\u00e0o, hoa nh\u00e0i v\u00e0 vani t\u1ecfa h\u01b0\u01a1ng nh\u1eb9 nh\u00e0ng, sang tr\u1ecdng, trung h\u00f2a m\u00f9i kh\u00f3 ch\u1ecbu ngay t\u1eeb \u0111\u1ea7u. Ho\u00e0n h\u1ea3o cho nh\u00e0, c\u00f4ng s\u1edf ho\u1eb7c du l\u1ecbch, gi\u00fap b\u1ea1n lu\u00f4n t\u1ef1 tin v\u00e0 d\u1ec5 ch\u1ecbu.  <\/span><\/p>\n<p>&nbsp;<\/p>\n<p><b>V\u00ec Sao B\u1ea1n S\u1ebd Th\u00edch S\u1ea3n Ph\u1ea9m N\u00e0y:<\/b><\/p>\n<p><span style=\"font-weight: 400;\">\u2714 Ng\u0103n m\u00f9i tr\u01b0\u1edbc khi ph\u00e1t sinh \u2013 Gi\u1eef m\u00f9i h\u00f4i d\u01b0\u1edbi b\u1ec1 m\u1eb7t n\u01b0\u1edbc.<\/span><\/p>\n<p><span style=\"font-weight: 400;\">\u2714 H\u01b0\u01a1ng th\u01a1m ng\u1ecdt ng\u00e0o &amp; hoa c\u1ecf \u2013 Nh\u1eb9 nh\u00e0ng, t\u01b0\u01a1i m\u1edbi.<\/span><\/p>\n<p><span style=\"font-weight: 400;\">\u2714 Kh\u00f4ng h\u00f3a ch\u1ea5t m\u1ea1nh \u2013 An to\u00e0n cho \u0111\u01b0\u1eddng \u1ed1ng v\u00e0 h\u1ec7 th\u1ed1ng b\u1ed3n c\u1ea7u.<\/span><\/p>\n<p><span style=\"font-weight: 400;\">\u2714 Nh\u1ecf g\u1ecdn &amp; ti\u1ec7n mang theo \u2013 D\u1ec5 d\u00e0ng s\u1eed d\u1ee5ng m\u1ecdi l\u00fac, m\u1ecdi n\u01a1i.<\/span><\/p>\n<p>&nbsp;<\/p>\n<p><b>Th\u00e0nh Ph\u1ea7n Ch\u00ednh: <\/b><span style=\"font-weight: 400;\">Glycerin \u2013 Gi\u00fap tinh d\u1ea7u t\u1ea1o l\u1edbp b\u1ea3o v\u1ec7 tr\u00ean m\u1eb7t n\u01b0\u1edbc<\/span>. <span style=\"font-weight: 400;\">D\u1ea7u Th\u1ea7u D\u1ea7u \u2013 T\u0103ng kh\u1ea3 n\u0103ng l\u01b0u h\u01b0\u01a1ng<\/span>. <span style=\"font-weight: 400;\">Tinh D\u1ea7u \u0110\u00e0o \u2013 Ng\u1ecdt ng\u00e0o, t\u01b0\u01a1i m\u00e1t<\/span>. <span style=\"font-weight: 400;\">Tinh D\u1ea7u Hoa Nh\u00e0i \u2013 D\u1ecbu nh\u1eb9, thanh khi\u1ebft<\/span>. <span style=\"font-weight: 400;\">Tinh D\u1ea7u Vani \u2013 \u1ea4m \u00e1p, d\u1ec5 ch\u1ecbu<\/span>.<\/p>\n<p><span style=\"font-weight: 400;\">\u0110\u01b0\u1ee3c l\u00e0m t\u1eeb nh\u1eefng nguy\u00ean li\u1ec7u c\u00f3 ngu\u1ed3n g\u1ed1c t\u1ef1 nhi\u00ean\u2014v\u00ec m\u1ed9t ph\u00f2ng t\u1eafm trong l\u00e0nh l\u00e0 m\u1ed9t ph\u00f2ng t\u1eafm h\u1ea1nh ph\u00fac.<\/span><\/p>\n<p><b>H\u01b0\u1edbng d\u1eabn s\u1eed d\u1ee5ng<\/b><\/p>\n<p><span style=\"font-weight: 400;\">X\u1ecbt 3\u20135 l\u1ea7n l\u00ean m\u1eb7t n\u01b0\u1edbc trong b\u1ed3n c\u1ea7u tr\u01b0\u1edbc khi s\u1eed d\u1ee5ng. Ti\u1ebfp t\u1ee5c s\u1eed d\u1ee5ng b\u1ed3n c\u1ea7u nh\u01b0 b\u00ecnh th\u01b0\u1eddng \u0111\u1ec3 t\u1eadn h\u01b0\u1edfng kh\u00f4ng gian th\u01a1m m\u00e1t, d\u1ec5 ch\u1ecbu. <\/span><\/p>\n<p><b>Dung T\u00edch<\/b><\/p>\n<p><span style=\"font-weight: 400;\">50ml \/ 1.69oz X\u1ecbt Phun<\/span><\/p>\n","protected":false},"excerpt":{"rendered":"<p>X\u1ecbt nh\u00e0 v\u1ec7 sinh \u2013 Pinch a Peach 50ml<\/p>\n<p>X\u1ecbt 3\u20135 l\u1ea7n l\u00ean m\u1eb7t n\u01b0\u1edbc trong b\u1ed3n c\u1ea7u tr\u01b0\u1edbc khi s\u1eed d\u1ee5ng. Ti\u1ebfp t\u1ee5c s\u1eed d\u1ee5ng b\u1ed3n c\u1ea7u nh\u01b0 b\u00ecnh th\u01b0\u1eddng \u0111\u1ec3 t\u1eadn h\u01b0\u1edfng kh\u00f4ng gian th\u01a1m m\u00e1t, d\u1ec5 ch\u1ecbu. <\/p>\n","protected":false},"featured_media":11925,"template":"","meta":[],"pwb-brand":[298],"product_cat":[202,185,204],"product_tag":[],"class_list":{"0":"post-12884","1":"product","2":"type-product","3":"status-publish","4":"has-post-thumbnail","6":"pwb-brand-insula-vi","7":"product_cat-lieu-phap-tinh-dau","8":"product_cat-suc-khoe-lam-dep","9":"product_cat-xit-thom","11":"first","12":"instock","13":"shipping-taxable","14":"purchasable","15":"product-type-simple"},"acf":[],"brands":[{"id":298,"name":"Insula","slug":"insula-vi"}],"_links":{"self":[{"href":"https:\/\/bynature.vn\/vi\/wp-json\/wp\/v2\/product\/12884","targetHints":{"allow":["GET"]}}],"collection":[{"href":"https:\/\/bynature.vn\/vi\/wp-json\/wp\/v2\/product"}],"about":[{"href":"https:\/\/bynature.vn\/vi\/wp-json\/wp\/v2\/types\/product"}],"wp:featuredmedia":[{"embeddable":true,"href":"https:\/\/bynature.vn\/vi\/wp-json\/wp\/v2\/media\/11925"}],"wp:attachment":[{"href":"https:\/\/bynature.vn\/vi\/wp-json\/wp\/v2\/media?parent=12884"}],"wp:term":[{"taxonomy":"pwb-brand","embeddable":true,"href":"https:\/\/bynature.vn\/vi\/wp-json\/wp\/v2\/pwb-brand?post=12884"},{"taxonomy":"product_cat","embeddable":true,"href":"https:\/\/bynature.vn\/vi\/wp-json\/wp\/v2\/product_cat?post=12884"},{"taxonomy":"product_tag","embeddable":true,"href":"https:\/\/bynature.vn\/vi\/wp-json\/wp\/v2\/product_tag?post=12884"}],"curies":[{"name":"wp","href":"https:\/\/api.w.org\/{rel}","templated":true}]}}