{"id":12882,"date":"2025-06-26T16:39:54","date_gmt":"2025-06-26T09:39:54","guid":{"rendered":"https:\/\/bynature.vn\/product\/hop-qua-huong-vi-viet-nam\/"},"modified":"2025-06-26T16:39:54","modified_gmt":"2025-06-26T09:39:54","slug":"hop-qua-huong-vi-viet-nam","status":"publish","type":"product","link":"https:\/\/bynature.vn\/vi\/product\/hop-qua-huong-vi-viet-nam\/","title":{"rendered":"H\u1ed9p Qu\u00e0 H\u01b0\u01a1ng V\u1ecb Vi\u1ec7t Nam"},"content":{"rendered":"<p data-sourcepos=\"2:1-2:66\">H\u1ed9p Qu\u00e0 H\u01b0\u01a1ng V\u1ecb Vi\u1ec7t Nam: Chi\u1ebfc V\u00e9 H\u1ea1nh Ph\u00fac \u0110\u1ebfn V\u1edbi Tinh Hoa \u0110\u1ecba Ph\u01b0\u01a1ng!<\/p>\n<p data-sourcepos=\"4:1-4:215\">S\u1eb5n s\u00e0ng cho m\u1ed9t h\u00e0nh tr\u00ecnh \u1ea9m th\u1ef1c th\u00fa v\u1ecb v\u1edbi H\u1ed9p Qu\u00e0 H\u01b0\u01a1ng V\u1ecb Vi\u1ec7t Nam! \u0110\u00e2y kh\u00f4ng ch\u1ec9 l\u00e0 m\u1ed9t m\u00f3n qu\u00e0, m\u00e0 l\u00e0 b\u1ed9 s\u01b0u t\u1eadp s\u1ed1ng \u0111\u1ed9ng c\u1ee7a nh\u1eefng tinh hoa th\u1ee7 c\u00f4ng \u0111\u1ecba ph\u01b0\u01a1ng, t\u1ea5t c\u1ea3 \u0111\u1ec1u \u0111\u1eb7c tr\u01b0ng Vi\u1ec7t Nam v\u00e0 tr\u00e0n \u0111\u1ea7y h\u01b0\u01a1ng v\u1ecb nguy\u00ean b\u1ea3n. <\/p>\n<p data-sourcepos=\"6:1-6:38\">B\u00ean trong h\u1ed9p qu\u00e0 \u0111\u1ea7y m\u00e0u s\u1eafc n\u00e0y, b\u1ea1n s\u1ebd t\u00ecm th\u1ea5y:<\/p>\n<ul data-sourcepos=\"8:1-12:0\">\n<li data-sourcepos=\"8:1-8:80\">Socola \u0111en nguy\u00ean ch\u1ea5t: M\u1ed9t ch\u00fat thi\u00ean \u0111\u01b0\u1eddng t\u1eeb h\u1ea1t cacao tinh t\u00fay Vi\u1ec7t Nam.<\/li>\n<li data-sourcepos=\"9:1-9:97\">C\u00e0 ph\u00ea th\u01a1m ngon: \u0110\u00e1nh th\u1ee9c gi\u00e1c quan v\u1edbi h\u01b0\u01a1ng v\u1ecb \u0111\u1eadm \u0111\u00e0 t\u1eeb h\u1ea1t c\u00e0 ph\u00ea tr\u1ed3ng t\u1ea1i \u0111\u1ecba ph\u01b0\u01a1ng.<\/li>\n<li data-sourcepos=\"10:1-10:96\">M\u1eadt ong nguy\u00ean ch\u1ea5t: Gi\u1ecdt v\u00e0ng ng\u1ecdt ng\u00e0o t\u1eeb nh\u1eefng hoa \u0111a d\u1ea1ng c\u1ee7a Vi\u1ec7t Nam.<\/li>\n<li data-sourcepos=\"11:1-12:0\">H\u1ea1t ti\u00eau \u0111en n\u1ed3ng n\u00e0n: Th\u00eam m\u1ed9t ch\u00fat gia v\u1ecb cay n\u1ed3ng v\u00e0 h\u01b0\u01a1ng th\u01a1m \u0111\u1eb7c tr\u01b0ng t\u1eeb c\u00e1c trang tr\u1ea1i Vi\u1ec7t.<\/li>\n<\/ul>\n<p data-sourcepos=\"13:1-13:150\">\u0110\u00e2y l\u00e0 c\u00e1ch tuy\u1ec7t v\u1eddi \u0111\u1ec3 chia s\u1ebb m\u1ed9t ph\u1ea7n ph\u00e9p m\u00e0u c\u1ee7a Vi\u1ec7t Nam ho\u1eb7c t\u1ef1 th\u01b0\u1edfng cho m\u00ecnh m\u1ed9t chuy\u1ebfn du ngo\u1ea1n \u1ea9m th\u1ef1c vui v\u1ebb. Ni\u1ec1m h\u1ea1nh ph\u00fac thu\u1ea7n khi\u1ebft, \u0111\u01b0\u1ee3c g\u1eedi \u0111\u1ebfn b\u1ea1n! <\/p>\n","protected":false},"excerpt":{"rendered":"<p data-sourcepos=\"4:1-4:107\">Kh\u00e1m ph\u00e1 H\u1ed9p Qu\u00e0 H\u01b0\u01a1ng V\u1ecb Vi\u1ec7t Nam, M\u1ed9t b\u1ed9 s\u01b0u t\u1eadp s\u1ed1ng \u0111\u1ed9ng c\u00e1c s\u1ea3n ph\u1ea9m th\u1ee7 c\u00f4ng \u0111\u1eb7c tr\u01b0ng c\u1ee7a Vi\u1ec7t Nam<\/p>\n<p data-sourcepos=\"6:1-6:38\">B\u00ean trong h\u1ed9p qu\u00e0 \u0111\u1ea7y m\u00e0u s\u1eafc n\u00e0y, b\u1ea1n s\u1ebd t\u00ecm th\u1ea5y:<\/p>\n<ul data-sourcepos=\"8:1-12:0\">\n<li data-sourcepos=\"8:1-8:25\">Socola \u0111en nguy\u00ean ch\u1ea5t<\/li>\n<li data-sourcepos=\"9:1-9:21\">C\u00e0 ph\u00ea th\u01a1m ngon<\/li>\n<li data-sourcepos=\"10:1-10:22\">M\u1eadt ong nguy\u00ean ch\u1ea5t \u0111\u1ecba ph\u01b0\u01a1ng<\/li>\n<li data-sourcepos=\"11:1-12:0\">H\u1ea1t ti\u00eau \u0111en n\u1ed3ng n\u00e0n<\/li>\n<\/ul>\n<p data-sourcepos=\"13:1-14:3\">\u0110\u00f3 l\u00e0 c\u00e1ch ho\u00e0n h\u1ea3o v\u00e0 vui v\u1ebb \u0111\u1ec3 chia s\u1ebb s\u1ef1 k\u1ef3 di\u1ec7u c\u1ee7a Vi\u1ec7t Nam ho\u1eb7c t\u1eadn h\u01b0\u1edfng chuy\u1ebfn phi\u00eau l\u01b0u \u0111\u1ecba ph\u01b0\u01a1ng th\u00fa v\u1ecb!<\/p>\n","protected":false},"featured_media":11697,"template":"","meta":[],"pwb-brand":[],"product_cat":[409,242],"product_tag":[],"class_list":{"0":"post-12882","1":"product","2":"type-product","3":"status-publish","4":"has-post-thumbnail","6":"product_cat-500-000d-1-000-000d","7":"product_cat-qua-tang-hoa","9":"first","10":"instock","11":"shipping-taxable","12":"purchasable","13":"product-type-simple"},"acf":[],"brands":[],"_links":{"self":[{"href":"https:\/\/bynature.vn\/vi\/wp-json\/wp\/v2\/product\/12882","targetHints":{"allow":["GET"]}}],"collection":[{"href":"https:\/\/bynature.vn\/vi\/wp-json\/wp\/v2\/product"}],"about":[{"href":"https:\/\/bynature.vn\/vi\/wp-json\/wp\/v2\/types\/product"}],"wp:featuredmedia":[{"embeddable":true,"href":"https:\/\/bynature.vn\/vi\/wp-json\/wp\/v2\/media\/11697"}],"wp:attachment":[{"href":"https:\/\/bynature.vn\/vi\/wp-json\/wp\/v2\/media?parent=12882"}],"wp:term":[{"taxonomy":"pwb-brand","embeddable":true,"href":"https:\/\/bynature.vn\/vi\/wp-json\/wp\/v2\/pwb-brand?post=12882"},{"taxonomy":"product_cat","embeddable":true,"href":"https:\/\/bynature.vn\/vi\/wp-json\/wp\/v2\/product_cat?post=12882"},{"taxonomy":"product_tag","embeddable":true,"href":"https:\/\/bynature.vn\/vi\/wp-json\/wp\/v2\/product_tag?post=12882"}],"curies":[{"name":"wp","href":"https:\/\/api.w.org\/{rel}","templated":true}]}}